{"id":867,"date":"2016-06-16T08:34:18","date_gmt":"2016-06-16T08:34:18","guid":{"rendered":"http:\/\/www.mark3d.de\/versand__lieferung"},"modified":"2018-04-10T09:40:26","modified_gmt":"2018-04-10T09:40:26","slug":"versand__lieferung","status":"publish","type":"page","link":"https:\/\/www.mark3d.com\/de\/en\/versand__lieferung\/","title":{"rendered":"Shipping &amp; Delivery"},"content":{"rendered":"<p><strong>Prices, shipping costs and delivery information:<\/strong><\/p>\n<p>The prices stated on the product pages include VAT.<\/p>\n<p>We only ship within Germany and Austria. Other countries only upon request.<\/p>\n<p>In addition to the stated prices, we charge shipping costs for deliveries within Germany.<br \/>\nThe shipping costs within Germany are \u20ac17.85 including VAT for parcel delivery and \u20ac90.00 including VAT for insured shipping.<br \/>\nThe shipping costs will be clearly communicated to you in the shopping cart and on the order page.<\/p>\n<p>Shipping costs to EU countries may vary.&nbsp;<\/p>\n<p>Delivery times are as stated on the product details page. Errors and changes reserved.&nbsp;<\/p>","protected":false},"excerpt":{"rendered":"<p>Preise, Versandkosten und Liefer-Informationen: Die auf den Produktseiten genannten Preise enthalten die gesetzliche Mehrwertsteuer. Wir liefern nur innerhalb Deutschlands und \u00d6sterreich. Andere L\u00e4nder nur auf Anfrage. Zus\u00e4tzlich zu den angegebenen Preisen berechnen wir f\u00fcr die Lieferung innerhalb Deutschlands Versandkosten. Die Versandkosten innerhalb Deutschlands betragen f\u00fcr einen Paketversand 17,85\u20ac inkl. MwSt. und&nbsp;90,00\u20ac&nbsp;inkl. MwSt. f\u00fcr versicherten Speditionsversand.  [&#8230;]<\/p>\n","protected":false},"author":1,"featured_media":0,"parent":0,"menu_order":0,"comment_status":"closed","ping_status":"closed","template":"","meta":{"inline_featured_image":false,"footnotes":""},"class_list":["post-867","page","type-page","status-publish","hentry"],"yoast_head":"<!-- This site is optimized with the Yoast SEO Premium plugin v27.0 (Yoast SEO v27.0) - https:\/\/yoast.com\/product\/yoast-seo-premium-wordpress\/ -->\n<title>Versand &amp; Lieferung - Mark3D - Markforged 3D-Drucker<\/title>\n<meta name=\"robots\" content=\"index, follow, max-snippet:-1, max-image-preview:large, max-video-preview:-1\" \/>\n<link rel=\"canonical\" href=\"https:\/\/www.mark3d.com\/de\/en\/versand__lieferung\/\" \/>\n<meta property=\"og:locale\" content=\"en_US\" \/>\n<meta property=\"og:type\" content=\"article\" \/>\n<meta property=\"og:title\" content=\"Versand &amp; Lieferung\" \/>\n<meta property=\"og:description\" content=\"Preise, Versandkosten und Liefer-Informationen: Die auf den Produktseiten genannten Preise enthalten die gesetzliche Mehrwertsteuer. Wir liefern nur innerhalb Deutschlands und \u00d6sterreich. Andere L\u00e4nder nur auf Anfrage. Zus\u00e4tzlich zu den angegebenen Preisen berechnen wir f\u00fcr die Lieferung innerhalb Deutschlands Versandkosten. Die Versandkosten innerhalb Deutschlands betragen f\u00fcr einen Paketversand 17,85\u20ac inkl. MwSt. und&nbsp;90,00\u20ac&nbsp;inkl. MwSt. f\u00fcr versicherten Speditionsversand. [...]\" \/>\n<meta property=\"og:url\" content=\"https:\/\/www.mark3d.com\/de\/en\/versand__lieferung\/\" \/>\n<meta property=\"og:site_name\" content=\"Mark3D - Markforged 3D-Drucker\" \/>\n<meta property=\"article:publisher\" content=\"https:\/\/www.facebook.com\/Mark3DGmbH\/\" \/>\n<meta property=\"article:modified_time\" content=\"2018-04-10T09:40:26+00:00\" \/>\n<meta name=\"twitter:card\" content=\"summary_large_image\" \/>\n<meta name=\"twitter:site\" content=\"@Mark3D_GmbH\" \/>\n<script type=\"application\/ld+json\" class=\"yoast-schema-graph\">{\"@context\":\"https:\/\/schema.org\",\"@graph\":[{\"@type\":\"WebPage\",\"@id\":\"https:\/\/www.mark3d.com\/de\/versand__lieferung\/\",\"url\":\"https:\/\/www.mark3d.com\/de\/versand__lieferung\/\",\"name\":\"Versand & Lieferung - Mark3D - Markforged 3D-Drucker\",\"isPartOf\":{\"@id\":\"https:\/\/www.mark3d.com\/de\/#website\"},\"datePublished\":\"2016-06-16T08:34:18+00:00\",\"dateModified\":\"2018-04-10T09:40:26+00:00\",\"breadcrumb\":{\"@id\":\"https:\/\/www.mark3d.com\/de\/versand__lieferung\/#breadcrumb\"},\"inLanguage\":\"en-US\",\"potentialAction\":[{\"@type\":\"ReadAction\",\"target\":[\"https:\/\/www.mark3d.com\/de\/versand__lieferung\/\"]}]},{\"@type\":\"BreadcrumbList\",\"@id\":\"https:\/\/www.mark3d.com\/de\/versand__lieferung\/#breadcrumb\",\"itemListElement\":[{\"@type\":\"ListItem\",\"position\":1,\"name\":\"Startseite\",\"item\":\"https:\/\/www.mark3d.com\/de\/\"},{\"@type\":\"ListItem\",\"position\":2,\"name\":\"Versand &#038; Lieferung\"}]},{\"@type\":\"WebSite\",\"@id\":\"https:\/\/www.mark3d.com\/de\/#website\",\"url\":\"https:\/\/www.mark3d.com\/de\/\",\"name\":\"Mark3D\",\"description\":\"Industrielle 3D Drucker von Markforged\",\"publisher\":{\"@id\":\"https:\/\/www.mark3d.com\/de\/#organization\"},\"alternateName\":\"Mark3D GmbH\",\"potentialAction\":[{\"@type\":\"SearchAction\",\"target\":{\"@type\":\"EntryPoint\",\"urlTemplate\":\"https:\/\/www.mark3d.com\/de\/?s={search_term_string}\"},\"query-input\":{\"@type\":\"PropertyValueSpecification\",\"valueRequired\":true,\"valueName\":\"search_term_string\"}}],\"inLanguage\":\"en-US\"},{\"@type\":\"Organization\",\"@id\":\"https:\/\/www.mark3d.com\/de\/#organization\",\"name\":\"Mark3D GmbH\",\"url\":\"https:\/\/www.mark3d.com\/de\/\",\"logo\":{\"@type\":\"ImageObject\",\"inLanguage\":\"en-US\",\"@id\":\"https:\/\/www.mark3d.com\/de\/#\/schema\/logo\/image\/\",\"url\":\"https:\/\/www.mark3d.com\/de\/wp-content\/uploads\/2021\/05\/markforged-linkedin.jpg\",\"contentUrl\":\"https:\/\/www.mark3d.com\/de\/wp-content\/uploads\/2021\/05\/markforged-linkedin.jpg\",\"width\":800,\"height\":800,\"caption\":\"Mark3D GmbH\"},\"image\":{\"@id\":\"https:\/\/www.mark3d.com\/de\/#\/schema\/logo\/image\/\"},\"sameAs\":[\"https:\/\/www.facebook.com\/Mark3DGmbH\/\",\"https:\/\/x.com\/Mark3D_GmbH\",\"https:\/\/www.instagram.com\/mark3d_print_stronger\/\",\"https:\/\/www.linkedin.com\/company\/mark3d\/\",\"https:\/\/www.youtube.com\/channel\/UCo55w2I5eBrCvCB3oKH2WDg\"]}]}<\/script>\n<!-- \/ Yoast SEO Premium plugin. -->","yoast_head_json":{"title":"Shipping &amp; Delivery - Mark3D - Markforged 3D printer","robots":{"index":"index","follow":"follow","max-snippet":"max-snippet:-1","max-image-preview":"max-image-preview:large","max-video-preview":"max-video-preview:-1"},"canonical":"https:\/\/www.mark3d.com\/de\/en\/versand__lieferung\/","og_locale":"en_US","og_type":"article","og_title":"Versand & Lieferung","og_description":"Preise, Versandkosten und Liefer-Informationen: Die auf den Produktseiten genannten Preise enthalten die gesetzliche Mehrwertsteuer. Wir liefern nur innerhalb Deutschlands und \u00d6sterreich. Andere L\u00e4nder nur auf Anfrage. Zus\u00e4tzlich zu den angegebenen Preisen berechnen wir f\u00fcr die Lieferung innerhalb Deutschlands Versandkosten. Die Versandkosten innerhalb Deutschlands betragen f\u00fcr einen Paketversand 17,85\u20ac inkl. MwSt. und&nbsp;90,00\u20ac&nbsp;inkl. MwSt. f\u00fcr versicherten Speditionsversand. [...]","og_url":"https:\/\/www.mark3d.com\/de\/en\/versand__lieferung\/","og_site_name":"Mark3D - Markforged 3D-Drucker","article_publisher":"https:\/\/www.facebook.com\/Mark3DGmbH\/","article_modified_time":"2018-04-10T09:40:26+00:00","twitter_card":"summary_large_image","twitter_site":"@Mark3D_GmbH","schema":{"@context":"https:\/\/schema.org","@graph":[{"@type":"WebPage","@id":"https:\/\/www.mark3d.com\/de\/versand__lieferung\/","url":"https:\/\/www.mark3d.com\/de\/versand__lieferung\/","name":"Shipping &amp; Delivery - Mark3D - Markforged 3D printer","isPartOf":{"@id":"https:\/\/www.mark3d.com\/de\/#website"},"datePublished":"2016-06-16T08:34:18+00:00","dateModified":"2018-04-10T09:40:26+00:00","breadcrumb":{"@id":"https:\/\/www.mark3d.com\/de\/versand__lieferung\/#breadcrumb"},"inLanguage":"en-US","potentialAction":[{"@type":"ReadAction","target":["https:\/\/www.mark3d.com\/de\/versand__lieferung\/"]}]},{"@type":"BreadcrumbList","@id":"https:\/\/www.mark3d.com\/de\/versand__lieferung\/#breadcrumb","itemListElement":[{"@type":"ListItem","position":1,"name":"Startseite","item":"https:\/\/www.mark3d.com\/de\/"},{"@type":"ListItem","position":2,"name":"Versand &#038; Lieferung"}]},{"@type":"WebSite","@id":"https:\/\/www.mark3d.com\/de\/#website","url":"https:\/\/www.mark3d.com\/de\/","name":"Mark3D","description":"Industrial 3D printers from Markforged","publisher":{"@id":"https:\/\/www.mark3d.com\/de\/#organization"},"alternateName":"Mark3D GmbH","potentialAction":[{"@type":"SearchAction","target":{"@type":"EntryPoint","urlTemplate":"https:\/\/www.mark3d.com\/de\/?s={search_term_string}"},"query-input":{"@type":"PropertyValueSpecification","valueRequired":true,"valueName":"search_term_string"}}],"inLanguage":"en-US"},{"@type":"Organization","@id":"https:\/\/www.mark3d.com\/de\/#organization","name":"Mark3D GmbH","url":"https:\/\/www.mark3d.com\/de\/","logo":{"@type":"ImageObject","inLanguage":"en-US","@id":"https:\/\/www.mark3d.com\/de\/#\/schema\/logo\/image\/","url":"https:\/\/www.mark3d.com\/de\/wp-content\/uploads\/2021\/05\/markforged-linkedin.jpg","contentUrl":"https:\/\/www.mark3d.com\/de\/wp-content\/uploads\/2021\/05\/markforged-linkedin.jpg","width":800,"height":800,"caption":"Mark3D GmbH"},"image":{"@id":"https:\/\/www.mark3d.com\/de\/#\/schema\/logo\/image\/"},"sameAs":["https:\/\/www.facebook.com\/Mark3DGmbH\/","https:\/\/x.com\/Mark3D_GmbH","https:\/\/www.instagram.com\/mark3d_print_stronger\/","https:\/\/www.linkedin.com\/company\/mark3d\/","https:\/\/www.youtube.com\/channel\/UCo55w2I5eBrCvCB3oKH2WDg"]}]}},"acf":[],"_links":{"self":[{"href":"https:\/\/www.mark3d.com\/de\/en\/wp-json\/wp\/v2\/pages\/867","targetHints":{"allow":["GET"]}}],"collection":[{"href":"https:\/\/www.mark3d.com\/de\/en\/wp-json\/wp\/v2\/pages"}],"about":[{"href":"https:\/\/www.mark3d.com\/de\/en\/wp-json\/wp\/v2\/types\/page"}],"author":[{"embeddable":true,"href":"https:\/\/www.mark3d.com\/de\/en\/wp-json\/wp\/v2\/users\/1"}],"replies":[{"embeddable":true,"href":"https:\/\/www.mark3d.com\/de\/en\/wp-json\/wp\/v2\/comments?post=867"}],"version-history":[{"count":0,"href":"https:\/\/www.mark3d.com\/de\/en\/wp-json\/wp\/v2\/pages\/867\/revisions"}],"wp:attachment":[{"href":"https:\/\/www.mark3d.com\/de\/en\/wp-json\/wp\/v2\/media?parent=867"}],"curies":[{"name":"wp","href":"https:\/\/api.w.org\/{rel}","templated":true}]}}