{"id":10585,"date":"2020-08-25T11:47:23","date_gmt":"2020-08-25T11:47:23","guid":{"rendered":"https:\/\/www.mark3d.com\/de\/?page_id=10585"},"modified":"2021-06-21T10:25:17","modified_gmt":"2021-06-21T10:25:17","slug":"webinar-steigerung-der-produktionseffizienz-durch-3d-druck-formular","status":"publish","type":"page","link":"https:\/\/www.mark3d.com\/de\/webinar-steigerung-der-produktionseffizienz-durch-3d-druck-formular\/","title":{"rendered":"Webinar: Steigerung der Produktionseffizienz durch 3D-Druck -Formular"},"content":{"rendered":"<div class=\"fusion-fullwidth fullwidth-box fusion-builder-row-1 nonhundred-percent-fullwidth non-hundred-percent-height-scrolling\" style=\"--awb-background-position:left top;--awb-border-sizes-top:0px;--awb-border-sizes-bottom:0px;--awb-border-sizes-left:0px;--awb-border-sizes-right:0px;--awb-border-radius-top-left:0px;--awb-border-radius-top-right:0px;--awb-border-radius-bottom-right:0px;--awb-border-radius-bottom-left:0px;--awb-padding-top:20px;--awb-padding-bottom:20px;--awb-margin-top:0px;--awb-margin-bottom:0px;--awb-background-color:#1f2024;--awb-flex-wrap:wrap;\" ><div class=\"fusion-builder-row fusion-row\"><div class=\"fusion-layout-column fusion_builder_column fusion-builder-column-0 fusion_builder_column_1_1 1_1 fusion-one-full fusion-column-first fusion-column-last fusion-column-no-min-height\" style=\"--awb-bg-size:cover;--awb-margin-bottom:0px;\"><div class=\"fusion-column-wrapper fusion-flex-column-wrapper-legacy\"><div class=\"fusion-title title fusion-title-1 fusion-sep-none fusion-title-text fusion-title-size-one\"><h1 class=\"fusion-title-heading title-heading-left fusion-responsive-typography-calculated\" style=\"margin:0;--fontSize:40;line-height:1.2;\"><span style=\"color: #ffffff;\"><strong>On-Demand Webinar: Steigerung der Produktionseffizienz durch den 3D-Druck<\/strong><\/span><\/h1><\/div><div class=\"fusion-sep-clear\"><\/div><div class=\"fusion-separator fusion-full-width-sep\" style=\"margin-left: auto;margin-right: auto;margin-top:10px;margin-bottom:10px;width:100%;\"><div class=\"fusion-separator-border sep-double\" style=\"--awb-height:20px;--awb-amount:20px;border-color:#e0dede;border-top-width:0px;border-bottom-width:0px;\"><\/div><\/div><div class=\"fusion-sep-clear\"><\/div><div class=\"fusion-clearfix\"><\/div><\/div><\/div><div class=\"fusion-layout-column fusion_builder_column fusion-builder-column-1 fusion_builder_column_1_2 1_2 fusion-one-half fusion-column-first\" style=\"--awb-bg-size:cover;width:48%; margin-right: 4%;\"><div class=\"fusion-column-wrapper fusion-flex-column-wrapper-legacy\"><div class=\"fusion-image-element in-legacy-container\" style=\"--awb-caption-title-font-family:var(--h2_typography-font-family);--awb-caption-title-font-weight:var(--h2_typography-font-weight);--awb-caption-title-font-style:var(--h2_typography-font-style);--awb-caption-title-size:var(--h2_typography-font-size);--awb-caption-title-transform:var(--h2_typography-text-transform);--awb-caption-title-line-height:var(--h2_typography-line-height);--awb-caption-title-letter-spacing:var(--h2_typography-letter-spacing);\"><span class=\" fusion-imageframe imageframe-none imageframe-1 hover-type-none\"><img decoding=\"async\" width=\"800\" height=\"453\" title=\"on-demand-webinar-produktionseffizients-durch-3d-druck\" src=\"https:\/\/www.mark3d.com\/de\/wp-content\/uploads\/2020\/08\/on-demand-webinar-produktionseffizients-durch-3d-druck-800x453.jpg\" alt class=\"img-responsive wp-image-10586\" srcset=\"https:\/\/www.mark3d.com\/de\/wp-content\/uploads\/2020\/08\/on-demand-webinar-produktionseffizients-durch-3d-druck-200x113.jpg 200w, https:\/\/www.mark3d.com\/de\/wp-content\/uploads\/2020\/08\/on-demand-webinar-produktionseffizients-durch-3d-druck-400x227.jpg 400w, https:\/\/www.mark3d.com\/de\/wp-content\/uploads\/2020\/08\/on-demand-webinar-produktionseffizients-durch-3d-druck-600x340.jpg 600w, https:\/\/www.mark3d.com\/de\/wp-content\/uploads\/2020\/08\/on-demand-webinar-produktionseffizients-durch-3d-druck-800x453.jpg 800w, https:\/\/www.mark3d.com\/de\/wp-content\/uploads\/2020\/08\/on-demand-webinar-produktionseffizients-durch-3d-druck-1200x680.jpg 1200w, https:\/\/www.mark3d.com\/de\/wp-content\/uploads\/2020\/08\/on-demand-webinar-produktionseffizients-durch-3d-druck.jpg 1359w\" sizes=\"(max-width: 800px) 100vw, 600px\" \/><\/span><\/div><div class=\"fusion-sep-clear\"><\/div><div class=\"fusion-separator fusion-full-width-sep\" style=\"margin-left: auto;margin-right: auto;margin-top:10px;margin-bottom:20px;width:100%;\"><div class=\"fusion-separator-border sep-double\" style=\"--awb-height:20px;--awb-amount:20px;border-color:#e0dede;border-top-width:0px;border-bottom-width:0px;\"><\/div><\/div><div class=\"fusion-sep-clear\"><\/div><div class=\"fusion-text fusion-text-1\"><p><span style=\"color: #ffffff;\">In diesem On-Demand Webinar zeigt Joachim Kasemann die M\u00f6glichkeiten zur Steigerung der Produktionseffizienz durch den 3D-Druck an Hand einiger Anwendungsbeispiele! Die 3D-Drucker von Markforged erm\u00f6glichen es Ihnen, extrem stabile und qualitativ hochwertige, dreidimensionale Bauteile zu drucken \u2013 In k\u00fcrzester Zeit und zu einem Bruchteil der Kosten und bei h\u00f6chster Stabilit\u00e4t! Lernen auch Sie die neuen M\u00f6glichkeiten und Vorteile der professionellen 3D-Drucker kennen.<\/span><\/p>\n<p><span style=\"color: #ffffff;\"><strong>Sie sollten dieses Webinar anschauen, wenn Sie:<\/strong> <\/span><\/p>\n<\/div><ul style=\"--awb-iconcolor:#ffff00;--awb-line-height:27.2px;--awb-icon-width:27.2px;--awb-icon-height:27.2px;--awb-icon-margin:11.2px;--awb-content-margin:38.4px;\" class=\"fusion-checklist fusion-checklist-1 fusion-checklist-default type-icons\"><li class=\"fusion-li-item\" style=\"\"><span class=\"icon-wrapper circle-no\"><i class=\"fusion-li-icon fa fa-check\" aria-hidden=\"true\"><\/i><\/span><div class=\"fusion-li-item-content\"><span style=\"color: #ffffff; line-height: 30px;\">Vorrichtungen, Halterungen oder Funktionsbauteile konstruieren<\/span><\/div><\/li><li class=\"fusion-li-item\" style=\"\"><span class=\"icon-wrapper circle-no\"><i class=\"fusion-li-icon fa fa-check\" aria-hidden=\"true\"><\/i><\/span><div class=\"fusion-li-item-content\"><span style=\"color: #ffffff; line-height: 30px;\">Ersatzteile f\u00fcr Ihre Produktionsmaschinen fertigen wollen<\/span><\/div><\/li><li class=\"fusion-li-item\" style=\"\"><span class=\"icon-wrapper circle-no\"><i class=\"fusion-li-icon fa fa-check\" aria-hidden=\"true\"><\/i><\/span><div class=\"fusion-li-item-content\"><span style=\"color: #ffffff; line-height: 30px;\">sich mit der Einf\u00fchrung des 3D-Drucks in Ihrem Unternehmen besch\u00e4ftigen.<\/span><\/div><\/li><li class=\"fusion-li-item\" style=\"\"><span class=\"icon-wrapper circle-no\"><i class=\"fusion-li-icon fa fa-check\" aria-hidden=\"true\"><\/i><\/span><div class=\"fusion-li-item-content\"><span style=\"color: #ffffff; line-height: 30px;\">mehr \u00fcber die Additive Fertigung erfahren wollen<\/span><\/div><\/li><\/ul><div class=\"fusion-clearfix\"><\/div><\/div><\/div><div class=\"fusion-layout-column fusion_builder_column fusion-builder-column-2 fusion_builder_column_1_2 1_2 fusion-one-half fusion-column-last\" style=\"--awb-padding-top:20px;--awb-padding-right:20px;--awb-padding-bottom:20px;--awb-padding-left:20px;--awb-bg-color:#2f3138;--awb-bg-color-hover:#2f3138;--awb-bg-size:cover;width:48%;\"><div class=\"fusion-column-wrapper fusion-flex-column-wrapper-legacy\"><div class=\"fusion-text fusion-text-2\"><p><i class=\"fb-icon-element-1 fb-icon-element fontawesome-icon fa fa-lock circle-no fusion-text-flow\" style=\"--awb-iconcolor:#3d9c32;--awb-iconcolor-hover:#3d9c32;--awb-font-size:16px;--awb-margin-right:8px;\"><\/i><span style=\"color: #3d9c32;\">F\u00fcllen Sie unser sicheres Formular aus, um den kostenfreien Ratgeber direkt herunterzuladen.<\/span><\/p>\n<\/div><div class=\"fusion-sep-clear\"><\/div><div class=\"fusion-separator fusion-full-width-sep\" style=\"margin-left: auto;margin-right: auto;margin-top:10px;margin-bottom:10px;width:100%;\"><div class=\"fusion-separator-border sep-single sep-dashed\" style=\"--awb-height:20px;--awb-amount:20px;--awb-sep-color:#ffffff;border-color:#ffffff;border-top-width:1px;\"><\/div><\/div><div class=\"fusion-sep-clear\"><\/div><div class=\"fusion-text fusion-text-3\"><p><span style=\"color: #ffffff;\"><strong>Weltweit f\u00fchrende Unternehmen verwenden Markforged 3D-Drucker<\/strong><\/span><\/p>\n<\/div><div class=\"fusion-image-element in-legacy-container\" style=\"--awb-caption-title-font-family:var(--h2_typography-font-family);--awb-caption-title-font-weight:var(--h2_typography-font-weight);--awb-caption-title-font-style:var(--h2_typography-font-style);--awb-caption-title-size:var(--h2_typography-font-size);--awb-caption-title-transform:var(--h2_typography-text-transform);--awb-caption-title-line-height:var(--h2_typography-line-height);--awb-caption-title-letter-spacing:var(--h2_typography-letter-spacing);\"><span class=\" fusion-imageframe imageframe-none imageframe-2 hover-type-none\"><img decoding=\"async\" width=\"600\" height=\"429\" title=\"Markforged-customers-1-600&#215;429\" src=\"https:\/\/www.mark3d.com\/de\/wp-content\/uploads\/2018\/11\/Markforged-customers-1-600x429-1.png\" alt class=\"img-responsive wp-image-5620\" srcset=\"https:\/\/www.mark3d.com\/de\/wp-content\/uploads\/2018\/11\/Markforged-customers-1-600x429-1-200x143.png 200w, https:\/\/www.mark3d.com\/de\/wp-content\/uploads\/2018\/11\/Markforged-customers-1-600x429-1-400x286.png 400w, https:\/\/www.mark3d.com\/de\/wp-content\/uploads\/2018\/11\/Markforged-customers-1-600x429-1.png 600w\" sizes=\"(max-width: 800px) 100vw, 600px\" \/><\/span><\/div><div class=\"fusion-clearfix\"><\/div><\/div><\/div><\/div><\/div>\n","protected":false},"excerpt":{"rendered":"","protected":false},"author":1,"featured_media":10586,"parent":0,"menu_order":0,"comment_status":"closed","ping_status":"closed","template":"100-width.php","meta":{"inline_featured_image":false,"footnotes":""},"class_list":["post-10585","page","type-page","status-publish","has-post-thumbnail","hentry"],"yoast_head":"<!-- This site is optimized with the Yoast SEO Premium plugin v27.0 (Yoast SEO v27.0) - https:\/\/yoast.com\/product\/yoast-seo-premium-wordpress\/ -->\n<title>Webinar: Steigerung der Produktionseffizienz durch 3D-Druck -Formular<\/title>\n<meta name=\"description\" content=\"Die 3D-Drucker von Markforged erm\u00f6glichen es Ihnen, extrem stabile und qualitativ hochwertige, dreidimensionale Bauteile zu drucken!\" \/>\n<meta name=\"robots\" content=\"index, follow, max-snippet:-1, max-image-preview:large, max-video-preview:-1\" \/>\n<link rel=\"canonical\" href=\"https:\/\/www.mark3d.com\/de\/webinar-steigerung-der-produktionseffizienz-durch-3d-druck-formular\/\" \/>\n<meta property=\"og:locale\" content=\"de_DE\" \/>\n<meta property=\"og:type\" content=\"article\" \/>\n<meta property=\"og:title\" content=\"Webinar: Steigerung der Produktionseffizienz durch 3D-Druck -Formular\" \/>\n<meta property=\"og:description\" content=\"Die 3D-Drucker von Markforged erm\u00f6glichen es Ihnen, extrem stabile und qualitativ hochwertige, dreidimensionale Bauteile zu drucken!\" \/>\n<meta property=\"og:url\" content=\"https:\/\/www.mark3d.com\/de\/webinar-steigerung-der-produktionseffizienz-durch-3d-druck-formular\/\" \/>\n<meta property=\"og:site_name\" content=\"Mark3D - Markforged 3D-Drucker\" \/>\n<meta property=\"article:publisher\" content=\"https:\/\/www.facebook.com\/Mark3DGmbH\/\" \/>\n<meta property=\"article:modified_time\" content=\"2021-06-21T10:25:17+00:00\" \/>\n<meta property=\"og:image\" content=\"https:\/\/www.mark3d.com\/de\/wp-content\/uploads\/2020\/08\/on-demand-webinar-produktionseffizients-durch-3d-druck.jpg\" \/>\n\t<meta property=\"og:image:width\" content=\"1359\" \/>\n\t<meta property=\"og:image:height\" content=\"770\" \/>\n\t<meta property=\"og:image:type\" content=\"image\/jpeg\" \/>\n<meta name=\"twitter:card\" content=\"summary_large_image\" \/>\n<meta name=\"twitter:site\" content=\"@Mark3D_GmbH\" \/>\n<meta name=\"twitter:label1\" content=\"Gesch\u00e4tzte Lesezeit\" \/>\n\t<meta name=\"twitter:data1\" content=\"5\u00a0Minuten\" \/>\n<script type=\"application\/ld+json\" class=\"yoast-schema-graph\">{\"@context\":\"https:\/\/schema.org\",\"@graph\":[{\"@type\":\"WebPage\",\"@id\":\"https:\/\/www.mark3d.com\/de\/webinar-steigerung-der-produktionseffizienz-durch-3d-druck-formular\/\",\"url\":\"https:\/\/www.mark3d.com\/de\/webinar-steigerung-der-produktionseffizienz-durch-3d-druck-formular\/\",\"name\":\"Webinar: Steigerung der Produktionseffizienz durch 3D-Druck -Formular\",\"isPartOf\":{\"@id\":\"https:\/\/www.mark3d.com\/de\/#website\"},\"primaryImageOfPage\":{\"@id\":\"https:\/\/www.mark3d.com\/de\/webinar-steigerung-der-produktionseffizienz-durch-3d-druck-formular\/#primaryimage\"},\"image\":{\"@id\":\"https:\/\/www.mark3d.com\/de\/webinar-steigerung-der-produktionseffizienz-durch-3d-druck-formular\/#primaryimage\"},\"thumbnailUrl\":\"https:\/\/www.mark3d.com\/de\/wp-content\/uploads\/2020\/08\/on-demand-webinar-produktionseffizients-durch-3d-druck.jpg\",\"datePublished\":\"2020-08-25T11:47:23+00:00\",\"dateModified\":\"2021-06-21T10:25:17+00:00\",\"description\":\"Die 3D-Drucker von Markforged erm\u00f6glichen es Ihnen, extrem stabile und qualitativ hochwertige, dreidimensionale Bauteile zu drucken!\",\"breadcrumb\":{\"@id\":\"https:\/\/www.mark3d.com\/de\/webinar-steigerung-der-produktionseffizienz-durch-3d-druck-formular\/#breadcrumb\"},\"inLanguage\":\"de\",\"potentialAction\":[{\"@type\":\"ReadAction\",\"target\":[\"https:\/\/www.mark3d.com\/de\/webinar-steigerung-der-produktionseffizienz-durch-3d-druck-formular\/\"]}]},{\"@type\":\"ImageObject\",\"inLanguage\":\"de\",\"@id\":\"https:\/\/www.mark3d.com\/de\/webinar-steigerung-der-produktionseffizienz-durch-3d-druck-formular\/#primaryimage\",\"url\":\"https:\/\/www.mark3d.com\/de\/wp-content\/uploads\/2020\/08\/on-demand-webinar-produktionseffizients-durch-3d-druck.jpg\",\"contentUrl\":\"https:\/\/www.mark3d.com\/de\/wp-content\/uploads\/2020\/08\/on-demand-webinar-produktionseffizients-durch-3d-druck.jpg\",\"width\":1359,\"height\":770},{\"@type\":\"BreadcrumbList\",\"@id\":\"https:\/\/www.mark3d.com\/de\/webinar-steigerung-der-produktionseffizienz-durch-3d-druck-formular\/#breadcrumb\",\"itemListElement\":[{\"@type\":\"ListItem\",\"position\":1,\"name\":\"Startseite\",\"item\":\"https:\/\/www.mark3d.com\/de\/\"},{\"@type\":\"ListItem\",\"position\":2,\"name\":\"Webinar: Steigerung der Produktionseffizienz durch 3D-Druck -Formular\"}]},{\"@type\":\"WebSite\",\"@id\":\"https:\/\/www.mark3d.com\/de\/#website\",\"url\":\"https:\/\/www.mark3d.com\/de\/\",\"name\":\"Mark3D\",\"description\":\"Industrielle 3D Drucker von Markforged\",\"publisher\":{\"@id\":\"https:\/\/www.mark3d.com\/de\/#organization\"},\"alternateName\":\"Mark3D GmbH\",\"potentialAction\":[{\"@type\":\"SearchAction\",\"target\":{\"@type\":\"EntryPoint\",\"urlTemplate\":\"https:\/\/www.mark3d.com\/de\/?s={search_term_string}\"},\"query-input\":{\"@type\":\"PropertyValueSpecification\",\"valueRequired\":true,\"valueName\":\"search_term_string\"}}],\"inLanguage\":\"de\"},{\"@type\":\"Organization\",\"@id\":\"https:\/\/www.mark3d.com\/de\/#organization\",\"name\":\"Mark3D GmbH\",\"url\":\"https:\/\/www.mark3d.com\/de\/\",\"logo\":{\"@type\":\"ImageObject\",\"inLanguage\":\"de\",\"@id\":\"https:\/\/www.mark3d.com\/de\/#\/schema\/logo\/image\/\",\"url\":\"https:\/\/www.mark3d.com\/de\/wp-content\/uploads\/2021\/05\/markforged-linkedin.jpg\",\"contentUrl\":\"https:\/\/www.mark3d.com\/de\/wp-content\/uploads\/2021\/05\/markforged-linkedin.jpg\",\"width\":800,\"height\":800,\"caption\":\"Mark3D GmbH\"},\"image\":{\"@id\":\"https:\/\/www.mark3d.com\/de\/#\/schema\/logo\/image\/\"},\"sameAs\":[\"https:\/\/www.facebook.com\/Mark3DGmbH\/\",\"https:\/\/x.com\/Mark3D_GmbH\",\"https:\/\/www.instagram.com\/mark3d_print_stronger\/\",\"https:\/\/www.linkedin.com\/company\/mark3d\/\",\"https:\/\/www.youtube.com\/channel\/UCo55w2I5eBrCvCB3oKH2WDg\"]}]}<\/script>\n<!-- \/ Yoast SEO Premium plugin. -->","yoast_head_json":{"title":"Webinar: Steigerung der Produktionseffizienz durch 3D-Druck -Formular","description":"Die 3D-Drucker von Markforged erm\u00f6glichen es Ihnen, extrem stabile und qualitativ hochwertige, dreidimensionale Bauteile zu drucken!","robots":{"index":"index","follow":"follow","max-snippet":"max-snippet:-1","max-image-preview":"max-image-preview:large","max-video-preview":"max-video-preview:-1"},"canonical":"https:\/\/www.mark3d.com\/de\/webinar-steigerung-der-produktionseffizienz-durch-3d-druck-formular\/","og_locale":"de_DE","og_type":"article","og_title":"Webinar: Steigerung der Produktionseffizienz durch 3D-Druck -Formular","og_description":"Die 3D-Drucker von Markforged erm\u00f6glichen es Ihnen, extrem stabile und qualitativ hochwertige, dreidimensionale Bauteile zu drucken!","og_url":"https:\/\/www.mark3d.com\/de\/webinar-steigerung-der-produktionseffizienz-durch-3d-druck-formular\/","og_site_name":"Mark3D - Markforged 3D-Drucker","article_publisher":"https:\/\/www.facebook.com\/Mark3DGmbH\/","article_modified_time":"2021-06-21T10:25:17+00:00","og_image":[{"width":1359,"height":770,"url":"https:\/\/www.mark3d.com\/de\/wp-content\/uploads\/2020\/08\/on-demand-webinar-produktionseffizients-durch-3d-druck.jpg","type":"image\/jpeg"}],"twitter_card":"summary_large_image","twitter_site":"@Mark3D_GmbH","twitter_misc":{"Gesch\u00e4tzte Lesezeit":"5\u00a0Minuten"},"schema":{"@context":"https:\/\/schema.org","@graph":[{"@type":"WebPage","@id":"https:\/\/www.mark3d.com\/de\/webinar-steigerung-der-produktionseffizienz-durch-3d-druck-formular\/","url":"https:\/\/www.mark3d.com\/de\/webinar-steigerung-der-produktionseffizienz-durch-3d-druck-formular\/","name":"Webinar: Steigerung der Produktionseffizienz durch 3D-Druck -Formular","isPartOf":{"@id":"https:\/\/www.mark3d.com\/de\/#website"},"primaryImageOfPage":{"@id":"https:\/\/www.mark3d.com\/de\/webinar-steigerung-der-produktionseffizienz-durch-3d-druck-formular\/#primaryimage"},"image":{"@id":"https:\/\/www.mark3d.com\/de\/webinar-steigerung-der-produktionseffizienz-durch-3d-druck-formular\/#primaryimage"},"thumbnailUrl":"https:\/\/www.mark3d.com\/de\/wp-content\/uploads\/2020\/08\/on-demand-webinar-produktionseffizients-durch-3d-druck.jpg","datePublished":"2020-08-25T11:47:23+00:00","dateModified":"2021-06-21T10:25:17+00:00","description":"Die 3D-Drucker von Markforged erm\u00f6glichen es Ihnen, extrem stabile und qualitativ hochwertige, dreidimensionale Bauteile zu drucken!","breadcrumb":{"@id":"https:\/\/www.mark3d.com\/de\/webinar-steigerung-der-produktionseffizienz-durch-3d-druck-formular\/#breadcrumb"},"inLanguage":"de","potentialAction":[{"@type":"ReadAction","target":["https:\/\/www.mark3d.com\/de\/webinar-steigerung-der-produktionseffizienz-durch-3d-druck-formular\/"]}]},{"@type":"ImageObject","inLanguage":"de","@id":"https:\/\/www.mark3d.com\/de\/webinar-steigerung-der-produktionseffizienz-durch-3d-druck-formular\/#primaryimage","url":"https:\/\/www.mark3d.com\/de\/wp-content\/uploads\/2020\/08\/on-demand-webinar-produktionseffizients-durch-3d-druck.jpg","contentUrl":"https:\/\/www.mark3d.com\/de\/wp-content\/uploads\/2020\/08\/on-demand-webinar-produktionseffizients-durch-3d-druck.jpg","width":1359,"height":770},{"@type":"BreadcrumbList","@id":"https:\/\/www.mark3d.com\/de\/webinar-steigerung-der-produktionseffizienz-durch-3d-druck-formular\/#breadcrumb","itemListElement":[{"@type":"ListItem","position":1,"name":"Startseite","item":"https:\/\/www.mark3d.com\/de\/"},{"@type":"ListItem","position":2,"name":"Webinar: Steigerung der Produktionseffizienz durch 3D-Druck -Formular"}]},{"@type":"WebSite","@id":"https:\/\/www.mark3d.com\/de\/#website","url":"https:\/\/www.mark3d.com\/de\/","name":"Mark3D","description":"Industrielle 3D Drucker von Markforged","publisher":{"@id":"https:\/\/www.mark3d.com\/de\/#organization"},"alternateName":"Mark3D GmbH","potentialAction":[{"@type":"SearchAction","target":{"@type":"EntryPoint","urlTemplate":"https:\/\/www.mark3d.com\/de\/?s={search_term_string}"},"query-input":{"@type":"PropertyValueSpecification","valueRequired":true,"valueName":"search_term_string"}}],"inLanguage":"de"},{"@type":"Organization","@id":"https:\/\/www.mark3d.com\/de\/#organization","name":"Mark3D GmbH","url":"https:\/\/www.mark3d.com\/de\/","logo":{"@type":"ImageObject","inLanguage":"de","@id":"https:\/\/www.mark3d.com\/de\/#\/schema\/logo\/image\/","url":"https:\/\/www.mark3d.com\/de\/wp-content\/uploads\/2021\/05\/markforged-linkedin.jpg","contentUrl":"https:\/\/www.mark3d.com\/de\/wp-content\/uploads\/2021\/05\/markforged-linkedin.jpg","width":800,"height":800,"caption":"Mark3D GmbH"},"image":{"@id":"https:\/\/www.mark3d.com\/de\/#\/schema\/logo\/image\/"},"sameAs":["https:\/\/www.facebook.com\/Mark3DGmbH\/","https:\/\/x.com\/Mark3D_GmbH","https:\/\/www.instagram.com\/mark3d_print_stronger\/","https:\/\/www.linkedin.com\/company\/mark3d\/","https:\/\/www.youtube.com\/channel\/UCo55w2I5eBrCvCB3oKH2WDg"]}]}},"acf":[],"_links":{"self":[{"href":"https:\/\/www.mark3d.com\/de\/wp-json\/wp\/v2\/pages\/10585","targetHints":{"allow":["GET"]}}],"collection":[{"href":"https:\/\/www.mark3d.com\/de\/wp-json\/wp\/v2\/pages"}],"about":[{"href":"https:\/\/www.mark3d.com\/de\/wp-json\/wp\/v2\/types\/page"}],"author":[{"embeddable":true,"href":"https:\/\/www.mark3d.com\/de\/wp-json\/wp\/v2\/users\/1"}],"replies":[{"embeddable":true,"href":"https:\/\/www.mark3d.com\/de\/wp-json\/wp\/v2\/comments?post=10585"}],"version-history":[{"count":0,"href":"https:\/\/www.mark3d.com\/de\/wp-json\/wp\/v2\/pages\/10585\/revisions"}],"wp:featuredmedia":[{"embeddable":true,"href":"https:\/\/www.mark3d.com\/de\/wp-json\/wp\/v2\/media\/10586"}],"wp:attachment":[{"href":"https:\/\/www.mark3d.com\/de\/wp-json\/wp\/v2\/media?parent=10585"}],"curies":[{"name":"wp","href":"https:\/\/api.w.org\/{rel}","templated":true}]}}