{"id":16067,"date":"2022-03-07T16:09:40","date_gmt":"2022-03-07T16:09:40","guid":{"rendered":"https:\/\/www.mark3d.com\/de\/?page_id=16067"},"modified":"2022-03-31T10:21:41","modified_gmt":"2022-03-31T10:21:41","slug":"proaktion-x7-kaufen-und-onyx-pro-gratis-dazu-erhalten","status":"publish","type":"page","link":"https:\/\/www.mark3d.com\/de\/proaktion-x7-kaufen-und-onyx-pro-gratis-dazu-erhalten\/","title":{"rendered":"Aktion X7 kaufen und Onyx Pro gratis dazu erhalten"},"content":{"rendered":"<div class=\"fusion-fullwidth fullwidth-box fusion-builder-row-1 nonhundred-percent-fullwidth non-hundred-percent-height-scrolling\" style=\"--awb-border-sizes-top:0px;--awb-border-sizes-bottom:0px;--awb-border-sizes-left:0px;--awb-border-sizes-right:0px;--awb-border-radius-top-left:0px;--awb-border-radius-top-right:0px;--awb-border-radius-bottom-right:0px;--awb-border-radius-bottom-left:0px;--awb-padding-top:20px;--awb-padding-bottom:20px;--awb-margin-top:0px;--awb-margin-bottom:0px;--awb-background-color:#000000;--awb-flex-wrap:wrap;\" ><div class=\"fusion-builder-row fusion-row\"><div class=\"fusion-layout-column fusion_builder_column fusion-builder-column-0 fusion_builder_column_1_2 1_2 fusion-one-half fusion-column-first\" style=\"--awb-bg-size:cover;width:50%;width:calc(50% - ( ( 4% ) * 0.5 ) );margin-right: 4%;\"><div class=\"fusion-column-wrapper fusion-flex-column-wrapper-legacy\"><div class=\"fusion-title title fusion-title-1 fusion-sep-none fusion-title-text fusion-title-size-one\"><h1 class=\"fusion-title-heading title-heading-left fusion-responsive-typography-calculated\" style=\"margin:0;--fontSize:40;line-height:1.2;\"><span style=\"color: #ffffff;\">Aktion: Markforged X7 inkl. 3 Jahren Service-Plan kaufen und einen Markforged Onyx Pro 3D-Drucker gratis dazu erhalten!*<\/span><\/h1><\/div><div class=\"fusion-image-element in-legacy-container\" style=\"--awb-caption-title-font-family:var(--h2_typography-font-family);--awb-caption-title-font-weight:var(--h2_typography-font-weight);--awb-caption-title-font-style:var(--h2_typography-font-style);--awb-caption-title-size:var(--h2_typography-font-size);--awb-caption-title-transform:var(--h2_typography-text-transform);--awb-caption-title-line-height:var(--h2_typography-line-height);--awb-caption-title-letter-spacing:var(--h2_typography-letter-spacing);\"><span class=\" fusion-imageframe imageframe-none imageframe-1 hover-type-none\"><img decoding=\"async\" width=\"2000\" height=\"894\" title=\"x7-kaufen-onyx-pro-gratis-markforged-mark3d\" src=\"https:\/\/www.mark3d.com\/de\/wp-content\/uploads\/2022\/03\/x7-kaufen-onyx-pro-gratis-markforged-mark3d.jpg\" alt class=\"img-responsive wp-image-16071\" srcset=\"https:\/\/www.mark3d.com\/de\/wp-content\/uploads\/2022\/03\/x7-kaufen-onyx-pro-gratis-markforged-mark3d-200x89.jpg 200w, https:\/\/www.mark3d.com\/de\/wp-content\/uploads\/2022\/03\/x7-kaufen-onyx-pro-gratis-markforged-mark3d-400x179.jpg 400w, https:\/\/www.mark3d.com\/de\/wp-content\/uploads\/2022\/03\/x7-kaufen-onyx-pro-gratis-markforged-mark3d-600x268.jpg 600w, https:\/\/www.mark3d.com\/de\/wp-content\/uploads\/2022\/03\/x7-kaufen-onyx-pro-gratis-markforged-mark3d-800x358.jpg 800w, https:\/\/www.mark3d.com\/de\/wp-content\/uploads\/2022\/03\/x7-kaufen-onyx-pro-gratis-markforged-mark3d-1200x536.jpg 1200w, https:\/\/www.mark3d.com\/de\/wp-content\/uploads\/2022\/03\/x7-kaufen-onyx-pro-gratis-markforged-mark3d.jpg 2000w\" sizes=\"(max-width: 800px) 100vw, 600px\" \/><\/span><\/div><div class=\"fusion-sep-clear\"><\/div><div class=\"fusion-separator fusion-full-width-sep\" style=\"margin-left: auto;margin-right: auto;margin-top:20px;width:100%;\"><\/div><div class=\"fusion-sep-clear\"><\/div><div class=\"fusion-text fusion-text-1\"><p><span style=\"color: #ffffff;\"><strong>Erhalten Sie beim Kauf eines Markforged X7 den Onyx One 3D-Drucker gratis dazu.<\/strong><\/span><\/p>\n<p><span style=\"color: #ffffff;\">Mit der X-Serie erreichen Sie in Ihrer Konstruktion und Fertigung eine maximale Flexibilit\u00e4t. Drucken Sie industriegerechte Bauteile aus Onyx \u2013 dem Material mit integrierter Carbon-Kurzfaser in Verbindung mit allen Endlosfaser-Verst\u00e4rkungen. Dazu haben Sie die M\u00f6glichkeit gleichzeitig erste Ansichtsmuster und Prototypen auf dem OnyxOne mit dem pr\u00e4zisem PLA zu drucken! Zus\u00e4tzlich k\u00f6nnen Sie Funktionsprototypen in Onyx drucken und diese mit der Glasfaser verst\u00e4rken.<\/span><\/p>\n<p><span style=\"color: #ffffff;\"><strong>Das perfekte Duo f\u00fcr grenzenlose M\u00f6glichkeiten.<\/strong><\/span><\/p>\n<p><span style=\"color: #ffffff;\"><strong>Die 3D-Drucker der X-Serie wurden dazu konzipiert, pr\u00e4zise Funktionsteile von h\u00f6chster Qualit\u00e4t zu fertigen:<\/strong><\/span><\/p>\n<\/div><ul style=\"--awb-iconcolor:#ffff00;--awb-line-height:27.2px;--awb-icon-width:27.2px;--awb-icon-height:27.2px;--awb-icon-margin:11.2px;--awb-content-margin:38.4px;\" class=\"fusion-checklist fusion-checklist-1 fusion-checklist-default type-icons\"><li class=\"fusion-li-item\" style=\"\"><span class=\"icon-wrapper circle-no\"><i class=\"fusion-li-icon fa-check fas\" aria-hidden=\"true\"><\/i><\/span><div class=\"fusion-li-item-content\"><span style=\"color: #ffffff;\">Kontinuierliche Fertigungs\u00fcberwachung<\/span><\/div><\/li><li class=\"fusion-li-item\" style=\"\"><span class=\"icon-wrapper circle-no\"><i class=\"fusion-li-icon fa-check fas\" aria-hidden=\"true\"><\/i><\/span><div class=\"fusion-li-item-content\"><span style=\"color: #ffffff;\">Eine perfekte Oberfl\u00e4che dank einer Schichtst\u00e4rke von 0,05 mm<\/span><\/div><\/li><li class=\"fusion-li-item\" style=\"\"><span class=\"icon-wrapper circle-no\"><i class=\"fusion-li-icon fa-check fas\" aria-hidden=\"true\"><\/i><\/span><div class=\"fusion-li-item-content\"><span style=\"color: #ffffff;\">Gro\u00dfer Bauraum<\/span><\/div><\/li><li class=\"fusion-li-item\" style=\"\"><span class=\"icon-wrapper circle-no\"><i class=\"fusion-li-icon fa-check fas\" aria-hidden=\"true\"><\/i><\/span><div class=\"fusion-li-item-content\"><span style=\"color: #ffffff;\">EIGER Software f\u00fcr eine reibungslose Zusammenarbeit<\/span><\/div><\/li><li class=\"fusion-li-item\" style=\"\"><span class=\"icon-wrapper circle-no\"><i class=\"fusion-li-icon fa-check fas\" aria-hidden=\"true\"><\/i><\/span><div class=\"fusion-li-item-content\"><span style=\"color: #ffffff;\">Erste Ansichtsmuster und Prototypen aus pr\u00e4zisem PLA<\/span><\/div><\/li><li class=\"fusion-li-item\" style=\"\"><span class=\"icon-wrapper circle-no\"><i class=\"fusion-li-icon fa-check fas\" aria-hidden=\"true\"><\/i><\/span><div class=\"fusion-li-item-content\"><span style=\"color: #ffffff;\">Verst\u00e4rken Sie Ihre Bauteile mit den Endlosfasern, f\u00fcr maximale Festigkeiten<\/span><\/div><\/li><\/ul><div class=\"fusion-sep-clear\"><\/div><div class=\"fusion-separator fusion-full-width-sep\" style=\"margin-left: auto;margin-right: auto;margin-top:20px;width:100%;\"><\/div><div class=\"fusion-sep-clear\"><\/div><div class=\"fusion-clearfix\"><\/div><\/div><\/div><div class=\"fusion-layout-column fusion_builder_column fusion-builder-column-1 fusion_builder_column_1_2 1_2 fusion-one-half fusion-column-last\" style=\"--awb-padding-top:20px;--awb-padding-right:20px;--awb-padding-bottom:20px;--awb-padding-left:20px;--awb-bg-color:#282a2b;--awb-bg-color-hover:#282a2b;--awb-bg-size:cover;width:50%;width:calc(50% - ( ( 4% ) * 0.5 ) );\"><div class=\"fusion-column-wrapper fusion-flex-column-wrapper-legacy\"><div class=\"fusion-text fusion-text-2\"><p><span style=\"color: #ffffff;\"><strong>Diese Aktion ist abgelaufen. F\u00fcr weitere attraktive Angebote kontaktieren Sie uns gerne \u00fcber unser <a style=\"color: #ffffff;\" href=\"https:\/\/www.mark3d.com\/de\/kontakt\/\">Kontaktformular (Link)<\/a>.<\/strong><\/span><\/p>\n<\/div><div class=\"fusion-sep-clear\"><\/div><div class=\"fusion-separator fusion-full-width-sep\" style=\"margin-left: auto;margin-right: auto;margin-top:20px;width:100%;\"><\/div><div class=\"fusion-sep-clear\"><\/div><div class=\"fusion-text fusion-text-3\"><p><span style=\"color: #ffffff;\"><strong>Weltmarktf\u00fchrer vertrauen auf Markforged 3D-Drucker:<\/strong><\/span><\/p>\n<\/div><div class=\"fusion-image-element in-legacy-container\" style=\"--awb-caption-title-font-family:var(--h2_typography-font-family);--awb-caption-title-font-weight:var(--h2_typography-font-weight);--awb-caption-title-font-style:var(--h2_typography-font-style);--awb-caption-title-size:var(--h2_typography-font-size);--awb-caption-title-transform:var(--h2_typography-text-transform);--awb-caption-title-line-height:var(--h2_typography-line-height);--awb-caption-title-letter-spacing:var(--h2_typography-letter-spacing);\"><span class=\" fusion-imageframe imageframe-none imageframe-2 hover-type-none\"><img decoding=\"async\" width=\"600\" height=\"429\" title=\"Markforged-customers-1-600&#215;429\" src=\"https:\/\/www.mark3d.com\/de\/wp-content\/uploads\/2018\/11\/Markforged-customers-1-600x429-1.png\" alt class=\"img-responsive wp-image-5620\" srcset=\"https:\/\/www.mark3d.com\/de\/wp-content\/uploads\/2018\/11\/Markforged-customers-1-600x429-1-200x143.png 200w, https:\/\/www.mark3d.com\/de\/wp-content\/uploads\/2018\/11\/Markforged-customers-1-600x429-1-400x286.png 400w, https:\/\/www.mark3d.com\/de\/wp-content\/uploads\/2018\/11\/Markforged-customers-1-600x429-1.png 600w\" sizes=\"(max-width: 800px) 100vw, 600px\" \/><\/span><\/div><div class=\"fusion-clearfix\"><\/div><\/div><\/div><div class=\"fusion-layout-column fusion_builder_column fusion-builder-column-2 fusion_builder_column_1_1 1_1 fusion-one-full fusion-column-first fusion-column-last\" style=\"--awb-bg-size:cover;\"><div class=\"fusion-column-wrapper fusion-flex-column-wrapper-legacy\"><div class=\"fusion-text fusion-text-4\"><p><span style=\"color: #ffffff;\">*Die Aktion enden am 30.03.2022 und ist nur in Deutschland, \u00d6sterreich und der Schweiz g\u00fcltig. Diese Aktion kann nicht mit anderen Angeboten kombiniert werden. Weitere Einschr\u00e4nkungen sind m\u00f6glich.<\/span><\/p>\n<\/div><div class=\"fusion-clearfix\"><\/div><\/div><\/div><\/div><\/div>\n","protected":false},"excerpt":{"rendered":"","protected":false},"author":1,"featured_media":16072,"parent":0,"menu_order":0,"comment_status":"closed","ping_status":"closed","template":"100-width.php","meta":{"inline_featured_image":false,"footnotes":""},"class_list":["post-16067","page","type-page","status-publish","has-post-thumbnail","hentry"],"yoast_head":"<!-- This site is optimized with the Yoast SEO Premium plugin v27.0 (Yoast SEO v27.0) - https:\/\/yoast.com\/product\/yoast-seo-premium-wordpress\/ -->\n<title>Aktion X7 kaufen und Onyx Pro gratis dazu erhalten - Mark3D - Markforged 3D-Drucker<\/title>\n<meta name=\"description\" content=\"Mit dem Markforged X7 in Verbindung mit einem 3D-Drucker der Desktop-Serie erreichen Sie in Ihrer Konstruktion und Fertigung eine maximale Flexibilit\u00e4t.\" \/>\n<meta name=\"robots\" content=\"noindex, nofollow\" \/>\n<meta property=\"og:locale\" content=\"de_DE\" \/>\n<meta property=\"og:type\" content=\"article\" \/>\n<meta property=\"og:title\" content=\"Aktion X7 kaufen und Onyx Pro gratis dazu erhalten\" \/>\n<meta property=\"og:description\" content=\"Mit dem Markforged X7 in Verbindung mit einem 3D-Drucker der Desktop-Serie erreichen Sie in Ihrer Konstruktion und Fertigung eine maximale Flexibilit\u00e4t.\" \/>\n<meta property=\"og:url\" content=\"https:\/\/www.mark3d.com\/de\/proaktion-x7-kaufen-und-onyx-pro-gratis-dazu-erhalten\/\" \/>\n<meta property=\"og:site_name\" content=\"Mark3D - Markforged 3D-Drucker\" \/>\n<meta property=\"article:publisher\" content=\"https:\/\/www.facebook.com\/Mark3DGmbH\/\" \/>\n<meta property=\"article:modified_time\" content=\"2022-03-31T10:21:41+00:00\" \/>\n<meta property=\"og:image\" content=\"https:\/\/www.mark3d.com\/de\/wp-content\/uploads\/2022\/03\/x7-kaufen-onyx-pro-gratis-markforged-mark3d-1.jpg\" \/>\n\t<meta property=\"og:image:width\" content=\"2083\" \/>\n\t<meta property=\"og:image:height\" content=\"931\" \/>\n\t<meta property=\"og:image:type\" content=\"image\/jpeg\" \/>\n<meta name=\"twitter:card\" content=\"summary_large_image\" \/>\n<meta name=\"twitter:site\" content=\"@Mark3D_GmbH\" \/>\n<meta name=\"twitter:label1\" content=\"Gesch\u00e4tzte Lesezeit\" \/>\n\t<meta name=\"twitter:data1\" content=\"2\u00a0Minuten\" \/>\n<script type=\"application\/ld+json\" class=\"yoast-schema-graph\">{\"@context\":\"https:\/\/schema.org\",\"@graph\":[{\"@type\":\"WebPage\",\"@id\":\"https:\/\/www.mark3d.com\/de\/proaktion-x7-kaufen-und-onyx-pro-gratis-dazu-erhalten\/\",\"url\":\"https:\/\/www.mark3d.com\/de\/proaktion-x7-kaufen-und-onyx-pro-gratis-dazu-erhalten\/\",\"name\":\"Aktion X7 kaufen und Onyx Pro gratis dazu erhalten - Mark3D - Markforged 3D-Drucker\",\"isPartOf\":{\"@id\":\"https:\/\/www.mark3d.com\/de\/#website\"},\"primaryImageOfPage\":{\"@id\":\"https:\/\/www.mark3d.com\/de\/proaktion-x7-kaufen-und-onyx-pro-gratis-dazu-erhalten\/#primaryimage\"},\"image\":{\"@id\":\"https:\/\/www.mark3d.com\/de\/proaktion-x7-kaufen-und-onyx-pro-gratis-dazu-erhalten\/#primaryimage\"},\"thumbnailUrl\":\"https:\/\/www.mark3d.com\/de\/wp-content\/uploads\/2022\/03\/x7-kaufen-onyx-pro-gratis-markforged-mark3d-1.jpg\",\"datePublished\":\"2022-03-07T16:09:40+00:00\",\"dateModified\":\"2022-03-31T10:21:41+00:00\",\"description\":\"Mit dem Markforged X7 in Verbindung mit einem 3D-Drucker der Desktop-Serie erreichen Sie in Ihrer Konstruktion und Fertigung eine maximale Flexibilit\u00e4t.\",\"breadcrumb\":{\"@id\":\"https:\/\/www.mark3d.com\/de\/proaktion-x7-kaufen-und-onyx-pro-gratis-dazu-erhalten\/#breadcrumb\"},\"inLanguage\":\"de\",\"potentialAction\":[{\"@type\":\"ReadAction\",\"target\":[\"https:\/\/www.mark3d.com\/de\/proaktion-x7-kaufen-und-onyx-pro-gratis-dazu-erhalten\/\"]}]},{\"@type\":\"ImageObject\",\"inLanguage\":\"de\",\"@id\":\"https:\/\/www.mark3d.com\/de\/proaktion-x7-kaufen-und-onyx-pro-gratis-dazu-erhalten\/#primaryimage\",\"url\":\"https:\/\/www.mark3d.com\/de\/wp-content\/uploads\/2022\/03\/x7-kaufen-onyx-pro-gratis-markforged-mark3d-1.jpg\",\"contentUrl\":\"https:\/\/www.mark3d.com\/de\/wp-content\/uploads\/2022\/03\/x7-kaufen-onyx-pro-gratis-markforged-mark3d-1.jpg\",\"width\":2000,\"height\":894},{\"@type\":\"BreadcrumbList\",\"@id\":\"https:\/\/www.mark3d.com\/de\/proaktion-x7-kaufen-und-onyx-pro-gratis-dazu-erhalten\/#breadcrumb\",\"itemListElement\":[{\"@type\":\"ListItem\",\"position\":1,\"name\":\"Startseite\",\"item\":\"https:\/\/www.mark3d.com\/de\/\"},{\"@type\":\"ListItem\",\"position\":2,\"name\":\"Aktion X7 kaufen und Onyx Pro gratis dazu erhalten\"}]},{\"@type\":\"WebSite\",\"@id\":\"https:\/\/www.mark3d.com\/de\/#website\",\"url\":\"https:\/\/www.mark3d.com\/de\/\",\"name\":\"Mark3D\",\"description\":\"Industrielle 3D Drucker von Markforged\",\"publisher\":{\"@id\":\"https:\/\/www.mark3d.com\/de\/#organization\"},\"alternateName\":\"Mark3D GmbH\",\"potentialAction\":[{\"@type\":\"SearchAction\",\"target\":{\"@type\":\"EntryPoint\",\"urlTemplate\":\"https:\/\/www.mark3d.com\/de\/?s={search_term_string}\"},\"query-input\":{\"@type\":\"PropertyValueSpecification\",\"valueRequired\":true,\"valueName\":\"search_term_string\"}}],\"inLanguage\":\"de\"},{\"@type\":\"Organization\",\"@id\":\"https:\/\/www.mark3d.com\/de\/#organization\",\"name\":\"Mark3D GmbH\",\"url\":\"https:\/\/www.mark3d.com\/de\/\",\"logo\":{\"@type\":\"ImageObject\",\"inLanguage\":\"de\",\"@id\":\"https:\/\/www.mark3d.com\/de\/#\/schema\/logo\/image\/\",\"url\":\"https:\/\/www.mark3d.com\/de\/wp-content\/uploads\/2021\/05\/markforged-linkedin.jpg\",\"contentUrl\":\"https:\/\/www.mark3d.com\/de\/wp-content\/uploads\/2021\/05\/markforged-linkedin.jpg\",\"width\":800,\"height\":800,\"caption\":\"Mark3D GmbH\"},\"image\":{\"@id\":\"https:\/\/www.mark3d.com\/de\/#\/schema\/logo\/image\/\"},\"sameAs\":[\"https:\/\/www.facebook.com\/Mark3DGmbH\/\",\"https:\/\/x.com\/Mark3D_GmbH\",\"https:\/\/www.instagram.com\/mark3d_print_stronger\/\",\"https:\/\/www.linkedin.com\/company\/mark3d\/\",\"https:\/\/www.youtube.com\/channel\/UCo55w2I5eBrCvCB3oKH2WDg\"]}]}<\/script>\n<!-- \/ Yoast SEO Premium plugin. -->","yoast_head_json":{"title":"Aktion X7 kaufen und Onyx Pro gratis dazu erhalten - Mark3D - Markforged 3D-Drucker","description":"Mit dem Markforged X7 in Verbindung mit einem 3D-Drucker der Desktop-Serie erreichen Sie in Ihrer Konstruktion und Fertigung eine maximale Flexibilit\u00e4t.","robots":{"index":"noindex","follow":"nofollow"},"og_locale":"de_DE","og_type":"article","og_title":"Aktion X7 kaufen und Onyx Pro gratis dazu erhalten","og_description":"Mit dem Markforged X7 in Verbindung mit einem 3D-Drucker der Desktop-Serie erreichen Sie in Ihrer Konstruktion und Fertigung eine maximale Flexibilit\u00e4t.","og_url":"https:\/\/www.mark3d.com\/de\/proaktion-x7-kaufen-und-onyx-pro-gratis-dazu-erhalten\/","og_site_name":"Mark3D - Markforged 3D-Drucker","article_publisher":"https:\/\/www.facebook.com\/Mark3DGmbH\/","article_modified_time":"2022-03-31T10:21:41+00:00","og_image":[{"width":2083,"height":931,"url":"https:\/\/www.mark3d.com\/de\/wp-content\/uploads\/2022\/03\/x7-kaufen-onyx-pro-gratis-markforged-mark3d-1.jpg","type":"image\/jpeg"}],"twitter_card":"summary_large_image","twitter_site":"@Mark3D_GmbH","twitter_misc":{"Gesch\u00e4tzte Lesezeit":"2\u00a0Minuten"},"schema":{"@context":"https:\/\/schema.org","@graph":[{"@type":"WebPage","@id":"https:\/\/www.mark3d.com\/de\/proaktion-x7-kaufen-und-onyx-pro-gratis-dazu-erhalten\/","url":"https:\/\/www.mark3d.com\/de\/proaktion-x7-kaufen-und-onyx-pro-gratis-dazu-erhalten\/","name":"Aktion X7 kaufen und Onyx Pro gratis dazu erhalten - Mark3D - Markforged 3D-Drucker","isPartOf":{"@id":"https:\/\/www.mark3d.com\/de\/#website"},"primaryImageOfPage":{"@id":"https:\/\/www.mark3d.com\/de\/proaktion-x7-kaufen-und-onyx-pro-gratis-dazu-erhalten\/#primaryimage"},"image":{"@id":"https:\/\/www.mark3d.com\/de\/proaktion-x7-kaufen-und-onyx-pro-gratis-dazu-erhalten\/#primaryimage"},"thumbnailUrl":"https:\/\/www.mark3d.com\/de\/wp-content\/uploads\/2022\/03\/x7-kaufen-onyx-pro-gratis-markforged-mark3d-1.jpg","datePublished":"2022-03-07T16:09:40+00:00","dateModified":"2022-03-31T10:21:41+00:00","description":"Mit dem Markforged X7 in Verbindung mit einem 3D-Drucker der Desktop-Serie erreichen Sie in Ihrer Konstruktion und Fertigung eine maximale Flexibilit\u00e4t.","breadcrumb":{"@id":"https:\/\/www.mark3d.com\/de\/proaktion-x7-kaufen-und-onyx-pro-gratis-dazu-erhalten\/#breadcrumb"},"inLanguage":"de","potentialAction":[{"@type":"ReadAction","target":["https:\/\/www.mark3d.com\/de\/proaktion-x7-kaufen-und-onyx-pro-gratis-dazu-erhalten\/"]}]},{"@type":"ImageObject","inLanguage":"de","@id":"https:\/\/www.mark3d.com\/de\/proaktion-x7-kaufen-und-onyx-pro-gratis-dazu-erhalten\/#primaryimage","url":"https:\/\/www.mark3d.com\/de\/wp-content\/uploads\/2022\/03\/x7-kaufen-onyx-pro-gratis-markforged-mark3d-1.jpg","contentUrl":"https:\/\/www.mark3d.com\/de\/wp-content\/uploads\/2022\/03\/x7-kaufen-onyx-pro-gratis-markforged-mark3d-1.jpg","width":2000,"height":894},{"@type":"BreadcrumbList","@id":"https:\/\/www.mark3d.com\/de\/proaktion-x7-kaufen-und-onyx-pro-gratis-dazu-erhalten\/#breadcrumb","itemListElement":[{"@type":"ListItem","position":1,"name":"Startseite","item":"https:\/\/www.mark3d.com\/de\/"},{"@type":"ListItem","position":2,"name":"Aktion X7 kaufen und Onyx Pro gratis dazu erhalten"}]},{"@type":"WebSite","@id":"https:\/\/www.mark3d.com\/de\/#website","url":"https:\/\/www.mark3d.com\/de\/","name":"Mark3D","description":"Industrielle 3D Drucker von Markforged","publisher":{"@id":"https:\/\/www.mark3d.com\/de\/#organization"},"alternateName":"Mark3D GmbH","potentialAction":[{"@type":"SearchAction","target":{"@type":"EntryPoint","urlTemplate":"https:\/\/www.mark3d.com\/de\/?s={search_term_string}"},"query-input":{"@type":"PropertyValueSpecification","valueRequired":true,"valueName":"search_term_string"}}],"inLanguage":"de"},{"@type":"Organization","@id":"https:\/\/www.mark3d.com\/de\/#organization","name":"Mark3D GmbH","url":"https:\/\/www.mark3d.com\/de\/","logo":{"@type":"ImageObject","inLanguage":"de","@id":"https:\/\/www.mark3d.com\/de\/#\/schema\/logo\/image\/","url":"https:\/\/www.mark3d.com\/de\/wp-content\/uploads\/2021\/05\/markforged-linkedin.jpg","contentUrl":"https:\/\/www.mark3d.com\/de\/wp-content\/uploads\/2021\/05\/markforged-linkedin.jpg","width":800,"height":800,"caption":"Mark3D GmbH"},"image":{"@id":"https:\/\/www.mark3d.com\/de\/#\/schema\/logo\/image\/"},"sameAs":["https:\/\/www.facebook.com\/Mark3DGmbH\/","https:\/\/x.com\/Mark3D_GmbH","https:\/\/www.instagram.com\/mark3d_print_stronger\/","https:\/\/www.linkedin.com\/company\/mark3d\/","https:\/\/www.youtube.com\/channel\/UCo55w2I5eBrCvCB3oKH2WDg"]}]}},"acf":[],"_links":{"self":[{"href":"https:\/\/www.mark3d.com\/de\/wp-json\/wp\/v2\/pages\/16067","targetHints":{"allow":["GET"]}}],"collection":[{"href":"https:\/\/www.mark3d.com\/de\/wp-json\/wp\/v2\/pages"}],"about":[{"href":"https:\/\/www.mark3d.com\/de\/wp-json\/wp\/v2\/types\/page"}],"author":[{"embeddable":true,"href":"https:\/\/www.mark3d.com\/de\/wp-json\/wp\/v2\/users\/1"}],"replies":[{"embeddable":true,"href":"https:\/\/www.mark3d.com\/de\/wp-json\/wp\/v2\/comments?post=16067"}],"version-history":[{"count":0,"href":"https:\/\/www.mark3d.com\/de\/wp-json\/wp\/v2\/pages\/16067\/revisions"}],"wp:featuredmedia":[{"embeddable":true,"href":"https:\/\/www.mark3d.com\/de\/wp-json\/wp\/v2\/media\/16072"}],"wp:attachment":[{"href":"https:\/\/www.mark3d.com\/de\/wp-json\/wp\/v2\/media?parent=16067"}],"curies":[{"name":"wp","href":"https:\/\/api.w.org\/{rel}","templated":true}]}}