{"id":23061,"date":"2024-07-19T11:27:05","date_gmt":"2024-07-19T11:27:05","guid":{"rendered":"https:\/\/www.mark3d.com\/de\/?page_id=23061"},"modified":"2024-11-14T12:35:43","modified_gmt":"2024-11-14T12:35:43","slug":"ticketanfrage-formnext-2024","status":"publish","type":"page","link":"https:\/\/www.mark3d.com\/de\/ticketanfrage-formnext-2024\/","title":{"rendered":"Ticketanfrage Formnext 2024"},"content":{"rendered":"<div class=\"fusion-fullwidth fullwidth-box fusion-builder-row-1 has-pattern-background has-mask-background nonhundred-percent-fullwidth non-hundred-percent-height-scrolling\" style=\"--awb-background-position:left top;--awb-border-sizes-top:0px;--awb-border-sizes-bottom:0px;--awb-border-sizes-left:0px;--awb-border-sizes-right:0px;--awb-border-radius-top-left:0px;--awb-border-radius-top-right:0px;--awb-border-radius-bottom-right:0px;--awb-border-radius-bottom-left:0px;--awb-padding-top:20px;--awb-padding-bottom:20px;--awb-margin-top:40px;--awb-margin-bottom:0px;--awb-flex-wrap:wrap;\" ><div class=\"fusion-builder-row fusion-row\"><div class=\"fusion-layout-column fusion_builder_column fusion-builder-column-0 fusion_builder_column_1_2 1_2 fusion-one-half fusion-column-first\" style=\"--awb-bg-size:cover;width:48%; margin-right: 4%;\"><div class=\"fusion-column-wrapper fusion-flex-column-wrapper-legacy\"><div class=\"fusion-title title fusion-title-1 fusion-sep-none fusion-title-text fusion-title-size-one\"><h1 class=\"fusion-title-heading title-heading-left fusion-responsive-typography-calculated\" style=\"margin:0;--fontSize:40;line-height:1.2;\"><span style=\"color: #000000;\"><strong>Fragen Sie hier Ihr kostenloses Ticket f\u00fcr die Formnext 2024 an<\/strong><\/span><\/h1><\/div><div class=\"fusion-sep-clear\"><\/div><div class=\"fusion-separator fusion-full-width-sep\" style=\"margin-left: auto;margin-right: auto;margin-top:10px;margin-bottom:10px;width:100%;\"><div class=\"fusion-separator-border sep-double\" style=\"--awb-height:20px;--awb-amount:20px;border-color:#e0dede;border-top-width:0px;border-bottom-width:0px;\"><\/div><\/div><div class=\"fusion-sep-clear\"><\/div><div class=\"fusion-image-element in-legacy-container\" style=\"--awb-caption-title-font-family:var(--h2_typography-font-family);--awb-caption-title-font-weight:var(--h2_typography-font-weight);--awb-caption-title-font-style:var(--h2_typography-font-style);--awb-caption-title-size:var(--h2_typography-font-size);--awb-caption-title-transform:var(--h2_typography-text-transform);--awb-caption-title-line-height:var(--h2_typography-line-height);--awb-caption-title-letter-spacing:var(--h2_typography-letter-spacing);\"><span class=\" fusion-imageframe imageframe-none imageframe-1 hover-type-none\" style=\"border-radius:8px;\"><img decoding=\"async\" width=\"1024\" height=\"768\" title=\"Formnext-Frankfurt-Industrie_3D-Druck_Markforged_Mark3d\" src=\"https:\/\/www.mark3d.com\/de\/wp-content\/uploads\/2024\/08\/Formnext-Frankfurt-Industrie_3D-Druck_Markforged_Mark3d.jpeg\" alt class=\"img-responsive wp-image-23520\" srcset=\"https:\/\/www.mark3d.com\/de\/wp-content\/uploads\/2024\/08\/Formnext-Frankfurt-Industrie_3D-Druck_Markforged_Mark3d-200x150.jpeg 200w, https:\/\/www.mark3d.com\/de\/wp-content\/uploads\/2024\/08\/Formnext-Frankfurt-Industrie_3D-Druck_Markforged_Mark3d-400x300.jpeg 400w, https:\/\/www.mark3d.com\/de\/wp-content\/uploads\/2024\/08\/Formnext-Frankfurt-Industrie_3D-Druck_Markforged_Mark3d-600x450.jpeg 600w, https:\/\/www.mark3d.com\/de\/wp-content\/uploads\/2024\/08\/Formnext-Frankfurt-Industrie_3D-Druck_Markforged_Mark3d-800x600.jpeg 800w, https:\/\/www.mark3d.com\/de\/wp-content\/uploads\/2024\/08\/Formnext-Frankfurt-Industrie_3D-Druck_Markforged_Mark3d.jpeg 1024w\" sizes=\"(max-width: 800px) 100vw, 600px\" \/><\/span><\/div><div class=\"fusion-sep-clear\"><\/div><div class=\"fusion-separator fusion-full-width-sep\" style=\"margin-left: auto;margin-right: auto;margin-top:10px;margin-bottom:10px;width:100%;\"><div class=\"fusion-separator-border sep-double\" style=\"--awb-height:20px;--awb-amount:20px;border-color:#e0dede;border-top-width:0px;border-bottom-width:0px;\"><\/div><\/div><div class=\"fusion-sep-clear\"><\/div><div class=\"fusion-text fusion-text-1\"><p>Die Formnext 2024 in Frankfurt am Main ist eine internationale Fachmesse f\u00fcr additive Fertigungstechnologien sowie deren vor- und nachgelagerter Prozesse. &#8211; die Formnext ist DIE Messe, wenn es um den 3D-Druck \/ die Additive Fertigung geht.<\/p>\n<p>Eine Vielzahl an nationalen und internationalen Ausstellern pr\u00e4sentieren auf der Formnext 2024 in Frankfurt ihre Produkte und Dienstleistungen und zeigen auf, wie sich die Prozesskette von einer Produktidee bis zu dessen Produktion entwickelt.<\/p>\n<p>Wir von der Mark3D werden gemeinsam mit Markforged einen Stand auf der Messe haben und s\u00e4mtliche Maschinen sowie Musterbauteile und Praxisberichte vorstellen.<\/p>\n<p><strong>Hinweis<\/strong>: Das Angebot richtet sich ausschlie\u00dflich an gewerbliche Unternehmen. Die Tickets werden voraussichtlich ab Ende Oktober verschickt. Sollten Sie mehrere Tickets ben\u00f6tigen, f\u00fcllt bitte jeder Kontakt das Formular einzeln aus. Die verf\u00fcgbaren Tickets werden unter allen gewerblichen Bewerbungen verlost.&nbsp;<\/p>\n<p>Sch\u00fcler\/ Studenten wenden sich bitte direkt an den Veranstalter.&nbsp;<\/p>\n<\/div><div class=\"fusion-text fusion-text-2\"><p><strong>Datum<\/strong>: 19. \u2013 22. November 2024<br \/>\n<strong>Ort<\/strong>: Frankfurt<br \/>\n<strong>Stand<\/strong>: Hall 12.0, C139<\/p>\n<\/div><div class=\"fusion-clearfix\"><\/div><\/div><\/div><div class=\"fusion-layout-column fusion_builder_column fusion-builder-column-1 fusion_builder_column_1_2 1_2 fusion-one-half fusion-column-last\" style=\"--awb-padding-top:20px;--awb-padding-right:20px;--awb-padding-bottom:20px;--awb-padding-left:20px;--awb-overflow:hidden;--awb-bg-color:#2f3138;--awb-bg-color-hover:#2f3138;--awb-bg-size:cover;--awb-box-shadow:3px 5px 5px 0px rgba(28,28,28,0.3);;--awb-border-radius:8px 8px 8px 8px;width:48%;\" data-scroll-devices=\"small-visibility,medium-visibility,large-visibility\"><div class=\"fusion-column-wrapper fusion-column-has-shadow fusion-flex-column-wrapper-legacy\"><div class=\"fusion-text fusion-text-3\"><p><i class=\"fb-icon-element-1 fb-icon-element fontawesome-icon fa fa-lock circle-no fusion-text-flow\" style=\"--awb-iconcolor:#3d9c32;--awb-iconcolor-hover:#3d9c32;--awb-font-size:16px;--awb-margin-right:8px;\"><\/i><span style=\"color: #3d9c32;\">F\u00fcllen Sie unser sicheres Formular aus, um ein kostenfreies Ticket f\u00fcr die Formnext 2024 anzufragen. Das Angebot richtet sich ausschlie\u00dflich an gewerbliche Unternehmen.&nbsp;<\/span><\/p>\n<\/div><div class=\"fusion-text fusion-text-4\"><p><span style=\"color: #ffffff;\"><strong>Es sind keine Ticketcodes mehr verf\u00fcgbar.<\/strong><\/span><\/p>\n<\/div><div class=\"fusion-sep-clear\"><\/div><div class=\"fusion-separator fusion-full-width-sep\" style=\"margin-left: auto;margin-right: auto;margin-top:10px;margin-bottom:10px;width:100%;\"><div class=\"fusion-separator-border sep-single sep-dashed\" style=\"--awb-height:20px;--awb-amount:20px;--awb-sep-color:#ffffff;border-color:#ffffff;border-top-width:1px;\"><\/div><\/div><div class=\"fusion-sep-clear\"><\/div><div class=\"fusion-text fusion-text-5\"><p><span style=\"color: #ffffff;\"><strong>Weltweit f\u00fchrende Unternehmen verwenden Markforged 3D-Drucker<\/strong><\/span><\/p>\n<\/div><div class=\"fusion-image-element in-legacy-container\" style=\"--awb-caption-title-font-family:var(--h2_typography-font-family);--awb-caption-title-font-weight:var(--h2_typography-font-weight);--awb-caption-title-font-style:var(--h2_typography-font-style);--awb-caption-title-size:var(--h2_typography-font-size);--awb-caption-title-transform:var(--h2_typography-text-transform);--awb-caption-title-line-height:var(--h2_typography-line-height);--awb-caption-title-letter-spacing:var(--h2_typography-letter-spacing);\"><span class=\" fusion-imageframe imageframe-none imageframe-2 hover-type-none\"><img decoding=\"async\" width=\"600\" height=\"429\" title=\"Markforged-customers-1-600&#215;429\" src=\"https:\/\/www.mark3d.com\/de\/wp-content\/uploads\/2018\/11\/Markforged-customers-1-600x429-1.png\" alt class=\"img-responsive wp-image-5620\" srcset=\"https:\/\/www.mark3d.com\/de\/wp-content\/uploads\/2018\/11\/Markforged-customers-1-600x429-1-200x143.png 200w, https:\/\/www.mark3d.com\/de\/wp-content\/uploads\/2018\/11\/Markforged-customers-1-600x429-1-400x286.png 400w, https:\/\/www.mark3d.com\/de\/wp-content\/uploads\/2018\/11\/Markforged-customers-1-600x429-1.png 600w\" sizes=\"(max-width: 800px) 100vw, 600px\" \/><\/span><\/div><div class=\"fusion-clearfix\"><\/div><\/div><\/div><\/div><\/div>\n","protected":false},"excerpt":{"rendered":"","protected":false},"author":1,"featured_media":0,"parent":0,"menu_order":0,"comment_status":"closed","ping_status":"closed","template":"100-width.php","meta":{"inline_featured_image":false,"footnotes":""},"class_list":["post-23061","page","type-page","status-publish","hentry"],"yoast_head":"<!-- This site is optimized with the Yoast SEO Premium plugin v27.0 (Yoast SEO v27.0) - https:\/\/yoast.com\/product\/yoast-seo-premium-wordpress\/ -->\n<title>Ticketanfrage Formnext 2024<\/title>\n<meta name=\"description\" content=\"Fragen Sie jetzt Ihr Ticket f\u00fcr Formnext 2024 in Frankfurt an!\" \/>\n<meta name=\"robots\" content=\"index, follow, max-snippet:-1, max-image-preview:large, max-video-preview:-1\" \/>\n<link rel=\"canonical\" href=\"https:\/\/www.mark3d.com\/de\/ticketanfrage-formnext-2024\/\" \/>\n<meta property=\"og:locale\" content=\"de_DE\" \/>\n<meta property=\"og:type\" content=\"article\" \/>\n<meta property=\"og:title\" content=\"Ticketanfrage Formnext 2024\" \/>\n<meta property=\"og:description\" content=\"Fragen Sie jetzt Ihr Ticket f\u00fcr Formnext 2024 in Frankfurt an!\" \/>\n<meta property=\"og:url\" content=\"https:\/\/www.mark3d.com\/de\/ticketanfrage-formnext-2024\/\" \/>\n<meta property=\"og:site_name\" content=\"Mark3D - Markforged 3D-Drucker\" \/>\n<meta property=\"article:publisher\" content=\"https:\/\/www.facebook.com\/Mark3DGmbH\/\" \/>\n<meta property=\"article:modified_time\" content=\"2024-11-14T12:35:43+00:00\" \/>\n<meta name=\"twitter:card\" content=\"summary_large_image\" \/>\n<meta name=\"twitter:site\" content=\"@Mark3D_GmbH\" \/>\n<meta name=\"twitter:label1\" content=\"Gesch\u00e4tzte Lesezeit\" \/>\n\t<meta name=\"twitter:data1\" content=\"2\u00a0Minuten\" \/>\n<script type=\"application\/ld+json\" class=\"yoast-schema-graph\">{\"@context\":\"https:\/\/schema.org\",\"@graph\":[{\"@type\":\"WebPage\",\"@id\":\"https:\/\/www.mark3d.com\/de\/ticketanfrage-formnext-2024\/\",\"url\":\"https:\/\/www.mark3d.com\/de\/ticketanfrage-formnext-2024\/\",\"name\":\"Ticketanfrage Formnext 2024\",\"isPartOf\":{\"@id\":\"https:\/\/www.mark3d.com\/de\/#website\"},\"datePublished\":\"2024-07-19T11:27:05+00:00\",\"dateModified\":\"2024-11-14T12:35:43+00:00\",\"description\":\"Fragen Sie jetzt Ihr Ticket f\u00fcr Formnext 2024 in Frankfurt an!\",\"breadcrumb\":{\"@id\":\"https:\/\/www.mark3d.com\/de\/ticketanfrage-formnext-2024\/#breadcrumb\"},\"inLanguage\":\"de\",\"potentialAction\":[{\"@type\":\"ReadAction\",\"target\":[\"https:\/\/www.mark3d.com\/de\/ticketanfrage-formnext-2024\/\"]}]},{\"@type\":\"BreadcrumbList\",\"@id\":\"https:\/\/www.mark3d.com\/de\/ticketanfrage-formnext-2024\/#breadcrumb\",\"itemListElement\":[{\"@type\":\"ListItem\",\"position\":1,\"name\":\"Startseite\",\"item\":\"https:\/\/www.mark3d.com\/de\/\"},{\"@type\":\"ListItem\",\"position\":2,\"name\":\"Ticketanfrage Formnext 2024\"}]},{\"@type\":\"WebSite\",\"@id\":\"https:\/\/www.mark3d.com\/de\/#website\",\"url\":\"https:\/\/www.mark3d.com\/de\/\",\"name\":\"Mark3D\",\"description\":\"Industrielle 3D Drucker von Markforged\",\"publisher\":{\"@id\":\"https:\/\/www.mark3d.com\/de\/#organization\"},\"alternateName\":\"Mark3D GmbH\",\"potentialAction\":[{\"@type\":\"SearchAction\",\"target\":{\"@type\":\"EntryPoint\",\"urlTemplate\":\"https:\/\/www.mark3d.com\/de\/?s={search_term_string}\"},\"query-input\":{\"@type\":\"PropertyValueSpecification\",\"valueRequired\":true,\"valueName\":\"search_term_string\"}}],\"inLanguage\":\"de\"},{\"@type\":\"Organization\",\"@id\":\"https:\/\/www.mark3d.com\/de\/#organization\",\"name\":\"Mark3D GmbH\",\"url\":\"https:\/\/www.mark3d.com\/de\/\",\"logo\":{\"@type\":\"ImageObject\",\"inLanguage\":\"de\",\"@id\":\"https:\/\/www.mark3d.com\/de\/#\/schema\/logo\/image\/\",\"url\":\"https:\/\/www.mark3d.com\/de\/wp-content\/uploads\/2021\/05\/markforged-linkedin.jpg\",\"contentUrl\":\"https:\/\/www.mark3d.com\/de\/wp-content\/uploads\/2021\/05\/markforged-linkedin.jpg\",\"width\":800,\"height\":800,\"caption\":\"Mark3D GmbH\"},\"image\":{\"@id\":\"https:\/\/www.mark3d.com\/de\/#\/schema\/logo\/image\/\"},\"sameAs\":[\"https:\/\/www.facebook.com\/Mark3DGmbH\/\",\"https:\/\/x.com\/Mark3D_GmbH\",\"https:\/\/www.instagram.com\/mark3d_print_stronger\/\",\"https:\/\/www.linkedin.com\/company\/mark3d\/\",\"https:\/\/www.youtube.com\/channel\/UCo55w2I5eBrCvCB3oKH2WDg\"]}]}<\/script>\n<!-- \/ Yoast SEO Premium plugin. -->","yoast_head_json":{"title":"Ticketanfrage Formnext 2024","description":"Fragen Sie jetzt Ihr Ticket f\u00fcr Formnext 2024 in Frankfurt an!","robots":{"index":"index","follow":"follow","max-snippet":"max-snippet:-1","max-image-preview":"max-image-preview:large","max-video-preview":"max-video-preview:-1"},"canonical":"https:\/\/www.mark3d.com\/de\/ticketanfrage-formnext-2024\/","og_locale":"de_DE","og_type":"article","og_title":"Ticketanfrage Formnext 2024","og_description":"Fragen Sie jetzt Ihr Ticket f\u00fcr Formnext 2024 in Frankfurt an!","og_url":"https:\/\/www.mark3d.com\/de\/ticketanfrage-formnext-2024\/","og_site_name":"Mark3D - Markforged 3D-Drucker","article_publisher":"https:\/\/www.facebook.com\/Mark3DGmbH\/","article_modified_time":"2024-11-14T12:35:43+00:00","twitter_card":"summary_large_image","twitter_site":"@Mark3D_GmbH","twitter_misc":{"Gesch\u00e4tzte Lesezeit":"2\u00a0Minuten"},"schema":{"@context":"https:\/\/schema.org","@graph":[{"@type":"WebPage","@id":"https:\/\/www.mark3d.com\/de\/ticketanfrage-formnext-2024\/","url":"https:\/\/www.mark3d.com\/de\/ticketanfrage-formnext-2024\/","name":"Ticketanfrage Formnext 2024","isPartOf":{"@id":"https:\/\/www.mark3d.com\/de\/#website"},"datePublished":"2024-07-19T11:27:05+00:00","dateModified":"2024-11-14T12:35:43+00:00","description":"Fragen Sie jetzt Ihr Ticket f\u00fcr Formnext 2024 in Frankfurt an!","breadcrumb":{"@id":"https:\/\/www.mark3d.com\/de\/ticketanfrage-formnext-2024\/#breadcrumb"},"inLanguage":"de","potentialAction":[{"@type":"ReadAction","target":["https:\/\/www.mark3d.com\/de\/ticketanfrage-formnext-2024\/"]}]},{"@type":"BreadcrumbList","@id":"https:\/\/www.mark3d.com\/de\/ticketanfrage-formnext-2024\/#breadcrumb","itemListElement":[{"@type":"ListItem","position":1,"name":"Startseite","item":"https:\/\/www.mark3d.com\/de\/"},{"@type":"ListItem","position":2,"name":"Ticketanfrage Formnext 2024"}]},{"@type":"WebSite","@id":"https:\/\/www.mark3d.com\/de\/#website","url":"https:\/\/www.mark3d.com\/de\/","name":"Mark3D","description":"Industrielle 3D Drucker von Markforged","publisher":{"@id":"https:\/\/www.mark3d.com\/de\/#organization"},"alternateName":"Mark3D GmbH","potentialAction":[{"@type":"SearchAction","target":{"@type":"EntryPoint","urlTemplate":"https:\/\/www.mark3d.com\/de\/?s={search_term_string}"},"query-input":{"@type":"PropertyValueSpecification","valueRequired":true,"valueName":"search_term_string"}}],"inLanguage":"de"},{"@type":"Organization","@id":"https:\/\/www.mark3d.com\/de\/#organization","name":"Mark3D GmbH","url":"https:\/\/www.mark3d.com\/de\/","logo":{"@type":"ImageObject","inLanguage":"de","@id":"https:\/\/www.mark3d.com\/de\/#\/schema\/logo\/image\/","url":"https:\/\/www.mark3d.com\/de\/wp-content\/uploads\/2021\/05\/markforged-linkedin.jpg","contentUrl":"https:\/\/www.mark3d.com\/de\/wp-content\/uploads\/2021\/05\/markforged-linkedin.jpg","width":800,"height":800,"caption":"Mark3D GmbH"},"image":{"@id":"https:\/\/www.mark3d.com\/de\/#\/schema\/logo\/image\/"},"sameAs":["https:\/\/www.facebook.com\/Mark3DGmbH\/","https:\/\/x.com\/Mark3D_GmbH","https:\/\/www.instagram.com\/mark3d_print_stronger\/","https:\/\/www.linkedin.com\/company\/mark3d\/","https:\/\/www.youtube.com\/channel\/UCo55w2I5eBrCvCB3oKH2WDg"]}]}},"acf":[],"_links":{"self":[{"href":"https:\/\/www.mark3d.com\/de\/wp-json\/wp\/v2\/pages\/23061","targetHints":{"allow":["GET"]}}],"collection":[{"href":"https:\/\/www.mark3d.com\/de\/wp-json\/wp\/v2\/pages"}],"about":[{"href":"https:\/\/www.mark3d.com\/de\/wp-json\/wp\/v2\/types\/page"}],"author":[{"embeddable":true,"href":"https:\/\/www.mark3d.com\/de\/wp-json\/wp\/v2\/users\/1"}],"replies":[{"embeddable":true,"href":"https:\/\/www.mark3d.com\/de\/wp-json\/wp\/v2\/comments?post=23061"}],"version-history":[{"count":0,"href":"https:\/\/www.mark3d.com\/de\/wp-json\/wp\/v2\/pages\/23061\/revisions"}],"wp:attachment":[{"href":"https:\/\/www.mark3d.com\/de\/wp-json\/wp\/v2\/media?parent=23061"}],"curies":[{"name":"wp","href":"https:\/\/api.w.org\/{rel}","templated":true}]}}