{"id":2814,"date":"2017-11-09T17:14:25","date_gmt":"2017-11-09T17:14:25","guid":{"rendered":"https:\/\/www.mark3d.com\/de\/?page_id=2814"},"modified":"2022-01-12T12:14:06","modified_gmt":"2022-01-12T12:14:06","slug":"das-perfekte-duo","status":"publish","type":"page","link":"https:\/\/www.mark3d.com\/de\/angebote\/das-perfekte-duo\/","title":{"rendered":"Das perfekte Duo"},"content":{"rendered":"<p><div class=\"fusion-fullwidth fullwidth-box fusion-builder-row-1 nonhundred-percent-fullwidth non-hundred-percent-height-scrolling\" style=\"--awb-background-position:left top;--awb-border-sizes-top:0px;--awb-border-sizes-bottom:0px;--awb-border-sizes-left:0px;--awb-border-sizes-right:0px;--awb-border-radius-top-left:0px;--awb-border-radius-top-right:0px;--awb-border-radius-bottom-right:0px;--awb-border-radius-bottom-left:0px;--awb-padding-top:40px;--awb-padding-right:30px;--awb-padding-bottom:20px;--awb-padding-left:30px;--awb-background-color:#000000;--awb-flex-wrap:wrap;\" ><div class=\"fusion-builder-row fusion-row\"><div class=\"fusion-layout-column fusion_builder_column fusion-builder-column-0 fusion_builder_column_1_2 1_2 fusion-one-half fusion-column-first\" style=\"--awb-bg-size:cover;width:48%; margin-right: 4%;\"><div class=\"fusion-column-wrapper fusion-flex-column-wrapper-legacy\"><div class=\"fusion-title title fusion-title-1 fusion-sep-none fusion-title-text fusion-title-size-one\" style=\"--awb-margin-bottom:40px;\"><h1 class=\"fusion-title-heading title-heading-left fusion-responsive-typography-calculated\" style=\"margin:0;--fontSize:40;line-height:1.2;\"><span style=\"color: #ffffff;\">Entscheiden Sie sich jetzt f\u00fcr einen Metal X und Sie erhalten einen Onyx Pro 3D-Drucker gratis dazu!*<\/span><\/h1><\/div><div class=\"fusion-image-element in-legacy-container\" style=\"--awb-caption-title-font-family:var(--h2_typography-font-family);--awb-caption-title-font-weight:var(--h2_typography-font-weight);--awb-caption-title-font-style:var(--h2_typography-font-style);--awb-caption-title-size:var(--h2_typography-font-size);--awb-caption-title-transform:var(--h2_typography-text-transform);--awb-caption-title-line-height:var(--h2_typography-line-height);--awb-caption-title-letter-spacing:var(--h2_typography-letter-spacing);\"><span class=\" fusion-imageframe imageframe-none imageframe-1 hover-type-none\"><img decoding=\"async\" width=\"912\" height=\"776\" title=\"metalXbundle_1_aktion\" src=\"https:\/\/www.mark3d.com\/de\/wp-content\/uploads\/sites\/1\/2017\/11\/metalXbundle_1_aktion.jpg\" alt class=\"img-responsive wp-image-2795\" srcset=\"https:\/\/www.mark3d.com\/de\/wp-content\/uploads\/2017\/11\/metalXbundle_1_aktion-200x170.jpg 200w, https:\/\/www.mark3d.com\/de\/wp-content\/uploads\/2017\/11\/metalXbundle_1_aktion-400x340.jpg 400w, https:\/\/www.mark3d.com\/de\/wp-content\/uploads\/2017\/11\/metalXbundle_1_aktion-600x511.jpg 600w, https:\/\/www.mark3d.com\/de\/wp-content\/uploads\/2017\/11\/metalXbundle_1_aktion-800x681.jpg 800w, https:\/\/www.mark3d.com\/de\/wp-content\/uploads\/2017\/11\/metalXbundle_1_aktion.jpg 912w\" sizes=\"(max-width: 800px) 100vw, 600px\" \/><\/span><\/div><div class=\"fusion-sep-clear\"><\/div><div class=\"fusion-separator fusion-full-width-sep\" style=\"margin-left: auto;margin-right: auto;margin-top:20px;margin-bottom:20px;width:100%;\"><\/div><div class=\"fusion-sep-clear\"><\/div><div class=\"fusion-text fusion-text-1\"><p><span style=\"color: #ffffff;\"><strong>Erhalten Sie beim Kauf eines Metal X den Onyx Pro 3D-Drucker gratis dazu.<\/strong><\/span><\/p>\n<p><span style=\"color: #ffffff;\">Bestellen Sie noch heute den revolution\u00e4ren Metal X und Sie erhalten den Onyx Pro 3D-Drucker gratis dazu.<\/span><\/p>\n<p><span style=\"color: #ffffff;\">Die 3D-Drucker von Markforged sind daf\u00fcr bekannt, hochstabile Bauteile zu drucken. Wir geben Ihnen die M\u00f6glichkeit, sowohl mit dem Druck von Metall als auch mit Verbundwerkstoffen durchzustarten und Ihre Entwicklung und Produktion zu beschleunigen.<\/span><\/p>\n<p><span style=\"color: #ffffff;\"><strong>Vorteile des Metal X:<\/strong><\/span><\/p>\n<\/div><ul style=\"--awb-size:13px;--awb-iconcolor:#8bc34a;--awb-line-height:22.1px;--awb-icon-width:22.1px;--awb-icon-height:22.1px;--awb-icon-margin:9.1px;--awb-content-margin:31.2px;\" class=\"fusion-checklist fusion-checklist-1 fusion-checklist-default type-icons\"><li class=\"fusion-li-item\" style=\"\"><span class=\"icon-wrapper circle-no\"><i class=\"fusion-li-icon fa fa-check\" aria-hidden=\"true\"><\/i><\/span><div class=\"fusion-li-item-content\"><span style=\"color: #ffffff; font-size:14px;\">Geringe Produktionszeiten \u2013 Entwickeln und drucken Sie Bauteile in weniger als 24 Stunden<\/span><\/div><\/li><li class=\"fusion-li-item\" style=\"\"><span class=\"icon-wrapper circle-no\"><i class=\"fusion-li-icon fa fa-check\" aria-hidden=\"true\"><\/i><\/span><div class=\"fusion-li-item-content\"><span style=\"color: #ffffff; font-size:14px;\">Metallbauteile mit geringem Gewicht, isotroper Festigkeit und einer Dichte von 99,7 %<\/span><\/div><\/li><li class=\"fusion-li-item\" style=\"\"><span class=\"icon-wrapper circle-no\"><i class=\"fusion-li-icon fa fa-check\" aria-hidden=\"true\"><\/i><\/span><div class=\"fusion-li-item-content\"><span style=\"color: #ffffff; font-size:14px;\">Absolute Designfreiheit erlaubt auch komplexe geometrische Formen, die nicht gefr\u00e4st werden k\u00f6nnen<\/span><\/div><\/li><\/ul><div class=\"fusion-sep-clear\"><\/div><div class=\"fusion-separator fusion-full-width-sep\" style=\"margin-left: auto;margin-right: auto;margin-top:20px;margin-bottom:20px;width:100%;\"><\/div><div class=\"fusion-sep-clear\"><\/div><div class=\"fusion-text fusion-text-2\"><p><span style=\"color: #ffffff;\"><strong>Vorteile des Onyx Pro<\/strong><\/span><\/p>\n<\/div><ul style=\"--awb-size:13px;--awb-iconcolor:#8bc34a;--awb-line-height:22.1px;--awb-icon-width:22.1px;--awb-icon-height:22.1px;--awb-icon-margin:9.1px;--awb-content-margin:31.2px;\" class=\"fusion-checklist fusion-checklist-2 fusion-checklist-default type-icons\"><li class=\"fusion-li-item\" style=\"\"><span class=\"icon-wrapper circle-no\"><i class=\"fusion-li-icon fa fa-check\" aria-hidden=\"true\"><\/i><\/span><div class=\"fusion-li-item-content\"><span style=\"color: #ffffff; font-size: 14px;\">Sparen Sie sich die Zeit und M\u00fche, die eine traditionelle CNC-Fertigung mit sich bringt, und drucken Sie Bauteile direkt auf Ihrem Schreibtisch \u00fcber Nacht.<\/span><\/div><\/li><\/ul><div class=\"fusion-clearfix\"><\/div><\/div><\/div><div class=\"fusion-layout-column fusion_builder_column fusion-builder-column-1 fusion_builder_column_1_2 1_2 fusion-one-half fusion-column-last fusion-no-small-visibility\" style=\"--awb-padding-top:30px;--awb-padding-right:30px;--awb-padding-bottom:30px;--awb-padding-left:30px;--awb-bg-color:#282a2b;--awb-bg-color-hover:#282a2b;--awb-bg-position:right top;--awb-bg-size:cover;--awb-margin-bottom:0px;width:48%;\"><div class=\"fusion-column-wrapper fusion-flex-column-wrapper-legacy\"><div class=\"fusion-text fusion-text-3\"><p><span style=\"color: #ffffff;\"><strong>Diese Aktion ist abgelaufen und beendet. F\u00fcr weitere attraktive Angebote kontaktieren Sie uns gerne \u00fcber unser <a style=\"color: #ffffff;\" href=\"https:\/\/www.mark3d.com\/de\/kontakt\/\">Kontaktformular (Link)<\/a>.<\/strong><\/span><\/p>\n<\/div><div class=\"fusion-sep-clear\"><\/div><div class=\"fusion-separator fusion-clearfix\" style=\"float:left;margin-top:20px;margin-bottom:20px;width:100%;max-width:25%;\"><\/div><div class=\"fusion-sep-clear\"><\/div><div class=\"fusion-text fusion-text-4\"><p><span style=\"color: #ffffff;\"><strong>Weltmarktf\u00fchrer vertrauen auf Markforged 3D-Drucker<\/strong><\/span><\/p>\n<\/div><div class=\"fusion-image-element in-legacy-container\" style=\"--awb-caption-title-font-family:var(--h2_typography-font-family);--awb-caption-title-font-weight:var(--h2_typography-font-weight);--awb-caption-title-font-style:var(--h2_typography-font-style);--awb-caption-title-size:var(--h2_typography-font-size);--awb-caption-title-transform:var(--h2_typography-text-transform);--awb-caption-title-line-height:var(--h2_typography-line-height);--awb-caption-title-letter-spacing:var(--h2_typography-letter-spacing);\"><span class=\" fusion-imageframe imageframe-none imageframe-2 hover-type-none\"><img decoding=\"async\" width=\"600\" height=\"429\" title=\"Markforged-customers-1-600&#215;429\" src=\"https:\/\/www.mark3d.com\/de\/wp-content\/uploads\/2018\/11\/Markforged-customers-1-600x429-1.png\" alt class=\"img-responsive wp-image-5620\" srcset=\"https:\/\/www.mark3d.com\/de\/wp-content\/uploads\/2018\/11\/Markforged-customers-1-600x429-1-200x143.png 200w, https:\/\/www.mark3d.com\/de\/wp-content\/uploads\/2018\/11\/Markforged-customers-1-600x429-1-400x286.png 400w, https:\/\/www.mark3d.com\/de\/wp-content\/uploads\/2018\/11\/Markforged-customers-1-600x429-1.png 600w\" sizes=\"(max-width: 800px) 100vw, 600px\" \/><\/span><\/div><div class=\"fusion-clearfix\"><\/div><\/div><\/div><\/div><\/div><div class=\"fusion-fullwidth fullwidth-box fusion-builder-row-2 nonhundred-percent-fullwidth non-hundred-percent-height-scrolling\" style=\"--awb-border-radius-top-left:0px;--awb-border-radius-top-right:0px;--awb-border-radius-bottom-right:0px;--awb-border-radius-bottom-left:0px;--awb-background-color:#000000;--awb-flex-wrap:wrap;\" ><div class=\"fusion-builder-row fusion-row\"><div class=\"fusion-layout-column fusion_builder_column fusion-builder-column-2 fusion_builder_column_1_1 1_1 fusion-one-full fusion-column-first fusion-column-last\" style=\"--awb-bg-size:cover;\"><div class=\"fusion-column-wrapper fusion-flex-column-wrapper-legacy\"><div class=\"fusion-text fusion-text-5\"><p><span style=\"color: #ffffff;\">*Das Angebot endet am 31.12.2018 und ist nur in Deutschland g\u00fcltig. Es kann nicht mit anderen Angeboten kombiniert werden. Weitere Einschr\u00e4nkungen sind m\u00f6glich.<\/span><\/p>\n<\/div><div class=\"fusion-clearfix\"><\/div><\/div><\/div><\/div><\/div><\/p>\n","protected":false},"excerpt":{"rendered":"","protected":false},"author":1,"featured_media":0,"parent":2807,"menu_order":0,"comment_status":"closed","ping_status":"closed","template":"100-width.php","meta":{"inline_featured_image":false,"footnotes":""},"class_list":["post-2814","page","type-page","status-publish","hentry"],"yoast_head":"<!-- This site is optimized with the Yoast SEO Premium plugin v27.0 (Yoast SEO v27.0) - https:\/\/yoast.com\/product\/yoast-seo-premium-wordpress\/ -->\n<title>Metal X 3D Drucker von Markforged - Angebote!<\/title>\n<meta name=\"robots\" content=\"index, follow, max-snippet:-1, max-image-preview:large, max-video-preview:-1\" \/>\n<link rel=\"canonical\" href=\"https:\/\/www.mark3d.com\/de\/angebote\/das-perfekte-duo\/\" \/>\n<meta property=\"og:locale\" content=\"de_DE\" \/>\n<meta property=\"og:type\" content=\"article\" \/>\n<meta property=\"og:title\" content=\"Das perfekte Duo\" \/>\n<meta property=\"og:url\" content=\"https:\/\/www.mark3d.com\/de\/angebote\/das-perfekte-duo\/\" \/>\n<meta property=\"og:site_name\" content=\"Mark3D - Markforged 3D-Drucker\" \/>\n<meta property=\"article:publisher\" content=\"https:\/\/www.facebook.com\/Mark3DGmbH\/\" \/>\n<meta property=\"article:modified_time\" content=\"2022-01-12T12:14:06+00:00\" \/>\n<meta name=\"twitter:card\" content=\"summary_large_image\" \/>\n<meta name=\"twitter:site\" content=\"@Mark3D_GmbH\" \/>\n<meta name=\"twitter:label1\" content=\"Gesch\u00e4tzte Lesezeit\" \/>\n\t<meta name=\"twitter:data1\" content=\"5\u00a0Minuten\" \/>\n<script type=\"application\/ld+json\" class=\"yoast-schema-graph\">{\"@context\":\"https:\/\/schema.org\",\"@graph\":[{\"@type\":\"WebPage\",\"@id\":\"https:\/\/www.mark3d.com\/de\/angebote\/das-perfekte-duo\/\",\"url\":\"https:\/\/www.mark3d.com\/de\/angebote\/das-perfekte-duo\/\",\"name\":\"Metal X 3D Drucker von Markforged - Angebote!\",\"isPartOf\":{\"@id\":\"https:\/\/www.mark3d.com\/de\/#website\"},\"datePublished\":\"2017-11-09T17:14:25+00:00\",\"dateModified\":\"2022-01-12T12:14:06+00:00\",\"breadcrumb\":{\"@id\":\"https:\/\/www.mark3d.com\/de\/angebote\/das-perfekte-duo\/#breadcrumb\"},\"inLanguage\":\"de\",\"potentialAction\":[{\"@type\":\"ReadAction\",\"target\":[\"https:\/\/www.mark3d.com\/de\/angebote\/das-perfekte-duo\/\"]}]},{\"@type\":\"BreadcrumbList\",\"@id\":\"https:\/\/www.mark3d.com\/de\/angebote\/das-perfekte-duo\/#breadcrumb\",\"itemListElement\":[{\"@type\":\"ListItem\",\"position\":1,\"name\":\"Startseite\",\"item\":\"https:\/\/www.mark3d.com\/de\/\"},{\"@type\":\"ListItem\",\"position\":2,\"name\":\"Markforged Angebote bei Mark3D\",\"item\":\"https:\/\/www.mark3d.com\/de\/angebote\/\"},{\"@type\":\"ListItem\",\"position\":3,\"name\":\"Das perfekte Duo\"}]},{\"@type\":\"WebSite\",\"@id\":\"https:\/\/www.mark3d.com\/de\/#website\",\"url\":\"https:\/\/www.mark3d.com\/de\/\",\"name\":\"Mark3D\",\"description\":\"Industrielle 3D Drucker von Markforged\",\"publisher\":{\"@id\":\"https:\/\/www.mark3d.com\/de\/#organization\"},\"alternateName\":\"Mark3D GmbH\",\"potentialAction\":[{\"@type\":\"SearchAction\",\"target\":{\"@type\":\"EntryPoint\",\"urlTemplate\":\"https:\/\/www.mark3d.com\/de\/?s={search_term_string}\"},\"query-input\":{\"@type\":\"PropertyValueSpecification\",\"valueRequired\":true,\"valueName\":\"search_term_string\"}}],\"inLanguage\":\"de\"},{\"@type\":\"Organization\",\"@id\":\"https:\/\/www.mark3d.com\/de\/#organization\",\"name\":\"Mark3D GmbH\",\"url\":\"https:\/\/www.mark3d.com\/de\/\",\"logo\":{\"@type\":\"ImageObject\",\"inLanguage\":\"de\",\"@id\":\"https:\/\/www.mark3d.com\/de\/#\/schema\/logo\/image\/\",\"url\":\"https:\/\/www.mark3d.com\/de\/wp-content\/uploads\/2021\/05\/markforged-linkedin.jpg\",\"contentUrl\":\"https:\/\/www.mark3d.com\/de\/wp-content\/uploads\/2021\/05\/markforged-linkedin.jpg\",\"width\":800,\"height\":800,\"caption\":\"Mark3D GmbH\"},\"image\":{\"@id\":\"https:\/\/www.mark3d.com\/de\/#\/schema\/logo\/image\/\"},\"sameAs\":[\"https:\/\/www.facebook.com\/Mark3DGmbH\/\",\"https:\/\/x.com\/Mark3D_GmbH\",\"https:\/\/www.instagram.com\/mark3d_print_stronger\/\",\"https:\/\/www.linkedin.com\/company\/mark3d\/\",\"https:\/\/www.youtube.com\/channel\/UCo55w2I5eBrCvCB3oKH2WDg\"]}]}<\/script>\n<!-- \/ Yoast SEO Premium plugin. -->","yoast_head_json":{"title":"Metal X 3D Drucker von Markforged - Angebote!","robots":{"index":"index","follow":"follow","max-snippet":"max-snippet:-1","max-image-preview":"max-image-preview:large","max-video-preview":"max-video-preview:-1"},"canonical":"https:\/\/www.mark3d.com\/de\/angebote\/das-perfekte-duo\/","og_locale":"de_DE","og_type":"article","og_title":"Das perfekte Duo","og_url":"https:\/\/www.mark3d.com\/de\/angebote\/das-perfekte-duo\/","og_site_name":"Mark3D - Markforged 3D-Drucker","article_publisher":"https:\/\/www.facebook.com\/Mark3DGmbH\/","article_modified_time":"2022-01-12T12:14:06+00:00","twitter_card":"summary_large_image","twitter_site":"@Mark3D_GmbH","twitter_misc":{"Gesch\u00e4tzte Lesezeit":"5\u00a0Minuten"},"schema":{"@context":"https:\/\/schema.org","@graph":[{"@type":"WebPage","@id":"https:\/\/www.mark3d.com\/de\/angebote\/das-perfekte-duo\/","url":"https:\/\/www.mark3d.com\/de\/angebote\/das-perfekte-duo\/","name":"Metal X 3D Drucker von Markforged - Angebote!","isPartOf":{"@id":"https:\/\/www.mark3d.com\/de\/#website"},"datePublished":"2017-11-09T17:14:25+00:00","dateModified":"2022-01-12T12:14:06+00:00","breadcrumb":{"@id":"https:\/\/www.mark3d.com\/de\/angebote\/das-perfekte-duo\/#breadcrumb"},"inLanguage":"de","potentialAction":[{"@type":"ReadAction","target":["https:\/\/www.mark3d.com\/de\/angebote\/das-perfekte-duo\/"]}]},{"@type":"BreadcrumbList","@id":"https:\/\/www.mark3d.com\/de\/angebote\/das-perfekte-duo\/#breadcrumb","itemListElement":[{"@type":"ListItem","position":1,"name":"Startseite","item":"https:\/\/www.mark3d.com\/de\/"},{"@type":"ListItem","position":2,"name":"Markforged Angebote bei Mark3D","item":"https:\/\/www.mark3d.com\/de\/angebote\/"},{"@type":"ListItem","position":3,"name":"Das perfekte Duo"}]},{"@type":"WebSite","@id":"https:\/\/www.mark3d.com\/de\/#website","url":"https:\/\/www.mark3d.com\/de\/","name":"Mark3D","description":"Industrielle 3D Drucker von Markforged","publisher":{"@id":"https:\/\/www.mark3d.com\/de\/#organization"},"alternateName":"Mark3D GmbH","potentialAction":[{"@type":"SearchAction","target":{"@type":"EntryPoint","urlTemplate":"https:\/\/www.mark3d.com\/de\/?s={search_term_string}"},"query-input":{"@type":"PropertyValueSpecification","valueRequired":true,"valueName":"search_term_string"}}],"inLanguage":"de"},{"@type":"Organization","@id":"https:\/\/www.mark3d.com\/de\/#organization","name":"Mark3D GmbH","url":"https:\/\/www.mark3d.com\/de\/","logo":{"@type":"ImageObject","inLanguage":"de","@id":"https:\/\/www.mark3d.com\/de\/#\/schema\/logo\/image\/","url":"https:\/\/www.mark3d.com\/de\/wp-content\/uploads\/2021\/05\/markforged-linkedin.jpg","contentUrl":"https:\/\/www.mark3d.com\/de\/wp-content\/uploads\/2021\/05\/markforged-linkedin.jpg","width":800,"height":800,"caption":"Mark3D GmbH"},"image":{"@id":"https:\/\/www.mark3d.com\/de\/#\/schema\/logo\/image\/"},"sameAs":["https:\/\/www.facebook.com\/Mark3DGmbH\/","https:\/\/x.com\/Mark3D_GmbH","https:\/\/www.instagram.com\/mark3d_print_stronger\/","https:\/\/www.linkedin.com\/company\/mark3d\/","https:\/\/www.youtube.com\/channel\/UCo55w2I5eBrCvCB3oKH2WDg"]}]}},"acf":[],"_links":{"self":[{"href":"https:\/\/www.mark3d.com\/de\/wp-json\/wp\/v2\/pages\/2814","targetHints":{"allow":["GET"]}}],"collection":[{"href":"https:\/\/www.mark3d.com\/de\/wp-json\/wp\/v2\/pages"}],"about":[{"href":"https:\/\/www.mark3d.com\/de\/wp-json\/wp\/v2\/types\/page"}],"author":[{"embeddable":true,"href":"https:\/\/www.mark3d.com\/de\/wp-json\/wp\/v2\/users\/1"}],"replies":[{"embeddable":true,"href":"https:\/\/www.mark3d.com\/de\/wp-json\/wp\/v2\/comments?post=2814"}],"version-history":[{"count":0,"href":"https:\/\/www.mark3d.com\/de\/wp-json\/wp\/v2\/pages\/2814\/revisions"}],"up":[{"embeddable":true,"href":"https:\/\/www.mark3d.com\/de\/wp-json\/wp\/v2\/pages\/2807"}],"wp:attachment":[{"href":"https:\/\/www.mark3d.com\/de\/wp-json\/wp\/v2\/media?parent=2814"}],"curies":[{"name":"wp","href":"https:\/\/api.w.org\/{rel}","templated":true}]}}