{"id":866,"date":"2016-06-16T08:33:43","date_gmt":"2016-06-16T08:33:43","guid":{"rendered":"http:\/\/www.mark3d.de\/widerruf_fuer_digitale_inhalte"},"modified":"2016-06-16T08:33:43","modified_gmt":"2016-06-16T08:33:43","slug":"widerruf_fuer_digitale_inhalte","status":"publish","type":"page","link":"https:\/\/www.mark3d.com\/de\/widerruf_fuer_digitale_inhalte\/","title":{"rendered":"Widerruf f\u00fcr digitale Inhalte"},"content":{"rendered":"<p><strong>Haftungshinweis: Die nachstehenden Muster-AGB sind von einem Rechtsanwalt erstellt worden (<a href=\"http:\/\/rechtsanwalt-schwenke.de\">http:\/\/rechtsanwalt-schwenke.de<\/a>). Sie entsprechen den rechtlichen Anforderungen eines typischen, an Verbraucher gerichteten Onlineshops. Jedoch sollten Sie das Muster nur nach sorgf\u00e4ltiger Pr\u00fcfung und Anpassung auf Ihr konkretes Gesch\u00e4ftsmodell verwenden. Die Klauseln k\u00f6nnen in bestimmten Konstellationen unzul\u00e4ssig sein. Lassen Sie sich im Zweifel rechtlich beraten.<\/strong><\/p>\n<h3>Belehrung \u00fcber das Widerrufsrecht f\u00fcr Verbraucher \u00fcber die Lieferung von digitalen Inhalten, die nicht auf einem k\u00f6rperlichen Datentr\u00e4ger geliefert werden (z.B. E-Book, Softwaredownload)<\/h3>\n<p><strong>Widerrufsbelehrung<\/strong><\/p>\n<p>Verbraucher ist jede nat\u00fcrliche Person, die ein Rechtsgesch\u00e4ft zu Zwecken abschlie\u00dft, die \u00fcberwiegend weder ihrer gewerblichen noch ihrer selbst\u00e4ndigen beruflichen T\u00e4tigkeit zugerechnet werden k\u00f6nnen.<\/p>\n<p><strong>Widerrufsrecht<\/strong><\/p>\n<p>Sie haben das Recht, binnen vierzehn Tagen ohne Angabe von Gr\u00fcnden diesen Vertrag zu widerrufen. Die Widerrufsfrist betr\u00e4gt vierzehn Tage ab dem Tag des Vertragsschlusses. Um Ihr Widerrufsrecht auszu\u00fcben, m\u00fcssen Sie uns ([Einsetzen: Namen\/Firma, Anschrift des Widerrufsadressaten, Telefonnummer, E-Mailadresse und, sofern vorhanden, die Telefaxnummer. Sie k\u00f6nnen auch den shortcode [woocommerce_de_disclaimer_address_data] daf\u00fcr verwenden, und die Adresse in Einstellungen DE hinterlegen.]) mittels einer eindeutigen Erkl\u00e4rung (z.B. ein mit der Post versandter Brief, Telefax oder E-Mail) \u00fcber Ihren Entschluss, diesen Vertrag zu widerrufen, informieren. Sie k\u00f6nnen daf\u00fcr das beigef\u00fcgte Muster-Widerrufsformular verwenden, das jedoch nicht vorgeschrieben ist. Zur Wahrung der Widerrufsfrist reicht es aus, dass Sie die Mitteilung \u00fcber die Aus\u00fcbung des Widerrufsrechts vor Ablauf der Widerrufsfrist absenden.<\/p>\n<p><strong>Folgen des Widerrufs<\/strong><br \/>\nWenn Sie diesen Vertrag widerrufen, haben wir Ihnen alle Zahlungen, die wir von Ihnen erhalten haben, einschlie\u00dflich der Lieferkosten (mit Ausnahme der zus\u00e4tzlichen Kosten, die sich daraus ergeben, dass Sie eine andere Art der Lieferung als die von uns angebotene, g\u00fcnstigste Standardlieferung gew\u00e4hlt haben), unverz\u00fcglich und sp\u00e4testens binnen vierzehn Tagen ab dem Tag zur\u00fcckzuzahlen, an dem die Mitteilung \u00fcber Ihren Widerruf dieses Vertrags bei uns eingegangen ist. F\u00fcr diese R\u00fcckzahlung verwenden wir dasselbe Zahlungsmittel, das Sie bei der urspr\u00fcnglichen Transaktion eingesetzt haben, es sei denn, mit Ihnen wurde ausdr\u00fccklich etwas anderes vereinbart; in keinem Fall werden Ihnen wegen dieser R\u00fcckzahlung Entgelte berechnet.<\/p>\n<p><strong>Muster-Widerrufsformular<\/strong><\/p>\n<p>(Wenn Sie den Vertrag widerrufen wollen, dann f\u00fcllen Sie bitte dieses Formular aus und senden Sie es zur\u00fcck.)<br \/>\n&#8211; An [Einsetzen: Namen\/Firma, Anschrift des Widerrufsadressaten, E-Mailadresse und, sofern vorhanden, die Telefaxnummer.]:<br \/>\n&#8211; Hiermit widerrufe(n) ich\/wir (*) den von mir\/uns (*) abgeschlossenen Vertrag \u00fcber den Kauf der folgenden Waren (*)\/ die Erbringung der folgenden Dienstleistung (*)<br \/>\n&#8211; Bestellt am (*)\/erhalten am (*)<br \/>\n&#8211; Name des\/der Verbraucher(s)<br \/>\n&#8211; Anschrift des\/der Verbraucher(s)<br \/>\n&#8211; Unterschrift des\/der Verbraucher(s) (nur bei Mitteilung auf Papier)<br \/>\n&#8211; Datum<br \/>\n&#8212;&#8212;&#8212;&#8212;&#8212;&#8212;&#8212;&#8212;&#8212;&#8212;&#8212;&#8212;&#8212;<br \/>\n(*) Unzutreffendes streichen.<\/p>\n","protected":false},"excerpt":{"rendered":"<p>Haftungshinweis: Die nachstehenden Muster-AGB sind von einem Rechtsanwalt erstellt worden (http:\/\/rechtsanwalt-schwenke.de). Sie entsprechen den rechtlichen Anforderungen eines typischen, an Verbraucher gerichteten Onlineshops. Jedoch sollten Sie das Muster nur nach sorgf\u00e4ltiger Pr\u00fcfung und Anpassung auf Ihr konkretes Gesch\u00e4ftsmodell verwenden. Die Klauseln k\u00f6nnen in bestimmten Konstellationen unzul\u00e4ssig sein. Lassen Sie sich im Zweifel rechtlich beraten. Belehrung \u00fcber  [&#8230;]<\/p>\n","protected":false},"author":0,"featured_media":0,"parent":0,"menu_order":0,"comment_status":"closed","ping_status":"closed","template":"","meta":{"inline_featured_image":false,"footnotes":""},"class_list":["post-866","page","type-page","status-publish","hentry"],"yoast_head":"<!-- This site is optimized with the Yoast SEO Premium plugin v27.0 (Yoast SEO v27.0) - https:\/\/yoast.com\/product\/yoast-seo-premium-wordpress\/ -->\n<title>Widerruf f\u00fcr digitale Inhalte - Mark3D - Markforged 3D-Drucker<\/title>\n<meta name=\"robots\" content=\"index, follow, max-snippet:-1, max-image-preview:large, max-video-preview:-1\" \/>\n<link rel=\"canonical\" href=\"https:\/\/www.mark3d.com\/de\/widerruf_fuer_digitale_inhalte\/\" \/>\n<meta property=\"og:locale\" content=\"de_DE\" \/>\n<meta property=\"og:type\" content=\"article\" \/>\n<meta property=\"og:title\" content=\"Widerruf f\u00fcr digitale Inhalte\" \/>\n<meta property=\"og:description\" content=\"Haftungshinweis: Die nachstehenden Muster-AGB sind von einem Rechtsanwalt erstellt worden (http:\/\/rechtsanwalt-schwenke.de). Sie entsprechen den rechtlichen Anforderungen eines typischen, an Verbraucher gerichteten Onlineshops. Jedoch sollten Sie das Muster nur nach sorgf\u00e4ltiger Pr\u00fcfung und Anpassung auf Ihr konkretes Gesch\u00e4ftsmodell verwenden. Die Klauseln k\u00f6nnen in bestimmten Konstellationen unzul\u00e4ssig sein. Lassen Sie sich im Zweifel rechtlich beraten. Belehrung \u00fcber [...]\" \/>\n<meta property=\"og:url\" content=\"https:\/\/www.mark3d.com\/de\/widerruf_fuer_digitale_inhalte\/\" \/>\n<meta property=\"og:site_name\" content=\"Mark3D - Markforged 3D-Drucker\" \/>\n<meta property=\"article:publisher\" content=\"https:\/\/www.facebook.com\/Mark3DGmbH\/\" \/>\n<meta name=\"twitter:card\" content=\"summary_large_image\" \/>\n<meta name=\"twitter:site\" content=\"@Mark3D_GmbH\" \/>\n<meta name=\"twitter:label1\" content=\"Gesch\u00e4tzte Lesezeit\" \/>\n\t<meta name=\"twitter:data1\" content=\"2\u00a0Minuten\" \/>\n<script type=\"application\/ld+json\" class=\"yoast-schema-graph\">{\"@context\":\"https:\/\/schema.org\",\"@graph\":[{\"@type\":\"WebPage\",\"@id\":\"https:\/\/www.mark3d.com\/de\/widerruf_fuer_digitale_inhalte\/\",\"url\":\"https:\/\/www.mark3d.com\/de\/widerruf_fuer_digitale_inhalte\/\",\"name\":\"Widerruf f\u00fcr digitale Inhalte - Mark3D - Markforged 3D-Drucker\",\"isPartOf\":{\"@id\":\"https:\/\/www.mark3d.com\/de\/#website\"},\"datePublished\":\"2016-06-16T08:33:43+00:00\",\"breadcrumb\":{\"@id\":\"https:\/\/www.mark3d.com\/de\/widerruf_fuer_digitale_inhalte\/#breadcrumb\"},\"inLanguage\":\"de\",\"potentialAction\":[{\"@type\":\"ReadAction\",\"target\":[\"https:\/\/www.mark3d.com\/de\/widerruf_fuer_digitale_inhalte\/\"]}]},{\"@type\":\"BreadcrumbList\",\"@id\":\"https:\/\/www.mark3d.com\/de\/widerruf_fuer_digitale_inhalte\/#breadcrumb\",\"itemListElement\":[{\"@type\":\"ListItem\",\"position\":1,\"name\":\"Startseite\",\"item\":\"https:\/\/www.mark3d.com\/de\/\"},{\"@type\":\"ListItem\",\"position\":2,\"name\":\"Widerruf f\u00fcr digitale Inhalte\"}]},{\"@type\":\"WebSite\",\"@id\":\"https:\/\/www.mark3d.com\/de\/#website\",\"url\":\"https:\/\/www.mark3d.com\/de\/\",\"name\":\"Mark3D\",\"description\":\"Industrielle 3D Drucker von Markforged\",\"publisher\":{\"@id\":\"https:\/\/www.mark3d.com\/de\/#organization\"},\"alternateName\":\"Mark3D GmbH\",\"potentialAction\":[{\"@type\":\"SearchAction\",\"target\":{\"@type\":\"EntryPoint\",\"urlTemplate\":\"https:\/\/www.mark3d.com\/de\/?s={search_term_string}\"},\"query-input\":{\"@type\":\"PropertyValueSpecification\",\"valueRequired\":true,\"valueName\":\"search_term_string\"}}],\"inLanguage\":\"de\"},{\"@type\":\"Organization\",\"@id\":\"https:\/\/www.mark3d.com\/de\/#organization\",\"name\":\"Mark3D GmbH\",\"url\":\"https:\/\/www.mark3d.com\/de\/\",\"logo\":{\"@type\":\"ImageObject\",\"inLanguage\":\"de\",\"@id\":\"https:\/\/www.mark3d.com\/de\/#\/schema\/logo\/image\/\",\"url\":\"https:\/\/www.mark3d.com\/de\/wp-content\/uploads\/2021\/05\/markforged-linkedin.jpg\",\"contentUrl\":\"https:\/\/www.mark3d.com\/de\/wp-content\/uploads\/2021\/05\/markforged-linkedin.jpg\",\"width\":800,\"height\":800,\"caption\":\"Mark3D GmbH\"},\"image\":{\"@id\":\"https:\/\/www.mark3d.com\/de\/#\/schema\/logo\/image\/\"},\"sameAs\":[\"https:\/\/www.facebook.com\/Mark3DGmbH\/\",\"https:\/\/x.com\/Mark3D_GmbH\",\"https:\/\/www.instagram.com\/mark3d_print_stronger\/\",\"https:\/\/www.linkedin.com\/company\/mark3d\/\",\"https:\/\/www.youtube.com\/channel\/UCo55w2I5eBrCvCB3oKH2WDg\"]}]}<\/script>\n<!-- \/ Yoast SEO Premium plugin. -->","yoast_head_json":{"title":"Widerruf f\u00fcr digitale Inhalte - Mark3D - Markforged 3D-Drucker","robots":{"index":"index","follow":"follow","max-snippet":"max-snippet:-1","max-image-preview":"max-image-preview:large","max-video-preview":"max-video-preview:-1"},"canonical":"https:\/\/www.mark3d.com\/de\/widerruf_fuer_digitale_inhalte\/","og_locale":"de_DE","og_type":"article","og_title":"Widerruf f\u00fcr digitale Inhalte","og_description":"Haftungshinweis: Die nachstehenden Muster-AGB sind von einem Rechtsanwalt erstellt worden (http:\/\/rechtsanwalt-schwenke.de). Sie entsprechen den rechtlichen Anforderungen eines typischen, an Verbraucher gerichteten Onlineshops. Jedoch sollten Sie das Muster nur nach sorgf\u00e4ltiger Pr\u00fcfung und Anpassung auf Ihr konkretes Gesch\u00e4ftsmodell verwenden. Die Klauseln k\u00f6nnen in bestimmten Konstellationen unzul\u00e4ssig sein. Lassen Sie sich im Zweifel rechtlich beraten. Belehrung \u00fcber [...]","og_url":"https:\/\/www.mark3d.com\/de\/widerruf_fuer_digitale_inhalte\/","og_site_name":"Mark3D - Markforged 3D-Drucker","article_publisher":"https:\/\/www.facebook.com\/Mark3DGmbH\/","twitter_card":"summary_large_image","twitter_site":"@Mark3D_GmbH","twitter_misc":{"Gesch\u00e4tzte Lesezeit":"2\u00a0Minuten"},"schema":{"@context":"https:\/\/schema.org","@graph":[{"@type":"WebPage","@id":"https:\/\/www.mark3d.com\/de\/widerruf_fuer_digitale_inhalte\/","url":"https:\/\/www.mark3d.com\/de\/widerruf_fuer_digitale_inhalte\/","name":"Widerruf f\u00fcr digitale Inhalte - Mark3D - Markforged 3D-Drucker","isPartOf":{"@id":"https:\/\/www.mark3d.com\/de\/#website"},"datePublished":"2016-06-16T08:33:43+00:00","breadcrumb":{"@id":"https:\/\/www.mark3d.com\/de\/widerruf_fuer_digitale_inhalte\/#breadcrumb"},"inLanguage":"de","potentialAction":[{"@type":"ReadAction","target":["https:\/\/www.mark3d.com\/de\/widerruf_fuer_digitale_inhalte\/"]}]},{"@type":"BreadcrumbList","@id":"https:\/\/www.mark3d.com\/de\/widerruf_fuer_digitale_inhalte\/#breadcrumb","itemListElement":[{"@type":"ListItem","position":1,"name":"Startseite","item":"https:\/\/www.mark3d.com\/de\/"},{"@type":"ListItem","position":2,"name":"Widerruf f\u00fcr digitale Inhalte"}]},{"@type":"WebSite","@id":"https:\/\/www.mark3d.com\/de\/#website","url":"https:\/\/www.mark3d.com\/de\/","name":"Mark3D","description":"Industrielle 3D Drucker von Markforged","publisher":{"@id":"https:\/\/www.mark3d.com\/de\/#organization"},"alternateName":"Mark3D GmbH","potentialAction":[{"@type":"SearchAction","target":{"@type":"EntryPoint","urlTemplate":"https:\/\/www.mark3d.com\/de\/?s={search_term_string}"},"query-input":{"@type":"PropertyValueSpecification","valueRequired":true,"valueName":"search_term_string"}}],"inLanguage":"de"},{"@type":"Organization","@id":"https:\/\/www.mark3d.com\/de\/#organization","name":"Mark3D GmbH","url":"https:\/\/www.mark3d.com\/de\/","logo":{"@type":"ImageObject","inLanguage":"de","@id":"https:\/\/www.mark3d.com\/de\/#\/schema\/logo\/image\/","url":"https:\/\/www.mark3d.com\/de\/wp-content\/uploads\/2021\/05\/markforged-linkedin.jpg","contentUrl":"https:\/\/www.mark3d.com\/de\/wp-content\/uploads\/2021\/05\/markforged-linkedin.jpg","width":800,"height":800,"caption":"Mark3D GmbH"},"image":{"@id":"https:\/\/www.mark3d.com\/de\/#\/schema\/logo\/image\/"},"sameAs":["https:\/\/www.facebook.com\/Mark3DGmbH\/","https:\/\/x.com\/Mark3D_GmbH","https:\/\/www.instagram.com\/mark3d_print_stronger\/","https:\/\/www.linkedin.com\/company\/mark3d\/","https:\/\/www.youtube.com\/channel\/UCo55w2I5eBrCvCB3oKH2WDg"]}]}},"acf":[],"_links":{"self":[{"href":"https:\/\/www.mark3d.com\/de\/wp-json\/wp\/v2\/pages\/866","targetHints":{"allow":["GET"]}}],"collection":[{"href":"https:\/\/www.mark3d.com\/de\/wp-json\/wp\/v2\/pages"}],"about":[{"href":"https:\/\/www.mark3d.com\/de\/wp-json\/wp\/v2\/types\/page"}],"replies":[{"embeddable":true,"href":"https:\/\/www.mark3d.com\/de\/wp-json\/wp\/v2\/comments?post=866"}],"version-history":[{"count":0,"href":"https:\/\/www.mark3d.com\/de\/wp-json\/wp\/v2\/pages\/866\/revisions"}],"wp:attachment":[{"href":"https:\/\/www.mark3d.com\/de\/wp-json\/wp\/v2\/media?parent=866"}],"curies":[{"name":"wp","href":"https:\/\/api.w.org\/{rel}","templated":true}]}}