{"id":14395,"date":"2021-08-04T08:24:35","date_gmt":"2021-08-04T08:24:35","guid":{"rendered":"https:\/\/www.mark3d.com\/de\/?post_type=product&#038;p=14395"},"modified":"2024-08-30T09:16:09","modified_gmt":"2024-08-30T09:16:09","slug":"markforged-onyx-fr-a-filament-fff-800-cm%c2%b3-rolle","status":"publish","type":"product","link":"https:\/\/www.mark3d.com\/de\/produkt\/markforged-onyx-fr-a-filament-fff-800-cm%c2%b3-rolle\/","title":{"rendered":"Markforged Onyx FR-A &#8211; Filament FFF &#8211; 800 cm\u00b3 Rolle &#8211; F-MF-0006"},"content":{"rendered":"<p>Onyx FR-A erreicht beim UL94-Entflammbarkeitstest die Einstufung V-0 und besitzt \u00e4hnliche mechanische Eigenschaften wie Onyx. Es ist am besten f\u00fcr Anwendungen geeignet, bei denen geringes Gewicht, hohe Festigkeit und selbstverl\u00f6schende Eigenschaften erw\u00fcnscht sind. Es wurde f\u00fcr die Anforderungen der Luftfahrt-, Transport- und Automobilindustrie eingef\u00fchrt, um die st\u00e4rksten, leichtesten und sichersten Teile aller Zeiten zu fertigen.<br \/>\nOnxy FR-A ist nur mit den 3D-Druckern der X-Serie kompatibel.<\/p>\n<p><em>\u201cWenn Bauteile aus Onyx FR mit einer Endlosfaser verst\u00e4rkt werden, sind diese Bauteile so stabil wie das Aluminium der Luftfahrt bei halbem Gewicht!\u201d \u2013 <\/em>Jon Reilly, Markforged<\/p>\n<div class=\"fusion-video fusion-youtube\" style=\"--awb-max-width:600px;--awb-max-height:360px;\"><div class=\"video-shortcode\"><div class=\"fluid-width-video-wrapper\" style=\"padding-top:60%;\" ><iframe title=\"YouTube video player 1\" src=\"https:\/\/www.youtube.com\/embed\/BHdn5vwVkd8?wmode=transparent&autoplay=0&oida=1&amp;rel=0\" width=\"600\" height=\"360\" allowfullscreen allow=\"autoplay; clipboard-write; encrypted-media; gyroscope; picture-in-picture;\"><\/iframe><\/div><\/div><\/div>\n<p>&nbsp;<\/p>\n<p>PROFESSIONELLE QUALIT\u00c4TS FILAMENTE: Hochwertige Materialien f\u00fcr beste Drucke von hoch festen Funktionsbauteilen wie Werkzeuge, Vorrichtungen, Schablonen, Montagewerkzeuge, Montagehilfen, Produktionswerkzeuge im 3D-Druck.<\/p>\n<p>DRUCKMATERIAL (FILAMENT) GEEIGNET F\u00dcR: Markforged X3, X5 und X7<\/p>\n<p>LIEFERUMFANG &amp; VERSAND: 1x Onyx FR-A FFF Filament 800cm\u00b3 Rolle &#8211; der Artikel werden sicher verpackt und verschickt.<\/p>\n<p>PROFESSIONELLER PARTNER: Die Mark3D Europe ist Ihr Partner f\u00fcr Markforged High-End 3D-Drucker, Materialien, Software und Zubeh\u00f6r f\u00fcr Industrieanwendungen. Fragen? Tel.: 49 (0) 7361 63396 03<\/p>\n","protected":false},"excerpt":{"rendered":"<p>Inhalt: 800 cm\u00b3 (312,38\u20ac* \/ 1000 cm\u00b3)<\/p>\n<p>Onyx FR-A erreicht beim UL94-Entflammbarkeitstest die Einstufung V-0 und besitzt \u00e4hnliche mechanische Eigenschaften wie Onyx. Es ist am besten f\u00fcr Anwendungen geeignet, bei denen geringes Gewicht, hohe Festigkeit und selbstverl\u00f6schende Eigenschaften erw\u00fcnscht sind. Es wurde f\u00fcr die Anforderungen der Luftfahrt-, Transport- und Automobilindustrie eingef\u00fchrt, um die st\u00e4rksten, leichtesten und sichersten Teile aller Zeiten zu fertigen.<br \/>\nOnxy FR-A ist nur mit den 3D-Druckern der X-Serie kompatibel.<\/p>\n","protected":false},"featured_media":14396,"comment_status":"open","ping_status":"closed","template":"","meta":{"inline_featured_image":false},"product_brand":[],"product_cat":[70],"product_tag":[],"class_list":{"0":"post-14395","1":"product","2":"type-product","3":"status-publish","4":"has-post-thumbnail","6":"product_cat-druckmaterial","7":"product_shipping_class-paket-versand","9":"first","10":"instock","11":"featured","12":"taxable","13":"shipping-taxable","14":"purchasable","15":"product-type-simple"},"yoast_head":"<!-- This site is optimized with the Yoast SEO Premium plugin v27.0 (Yoast SEO v27.0) - https:\/\/yoast.com\/product\/yoast-seo-premium-wordpress\/ -->\n<title>Markforged Onyx FR-A FFF Filament - 800 cm\u00b3 Rolle - kaufen<\/title>\n<meta name=\"description\" content=\"Das Onyx FR-A-Filament erreicht beim UL94-Entflammbarkeitstest die Einstufung V-0 und wurde f\u00fcr die Luftfahrt- und Transportindustrie eingef\u00fchrt.\" \/>\n<meta name=\"robots\" content=\"index, follow, max-snippet:-1, max-image-preview:large, max-video-preview:-1\" \/>\n<link rel=\"canonical\" href=\"https:\/\/www.mark3d.com\/de\/produkt\/markforged-onyx-fr-a-filament-fff-800-cm\u00b3-rolle\/\" \/>\n<meta property=\"og:locale\" content=\"de_DE\" \/>\n<meta property=\"og:type\" content=\"article\" \/>\n<meta property=\"og:title\" content=\"Markforged Onyx FR-A - Filament FFF - 800 cm\u00b3 Rolle - F-MF-0006\" \/>\n<meta property=\"og:description\" content=\"Das Onyx FR-A-Filament erreicht beim UL94-Entflammbarkeitstest die Einstufung V-0 und wurde f\u00fcr die Luftfahrt- und Transportindustrie eingef\u00fchrt.\" \/>\n<meta property=\"og:url\" content=\"https:\/\/www.mark3d.com\/de\/produkt\/markforged-onyx-fr-a-filament-fff-800-cm\u00b3-rolle\/\" \/>\n<meta property=\"og:site_name\" content=\"Mark3D - Markforged 3D-Drucker\" \/>\n<meta property=\"article:publisher\" content=\"https:\/\/www.facebook.com\/Mark3DGmbH\/\" \/>\n<meta property=\"article:modified_time\" content=\"2024-08-30T09:16:09+00:00\" \/>\n<meta property=\"og:image\" content=\"https:\/\/www.mark3d.com\/de\/wp-content\/uploads\/2021\/08\/SPL_Onyx_FR-A_800cc_feuerresistent_Mark3D.jpg\" \/>\n\t<meta property=\"og:image:width\" content=\"1000\" \/>\n\t<meta property=\"og:image:height\" content=\"1000\" \/>\n\t<meta property=\"og:image:type\" content=\"image\/jpeg\" \/>\n<meta name=\"twitter:card\" content=\"summary_large_image\" \/>\n<meta name=\"twitter:site\" content=\"@Mark3D_GmbH\" \/>\n<meta name=\"twitter:label1\" content=\"Gesch\u00e4tzte Lesezeit\" \/>\n\t<meta name=\"twitter:data1\" content=\"2\u00a0Minuten\" \/>\n<script type=\"application\/ld+json\" class=\"yoast-schema-graph\">{\"@context\":\"https:\/\/schema.org\",\"@graph\":[{\"@type\":\"WebPage\",\"@id\":\"https:\/\/www.mark3d.com\/de\/en\/product\/markforged-onyx-fr-a-filament-fff-800-cm%c2%b3-rolle\/\",\"url\":\"https:\/\/www.mark3d.com\/de\/en\/product\/markforged-onyx-fr-a-filament-fff-800-cm%c2%b3-rolle\/\",\"name\":\"Markforged Onyx FR-A FFF Filament - 800 cm\u00b3 Rolle - kaufen\",\"isPartOf\":{\"@id\":\"https:\/\/www.mark3d.com\/de\/#website\"},\"primaryImageOfPage\":{\"@id\":\"https:\/\/www.mark3d.com\/de\/en\/product\/markforged-onyx-fr-a-filament-fff-800-cm%c2%b3-rolle\/#primaryimage\"},\"image\":{\"@id\":\"https:\/\/www.mark3d.com\/de\/en\/product\/markforged-onyx-fr-a-filament-fff-800-cm%c2%b3-rolle\/#primaryimage\"},\"thumbnailUrl\":\"https:\/\/www.mark3d.com\/de\/wp-content\/uploads\/2021\/08\/SPL_Onyx_FR-A_800cc_feuerresistent_Mark3D.jpg\",\"datePublished\":\"2021-08-04T08:24:35+00:00\",\"dateModified\":\"2024-08-30T09:16:09+00:00\",\"description\":\"Das Onyx FR-A-Filament erreicht beim UL94-Entflammbarkeitstest die Einstufung V-0 und wurde f\u00fcr die Luftfahrt- und Transportindustrie eingef\u00fchrt.\",\"breadcrumb\":{\"@id\":\"https:\/\/www.mark3d.com\/de\/en\/product\/markforged-onyx-fr-a-filament-fff-800-cm%c2%b3-rolle\/#breadcrumb\"},\"inLanguage\":\"de\",\"potentialAction\":[{\"@type\":\"ReadAction\",\"target\":[\"https:\/\/www.mark3d.com\/de\/en\/product\/markforged-onyx-fr-a-filament-fff-800-cm%c2%b3-rolle\/\"]}]},{\"@type\":\"ImageObject\",\"inLanguage\":\"de\",\"@id\":\"https:\/\/www.mark3d.com\/de\/en\/product\/markforged-onyx-fr-a-filament-fff-800-cm%c2%b3-rolle\/#primaryimage\",\"url\":\"https:\/\/www.mark3d.com\/de\/wp-content\/uploads\/2021\/08\/SPL_Onyx_FR-A_800cc_feuerresistent_Mark3D.jpg\",\"contentUrl\":\"https:\/\/www.mark3d.com\/de\/wp-content\/uploads\/2021\/08\/SPL_Onyx_FR-A_800cc_feuerresistent_Mark3D.jpg\",\"width\":1000,\"height\":1000},{\"@type\":\"BreadcrumbList\",\"@id\":\"https:\/\/www.mark3d.com\/de\/en\/product\/markforged-onyx-fr-a-filament-fff-800-cm%c2%b3-rolle\/#breadcrumb\",\"itemListElement\":[{\"@type\":\"ListItem\",\"position\":1,\"name\":\"Startseite\",\"item\":\"https:\/\/www.mark3d.com\/de\/\"},{\"@type\":\"ListItem\",\"position\":2,\"name\":\"Markforged 3D-Drucker, Filamente &#038; Ersatzteile online kaufen\",\"item\":\"https:\/\/www.mark3d.com\/de\/shop\/\"},{\"@type\":\"ListItem\",\"position\":3,\"name\":\"Markforged Onyx FR-A &#8211; Filament FFF &#8211; 800 cm\u00b3 Rolle &#8211; F-MF-0006\"}]},{\"@type\":\"WebSite\",\"@id\":\"https:\/\/www.mark3d.com\/de\/#website\",\"url\":\"https:\/\/www.mark3d.com\/de\/\",\"name\":\"Mark3D\",\"description\":\"Industrielle 3D Drucker von Markforged\",\"publisher\":{\"@id\":\"https:\/\/www.mark3d.com\/de\/#organization\"},\"alternateName\":\"Mark3D GmbH\",\"potentialAction\":[{\"@type\":\"SearchAction\",\"target\":{\"@type\":\"EntryPoint\",\"urlTemplate\":\"https:\/\/www.mark3d.com\/de\/?s={search_term_string}\"},\"query-input\":{\"@type\":\"PropertyValueSpecification\",\"valueRequired\":true,\"valueName\":\"search_term_string\"}}],\"inLanguage\":\"de\"},{\"@type\":\"Organization\",\"@id\":\"https:\/\/www.mark3d.com\/de\/#organization\",\"name\":\"Mark3D GmbH\",\"url\":\"https:\/\/www.mark3d.com\/de\/\",\"logo\":{\"@type\":\"ImageObject\",\"inLanguage\":\"de\",\"@id\":\"https:\/\/www.mark3d.com\/de\/#\/schema\/logo\/image\/\",\"url\":\"https:\/\/www.mark3d.com\/de\/wp-content\/uploads\/2021\/05\/markforged-linkedin.jpg\",\"contentUrl\":\"https:\/\/www.mark3d.com\/de\/wp-content\/uploads\/2021\/05\/markforged-linkedin.jpg\",\"width\":800,\"height\":800,\"caption\":\"Mark3D GmbH\"},\"image\":{\"@id\":\"https:\/\/www.mark3d.com\/de\/#\/schema\/logo\/image\/\"},\"sameAs\":[\"https:\/\/www.facebook.com\/Mark3DGmbH\/\",\"https:\/\/x.com\/Mark3D_GmbH\",\"https:\/\/www.instagram.com\/mark3d_print_stronger\/\",\"https:\/\/www.linkedin.com\/company\/mark3d\/\",\"https:\/\/www.youtube.com\/channel\/UCo55w2I5eBrCvCB3oKH2WDg\"]}]}<\/script>\n<!-- \/ Yoast SEO Premium plugin. -->","yoast_head_json":{"title":"Markforged Onyx FR-A FFF Filament - 800 cm\u00b3 Rolle - kaufen","description":"Das Onyx FR-A-Filament erreicht beim UL94-Entflammbarkeitstest die Einstufung V-0 und wurde f\u00fcr die Luftfahrt- und Transportindustrie eingef\u00fchrt.","robots":{"index":"index","follow":"follow","max-snippet":"max-snippet:-1","max-image-preview":"max-image-preview:large","max-video-preview":"max-video-preview:-1"},"canonical":"https:\/\/www.mark3d.com\/de\/produkt\/markforged-onyx-fr-a-filament-fff-800-cm\u00b3-rolle\/","og_locale":"de_DE","og_type":"article","og_title":"Markforged Onyx FR-A - Filament FFF - 800 cm\u00b3 Rolle - F-MF-0006","og_description":"Das Onyx FR-A-Filament erreicht beim UL94-Entflammbarkeitstest die Einstufung V-0 und wurde f\u00fcr die Luftfahrt- und Transportindustrie eingef\u00fchrt.","og_url":"https:\/\/www.mark3d.com\/de\/produkt\/markforged-onyx-fr-a-filament-fff-800-cm\u00b3-rolle\/","og_site_name":"Mark3D - Markforged 3D-Drucker","article_publisher":"https:\/\/www.facebook.com\/Mark3DGmbH\/","article_modified_time":"2024-08-30T09:16:09+00:00","og_image":[{"width":1000,"height":1000,"url":"https:\/\/www.mark3d.com\/de\/wp-content\/uploads\/2021\/08\/SPL_Onyx_FR-A_800cc_feuerresistent_Mark3D.jpg","type":"image\/jpeg"}],"twitter_card":"summary_large_image","twitter_site":"@Mark3D_GmbH","twitter_misc":{"Gesch\u00e4tzte Lesezeit":"2\u00a0Minuten"},"schema":{"@context":"https:\/\/schema.org","@graph":[{"@type":"WebPage","@id":"https:\/\/www.mark3d.com\/de\/en\/product\/markforged-onyx-fr-a-filament-fff-800-cm%c2%b3-rolle\/","url":"https:\/\/www.mark3d.com\/de\/en\/product\/markforged-onyx-fr-a-filament-fff-800-cm%c2%b3-rolle\/","name":"Markforged Onyx FR-A FFF Filament - 800 cm\u00b3 Rolle - kaufen","isPartOf":{"@id":"https:\/\/www.mark3d.com\/de\/#website"},"primaryImageOfPage":{"@id":"https:\/\/www.mark3d.com\/de\/en\/product\/markforged-onyx-fr-a-filament-fff-800-cm%c2%b3-rolle\/#primaryimage"},"image":{"@id":"https:\/\/www.mark3d.com\/de\/en\/product\/markforged-onyx-fr-a-filament-fff-800-cm%c2%b3-rolle\/#primaryimage"},"thumbnailUrl":"https:\/\/www.mark3d.com\/de\/wp-content\/uploads\/2021\/08\/SPL_Onyx_FR-A_800cc_feuerresistent_Mark3D.jpg","datePublished":"2021-08-04T08:24:35+00:00","dateModified":"2024-08-30T09:16:09+00:00","description":"Das Onyx FR-A-Filament erreicht beim UL94-Entflammbarkeitstest die Einstufung V-0 und wurde f\u00fcr die Luftfahrt- und Transportindustrie eingef\u00fchrt.","breadcrumb":{"@id":"https:\/\/www.mark3d.com\/de\/en\/product\/markforged-onyx-fr-a-filament-fff-800-cm%c2%b3-rolle\/#breadcrumb"},"inLanguage":"de","potentialAction":[{"@type":"ReadAction","target":["https:\/\/www.mark3d.com\/de\/en\/product\/markforged-onyx-fr-a-filament-fff-800-cm%c2%b3-rolle\/"]}]},{"@type":"ImageObject","inLanguage":"de","@id":"https:\/\/www.mark3d.com\/de\/en\/product\/markforged-onyx-fr-a-filament-fff-800-cm%c2%b3-rolle\/#primaryimage","url":"https:\/\/www.mark3d.com\/de\/wp-content\/uploads\/2021\/08\/SPL_Onyx_FR-A_800cc_feuerresistent_Mark3D.jpg","contentUrl":"https:\/\/www.mark3d.com\/de\/wp-content\/uploads\/2021\/08\/SPL_Onyx_FR-A_800cc_feuerresistent_Mark3D.jpg","width":1000,"height":1000},{"@type":"BreadcrumbList","@id":"https:\/\/www.mark3d.com\/de\/en\/product\/markforged-onyx-fr-a-filament-fff-800-cm%c2%b3-rolle\/#breadcrumb","itemListElement":[{"@type":"ListItem","position":1,"name":"Startseite","item":"https:\/\/www.mark3d.com\/de\/"},{"@type":"ListItem","position":2,"name":"Markforged 3D-Drucker, Filamente &#038; Ersatzteile online kaufen","item":"https:\/\/www.mark3d.com\/de\/shop\/"},{"@type":"ListItem","position":3,"name":"Markforged Onyx FR-A &#8211; Filament FFF &#8211; 800 cm\u00b3 Rolle &#8211; F-MF-0006"}]},{"@type":"WebSite","@id":"https:\/\/www.mark3d.com\/de\/#website","url":"https:\/\/www.mark3d.com\/de\/","name":"Mark3D","description":"Industrielle 3D Drucker von Markforged","publisher":{"@id":"https:\/\/www.mark3d.com\/de\/#organization"},"alternateName":"Mark3D GmbH","potentialAction":[{"@type":"SearchAction","target":{"@type":"EntryPoint","urlTemplate":"https:\/\/www.mark3d.com\/de\/?s={search_term_string}"},"query-input":{"@type":"PropertyValueSpecification","valueRequired":true,"valueName":"search_term_string"}}],"inLanguage":"de"},{"@type":"Organization","@id":"https:\/\/www.mark3d.com\/de\/#organization","name":"Mark3D GmbH","url":"https:\/\/www.mark3d.com\/de\/","logo":{"@type":"ImageObject","inLanguage":"de","@id":"https:\/\/www.mark3d.com\/de\/#\/schema\/logo\/image\/","url":"https:\/\/www.mark3d.com\/de\/wp-content\/uploads\/2021\/05\/markforged-linkedin.jpg","contentUrl":"https:\/\/www.mark3d.com\/de\/wp-content\/uploads\/2021\/05\/markforged-linkedin.jpg","width":800,"height":800,"caption":"Mark3D GmbH"},"image":{"@id":"https:\/\/www.mark3d.com\/de\/#\/schema\/logo\/image\/"},"sameAs":["https:\/\/www.facebook.com\/Mark3DGmbH\/","https:\/\/x.com\/Mark3D_GmbH","https:\/\/www.instagram.com\/mark3d_print_stronger\/","https:\/\/www.linkedin.com\/company\/mark3d\/","https:\/\/www.youtube.com\/channel\/UCo55w2I5eBrCvCB3oKH2WDg"]}]}},"acf":[],"_links":{"self":[{"href":"https:\/\/www.mark3d.com\/de\/wp-json\/wp\/v2\/product\/14395","targetHints":{"allow":["GET"]}}],"collection":[{"href":"https:\/\/www.mark3d.com\/de\/wp-json\/wp\/v2\/product"}],"about":[{"href":"https:\/\/www.mark3d.com\/de\/wp-json\/wp\/v2\/types\/product"}],"replies":[{"embeddable":true,"href":"https:\/\/www.mark3d.com\/de\/wp-json\/wp\/v2\/comments?post=14395"}],"wp:featuredmedia":[{"embeddable":true,"href":"https:\/\/www.mark3d.com\/de\/wp-json\/wp\/v2\/media\/14396"}],"wp:attachment":[{"href":"https:\/\/www.mark3d.com\/de\/wp-json\/wp\/v2\/media?parent=14395"}],"wp:term":[{"taxonomy":"product_brand","embeddable":true,"href":"https:\/\/www.mark3d.com\/de\/wp-json\/wp\/v2\/product_brand?post=14395"},{"taxonomy":"product_cat","embeddable":true,"href":"https:\/\/www.mark3d.com\/de\/wp-json\/wp\/v2\/product_cat?post=14395"},{"taxonomy":"product_tag","embeddable":true,"href":"https:\/\/www.mark3d.com\/de\/wp-json\/wp\/v2\/product_tag?post=14395"}],"curies":[{"name":"wp","href":"https:\/\/api.w.org\/{rel}","templated":true}]}}