{"id":16178,"date":"2022-03-21T12:24:27","date_gmt":"2022-03-21T12:24:27","guid":{"rendered":"https:\/\/www.mark3d.com\/de\/?post_type=product&#038;p=16178"},"modified":"2025-02-26T09:10:10","modified_gmt":"2025-02-26T09:10:10","slug":"markforged-precise-pla-filament-600cm%c2%b3-rolle","status":"publish","type":"product","link":"https:\/\/www.mark3d.com\/de\/produkt\/markforged-precise-pla-filament-600cm%c2%b3-rolle\/","title":{"rendered":"Markforged Precise PLA Filament \u2013 600 cm\u00b3 Rolle &#8211; 21116"},"content":{"rendered":"<p>Precise PLA ist Markforgeds spezielle Version des g\u00e4ngigsten Prototyping-Filaments in der additiven Fertigungsindustrie, Polymilchs\u00e4ure (PLA). Es sind acht Farben erh\u00e4ltlich &#8211; gelb, rot, gr\u00fcn, blau, orange, schwarz, wei\u00df und grau.<\/p>\n<p>Das Filament befindet sich auf einer Nachhaltigen, recyclebaren Rolle aus Karton!<\/p>\n<p><a href=\"\/de\/demo-teil-anfordern\/\" target=\"_blank\" rel=\"noopener\"><strong>Fordern Sie jetzt Ihr eigenes Musterbauteil an!&nbsp;<\/strong><\/a><\/p>\n<p><strong><a href=\"\/de\/eiger-software\/\" target=\"_blank\" rel=\"noopener\">Importieren Sie Ihr Bauteil in Eiger<\/a><\/strong> und sehen Sie, was das Bauteil in Precise PLA kosten w\u00fcrde.<\/p>\n<p>Markforged Precise PLA ist ein kosteng\u00fcnstiger Kunststoff f\u00fcr erste Ansichtsmuster, Prototypen, Konzeptmodelle und Passformkontrollen. Es ist kompatibel mit Onyx Pro- und Mark Two-Ger\u00e4ten der 2. Generation* sowie die X-Serie, (Industrie-Serie) X3 und X7 (Gen2)**. Beachten Sie, dass Markforged empfiehlt, einen <a href=\"\/de\/produkt\/purge-rod-maintenance-fuer-precise-pla\/\">Composite Purge Rod (Link)<\/a> zu verwenden, um erfolgreich mit Precise PLA zu drucken.<\/p>\n<p>*https:\/\/support.markforged.com\/portal\/s\/article\/P-PLA-Compatibility<\/p>\n<p>** X-Series Ger\u00e4te der ersten Generation k\u00f6nnen nach Upgrade auf den 2.Gen Extruder auch PLA verarbeiten. Dazu muss dieser Extruder verbaut sein:<\/p>\n<div class=\"video-shortcode\">\n<blockquote class=\"wp-embedded-content\" data-secret=\"e73yjVIGwu\"><p><a href=\"https:\/\/www.mark3d.com\/de\/produkt\/kunststoff-foerderer-extruder-gen2-upgradekit-x-serie\/\">Markforged Kunststoff-F\u00f6rderer (Extruder) Gen2 Upgrade-Kit X-Serie<\/a><\/p><\/blockquote>\n<p><iframe class=\"wp-embedded-content\" sandbox=\"allow-scripts\" security=\"restricted\" style=\"position: absolute; clip: rect(1px, 1px, 1px, 1px);\" title=\"&#8222;Markforged Kunststoff-F\u00f6rderer (Extruder) Gen2 Upgrade-Kit X-Serie&#8220; &#8212; Mark3D Markforged 3D Drucker\" src=\"https:\/\/www.mark3d.com\/de\/produkt\/kunststoff-foerderer-extruder-gen2-upgradekit-x-serie\/embed\/#?secret=OWgHmS140O#?secret=e73yjVIGwu\" data-secret=\"e73yjVIGwu\" width=\"600\" height=\"338\" frameborder=\"0\" marginwidth=\"0\" marginheight=\"0\" scrolling=\"no\"><\/iframe><\/div>\n<p>Einbauanleitung: https:\/\/support.markforged.com\/portal\/s\/article\/Installing-an-A3648-Plastic-Extruder-in-a-Gen-1-Industrial-Series-Printer<\/p>\n<p>Au\u00dferdem besondere Verarbeitungshinweise beachten:<br \/>\nhttps:\/\/support.markforged.com\/portal\/s\/article\/P-PLA-Getting-Started<\/p>\n<p><strong>Mark3D Europe Group<\/strong><\/p>\n<p>Mark3D ist der Markforged Partner in Europa f\u00fcr Ihren Start in den industriellen 3D-Druck.<\/p>\n<p>PROFESSIONELLE QUALIT\u00c4TS FILAMENTE: Hochwertige Materialien f\u00fcr beste Ausdrucke von hoch festen Funktionsbauteilen wie Werkzeuge, Vorrichtungen, Schablonen, Montagewerkzeuge, Montagehilfen, Produktionswerkzeuge im 3D Druck<\/p>\n<p>PROFESSIONELLER PARTNER: Die Mark3D Europe ist Ihr Partner f\u00fcr Markforged High-End 3D-Drucker, Materialien, Software und Zubeh\u00f6r f\u00fcr Industrieanwendungen. Fragen? Tel.: 49 (0) 7361 63396 03<\/p>\n","protected":false},"excerpt":{"rendered":"<p>Precise PLA ist Markforgeds spezielle Version des g\u00e4ngigsten Prototyping-Filaments in der additiven Fertigungsindustrie, Polymilchs\u00e4ure (PLA). Es sind acht Farben erh\u00e4ltlich &#8211; gelb, rot, gr\u00fcn, blau, orange, schwarz, wei\u00df und grau. Das Filament befindet sich auf einer Nachhaltigen, recyclebaren Rolle aus Karton! Fordern Sie jetzt Ihr eigenes Musterbauteil an!&nbsp; Importieren Sie Ihr Bauteil in Eiger und  [&#8230;]<\/p>\n","protected":false},"featured_media":16189,"comment_status":"open","ping_status":"closed","template":"","meta":{"inline_featured_image":false},"product_brand":[],"product_cat":[70],"product_tag":[],"class_list":{"0":"post-16178","1":"product","2":"type-product","3":"status-publish","4":"has-post-thumbnail","6":"product_cat-druckmaterial","7":"product_shipping_class-paket-versand","9":"first","10":"instock","11":"taxable","12":"shipping-taxable","13":"purchasable","14":"product-type-variable"},"yoast_head":"<!-- This site is optimized with the Yoast SEO Premium plugin v27.0 (Yoast SEO v27.0) - https:\/\/yoast.com\/product\/yoast-seo-premium-wordpress\/ -->\n<title>Markforged Precise PLA Filament \u2013 600 cm\u00b3 Rolle - 21116 - Mark3D<\/title>\n<meta name=\"description\" content=\"Markforged Precise PLA ist ein kosteng\u00fcnstiger Kunststoff f\u00fcr Prototypen, Ansichtsmuster und Passformpr\u00fcfungen. Erh\u00e4ltlich in 8 Farben.\" \/>\n<meta name=\"robots\" content=\"index, follow, max-snippet:-1, max-image-preview:large, max-video-preview:-1\" \/>\n<link rel=\"canonical\" href=\"https:\/\/www.mark3d.com\/de\/produkt\/markforged-precise-pla-filament-600cm\u00b3-rolle\/\" \/>\n<meta property=\"og:locale\" content=\"de_DE\" \/>\n<meta property=\"og:type\" content=\"article\" \/>\n<meta property=\"og:title\" content=\"Markforged Precise PLA Filament \u2013 600 cm\u00b3 Rolle - 21116\" \/>\n<meta property=\"og:description\" content=\"Markforged Precise PLA ist ein kosteng\u00fcnstiger Kunststoff f\u00fcr Prototypen, Ansichtsmuster und Passformpr\u00fcfungen. Erh\u00e4ltlich in 8 Farben.\" \/>\n<meta property=\"og:url\" content=\"https:\/\/www.mark3d.com\/de\/produkt\/markforged-precise-pla-filament-600cm\u00b3-rolle\/\" \/>\n<meta property=\"og:site_name\" content=\"Mark3D - Markforged 3D-Drucker\" \/>\n<meta property=\"article:publisher\" content=\"https:\/\/www.facebook.com\/Mark3DGmbH\/\" \/>\n<meta property=\"article:modified_time\" content=\"2025-02-26T09:10:10+00:00\" \/>\n<meta property=\"og:image\" content=\"https:\/\/www.mark3d.com\/de\/wp-content\/uploads\/2022\/03\/markforged-precise-pla-praezises-pla-ansichtsmuster-prototypen-mark3d.png\" \/>\n\t<meta property=\"og:image:width\" content=\"1200\" \/>\n\t<meta property=\"og:image:height\" content=\"1200\" \/>\n\t<meta property=\"og:image:type\" content=\"image\/png\" \/>\n<meta name=\"twitter:card\" content=\"summary_large_image\" \/>\n<meta name=\"twitter:site\" content=\"@Mark3D_GmbH\" \/>\n<meta name=\"twitter:label1\" content=\"Gesch\u00e4tzte Lesezeit\" \/>\n\t<meta name=\"twitter:data1\" content=\"2\u00a0Minuten\" \/>\n<script type=\"application\/ld+json\" class=\"yoast-schema-graph\">{\"@context\":\"https:\/\/schema.org\",\"@graph\":[{\"@type\":\"WebPage\",\"@id\":\"https:\/\/www.mark3d.com\/de\/produkt\/markforged-precise-pla-filament-600cm%c2%b3-rolle\/\",\"url\":\"https:\/\/www.mark3d.com\/de\/produkt\/markforged-precise-pla-filament-600cm%c2%b3-rolle\/\",\"name\":\"Markforged Precise PLA Filament \u2013 600 cm\u00b3 Rolle - 21116 - Mark3D\",\"isPartOf\":{\"@id\":\"https:\/\/www.mark3d.com\/de\/#website\"},\"primaryImageOfPage\":{\"@id\":\"https:\/\/www.mark3d.com\/de\/produkt\/markforged-precise-pla-filament-600cm%c2%b3-rolle\/#primaryimage\"},\"image\":{\"@id\":\"https:\/\/www.mark3d.com\/de\/produkt\/markforged-precise-pla-filament-600cm%c2%b3-rolle\/#primaryimage\"},\"thumbnailUrl\":\"https:\/\/www.mark3d.com\/de\/wp-content\/uploads\/2022\/03\/markforged-precise-pla-praezises-pla-ansichtsmuster-prototypen-mark3d.png\",\"datePublished\":\"2022-03-21T12:24:27+00:00\",\"dateModified\":\"2025-02-26T09:10:10+00:00\",\"description\":\"Markforged Precise PLA ist ein kosteng\u00fcnstiger Kunststoff f\u00fcr Prototypen, Ansichtsmuster und Passformpr\u00fcfungen. Erh\u00e4ltlich in 8 Farben.\",\"breadcrumb\":{\"@id\":\"https:\/\/www.mark3d.com\/de\/produkt\/markforged-precise-pla-filament-600cm%c2%b3-rolle\/#breadcrumb\"},\"inLanguage\":\"de\",\"potentialAction\":[{\"@type\":\"ReadAction\",\"target\":[\"https:\/\/www.mark3d.com\/de\/produkt\/markforged-precise-pla-filament-600cm%c2%b3-rolle\/\"]}]},{\"@type\":\"ImageObject\",\"inLanguage\":\"de\",\"@id\":\"https:\/\/www.mark3d.com\/de\/produkt\/markforged-precise-pla-filament-600cm%c2%b3-rolle\/#primaryimage\",\"url\":\"https:\/\/www.mark3d.com\/de\/wp-content\/uploads\/2022\/03\/markforged-precise-pla-praezises-pla-ansichtsmuster-prototypen-mark3d.png\",\"contentUrl\":\"https:\/\/www.mark3d.com\/de\/wp-content\/uploads\/2022\/03\/markforged-precise-pla-praezises-pla-ansichtsmuster-prototypen-mark3d.png\",\"width\":1200,\"height\":1200},{\"@type\":\"BreadcrumbList\",\"@id\":\"https:\/\/www.mark3d.com\/de\/produkt\/markforged-precise-pla-filament-600cm%c2%b3-rolle\/#breadcrumb\",\"itemListElement\":[{\"@type\":\"ListItem\",\"position\":1,\"name\":\"Startseite\",\"item\":\"https:\/\/www.mark3d.com\/de\/\"},{\"@type\":\"ListItem\",\"position\":2,\"name\":\"Markforged 3D-Drucker, Filamente &#038; Ersatzteile online kaufen\",\"item\":\"https:\/\/www.mark3d.com\/de\/shop\/\"},{\"@type\":\"ListItem\",\"position\":3,\"name\":\"Markforged Precise PLA Filament \u2013 600 cm\u00b3 Rolle &#8211; 21116\"}]},{\"@type\":\"WebSite\",\"@id\":\"https:\/\/www.mark3d.com\/de\/#website\",\"url\":\"https:\/\/www.mark3d.com\/de\/\",\"name\":\"Mark3D\",\"description\":\"Industrielle 3D Drucker von Markforged\",\"publisher\":{\"@id\":\"https:\/\/www.mark3d.com\/de\/#organization\"},\"alternateName\":\"Mark3D GmbH\",\"potentialAction\":[{\"@type\":\"SearchAction\",\"target\":{\"@type\":\"EntryPoint\",\"urlTemplate\":\"https:\/\/www.mark3d.com\/de\/?s={search_term_string}\"},\"query-input\":{\"@type\":\"PropertyValueSpecification\",\"valueRequired\":true,\"valueName\":\"search_term_string\"}}],\"inLanguage\":\"de\"},{\"@type\":\"Organization\",\"@id\":\"https:\/\/www.mark3d.com\/de\/#organization\",\"name\":\"Mark3D GmbH\",\"url\":\"https:\/\/www.mark3d.com\/de\/\",\"logo\":{\"@type\":\"ImageObject\",\"inLanguage\":\"de\",\"@id\":\"https:\/\/www.mark3d.com\/de\/#\/schema\/logo\/image\/\",\"url\":\"https:\/\/www.mark3d.com\/de\/wp-content\/uploads\/2021\/05\/markforged-linkedin.jpg\",\"contentUrl\":\"https:\/\/www.mark3d.com\/de\/wp-content\/uploads\/2021\/05\/markforged-linkedin.jpg\",\"width\":800,\"height\":800,\"caption\":\"Mark3D GmbH\"},\"image\":{\"@id\":\"https:\/\/www.mark3d.com\/de\/#\/schema\/logo\/image\/\"},\"sameAs\":[\"https:\/\/www.facebook.com\/Mark3DGmbH\/\",\"https:\/\/x.com\/Mark3D_GmbH\",\"https:\/\/www.instagram.com\/mark3d_print_stronger\/\",\"https:\/\/www.linkedin.com\/company\/mark3d\/\",\"https:\/\/www.youtube.com\/channel\/UCo55w2I5eBrCvCB3oKH2WDg\"]}]}<\/script>\n<!-- \/ Yoast SEO Premium plugin. -->","yoast_head_json":{"title":"Markforged Precise PLA Filament \u2013 600 cm\u00b3 Rolle - 21116 - Mark3D","description":"Markforged Precise PLA ist ein kosteng\u00fcnstiger Kunststoff f\u00fcr Prototypen, Ansichtsmuster und Passformpr\u00fcfungen. Erh\u00e4ltlich in 8 Farben.","robots":{"index":"index","follow":"follow","max-snippet":"max-snippet:-1","max-image-preview":"max-image-preview:large","max-video-preview":"max-video-preview:-1"},"canonical":"https:\/\/www.mark3d.com\/de\/produkt\/markforged-precise-pla-filament-600cm\u00b3-rolle\/","og_locale":"de_DE","og_type":"article","og_title":"Markforged Precise PLA Filament \u2013 600 cm\u00b3 Rolle - 21116","og_description":"Markforged Precise PLA ist ein kosteng\u00fcnstiger Kunststoff f\u00fcr Prototypen, Ansichtsmuster und Passformpr\u00fcfungen. Erh\u00e4ltlich in 8 Farben.","og_url":"https:\/\/www.mark3d.com\/de\/produkt\/markforged-precise-pla-filament-600cm\u00b3-rolle\/","og_site_name":"Mark3D - Markforged 3D-Drucker","article_publisher":"https:\/\/www.facebook.com\/Mark3DGmbH\/","article_modified_time":"2025-02-26T09:10:10+00:00","og_image":[{"width":1200,"height":1200,"url":"https:\/\/www.mark3d.com\/de\/wp-content\/uploads\/2022\/03\/markforged-precise-pla-praezises-pla-ansichtsmuster-prototypen-mark3d.png","type":"image\/png"}],"twitter_card":"summary_large_image","twitter_site":"@Mark3D_GmbH","twitter_misc":{"Gesch\u00e4tzte Lesezeit":"2\u00a0Minuten"},"schema":{"@context":"https:\/\/schema.org","@graph":[{"@type":"WebPage","@id":"https:\/\/www.mark3d.com\/de\/produkt\/markforged-precise-pla-filament-600cm%c2%b3-rolle\/","url":"https:\/\/www.mark3d.com\/de\/produkt\/markforged-precise-pla-filament-600cm%c2%b3-rolle\/","name":"Markforged Precise PLA Filament \u2013 600 cm\u00b3 Rolle - 21116 - Mark3D","isPartOf":{"@id":"https:\/\/www.mark3d.com\/de\/#website"},"primaryImageOfPage":{"@id":"https:\/\/www.mark3d.com\/de\/produkt\/markforged-precise-pla-filament-600cm%c2%b3-rolle\/#primaryimage"},"image":{"@id":"https:\/\/www.mark3d.com\/de\/produkt\/markforged-precise-pla-filament-600cm%c2%b3-rolle\/#primaryimage"},"thumbnailUrl":"https:\/\/www.mark3d.com\/de\/wp-content\/uploads\/2022\/03\/markforged-precise-pla-praezises-pla-ansichtsmuster-prototypen-mark3d.png","datePublished":"2022-03-21T12:24:27+00:00","dateModified":"2025-02-26T09:10:10+00:00","description":"Markforged Precise PLA ist ein kosteng\u00fcnstiger Kunststoff f\u00fcr Prototypen, Ansichtsmuster und Passformpr\u00fcfungen. Erh\u00e4ltlich in 8 Farben.","breadcrumb":{"@id":"https:\/\/www.mark3d.com\/de\/produkt\/markforged-precise-pla-filament-600cm%c2%b3-rolle\/#breadcrumb"},"inLanguage":"de","potentialAction":[{"@type":"ReadAction","target":["https:\/\/www.mark3d.com\/de\/produkt\/markforged-precise-pla-filament-600cm%c2%b3-rolle\/"]}]},{"@type":"ImageObject","inLanguage":"de","@id":"https:\/\/www.mark3d.com\/de\/produkt\/markforged-precise-pla-filament-600cm%c2%b3-rolle\/#primaryimage","url":"https:\/\/www.mark3d.com\/de\/wp-content\/uploads\/2022\/03\/markforged-precise-pla-praezises-pla-ansichtsmuster-prototypen-mark3d.png","contentUrl":"https:\/\/www.mark3d.com\/de\/wp-content\/uploads\/2022\/03\/markforged-precise-pla-praezises-pla-ansichtsmuster-prototypen-mark3d.png","width":1200,"height":1200},{"@type":"BreadcrumbList","@id":"https:\/\/www.mark3d.com\/de\/produkt\/markforged-precise-pla-filament-600cm%c2%b3-rolle\/#breadcrumb","itemListElement":[{"@type":"ListItem","position":1,"name":"Startseite","item":"https:\/\/www.mark3d.com\/de\/"},{"@type":"ListItem","position":2,"name":"Markforged 3D-Drucker, Filamente &#038; Ersatzteile online kaufen","item":"https:\/\/www.mark3d.com\/de\/shop\/"},{"@type":"ListItem","position":3,"name":"Markforged Precise PLA Filament \u2013 600 cm\u00b3 Rolle &#8211; 21116"}]},{"@type":"WebSite","@id":"https:\/\/www.mark3d.com\/de\/#website","url":"https:\/\/www.mark3d.com\/de\/","name":"Mark3D","description":"Industrielle 3D Drucker von Markforged","publisher":{"@id":"https:\/\/www.mark3d.com\/de\/#organization"},"alternateName":"Mark3D GmbH","potentialAction":[{"@type":"SearchAction","target":{"@type":"EntryPoint","urlTemplate":"https:\/\/www.mark3d.com\/de\/?s={search_term_string}"},"query-input":{"@type":"PropertyValueSpecification","valueRequired":true,"valueName":"search_term_string"}}],"inLanguage":"de"},{"@type":"Organization","@id":"https:\/\/www.mark3d.com\/de\/#organization","name":"Mark3D GmbH","url":"https:\/\/www.mark3d.com\/de\/","logo":{"@type":"ImageObject","inLanguage":"de","@id":"https:\/\/www.mark3d.com\/de\/#\/schema\/logo\/image\/","url":"https:\/\/www.mark3d.com\/de\/wp-content\/uploads\/2021\/05\/markforged-linkedin.jpg","contentUrl":"https:\/\/www.mark3d.com\/de\/wp-content\/uploads\/2021\/05\/markforged-linkedin.jpg","width":800,"height":800,"caption":"Mark3D GmbH"},"image":{"@id":"https:\/\/www.mark3d.com\/de\/#\/schema\/logo\/image\/"},"sameAs":["https:\/\/www.facebook.com\/Mark3DGmbH\/","https:\/\/x.com\/Mark3D_GmbH","https:\/\/www.instagram.com\/mark3d_print_stronger\/","https:\/\/www.linkedin.com\/company\/mark3d\/","https:\/\/www.youtube.com\/channel\/UCo55w2I5eBrCvCB3oKH2WDg"]}]}},"acf":[],"_links":{"self":[{"href":"https:\/\/www.mark3d.com\/de\/wp-json\/wp\/v2\/product\/16178","targetHints":{"allow":["GET"]}}],"collection":[{"href":"https:\/\/www.mark3d.com\/de\/wp-json\/wp\/v2\/product"}],"about":[{"href":"https:\/\/www.mark3d.com\/de\/wp-json\/wp\/v2\/types\/product"}],"replies":[{"embeddable":true,"href":"https:\/\/www.mark3d.com\/de\/wp-json\/wp\/v2\/comments?post=16178"}],"wp:featuredmedia":[{"embeddable":true,"href":"https:\/\/www.mark3d.com\/de\/wp-json\/wp\/v2\/media\/16189"}],"wp:attachment":[{"href":"https:\/\/www.mark3d.com\/de\/wp-json\/wp\/v2\/media?parent=16178"}],"wp:term":[{"taxonomy":"product_brand","embeddable":true,"href":"https:\/\/www.mark3d.com\/de\/wp-json\/wp\/v2\/product_brand?post=16178"},{"taxonomy":"product_cat","embeddable":true,"href":"https:\/\/www.mark3d.com\/de\/wp-json\/wp\/v2\/product_cat?post=16178"},{"taxonomy":"product_tag","embeddable":true,"href":"https:\/\/www.mark3d.com\/de\/wp-json\/wp\/v2\/product_tag?post=16178"}],"curies":[{"name":"wp","href":"https:\/\/api.w.org\/{rel}","templated":true}]}}