{"id":19722,"date":"2023-05-05T12:48:29","date_gmt":"2023-05-05T12:48:29","guid":{"rendered":"https:\/\/www.mark3d.com\/de\/?post_type=product&#038;p=19722"},"modified":"2024-09-06T07:45:40","modified_gmt":"2024-09-06T07:45:40","slug":"markforged-gleiter-kabelkette-desktop-und-x-serie","status":"publish","type":"product","link":"https:\/\/www.mark3d.com\/de\/produkt\/markforged-gleiter-kabelkette-desktop-und-x-serie\/","title":{"rendered":"Markforged Gleiter Kabelkette (Desktop- und X-Serie) &#8211;  20647"},"content":{"rendered":"<p>Verhindert das Schleifen der Kabelkette am Geh\u00e4usedeckel. Gelegentlicher Austausch erforderlich, wenn kurz vor dem Durchscheuern.<\/p>\n<p>GEEIGNET F\u00dcR: Onyx One, Onyx Pro, Mark Two, X3, X5, X7 3D-Drucker<\/p>\n<p>LIEFERUMFANG: 1x Gleiter mit aufgebrachter Klebefl\u00e4che<\/p>\n","protected":false},"excerpt":{"rendered":"<p>Verhindert das Schleifen der Kabelkette am Geh\u00e4usedeckel. Gelegentlicher Austausch erforderlich, wenn kurz vor dem Durchscheuern. GEEIGNET F\u00dcR: Onyx One, Onyx Pro, Mark Two, X3, X5, X7 3D-Drucker LIEFERUMFANG: 1x Gleiter mit aufgebrachter Klebefl\u00e4che<\/p>\n","protected":false},"featured_media":19723,"comment_status":"open","ping_status":"closed","template":"","meta":{"inline_featured_image":false},"product_brand":[],"product_cat":[72],"product_tag":[],"class_list":{"0":"post-19722","1":"product","2":"type-product","3":"status-publish","4":"has-post-thumbnail","6":"product_cat-verschleissteile-markforged","8":"first","9":"instock","10":"taxable","11":"shipping-taxable","12":"purchasable","13":"product-type-simple"},"yoast_head":"<!-- This site is optimized with the Yoast SEO Premium plugin v27.0 (Yoast SEO v27.0) - https:\/\/yoast.com\/product\/yoast-seo-premium-wordpress\/ -->\n<title>Markforged Gleiter Kabelkette (Desktop- und X-Serie) - 20647 - Mark3D - Markforged 3D-Drucker<\/title>\n<meta name=\"description\" content=\"Markforged Gleiter Kabelkette (Desktop- und X-Serie) bequem online nachbestellen. Unverbindlich informieren \u2713Autorisierter Fachh\u00e4ndler \u2713Bestpreisgarantie \u2713Top Beratung \u2713Unverbindliches Angebot\" \/>\n<meta name=\"robots\" content=\"index, follow, max-snippet:-1, max-image-preview:large, max-video-preview:-1\" \/>\n<link rel=\"canonical\" href=\"https:\/\/www.mark3d.com\/de\/produkt\/markforged-gleiter-kabelkette-desktop-und-x-serie\/\" \/>\n<meta property=\"og:locale\" content=\"de_DE\" \/>\n<meta property=\"og:type\" content=\"article\" \/>\n<meta property=\"og:title\" content=\"Markforged Gleiter Kabelkette (Desktop- und X-Serie) - 20647\" \/>\n<meta property=\"og:description\" content=\"Markforged Gleiter Kabelkette (Desktop- und X-Serie) bequem online nachbestellen. Unverbindlich informieren \u2713Autorisierter Fachh\u00e4ndler \u2713Bestpreisgarantie \u2713Top Beratung \u2713Unverbindliches Angebot\" \/>\n<meta property=\"og:url\" content=\"https:\/\/www.mark3d.com\/de\/produkt\/markforged-gleiter-kabelkette-desktop-und-x-serie\/\" \/>\n<meta property=\"og:site_name\" content=\"Mark3D - Markforged 3D-Drucker\" \/>\n<meta property=\"article:publisher\" content=\"https:\/\/www.facebook.com\/Mark3DGmbH\/\" \/>\n<meta property=\"article:modified_time\" content=\"2024-09-06T07:45:40+00:00\" \/>\n<meta property=\"og:image\" content=\"https:\/\/www.mark3d.com\/de\/wp-content\/uploads\/2023\/05\/bumper.png\" \/>\n\t<meta property=\"og:image:width\" content=\"893\" \/>\n\t<meta property=\"og:image:height\" content=\"750\" \/>\n\t<meta property=\"og:image:type\" content=\"image\/png\" \/>\n<meta name=\"twitter:card\" content=\"summary_large_image\" \/>\n<meta name=\"twitter:site\" content=\"@Mark3D_GmbH\" \/>\n<meta name=\"twitter:label1\" content=\"Gesch\u00e4tzte Lesezeit\" \/>\n\t<meta name=\"twitter:data1\" content=\"1\u00a0Minute\" \/>\n<script type=\"application\/ld+json\" class=\"yoast-schema-graph\">{\"@context\":\"https:\/\/schema.org\",\"@graph\":[{\"@type\":\"WebPage\",\"@id\":\"https:\/\/www.mark3d.com\/de\/en\/product\/markforged-gleiter-kabelkette-desktop-und-x-serie\/\",\"url\":\"https:\/\/www.mark3d.com\/de\/en\/product\/markforged-gleiter-kabelkette-desktop-und-x-serie\/\",\"name\":\"Markforged Gleiter Kabelkette (Desktop- und X-Serie) - 20647 - Mark3D - Markforged 3D-Drucker\",\"isPartOf\":{\"@id\":\"https:\/\/www.mark3d.com\/de\/#website\"},\"primaryImageOfPage\":{\"@id\":\"https:\/\/www.mark3d.com\/de\/en\/product\/markforged-gleiter-kabelkette-desktop-und-x-serie\/#primaryimage\"},\"image\":{\"@id\":\"https:\/\/www.mark3d.com\/de\/en\/product\/markforged-gleiter-kabelkette-desktop-und-x-serie\/#primaryimage\"},\"thumbnailUrl\":\"https:\/\/www.mark3d.com\/de\/wp-content\/uploads\/2023\/05\/bumper.png\",\"datePublished\":\"2023-05-05T12:48:29+00:00\",\"dateModified\":\"2024-09-06T07:45:40+00:00\",\"description\":\"Markforged Gleiter Kabelkette (Desktop- und X-Serie) bequem online nachbestellen. Unverbindlich informieren \u2713Autorisierter Fachh\u00e4ndler \u2713Bestpreisgarantie \u2713Top Beratung \u2713Unverbindliches Angebot\",\"breadcrumb\":{\"@id\":\"https:\/\/www.mark3d.com\/de\/en\/product\/markforged-gleiter-kabelkette-desktop-und-x-serie\/#breadcrumb\"},\"inLanguage\":\"de\",\"potentialAction\":[{\"@type\":\"ReadAction\",\"target\":[\"https:\/\/www.mark3d.com\/de\/en\/product\/markforged-gleiter-kabelkette-desktop-und-x-serie\/\"]}]},{\"@type\":\"ImageObject\",\"inLanguage\":\"de\",\"@id\":\"https:\/\/www.mark3d.com\/de\/en\/product\/markforged-gleiter-kabelkette-desktop-und-x-serie\/#primaryimage\",\"url\":\"https:\/\/www.mark3d.com\/de\/wp-content\/uploads\/2023\/05\/bumper.png\",\"contentUrl\":\"https:\/\/www.mark3d.com\/de\/wp-content\/uploads\/2023\/05\/bumper.png\",\"width\":893,\"height\":750},{\"@type\":\"BreadcrumbList\",\"@id\":\"https:\/\/www.mark3d.com\/de\/en\/product\/markforged-gleiter-kabelkette-desktop-und-x-serie\/#breadcrumb\",\"itemListElement\":[{\"@type\":\"ListItem\",\"position\":1,\"name\":\"Startseite\",\"item\":\"https:\/\/www.mark3d.com\/de\/\"},{\"@type\":\"ListItem\",\"position\":2,\"name\":\"Markforged 3D-Drucker, Filamente &#038; Ersatzteile online kaufen\",\"item\":\"https:\/\/www.mark3d.com\/de\/shop\/\"},{\"@type\":\"ListItem\",\"position\":3,\"name\":\"Markforged Gleiter Kabelkette (Desktop- und X-Serie) &#8211; 20647\"}]},{\"@type\":\"WebSite\",\"@id\":\"https:\/\/www.mark3d.com\/de\/#website\",\"url\":\"https:\/\/www.mark3d.com\/de\/\",\"name\":\"Mark3D\",\"description\":\"Industrielle 3D Drucker von Markforged\",\"publisher\":{\"@id\":\"https:\/\/www.mark3d.com\/de\/#organization\"},\"alternateName\":\"Mark3D GmbH\",\"potentialAction\":[{\"@type\":\"SearchAction\",\"target\":{\"@type\":\"EntryPoint\",\"urlTemplate\":\"https:\/\/www.mark3d.com\/de\/?s={search_term_string}\"},\"query-input\":{\"@type\":\"PropertyValueSpecification\",\"valueRequired\":true,\"valueName\":\"search_term_string\"}}],\"inLanguage\":\"de\"},{\"@type\":\"Organization\",\"@id\":\"https:\/\/www.mark3d.com\/de\/#organization\",\"name\":\"Mark3D GmbH\",\"url\":\"https:\/\/www.mark3d.com\/de\/\",\"logo\":{\"@type\":\"ImageObject\",\"inLanguage\":\"de\",\"@id\":\"https:\/\/www.mark3d.com\/de\/#\/schema\/logo\/image\/\",\"url\":\"https:\/\/www.mark3d.com\/de\/wp-content\/uploads\/2021\/05\/markforged-linkedin.jpg\",\"contentUrl\":\"https:\/\/www.mark3d.com\/de\/wp-content\/uploads\/2021\/05\/markforged-linkedin.jpg\",\"width\":800,\"height\":800,\"caption\":\"Mark3D GmbH\"},\"image\":{\"@id\":\"https:\/\/www.mark3d.com\/de\/#\/schema\/logo\/image\/\"},\"sameAs\":[\"https:\/\/www.facebook.com\/Mark3DGmbH\/\",\"https:\/\/x.com\/Mark3D_GmbH\",\"https:\/\/www.instagram.com\/mark3d_print_stronger\/\",\"https:\/\/www.linkedin.com\/company\/mark3d\/\",\"https:\/\/www.youtube.com\/channel\/UCo55w2I5eBrCvCB3oKH2WDg\"]}]}<\/script>\n<!-- \/ Yoast SEO Premium plugin. -->","yoast_head_json":{"title":"Markforged Gleiter Kabelkette (Desktop- und X-Serie) - 20647 - Mark3D - Markforged 3D-Drucker","description":"Markforged Gleiter Kabelkette (Desktop- und X-Serie) bequem online nachbestellen. Unverbindlich informieren \u2713Autorisierter Fachh\u00e4ndler \u2713Bestpreisgarantie \u2713Top Beratung \u2713Unverbindliches Angebot","robots":{"index":"index","follow":"follow","max-snippet":"max-snippet:-1","max-image-preview":"max-image-preview:large","max-video-preview":"max-video-preview:-1"},"canonical":"https:\/\/www.mark3d.com\/de\/produkt\/markforged-gleiter-kabelkette-desktop-und-x-serie\/","og_locale":"de_DE","og_type":"article","og_title":"Markforged Gleiter Kabelkette (Desktop- und X-Serie) - 20647","og_description":"Markforged Gleiter Kabelkette (Desktop- und X-Serie) bequem online nachbestellen. Unverbindlich informieren \u2713Autorisierter Fachh\u00e4ndler \u2713Bestpreisgarantie \u2713Top Beratung \u2713Unverbindliches Angebot","og_url":"https:\/\/www.mark3d.com\/de\/produkt\/markforged-gleiter-kabelkette-desktop-und-x-serie\/","og_site_name":"Mark3D - Markforged 3D-Drucker","article_publisher":"https:\/\/www.facebook.com\/Mark3DGmbH\/","article_modified_time":"2024-09-06T07:45:40+00:00","og_image":[{"width":893,"height":750,"url":"https:\/\/www.mark3d.com\/de\/wp-content\/uploads\/2023\/05\/bumper.png","type":"image\/png"}],"twitter_card":"summary_large_image","twitter_site":"@Mark3D_GmbH","twitter_misc":{"Gesch\u00e4tzte Lesezeit":"1\u00a0Minute"},"schema":{"@context":"https:\/\/schema.org","@graph":[{"@type":"WebPage","@id":"https:\/\/www.mark3d.com\/de\/en\/product\/markforged-gleiter-kabelkette-desktop-und-x-serie\/","url":"https:\/\/www.mark3d.com\/de\/en\/product\/markforged-gleiter-kabelkette-desktop-und-x-serie\/","name":"Markforged Gleiter Kabelkette (Desktop- und X-Serie) - 20647 - Mark3D - Markforged 3D-Drucker","isPartOf":{"@id":"https:\/\/www.mark3d.com\/de\/#website"},"primaryImageOfPage":{"@id":"https:\/\/www.mark3d.com\/de\/en\/product\/markforged-gleiter-kabelkette-desktop-und-x-serie\/#primaryimage"},"image":{"@id":"https:\/\/www.mark3d.com\/de\/en\/product\/markforged-gleiter-kabelkette-desktop-und-x-serie\/#primaryimage"},"thumbnailUrl":"https:\/\/www.mark3d.com\/de\/wp-content\/uploads\/2023\/05\/bumper.png","datePublished":"2023-05-05T12:48:29+00:00","dateModified":"2024-09-06T07:45:40+00:00","description":"Markforged Gleiter Kabelkette (Desktop- und X-Serie) bequem online nachbestellen. Unverbindlich informieren \u2713Autorisierter Fachh\u00e4ndler \u2713Bestpreisgarantie \u2713Top Beratung \u2713Unverbindliches Angebot","breadcrumb":{"@id":"https:\/\/www.mark3d.com\/de\/en\/product\/markforged-gleiter-kabelkette-desktop-und-x-serie\/#breadcrumb"},"inLanguage":"de","potentialAction":[{"@type":"ReadAction","target":["https:\/\/www.mark3d.com\/de\/en\/product\/markforged-gleiter-kabelkette-desktop-und-x-serie\/"]}]},{"@type":"ImageObject","inLanguage":"de","@id":"https:\/\/www.mark3d.com\/de\/en\/product\/markforged-gleiter-kabelkette-desktop-und-x-serie\/#primaryimage","url":"https:\/\/www.mark3d.com\/de\/wp-content\/uploads\/2023\/05\/bumper.png","contentUrl":"https:\/\/www.mark3d.com\/de\/wp-content\/uploads\/2023\/05\/bumper.png","width":893,"height":750},{"@type":"BreadcrumbList","@id":"https:\/\/www.mark3d.com\/de\/en\/product\/markforged-gleiter-kabelkette-desktop-und-x-serie\/#breadcrumb","itemListElement":[{"@type":"ListItem","position":1,"name":"Startseite","item":"https:\/\/www.mark3d.com\/de\/"},{"@type":"ListItem","position":2,"name":"Markforged 3D-Drucker, Filamente &#038; Ersatzteile online kaufen","item":"https:\/\/www.mark3d.com\/de\/shop\/"},{"@type":"ListItem","position":3,"name":"Markforged Gleiter Kabelkette (Desktop- und X-Serie) &#8211; 20647"}]},{"@type":"WebSite","@id":"https:\/\/www.mark3d.com\/de\/#website","url":"https:\/\/www.mark3d.com\/de\/","name":"Mark3D","description":"Industrielle 3D Drucker von Markforged","publisher":{"@id":"https:\/\/www.mark3d.com\/de\/#organization"},"alternateName":"Mark3D GmbH","potentialAction":[{"@type":"SearchAction","target":{"@type":"EntryPoint","urlTemplate":"https:\/\/www.mark3d.com\/de\/?s={search_term_string}"},"query-input":{"@type":"PropertyValueSpecification","valueRequired":true,"valueName":"search_term_string"}}],"inLanguage":"de"},{"@type":"Organization","@id":"https:\/\/www.mark3d.com\/de\/#organization","name":"Mark3D GmbH","url":"https:\/\/www.mark3d.com\/de\/","logo":{"@type":"ImageObject","inLanguage":"de","@id":"https:\/\/www.mark3d.com\/de\/#\/schema\/logo\/image\/","url":"https:\/\/www.mark3d.com\/de\/wp-content\/uploads\/2021\/05\/markforged-linkedin.jpg","contentUrl":"https:\/\/www.mark3d.com\/de\/wp-content\/uploads\/2021\/05\/markforged-linkedin.jpg","width":800,"height":800,"caption":"Mark3D GmbH"},"image":{"@id":"https:\/\/www.mark3d.com\/de\/#\/schema\/logo\/image\/"},"sameAs":["https:\/\/www.facebook.com\/Mark3DGmbH\/","https:\/\/x.com\/Mark3D_GmbH","https:\/\/www.instagram.com\/mark3d_print_stronger\/","https:\/\/www.linkedin.com\/company\/mark3d\/","https:\/\/www.youtube.com\/channel\/UCo55w2I5eBrCvCB3oKH2WDg"]}]}},"acf":[],"_links":{"self":[{"href":"https:\/\/www.mark3d.com\/de\/wp-json\/wp\/v2\/product\/19722","targetHints":{"allow":["GET"]}}],"collection":[{"href":"https:\/\/www.mark3d.com\/de\/wp-json\/wp\/v2\/product"}],"about":[{"href":"https:\/\/www.mark3d.com\/de\/wp-json\/wp\/v2\/types\/product"}],"replies":[{"embeddable":true,"href":"https:\/\/www.mark3d.com\/de\/wp-json\/wp\/v2\/comments?post=19722"}],"wp:featuredmedia":[{"embeddable":true,"href":"https:\/\/www.mark3d.com\/de\/wp-json\/wp\/v2\/media\/19723"}],"wp:attachment":[{"href":"https:\/\/www.mark3d.com\/de\/wp-json\/wp\/v2\/media?parent=19722"}],"wp:term":[{"taxonomy":"product_brand","embeddable":true,"href":"https:\/\/www.mark3d.com\/de\/wp-json\/wp\/v2\/product_brand?post=19722"},{"taxonomy":"product_cat","embeddable":true,"href":"https:\/\/www.mark3d.com\/de\/wp-json\/wp\/v2\/product_cat?post=19722"},{"taxonomy":"product_tag","embeddable":true,"href":"https:\/\/www.mark3d.com\/de\/wp-json\/wp\/v2\/product_tag?post=19722"}],"curies":[{"name":"wp","href":"https:\/\/api.w.org\/{rel}","templated":true}]}}