{"id":19967,"date":"2023-06-14T09:32:46","date_gmt":"2023-06-14T09:32:46","guid":{"rendered":"https:\/\/www.mark3d.com\/de\/?post_type=product&#038;p=19967"},"modified":"2023-06-15T08:39:54","modified_gmt":"2023-06-15T08:39:54","slug":"mark-two-3d-drucker-advanced-subscription","status":"publish","type":"product","link":"https:\/\/www.mark3d.com\/de\/produkt\/mark-two-3d-drucker-advanced-subscription\/","title":{"rendered":"Mark Two 3D-Drucker &#8211; 1 Jahr Advanced Subscription"},"content":{"rendered":"<p><strong>Mark Two 3D-Drucker 1 Jahr  Advanced Subscription<\/strong><\/p>\n<p><strong>Advanced Subscription<\/strong> f\u00fcr den Mark Two ist eine umfassende Ersatzteil- und Druckerversicherungspolice mit einigen zus\u00e4tzlichen Vorteilen. Es wurde entwickelt, um die bestm\u00f6gliche kontinuierliche Unterst\u00fctzung zu bieten und sicherzustellen, dass Ihre Kosten f\u00fcr den gew\u00e4hlten Zeitraum fix sind.<\/p>\n<p><strong>Was deckt Advanced Subscription ab?<\/strong><\/p>\n<p>Aktion: Zwei Rollen Onyx 800cc und eine Rolle Carbon-Endlosfaser 50cc\u00a0<\/p>\n<p><strong>Alle Basic und Essential Vorteile<\/strong><\/p>\n<p><strong>Software<\/strong><br \/>\n\u2022 Digitales Lager<br \/>\n\u2022 Cloud Drucker Management<br \/>\n\u2022 Automatische Druckvorbereitung<br \/>\n\u2022 Angepasster Support<br \/>\n\u2022 Individuelle Faserverlegung<br \/>\n\u2022 Online Updates<br \/>\n\u2022 1 Jahr nach Kauf<br \/>\n&#8211; Arbeitsablauf + Voreinst.<br \/>\n&#8211; Anwender Management<br \/>\n\u2022 Arbeitsablauf + Voreinstellungen<br \/>\n\u2022 Anwender Management<br \/>\n\u2022 API Zugang<br \/>\n\u2022 SAML SSO<br \/>\n\u2022 Benutzerspezifische TLS Zertifikate<br \/>\n\u2022 Kundenstatistiken<br \/>\n\u2022 Fertigungshistorie<br \/>\n\u2022 EIGER Simulation<br \/>\n\u2022 Part inspection (Blacksmith)<br \/>\n\u2022 Datenexport (Digimat)<\/p>\n<p><strong>Weiterbildung<\/strong><br \/>\n\u2022 Markforged University<\/p>\n<p><strong>Support<\/strong><br \/>\n\u2022 1 Jahr Gew\u00e4hrleistung<br \/>\n\u2022 Zugang zu Support-Webseiten<br \/>\n\u2022 Ersatz- und Verschlei\u00dfteile<br \/>\n\u2022 Technischer Support<br \/>\n\u2022 J\u00e4hrliche Maschinenkalibrierung f\u00fcr alle Industriedrucker<br \/>\n\u2022 Zugang zu Support-Webseiten<\/p>\n","protected":false},"excerpt":{"rendered":"<p>Aktion bis zum 31.06.2023:<br \/>\nInkl. Markforged Simulation, zwei Rollen Onyx 800cc und eine Rolle Carbon-Endlosfaser 50cc dazu.<br \/>\nWeitere Inhalte finden Sie unten in der Beschreibung.<\/p>\n","protected":false},"featured_media":19980,"comment_status":"open","ping_status":"closed","template":"","meta":{"inline_featured_image":false},"product_brand":[],"product_cat":[5927],"product_tag":[],"class_list":{"0":"post-19967","1":"product","2":"type-product","3":"status-publish","4":"has-post-thumbnail","6":"product_cat-rundum-sorglos-pakete-fuer-markforged-3d-drucker","7":"product_shipping_class-kostenfreier-versand","9":"first","10":"instock","11":"sale","12":"taxable","13":"shipping-taxable","14":"purchasable","15":"product-type-simple"},"yoast_head":"<!-- This site is optimized with the Yoast SEO Premium plugin v27.0 (Yoast SEO v27.0) - https:\/\/yoast.com\/product\/yoast-seo-premium-wordpress\/ -->\n<title>Markforged Mark Two - 1 Jahr Advanced Subscription<\/title>\n<meta name=\"description\" content=\"Markforged Mark Two 1 Jahr Advanced Subscription - Bietet Ihnen die M\u00f6glichkeit das maximale Potential aus dem Markforged Mark Two herauszuholen.\" \/>\n<meta name=\"robots\" content=\"index, follow, max-snippet:-1, max-image-preview:large, max-video-preview:-1\" \/>\n<link rel=\"canonical\" href=\"https:\/\/www.mark3d.com\/de\/produkt\/mark-two-3d-drucker-advanced-subscription\/\" \/>\n<meta property=\"og:locale\" content=\"de_DE\" \/>\n<meta property=\"og:type\" content=\"article\" \/>\n<meta property=\"og:title\" content=\"Mark Two 3D-Drucker - 1 Jahr Advanced Subscription\" \/>\n<meta property=\"og:description\" content=\"Markforged Mark Two 1 Jahr Advanced Subscription - Bietet Ihnen die M\u00f6glichkeit das maximale Potential aus dem Markforged Mark Two herauszuholen.\" \/>\n<meta property=\"og:url\" content=\"https:\/\/www.mark3d.com\/de\/produkt\/mark-two-3d-drucker-advanced-subscription\/\" \/>\n<meta property=\"og:site_name\" content=\"Mark3D - Markforged 3D-Drucker\" \/>\n<meta property=\"article:publisher\" content=\"https:\/\/www.facebook.com\/Mark3DGmbH\/\" \/>\n<meta property=\"article:modified_time\" content=\"2023-06-15T08:39:54+00:00\" \/>\n<meta property=\"og:image\" content=\"https:\/\/www.mark3d.com\/de\/wp-content\/uploads\/2023\/06\/Markforged-Mark-Two-1-year-subscription1.png\" \/>\n\t<meta property=\"og:image:width\" content=\"2000\" \/>\n\t<meta property=\"og:image:height\" content=\"2000\" \/>\n\t<meta property=\"og:image:type\" content=\"image\/png\" \/>\n<meta name=\"twitter:card\" content=\"summary_large_image\" \/>\n<meta name=\"twitter:site\" content=\"@Mark3D_GmbH\" \/>\n<meta name=\"twitter:label1\" content=\"Gesch\u00e4tzte Lesezeit\" \/>\n\t<meta name=\"twitter:data1\" content=\"1\u00a0Minute\" \/>\n<script type=\"application\/ld+json\" class=\"yoast-schema-graph\">{\"@context\":\"https:\/\/schema.org\",\"@graph\":[{\"@type\":\"WebPage\",\"@id\":\"https:\/\/www.mark3d.com\/de\/produkt\/mark-two-3d-drucker-advanced-subscription\/\",\"url\":\"https:\/\/www.mark3d.com\/de\/produkt\/mark-two-3d-drucker-advanced-subscription\/\",\"name\":\"Markforged Mark Two - 1 Jahr Advanced Subscription\",\"isPartOf\":{\"@id\":\"https:\/\/www.mark3d.com\/de\/#website\"},\"primaryImageOfPage\":{\"@id\":\"https:\/\/www.mark3d.com\/de\/produkt\/mark-two-3d-drucker-advanced-subscription\/#primaryimage\"},\"image\":{\"@id\":\"https:\/\/www.mark3d.com\/de\/produkt\/mark-two-3d-drucker-advanced-subscription\/#primaryimage\"},\"thumbnailUrl\":\"https:\/\/www.mark3d.com\/de\/wp-content\/uploads\/2023\/06\/Markforged-Mark-Two-1-year-subscription1.png\",\"datePublished\":\"2023-06-14T09:32:46+00:00\",\"dateModified\":\"2023-06-15T08:39:54+00:00\",\"description\":\"Markforged Mark Two 1 Jahr Advanced Subscription - Bietet Ihnen die M\u00f6glichkeit das maximale Potential aus dem Markforged Mark Two herauszuholen.\",\"breadcrumb\":{\"@id\":\"https:\/\/www.mark3d.com\/de\/produkt\/mark-two-3d-drucker-advanced-subscription\/#breadcrumb\"},\"inLanguage\":\"de\",\"potentialAction\":[{\"@type\":\"ReadAction\",\"target\":[\"https:\/\/www.mark3d.com\/de\/produkt\/mark-two-3d-drucker-advanced-subscription\/\"]}]},{\"@type\":\"ImageObject\",\"inLanguage\":\"de\",\"@id\":\"https:\/\/www.mark3d.com\/de\/produkt\/mark-two-3d-drucker-advanced-subscription\/#primaryimage\",\"url\":\"https:\/\/www.mark3d.com\/de\/wp-content\/uploads\/2023\/06\/Markforged-Mark-Two-1-year-subscription1.png\",\"contentUrl\":\"https:\/\/www.mark3d.com\/de\/wp-content\/uploads\/2023\/06\/Markforged-Mark-Two-1-year-subscription1.png\",\"width\":2000,\"height\":2000},{\"@type\":\"BreadcrumbList\",\"@id\":\"https:\/\/www.mark3d.com\/de\/produkt\/mark-two-3d-drucker-advanced-subscription\/#breadcrumb\",\"itemListElement\":[{\"@type\":\"ListItem\",\"position\":1,\"name\":\"Startseite\",\"item\":\"https:\/\/www.mark3d.com\/de\/\"},{\"@type\":\"ListItem\",\"position\":2,\"name\":\"Markforged 3D-Drucker, Filamente &#038; Ersatzteile online kaufen\",\"item\":\"https:\/\/www.mark3d.com\/de\/shop\/\"},{\"@type\":\"ListItem\",\"position\":3,\"name\":\"Mark Two 3D-Drucker &#8211; 1 Jahr Advanced Subscription\"}]},{\"@type\":\"WebSite\",\"@id\":\"https:\/\/www.mark3d.com\/de\/#website\",\"url\":\"https:\/\/www.mark3d.com\/de\/\",\"name\":\"Mark3D\",\"description\":\"Industrielle 3D Drucker von Markforged\",\"publisher\":{\"@id\":\"https:\/\/www.mark3d.com\/de\/#organization\"},\"alternateName\":\"Mark3D GmbH\",\"potentialAction\":[{\"@type\":\"SearchAction\",\"target\":{\"@type\":\"EntryPoint\",\"urlTemplate\":\"https:\/\/www.mark3d.com\/de\/?s={search_term_string}\"},\"query-input\":{\"@type\":\"PropertyValueSpecification\",\"valueRequired\":true,\"valueName\":\"search_term_string\"}}],\"inLanguage\":\"de\"},{\"@type\":\"Organization\",\"@id\":\"https:\/\/www.mark3d.com\/de\/#organization\",\"name\":\"Mark3D GmbH\",\"url\":\"https:\/\/www.mark3d.com\/de\/\",\"logo\":{\"@type\":\"ImageObject\",\"inLanguage\":\"de\",\"@id\":\"https:\/\/www.mark3d.com\/de\/#\/schema\/logo\/image\/\",\"url\":\"https:\/\/www.mark3d.com\/de\/wp-content\/uploads\/2021\/05\/markforged-linkedin.jpg\",\"contentUrl\":\"https:\/\/www.mark3d.com\/de\/wp-content\/uploads\/2021\/05\/markforged-linkedin.jpg\",\"width\":800,\"height\":800,\"caption\":\"Mark3D GmbH\"},\"image\":{\"@id\":\"https:\/\/www.mark3d.com\/de\/#\/schema\/logo\/image\/\"},\"sameAs\":[\"https:\/\/www.facebook.com\/Mark3DGmbH\/\",\"https:\/\/x.com\/Mark3D_GmbH\",\"https:\/\/www.instagram.com\/mark3d_print_stronger\/\",\"https:\/\/www.linkedin.com\/company\/mark3d\/\",\"https:\/\/www.youtube.com\/channel\/UCo55w2I5eBrCvCB3oKH2WDg\"]}]}<\/script>\n<!-- \/ Yoast SEO Premium plugin. -->","yoast_head_json":{"title":"Markforged Mark Two - 1 Jahr Advanced Subscription","description":"Markforged Mark Two 1 Jahr Advanced Subscription - Bietet Ihnen die M\u00f6glichkeit das maximale Potential aus dem Markforged Mark Two herauszuholen.","robots":{"index":"index","follow":"follow","max-snippet":"max-snippet:-1","max-image-preview":"max-image-preview:large","max-video-preview":"max-video-preview:-1"},"canonical":"https:\/\/www.mark3d.com\/de\/produkt\/mark-two-3d-drucker-advanced-subscription\/","og_locale":"de_DE","og_type":"article","og_title":"Mark Two 3D-Drucker - 1 Jahr Advanced Subscription","og_description":"Markforged Mark Two 1 Jahr Advanced Subscription - Bietet Ihnen die M\u00f6glichkeit das maximale Potential aus dem Markforged Mark Two herauszuholen.","og_url":"https:\/\/www.mark3d.com\/de\/produkt\/mark-two-3d-drucker-advanced-subscription\/","og_site_name":"Mark3D - Markforged 3D-Drucker","article_publisher":"https:\/\/www.facebook.com\/Mark3DGmbH\/","article_modified_time":"2023-06-15T08:39:54+00:00","og_image":[{"width":2000,"height":2000,"url":"https:\/\/www.mark3d.com\/de\/wp-content\/uploads\/2023\/06\/Markforged-Mark-Two-1-year-subscription1.png","type":"image\/png"}],"twitter_card":"summary_large_image","twitter_site":"@Mark3D_GmbH","twitter_misc":{"Gesch\u00e4tzte Lesezeit":"1\u00a0Minute"},"schema":{"@context":"https:\/\/schema.org","@graph":[{"@type":"WebPage","@id":"https:\/\/www.mark3d.com\/de\/produkt\/mark-two-3d-drucker-advanced-subscription\/","url":"https:\/\/www.mark3d.com\/de\/produkt\/mark-two-3d-drucker-advanced-subscription\/","name":"Markforged Mark Two - 1 Jahr Advanced Subscription","isPartOf":{"@id":"https:\/\/www.mark3d.com\/de\/#website"},"primaryImageOfPage":{"@id":"https:\/\/www.mark3d.com\/de\/produkt\/mark-two-3d-drucker-advanced-subscription\/#primaryimage"},"image":{"@id":"https:\/\/www.mark3d.com\/de\/produkt\/mark-two-3d-drucker-advanced-subscription\/#primaryimage"},"thumbnailUrl":"https:\/\/www.mark3d.com\/de\/wp-content\/uploads\/2023\/06\/Markforged-Mark-Two-1-year-subscription1.png","datePublished":"2023-06-14T09:32:46+00:00","dateModified":"2023-06-15T08:39:54+00:00","description":"Markforged Mark Two 1 Jahr Advanced Subscription - Bietet Ihnen die M\u00f6glichkeit das maximale Potential aus dem Markforged Mark Two herauszuholen.","breadcrumb":{"@id":"https:\/\/www.mark3d.com\/de\/produkt\/mark-two-3d-drucker-advanced-subscription\/#breadcrumb"},"inLanguage":"de","potentialAction":[{"@type":"ReadAction","target":["https:\/\/www.mark3d.com\/de\/produkt\/mark-two-3d-drucker-advanced-subscription\/"]}]},{"@type":"ImageObject","inLanguage":"de","@id":"https:\/\/www.mark3d.com\/de\/produkt\/mark-two-3d-drucker-advanced-subscription\/#primaryimage","url":"https:\/\/www.mark3d.com\/de\/wp-content\/uploads\/2023\/06\/Markforged-Mark-Two-1-year-subscription1.png","contentUrl":"https:\/\/www.mark3d.com\/de\/wp-content\/uploads\/2023\/06\/Markforged-Mark-Two-1-year-subscription1.png","width":2000,"height":2000},{"@type":"BreadcrumbList","@id":"https:\/\/www.mark3d.com\/de\/produkt\/mark-two-3d-drucker-advanced-subscription\/#breadcrumb","itemListElement":[{"@type":"ListItem","position":1,"name":"Startseite","item":"https:\/\/www.mark3d.com\/de\/"},{"@type":"ListItem","position":2,"name":"Markforged 3D-Drucker, Filamente &#038; Ersatzteile online kaufen","item":"https:\/\/www.mark3d.com\/de\/shop\/"},{"@type":"ListItem","position":3,"name":"Mark Two 3D-Drucker &#8211; 1 Jahr Advanced Subscription"}]},{"@type":"WebSite","@id":"https:\/\/www.mark3d.com\/de\/#website","url":"https:\/\/www.mark3d.com\/de\/","name":"Mark3D","description":"Industrielle 3D Drucker von Markforged","publisher":{"@id":"https:\/\/www.mark3d.com\/de\/#organization"},"alternateName":"Mark3D GmbH","potentialAction":[{"@type":"SearchAction","target":{"@type":"EntryPoint","urlTemplate":"https:\/\/www.mark3d.com\/de\/?s={search_term_string}"},"query-input":{"@type":"PropertyValueSpecification","valueRequired":true,"valueName":"search_term_string"}}],"inLanguage":"de"},{"@type":"Organization","@id":"https:\/\/www.mark3d.com\/de\/#organization","name":"Mark3D GmbH","url":"https:\/\/www.mark3d.com\/de\/","logo":{"@type":"ImageObject","inLanguage":"de","@id":"https:\/\/www.mark3d.com\/de\/#\/schema\/logo\/image\/","url":"https:\/\/www.mark3d.com\/de\/wp-content\/uploads\/2021\/05\/markforged-linkedin.jpg","contentUrl":"https:\/\/www.mark3d.com\/de\/wp-content\/uploads\/2021\/05\/markforged-linkedin.jpg","width":800,"height":800,"caption":"Mark3D GmbH"},"image":{"@id":"https:\/\/www.mark3d.com\/de\/#\/schema\/logo\/image\/"},"sameAs":["https:\/\/www.facebook.com\/Mark3DGmbH\/","https:\/\/x.com\/Mark3D_GmbH","https:\/\/www.instagram.com\/mark3d_print_stronger\/","https:\/\/www.linkedin.com\/company\/mark3d\/","https:\/\/www.youtube.com\/channel\/UCo55w2I5eBrCvCB3oKH2WDg"]}]}},"acf":[],"_links":{"self":[{"href":"https:\/\/www.mark3d.com\/de\/wp-json\/wp\/v2\/product\/19967","targetHints":{"allow":["GET"]}}],"collection":[{"href":"https:\/\/www.mark3d.com\/de\/wp-json\/wp\/v2\/product"}],"about":[{"href":"https:\/\/www.mark3d.com\/de\/wp-json\/wp\/v2\/types\/product"}],"replies":[{"embeddable":true,"href":"https:\/\/www.mark3d.com\/de\/wp-json\/wp\/v2\/comments?post=19967"}],"wp:featuredmedia":[{"embeddable":true,"href":"https:\/\/www.mark3d.com\/de\/wp-json\/wp\/v2\/media\/19980"}],"wp:attachment":[{"href":"https:\/\/www.mark3d.com\/de\/wp-json\/wp\/v2\/media?parent=19967"}],"wp:term":[{"taxonomy":"product_brand","embeddable":true,"href":"https:\/\/www.mark3d.com\/de\/wp-json\/wp\/v2\/product_brand?post=19967"},{"taxonomy":"product_cat","embeddable":true,"href":"https:\/\/www.mark3d.com\/de\/wp-json\/wp\/v2\/product_cat?post=19967"},{"taxonomy":"product_tag","embeddable":true,"href":"https:\/\/www.mark3d.com\/de\/wp-json\/wp\/v2\/product_tag?post=19967"}],"curies":[{"name":"wp","href":"https:\/\/api.w.org\/{rel}","templated":true}]}}