{"id":21899,"date":"2024-01-30T09:33:03","date_gmt":"2024-01-30T09:33:03","guid":{"rendered":"https:\/\/www.mark3d.com\/de\/?post_type=product&#038;p=21899"},"modified":"2024-09-03T11:17:11","modified_gmt":"2024-09-03T11:17:11","slug":"markforged-onyx-filament-basismaterial-3200-cm%c2%b3-rolle","status":"publish","type":"product","link":"https:\/\/www.mark3d.com\/de\/produkt\/markforged-onyx-filament-basismaterial-3200-cm%c2%b3-rolle\/","title":{"rendered":"Markforged Onyx Filament (Basismaterial) \u2013 3200 cm\u00b3 Rolle"},"content":{"rendered":"<p>3200cc Spulen sind nur mit FX20 kompatibel. Aufgrund ihrer Gr\u00f6\u00dfe und gr\u00f6\u00dferen rotierenden Masse sind sie nicht mit Desktop- oder X3 \/ X5 \/ X7-Druckern kompatibel.<\/p>\n<p>&nbsp;<\/p>\n<p>Onyx ist eine Mischung aus Nylon und zerkleinerten Kohlenstofffasern, die einen hochfesten Thermoplast mit hervorragender Hitzebest\u00e4ndigkeit, Oberfl\u00e4chenbeschaffenheit und Chemikalienbest\u00e4ndigkeit bietet. Onyx dient als thermoplastische Matrix f\u00fcr die Verbundwerkstoffteile von Markforged. Es kann allein gedruckt oder mit einer unserer Endlosfasern verst\u00e4rkt werden, um eine mit Aluminium vergleichbare Festigkeit zu erreichen. Onyx kann f\u00fcr alles verwendet werden, von Werkzeugen und Vorrichtungen bis hin zu Endverbrauchsteilen.<\/p>\n<p>Wie stark ist Onyx?<\/p>\n<p>Laden Sie das aktuelle Datenblatt f\u00fcr Verbundwerkstoffe herunter, um detaillierte mechanische Eigenschaften zu erfahren. https:\/\/www.mark3d.com\/de\/wp-content\/uploads\/2018\/04\/Markforged_Materialdatenblatt-Verbundwerkstoffee.pdf<\/p>\n<p>Was ist der Unterschied zwischen geschnittenen Kohlenstofffasern und Endlosfasern?<\/p>\n<p>Die geschnittenen Kohlenstofffasern werden dem Onyx-Filament beigemischt und verleihen ihm eine hohe Steifigkeit und Festigkeit. Endloskohlenstofffasern sind Verst\u00e4rkungsfasern, die in langen Str\u00e4ngen gedruckt werden k\u00f6nnen, wodurch Verbundwerkstoffteile entstehen, die bis zu 20 Mal st\u00e4rker und steifer sind als Onyx.<\/p>\n","protected":false},"excerpt":{"rendered":"<p>3200cc Spulen sind nur mit FX20 kompatibel. Aufgrund ihrer Gr\u00f6\u00dfe und gr\u00f6\u00dferen rotierenden Masse sind sie nicht mit Desktop- oder X3 \/ X5 \/ X7-Druckern kompatibel. &nbsp; Onyx ist eine Mischung aus Nylon und zerkleinerten Kohlenstofffasern, die einen hochfesten Thermoplast mit hervorragender Hitzebest\u00e4ndigkeit, Oberfl\u00e4chenbeschaffenheit und Chemikalienbest\u00e4ndigkeit bietet. Onyx dient als thermoplastische Matrix f\u00fcr die Verbundwerkstoffteile  [&#8230;]<\/p>\n","protected":false},"featured_media":21902,"comment_status":"open","ping_status":"closed","template":"","meta":{"inline_featured_image":false},"product_brand":[],"product_cat":[70],"product_tag":[],"class_list":{"0":"post-21899","1":"product","2":"type-product","3":"status-publish","4":"has-post-thumbnail","6":"product_cat-druckmaterial","8":"first","9":"instock","10":"taxable","11":"shipping-taxable","12":"purchasable","13":"product-type-simple"},"yoast_head":"<!-- This site is optimized with the Yoast SEO Premium plugin v27.0 (Yoast SEO v27.0) - https:\/\/yoast.com\/product\/yoast-seo-premium-wordpress\/ -->\n<title>Markforged Onyx Filament (Basismaterial) \u2013 3200 cm\u00b3 Rolle - Mark3D - Markforged 3D-Drucker<\/title>\n<meta name=\"description\" content=\"Onyx ist eine Mischung aus Nylon und zerkleinerten Kohlenstofffasern, die einen hochfesten Thermoplast mit hervorragender Hitzebest\u00e4ndigkeit, Oberfl\u00e4chenbeschaffenheit und Chemikalienbest\u00e4ndigkeit bietet\" \/>\n<meta name=\"robots\" content=\"index, follow, max-snippet:-1, max-image-preview:large, max-video-preview:-1\" \/>\n<link rel=\"canonical\" href=\"https:\/\/www.mark3d.com\/de\/produkt\/markforged-onyx-filament-basismaterial-3200-cm\u00b3-rolle\/\" \/>\n<meta property=\"og:locale\" content=\"de_DE\" \/>\n<meta property=\"og:type\" content=\"article\" \/>\n<meta property=\"og:title\" content=\"Markforged Onyx Filament (Basismaterial) \u2013 3200 cm\u00b3 Rolle\" \/>\n<meta property=\"og:description\" content=\"Onyx ist eine Mischung aus Nylon und zerkleinerten Kohlenstofffasern, die einen hochfesten Thermoplast mit hervorragender Hitzebest\u00e4ndigkeit, Oberfl\u00e4chenbeschaffenheit und Chemikalienbest\u00e4ndigkeit bietet\" \/>\n<meta property=\"og:url\" content=\"https:\/\/www.mark3d.com\/de\/produkt\/markforged-onyx-filament-basismaterial-3200-cm\u00b3-rolle\/\" \/>\n<meta property=\"og:site_name\" content=\"Mark3D - Markforged 3D-Drucker\" \/>\n<meta property=\"article:publisher\" content=\"https:\/\/www.facebook.com\/Mark3DGmbH\/\" \/>\n<meta property=\"article:modified_time\" content=\"2024-09-03T11:17:11+00:00\" \/>\n<meta property=\"og:image\" content=\"https:\/\/www.mark3d.com\/de\/wp-content\/uploads\/2024\/01\/onyx-spool.jpg\" \/>\n\t<meta property=\"og:image:width\" content=\"1608\" \/>\n\t<meta property=\"og:image:height\" content=\"1072\" \/>\n\t<meta property=\"og:image:type\" content=\"image\/jpeg\" \/>\n<meta name=\"twitter:card\" content=\"summary_large_image\" \/>\n<meta name=\"twitter:site\" content=\"@Mark3D_GmbH\" \/>\n<meta name=\"twitter:label1\" content=\"Gesch\u00e4tzte Lesezeit\" \/>\n\t<meta name=\"twitter:data1\" content=\"2\u00a0Minuten\" \/>\n<script type=\"application\/ld+json\" class=\"yoast-schema-graph\">{\"@context\":\"https:\/\/schema.org\",\"@graph\":[{\"@type\":\"WebPage\",\"@id\":\"https:\/\/www.mark3d.com\/de\/produkt\/markforged-onyx-filament-basismaterial-3200-cm%c2%b3-rolle\/\",\"url\":\"https:\/\/www.mark3d.com\/de\/produkt\/markforged-onyx-filament-basismaterial-3200-cm%c2%b3-rolle\/\",\"name\":\"Markforged Onyx Filament (Basismaterial) \u2013 3200 cm\u00b3 Rolle - Mark3D - Markforged 3D-Drucker\",\"isPartOf\":{\"@id\":\"https:\/\/www.mark3d.com\/de\/#website\"},\"primaryImageOfPage\":{\"@id\":\"https:\/\/www.mark3d.com\/de\/produkt\/markforged-onyx-filament-basismaterial-3200-cm%c2%b3-rolle\/#primaryimage\"},\"image\":{\"@id\":\"https:\/\/www.mark3d.com\/de\/produkt\/markforged-onyx-filament-basismaterial-3200-cm%c2%b3-rolle\/#primaryimage\"},\"thumbnailUrl\":\"https:\/\/www.mark3d.com\/de\/wp-content\/uploads\/2024\/01\/onyx-spool.jpg\",\"datePublished\":\"2024-01-30T09:33:03+00:00\",\"dateModified\":\"2024-09-03T11:17:11+00:00\",\"description\":\"Onyx ist eine Mischung aus Nylon und zerkleinerten Kohlenstofffasern, die einen hochfesten Thermoplast mit hervorragender Hitzebest\u00e4ndigkeit, Oberfl\u00e4chenbeschaffenheit und Chemikalienbest\u00e4ndigkeit bietet\",\"breadcrumb\":{\"@id\":\"https:\/\/www.mark3d.com\/de\/produkt\/markforged-onyx-filament-basismaterial-3200-cm%c2%b3-rolle\/#breadcrumb\"},\"inLanguage\":\"de\",\"potentialAction\":[{\"@type\":\"ReadAction\",\"target\":[\"https:\/\/www.mark3d.com\/de\/produkt\/markforged-onyx-filament-basismaterial-3200-cm%c2%b3-rolle\/\"]}]},{\"@type\":\"ImageObject\",\"inLanguage\":\"de\",\"@id\":\"https:\/\/www.mark3d.com\/de\/produkt\/markforged-onyx-filament-basismaterial-3200-cm%c2%b3-rolle\/#primaryimage\",\"url\":\"https:\/\/www.mark3d.com\/de\/wp-content\/uploads\/2024\/01\/onyx-spool.jpg\",\"contentUrl\":\"https:\/\/www.mark3d.com\/de\/wp-content\/uploads\/2024\/01\/onyx-spool.jpg\",\"width\":1608,\"height\":1072},{\"@type\":\"BreadcrumbList\",\"@id\":\"https:\/\/www.mark3d.com\/de\/produkt\/markforged-onyx-filament-basismaterial-3200-cm%c2%b3-rolle\/#breadcrumb\",\"itemListElement\":[{\"@type\":\"ListItem\",\"position\":1,\"name\":\"Startseite\",\"item\":\"https:\/\/www.mark3d.com\/de\/\"},{\"@type\":\"ListItem\",\"position\":2,\"name\":\"Markforged 3D-Drucker, Filamente &#038; Ersatzteile online kaufen\",\"item\":\"https:\/\/www.mark3d.com\/de\/shop\/\"},{\"@type\":\"ListItem\",\"position\":3,\"name\":\"Markforged Onyx Filament (Basismaterial) \u2013 3200 cm\u00b3 Rolle\"}]},{\"@type\":\"WebSite\",\"@id\":\"https:\/\/www.mark3d.com\/de\/#website\",\"url\":\"https:\/\/www.mark3d.com\/de\/\",\"name\":\"Mark3D\",\"description\":\"Industrielle 3D Drucker von Markforged\",\"publisher\":{\"@id\":\"https:\/\/www.mark3d.com\/de\/#organization\"},\"alternateName\":\"Mark3D GmbH\",\"potentialAction\":[{\"@type\":\"SearchAction\",\"target\":{\"@type\":\"EntryPoint\",\"urlTemplate\":\"https:\/\/www.mark3d.com\/de\/?s={search_term_string}\"},\"query-input\":{\"@type\":\"PropertyValueSpecification\",\"valueRequired\":true,\"valueName\":\"search_term_string\"}}],\"inLanguage\":\"de\"},{\"@type\":\"Organization\",\"@id\":\"https:\/\/www.mark3d.com\/de\/#organization\",\"name\":\"Mark3D GmbH\",\"url\":\"https:\/\/www.mark3d.com\/de\/\",\"logo\":{\"@type\":\"ImageObject\",\"inLanguage\":\"de\",\"@id\":\"https:\/\/www.mark3d.com\/de\/#\/schema\/logo\/image\/\",\"url\":\"https:\/\/www.mark3d.com\/de\/wp-content\/uploads\/2021\/05\/markforged-linkedin.jpg\",\"contentUrl\":\"https:\/\/www.mark3d.com\/de\/wp-content\/uploads\/2021\/05\/markforged-linkedin.jpg\",\"width\":800,\"height\":800,\"caption\":\"Mark3D GmbH\"},\"image\":{\"@id\":\"https:\/\/www.mark3d.com\/de\/#\/schema\/logo\/image\/\"},\"sameAs\":[\"https:\/\/www.facebook.com\/Mark3DGmbH\/\",\"https:\/\/x.com\/Mark3D_GmbH\",\"https:\/\/www.instagram.com\/mark3d_print_stronger\/\",\"https:\/\/www.linkedin.com\/company\/mark3d\/\",\"https:\/\/www.youtube.com\/channel\/UCo55w2I5eBrCvCB3oKH2WDg\"]}]}<\/script>\n<!-- \/ Yoast SEO Premium plugin. -->","yoast_head_json":{"title":"Markforged Onyx Filament (Basismaterial) \u2013 3200 cm\u00b3 Rolle - Mark3D - Markforged 3D-Drucker","description":"Onyx ist eine Mischung aus Nylon und zerkleinerten Kohlenstofffasern, die einen hochfesten Thermoplast mit hervorragender Hitzebest\u00e4ndigkeit, Oberfl\u00e4chenbeschaffenheit und Chemikalienbest\u00e4ndigkeit bietet","robots":{"index":"index","follow":"follow","max-snippet":"max-snippet:-1","max-image-preview":"max-image-preview:large","max-video-preview":"max-video-preview:-1"},"canonical":"https:\/\/www.mark3d.com\/de\/produkt\/markforged-onyx-filament-basismaterial-3200-cm\u00b3-rolle\/","og_locale":"de_DE","og_type":"article","og_title":"Markforged Onyx Filament (Basismaterial) \u2013 3200 cm\u00b3 Rolle","og_description":"Onyx ist eine Mischung aus Nylon und zerkleinerten Kohlenstofffasern, die einen hochfesten Thermoplast mit hervorragender Hitzebest\u00e4ndigkeit, Oberfl\u00e4chenbeschaffenheit und Chemikalienbest\u00e4ndigkeit bietet","og_url":"https:\/\/www.mark3d.com\/de\/produkt\/markforged-onyx-filament-basismaterial-3200-cm\u00b3-rolle\/","og_site_name":"Mark3D - Markforged 3D-Drucker","article_publisher":"https:\/\/www.facebook.com\/Mark3DGmbH\/","article_modified_time":"2024-09-03T11:17:11+00:00","og_image":[{"width":1608,"height":1072,"url":"https:\/\/www.mark3d.com\/de\/wp-content\/uploads\/2024\/01\/onyx-spool.jpg","type":"image\/jpeg"}],"twitter_card":"summary_large_image","twitter_site":"@Mark3D_GmbH","twitter_misc":{"Gesch\u00e4tzte Lesezeit":"2\u00a0Minuten"},"schema":{"@context":"https:\/\/schema.org","@graph":[{"@type":"WebPage","@id":"https:\/\/www.mark3d.com\/de\/produkt\/markforged-onyx-filament-basismaterial-3200-cm%c2%b3-rolle\/","url":"https:\/\/www.mark3d.com\/de\/produkt\/markforged-onyx-filament-basismaterial-3200-cm%c2%b3-rolle\/","name":"Markforged Onyx Filament (Basismaterial) \u2013 3200 cm\u00b3 Rolle - Mark3D - Markforged 3D-Drucker","isPartOf":{"@id":"https:\/\/www.mark3d.com\/de\/#website"},"primaryImageOfPage":{"@id":"https:\/\/www.mark3d.com\/de\/produkt\/markforged-onyx-filament-basismaterial-3200-cm%c2%b3-rolle\/#primaryimage"},"image":{"@id":"https:\/\/www.mark3d.com\/de\/produkt\/markforged-onyx-filament-basismaterial-3200-cm%c2%b3-rolle\/#primaryimage"},"thumbnailUrl":"https:\/\/www.mark3d.com\/de\/wp-content\/uploads\/2024\/01\/onyx-spool.jpg","datePublished":"2024-01-30T09:33:03+00:00","dateModified":"2024-09-03T11:17:11+00:00","description":"Onyx ist eine Mischung aus Nylon und zerkleinerten Kohlenstofffasern, die einen hochfesten Thermoplast mit hervorragender Hitzebest\u00e4ndigkeit, Oberfl\u00e4chenbeschaffenheit und Chemikalienbest\u00e4ndigkeit bietet","breadcrumb":{"@id":"https:\/\/www.mark3d.com\/de\/produkt\/markforged-onyx-filament-basismaterial-3200-cm%c2%b3-rolle\/#breadcrumb"},"inLanguage":"de","potentialAction":[{"@type":"ReadAction","target":["https:\/\/www.mark3d.com\/de\/produkt\/markforged-onyx-filament-basismaterial-3200-cm%c2%b3-rolle\/"]}]},{"@type":"ImageObject","inLanguage":"de","@id":"https:\/\/www.mark3d.com\/de\/produkt\/markforged-onyx-filament-basismaterial-3200-cm%c2%b3-rolle\/#primaryimage","url":"https:\/\/www.mark3d.com\/de\/wp-content\/uploads\/2024\/01\/onyx-spool.jpg","contentUrl":"https:\/\/www.mark3d.com\/de\/wp-content\/uploads\/2024\/01\/onyx-spool.jpg","width":1608,"height":1072},{"@type":"BreadcrumbList","@id":"https:\/\/www.mark3d.com\/de\/produkt\/markforged-onyx-filament-basismaterial-3200-cm%c2%b3-rolle\/#breadcrumb","itemListElement":[{"@type":"ListItem","position":1,"name":"Startseite","item":"https:\/\/www.mark3d.com\/de\/"},{"@type":"ListItem","position":2,"name":"Markforged 3D-Drucker, Filamente &#038; Ersatzteile online kaufen","item":"https:\/\/www.mark3d.com\/de\/shop\/"},{"@type":"ListItem","position":3,"name":"Markforged Onyx Filament (Basismaterial) \u2013 3200 cm\u00b3 Rolle"}]},{"@type":"WebSite","@id":"https:\/\/www.mark3d.com\/de\/#website","url":"https:\/\/www.mark3d.com\/de\/","name":"Mark3D","description":"Industrielle 3D Drucker von Markforged","publisher":{"@id":"https:\/\/www.mark3d.com\/de\/#organization"},"alternateName":"Mark3D GmbH","potentialAction":[{"@type":"SearchAction","target":{"@type":"EntryPoint","urlTemplate":"https:\/\/www.mark3d.com\/de\/?s={search_term_string}"},"query-input":{"@type":"PropertyValueSpecification","valueRequired":true,"valueName":"search_term_string"}}],"inLanguage":"de"},{"@type":"Organization","@id":"https:\/\/www.mark3d.com\/de\/#organization","name":"Mark3D GmbH","url":"https:\/\/www.mark3d.com\/de\/","logo":{"@type":"ImageObject","inLanguage":"de","@id":"https:\/\/www.mark3d.com\/de\/#\/schema\/logo\/image\/","url":"https:\/\/www.mark3d.com\/de\/wp-content\/uploads\/2021\/05\/markforged-linkedin.jpg","contentUrl":"https:\/\/www.mark3d.com\/de\/wp-content\/uploads\/2021\/05\/markforged-linkedin.jpg","width":800,"height":800,"caption":"Mark3D GmbH"},"image":{"@id":"https:\/\/www.mark3d.com\/de\/#\/schema\/logo\/image\/"},"sameAs":["https:\/\/www.facebook.com\/Mark3DGmbH\/","https:\/\/x.com\/Mark3D_GmbH","https:\/\/www.instagram.com\/mark3d_print_stronger\/","https:\/\/www.linkedin.com\/company\/mark3d\/","https:\/\/www.youtube.com\/channel\/UCo55w2I5eBrCvCB3oKH2WDg"]}]}},"acf":[],"_links":{"self":[{"href":"https:\/\/www.mark3d.com\/de\/wp-json\/wp\/v2\/product\/21899","targetHints":{"allow":["GET"]}}],"collection":[{"href":"https:\/\/www.mark3d.com\/de\/wp-json\/wp\/v2\/product"}],"about":[{"href":"https:\/\/www.mark3d.com\/de\/wp-json\/wp\/v2\/types\/product"}],"replies":[{"embeddable":true,"href":"https:\/\/www.mark3d.com\/de\/wp-json\/wp\/v2\/comments?post=21899"}],"wp:featuredmedia":[{"embeddable":true,"href":"https:\/\/www.mark3d.com\/de\/wp-json\/wp\/v2\/media\/21902"}],"wp:attachment":[{"href":"https:\/\/www.mark3d.com\/de\/wp-json\/wp\/v2\/media?parent=21899"}],"wp:term":[{"taxonomy":"product_brand","embeddable":true,"href":"https:\/\/www.mark3d.com\/de\/wp-json\/wp\/v2\/product_brand?post=21899"},{"taxonomy":"product_cat","embeddable":true,"href":"https:\/\/www.mark3d.com\/de\/wp-json\/wp\/v2\/product_cat?post=21899"},{"taxonomy":"product_tag","embeddable":true,"href":"https:\/\/www.mark3d.com\/de\/wp-json\/wp\/v2\/product_tag?post=21899"}],"curies":[{"name":"wp","href":"https:\/\/api.w.org\/{rel}","templated":true}]}}