{"id":22519,"date":"2024-05-07T12:32:45","date_gmt":"2024-05-07T12:32:45","guid":{"rendered":"https:\/\/www.mark3d.com\/de\/?post_type=product&#038;p=22519"},"modified":"2024-10-21T08:15:21","modified_gmt":"2024-10-21T08:15:21","slug":"markforged-fx10-der-industrie-3d-drucker-fuer-ihre-fertigung","status":"publish","type":"product","link":"https:\/\/www.mark3d.com\/de\/produkt\/markforged-fx10-der-industrie-3d-drucker-fuer-ihre-fertigung\/","title":{"rendered":"Markforged FX10 &#8211; Der Industrie 3D-Drucker f\u00fcr Ihre Fertigung"},"content":{"rendered":"<p><strong>Markforged FX10 \u2013 Der Industriestandard im 3D-Druck f\u00fcr h\u00f6chste Anspr\u00fcche<\/strong><\/p>\n<p>Erleben Sie mit dem Markforged FX10 industrielle 3D-Drucktechnologie auf h\u00f6chstem Niveau. Dieser Drucker kombiniert die FFF- und CFR-Technologien, um Bauteile mit unvergleichlicher Festigkeit, Pr\u00e4zision und Zuverl\u00e4ssigkeit zu fertigen. Mit einem Druckvolumen von 375 x 300 x 300 mm und der F\u00e4higkeit, Onyx\u00ae und Endloscarbonfasern zu verarbeiten, erf\u00fcllt der FX10 anspruchsvollste industrielle Anforderungen.<\/p>\n<p><strong>Weltneuheit &#8211; Der erste industrielle 3D-Drucker f\u00fcr Verbundwerkstoffe und Metalle<\/strong><\/p>\n<p>Mit dem im August gelaunchten Metal Kit hat der FX10 ein gro\u00dfes Upgrade erhalten.<\/p>\n<p>Mit diesem ist der FX10 in der Lage zwischen dem Drucken von Verbundwerkstoffen und dem Drucken von Metallfilamenten hin und her zu wechseln. Dadurch er\u00f6ffnen sich ganz neue M\u00f6glichkeiten \u2013 einschlie\u00dflich dem ebenfalls neuen Material <strong>316L Edelstahl<\/strong>.&nbsp;Der FX10 druckt standardm\u00e4\u00dfig Verbundwerkstoffe. Der Metalldruck ist mit einem optionalen Erweiterungskit m\u00f6glich, das mit allen FX10-Druckern kompatibel ist.<\/p>\n<p>Nach dem Druck der Bauteile folgt der gleiche Nachbearbeitungsprozess wie bei dem bereits vorhandenen Metall 3D-Drucker Metal X: Die Bauteil m\u00fcssen nach dem Drucken noch entbindert und gesintert werden, bis das Bauteil letztendlich einsatzbereit ist.&nbsp;<\/p>\n<p><strong>Merkmale:<\/strong><\/p>\n<ul>\n<li><strong>Modulares System<\/strong>: Erm\u00f6glicht einen unkomplizierten Austausch von Komponenten und unterst\u00fctzt verschiedene Druckmodule und Materialien.<\/li>\n<li><strong>Erweiterte Extrusionstechnologie<\/strong>: Die f\u00fcnfte Generation des Extrusionssystems bietet doppelte Druckgeschwindigkeit im Vergleich zum Markforged X7, ohne Kompromisse bei Pr\u00e4zision und Zuverl\u00e4ssigkeit.<\/li>\n<li><strong>Beheizte Druckkammer<\/strong>: Mit einer maximalen Temperatur von 60\u00b0C beschleunigt die Druckkammer die Produktion von Bauteilen und verbessert deren Qualit\u00e4t.<\/li>\n<li><strong>Gro\u00dfes Bauvolumen<\/strong>: Das Druckvolumen von 375 x 300 x 300 mm erm\u00f6glicht die Herstellung gro\u00dfformatiger Teile.<\/li>\n<li><strong>Pr\u00e4zises Druckbett<\/strong>: Ein vakuumversiegeltes, beheiztes Aluminium-Druckbett mit lasermikrometergest\u00fctzter Kalibrierung sorgt f\u00fcr h\u00f6chste Genauigkeit.<\/li>\n<li><strong>Automatisches Materialmanagement<\/strong>: Bis zu vier Spulen k\u00f6nnen in versiegelten F\u00e4chern gelagert und automatisch gewechselt werden, was einen kontinuierlichen 3D-Druck bei minimalem Benutzeraufwand erm\u00f6glicht.<\/li>\n<li><strong>Vision-Modul und Lasermikrometer<\/strong>: Zwei Sensoren \u00fcberwachen die Ma\u00dfhaltigkeit und Kalibrierung des Druckers, um konstante Qualit\u00e4t zu gew\u00e4hrleisten. Das Vision-Modul erfasst detaillierte Bilder der Druckteile zur Leistungsoptimierung.<\/li>\n<li><strong>Gro\u00dfer 7-Zoll-Touchscreen<\/strong>: Eine intuitive Benutzeroberfl\u00e4che erm\u00f6glicht die einfache \u00dcberwachung und Steuerung der Maschine.<\/li>\n<li><strong>Kosteneffizienz<\/strong>:&nbsp;<\/li>\n<li><strong>Effizientes Produktionsmanagement durch Eiger-Software<\/strong>: Die Markforged Eiger-Software bietet eine umfassende L\u00f6sung f\u00fcr die additive Fertigung, erm\u00f6glicht team\u00fcbergreifende Zusammenarbeit und globale Druckvorg\u00e4nge.<\/li>\n<\/ul>\n<p><strong>Einsatzgebiete des Markforged FX10:<\/strong> Der FX10 3D-Drucker bietet eine exzellente L\u00f6sung f\u00fcr verschiedene industrielle Anwendungen, von der Herstellung von Werkzeugen und Vorrichtungen bis hin zur Fertigung von Ersatzteilen und funktionsf\u00e4higen Prototypen. Seine F\u00e4higkeit, mechanisch belastbare Bauteile vor Ort zu produzieren, steigert die Effizienz und Verf\u00fcgbarkeit von Produktionssystemen erheblich. Nutzer sind damit in der Lage die Markteinf\u00fchrung von Produkten zu beschleunigen, Herstellungskosten zu reduzieren, Lagerhaltungskosten zu senken und Ausfallzeiten zu minimieren.<\/p>\n<p><strong>Materialoptionen: Onyx\u00ae und Carbonfaser<\/strong> Der FX10 bietet Hochleistungskunststoffe wie Onyx\u00ae f\u00fcr eine Vielzahl von Anwendungen. F\u00fcr Teile in Aluminiumqualit\u00e4t kann die Endlosfaserverst\u00e4rkung mit Kohlenstofffasern genutzt werden, um die Stabilit\u00e4t und Langlebigkeit zu maximieren.&nbsp;<\/p>\n<p><strong>Basismaterialien<\/strong>: Onyx\u00ae, Onyx FR, Onyx ESD<\/p>\n<p><strong>Endlosfasern<\/strong>: Carbon, Carbon FR<\/p>\n<p><strong>Metalle<\/strong>: 1.4542 Edelstahl, 316L Edelstahl (<a href=\"https:\/\/www.mark3d.com\/de\/produkt\/fx10-metal-kit-fuer-metall-3d-druck\/\" rel=\"noopener\" target=\"_blank\">Nur mit FX10 Metal Kit<\/a>)<\/p>\n","protected":false},"excerpt":{"rendered":"<p>Der Markforged FX10 \u2013 Ein Industrie 3D-Drucker der 5. Generation und das vielseitigste Werkzeug f\u00fcr Ihre Fertigung.<\/p>\n","protected":false},"featured_media":22521,"comment_status":"open","ping_status":"closed","template":"","meta":{"inline_featured_image":false},"product_brand":[],"product_cat":[7608],"product_tag":[],"class_list":{"0":"post-22519","1":"product","2":"type-product","3":"status-publish","4":"has-post-thumbnail","6":"product_cat-markforged-fx10-industrie-3d-drucker","8":"first","9":"instock","10":"taxable","11":"shipping-taxable","12":"product-type-simple"},"yoast_head":"<!-- This site is optimized with the Yoast SEO Premium plugin v27.0 (Yoast SEO v27.0) - https:\/\/yoast.com\/product\/yoast-seo-premium-wordpress\/ -->\n<title>Markforged FX10 - Der Industrie 3D-Drucker f\u00fcr Ihre Fertigung - Mark3D - Markforged 3D-Drucker<\/title>\n<meta name=\"description\" content=\"Der Markforged FX10 ist der ideale 3D-Drucker f\u00fcr den Maschinenbau und die Industrie. Festigkeit, Zuverl\u00e4ssigkeit und Plug-&amp;-Play\" \/>\n<meta name=\"robots\" content=\"index, follow, max-snippet:-1, max-image-preview:large, max-video-preview:-1\" \/>\n<link rel=\"canonical\" href=\"https:\/\/www.mark3d.com\/de\/produkt\/markforged-fx10-der-industrie-3d-drucker-fuer-ihre-fertigung\/\" \/>\n<meta property=\"og:locale\" content=\"de_DE\" \/>\n<meta property=\"og:type\" content=\"article\" \/>\n<meta property=\"og:title\" content=\"Markforged FX10 - Der Industrie 3D-Drucker f\u00fcr Ihre Fertigung\" \/>\n<meta property=\"og:description\" content=\"Der Markforged FX10 ist der ideale 3D-Drucker f\u00fcr den Maschinenbau und die Industrie. Festigkeit, Zuverl\u00e4ssigkeit und Plug-&amp;-Play\" \/>\n<meta property=\"og:url\" content=\"https:\/\/www.mark3d.com\/de\/produkt\/markforged-fx10-der-industrie-3d-drucker-fuer-ihre-fertigung\/\" \/>\n<meta property=\"og:site_name\" content=\"Mark3D - Markforged 3D-Drucker\" \/>\n<meta property=\"article:publisher\" content=\"https:\/\/www.facebook.com\/Mark3DGmbH\/\" \/>\n<meta property=\"article:modified_time\" content=\"2024-10-21T08:15:21+00:00\" \/>\n<meta property=\"og:image\" content=\"https:\/\/www.mark3d.com\/de\/wp-content\/uploads\/2024\/05\/FX10-Front-Angle-1080x1080-1.png\" \/>\n\t<meta property=\"og:image:width\" content=\"1080\" \/>\n\t<meta property=\"og:image:height\" content=\"1080\" \/>\n\t<meta property=\"og:image:type\" content=\"image\/png\" \/>\n<meta name=\"twitter:card\" content=\"summary_large_image\" \/>\n<meta name=\"twitter:site\" content=\"@Mark3D_GmbH\" \/>\n<meta name=\"twitter:label1\" content=\"Gesch\u00e4tzte Lesezeit\" \/>\n\t<meta name=\"twitter:data1\" content=\"3\u00a0Minuten\" \/>\n<script type=\"application\/ld+json\" class=\"yoast-schema-graph\">{\"@context\":\"https:\/\/schema.org\",\"@graph\":[{\"@type\":\"WebPage\",\"@id\":\"https:\/\/www.mark3d.com\/de\/produkt\/markforged-fx10-der-industrie-3d-drucker-fuer-ihre-fertigung\/\",\"url\":\"https:\/\/www.mark3d.com\/de\/produkt\/markforged-fx10-der-industrie-3d-drucker-fuer-ihre-fertigung\/\",\"name\":\"Markforged FX10 - Der Industrie 3D-Drucker f\u00fcr Ihre Fertigung - Mark3D - Markforged 3D-Drucker\",\"isPartOf\":{\"@id\":\"https:\/\/www.mark3d.com\/de\/#website\"},\"primaryImageOfPage\":{\"@id\":\"https:\/\/www.mark3d.com\/de\/produkt\/markforged-fx10-der-industrie-3d-drucker-fuer-ihre-fertigung\/#primaryimage\"},\"image\":{\"@id\":\"https:\/\/www.mark3d.com\/de\/produkt\/markforged-fx10-der-industrie-3d-drucker-fuer-ihre-fertigung\/#primaryimage\"},\"thumbnailUrl\":\"https:\/\/www.mark3d.com\/de\/wp-content\/uploads\/2024\/05\/FX10-Front-Angle-1080x1080-1.png\",\"datePublished\":\"2024-05-07T12:32:45+00:00\",\"dateModified\":\"2024-10-21T08:15:21+00:00\",\"description\":\"Der Markforged FX10 ist der ideale 3D-Drucker f\u00fcr den Maschinenbau und die Industrie. Festigkeit, Zuverl\u00e4ssigkeit und Plug-&-Play\",\"breadcrumb\":{\"@id\":\"https:\/\/www.mark3d.com\/de\/produkt\/markforged-fx10-der-industrie-3d-drucker-fuer-ihre-fertigung\/#breadcrumb\"},\"inLanguage\":\"de\",\"potentialAction\":[{\"@type\":\"ReadAction\",\"target\":[\"https:\/\/www.mark3d.com\/de\/produkt\/markforged-fx10-der-industrie-3d-drucker-fuer-ihre-fertigung\/\"]}]},{\"@type\":\"ImageObject\",\"inLanguage\":\"de\",\"@id\":\"https:\/\/www.mark3d.com\/de\/produkt\/markforged-fx10-der-industrie-3d-drucker-fuer-ihre-fertigung\/#primaryimage\",\"url\":\"https:\/\/www.mark3d.com\/de\/wp-content\/uploads\/2024\/05\/FX10-Front-Angle-1080x1080-1.png\",\"contentUrl\":\"https:\/\/www.mark3d.com\/de\/wp-content\/uploads\/2024\/05\/FX10-Front-Angle-1080x1080-1.png\",\"width\":1080,\"height\":1080},{\"@type\":\"BreadcrumbList\",\"@id\":\"https:\/\/www.mark3d.com\/de\/produkt\/markforged-fx10-der-industrie-3d-drucker-fuer-ihre-fertigung\/#breadcrumb\",\"itemListElement\":[{\"@type\":\"ListItem\",\"position\":1,\"name\":\"Startseite\",\"item\":\"https:\/\/www.mark3d.com\/de\/\"},{\"@type\":\"ListItem\",\"position\":2,\"name\":\"Markforged 3D-Drucker, Filamente &#038; Ersatzteile online kaufen\",\"item\":\"https:\/\/www.mark3d.com\/de\/shop\/\"},{\"@type\":\"ListItem\",\"position\":3,\"name\":\"Markforged FX10 &#8211; Der Industrie 3D-Drucker f\u00fcr Ihre Fertigung\"}]},{\"@type\":\"WebSite\",\"@id\":\"https:\/\/www.mark3d.com\/de\/#website\",\"url\":\"https:\/\/www.mark3d.com\/de\/\",\"name\":\"Mark3D\",\"description\":\"Industrielle 3D Drucker von Markforged\",\"publisher\":{\"@id\":\"https:\/\/www.mark3d.com\/de\/#organization\"},\"alternateName\":\"Mark3D GmbH\",\"potentialAction\":[{\"@type\":\"SearchAction\",\"target\":{\"@type\":\"EntryPoint\",\"urlTemplate\":\"https:\/\/www.mark3d.com\/de\/?s={search_term_string}\"},\"query-input\":{\"@type\":\"PropertyValueSpecification\",\"valueRequired\":true,\"valueName\":\"search_term_string\"}}],\"inLanguage\":\"de\"},{\"@type\":\"Organization\",\"@id\":\"https:\/\/www.mark3d.com\/de\/#organization\",\"name\":\"Mark3D GmbH\",\"url\":\"https:\/\/www.mark3d.com\/de\/\",\"logo\":{\"@type\":\"ImageObject\",\"inLanguage\":\"de\",\"@id\":\"https:\/\/www.mark3d.com\/de\/#\/schema\/logo\/image\/\",\"url\":\"https:\/\/www.mark3d.com\/de\/wp-content\/uploads\/2021\/05\/markforged-linkedin.jpg\",\"contentUrl\":\"https:\/\/www.mark3d.com\/de\/wp-content\/uploads\/2021\/05\/markforged-linkedin.jpg\",\"width\":800,\"height\":800,\"caption\":\"Mark3D GmbH\"},\"image\":{\"@id\":\"https:\/\/www.mark3d.com\/de\/#\/schema\/logo\/image\/\"},\"sameAs\":[\"https:\/\/www.facebook.com\/Mark3DGmbH\/\",\"https:\/\/x.com\/Mark3D_GmbH\",\"https:\/\/www.instagram.com\/mark3d_print_stronger\/\",\"https:\/\/www.linkedin.com\/company\/mark3d\/\",\"https:\/\/www.youtube.com\/channel\/UCo55w2I5eBrCvCB3oKH2WDg\"]}]}<\/script>\n<!-- \/ Yoast SEO Premium plugin. -->","yoast_head_json":{"title":"Markforged FX10 - Der Industrie 3D-Drucker f\u00fcr Ihre Fertigung - Mark3D - Markforged 3D-Drucker","description":"Der Markforged FX10 ist der ideale 3D-Drucker f\u00fcr den Maschinenbau und die Industrie. Festigkeit, Zuverl\u00e4ssigkeit und Plug-&-Play","robots":{"index":"index","follow":"follow","max-snippet":"max-snippet:-1","max-image-preview":"max-image-preview:large","max-video-preview":"max-video-preview:-1"},"canonical":"https:\/\/www.mark3d.com\/de\/produkt\/markforged-fx10-der-industrie-3d-drucker-fuer-ihre-fertigung\/","og_locale":"de_DE","og_type":"article","og_title":"Markforged FX10 - Der Industrie 3D-Drucker f\u00fcr Ihre Fertigung","og_description":"Der Markforged FX10 ist der ideale 3D-Drucker f\u00fcr den Maschinenbau und die Industrie. Festigkeit, Zuverl\u00e4ssigkeit und Plug-&-Play","og_url":"https:\/\/www.mark3d.com\/de\/produkt\/markforged-fx10-der-industrie-3d-drucker-fuer-ihre-fertigung\/","og_site_name":"Mark3D - Markforged 3D-Drucker","article_publisher":"https:\/\/www.facebook.com\/Mark3DGmbH\/","article_modified_time":"2024-10-21T08:15:21+00:00","og_image":[{"width":1080,"height":1080,"url":"https:\/\/www.mark3d.com\/de\/wp-content\/uploads\/2024\/05\/FX10-Front-Angle-1080x1080-1.png","type":"image\/png"}],"twitter_card":"summary_large_image","twitter_site":"@Mark3D_GmbH","twitter_misc":{"Gesch\u00e4tzte Lesezeit":"3\u00a0Minuten"},"schema":{"@context":"https:\/\/schema.org","@graph":[{"@type":"WebPage","@id":"https:\/\/www.mark3d.com\/de\/produkt\/markforged-fx10-der-industrie-3d-drucker-fuer-ihre-fertigung\/","url":"https:\/\/www.mark3d.com\/de\/produkt\/markforged-fx10-der-industrie-3d-drucker-fuer-ihre-fertigung\/","name":"Markforged FX10 - Der Industrie 3D-Drucker f\u00fcr Ihre Fertigung - Mark3D - Markforged 3D-Drucker","isPartOf":{"@id":"https:\/\/www.mark3d.com\/de\/#website"},"primaryImageOfPage":{"@id":"https:\/\/www.mark3d.com\/de\/produkt\/markforged-fx10-der-industrie-3d-drucker-fuer-ihre-fertigung\/#primaryimage"},"image":{"@id":"https:\/\/www.mark3d.com\/de\/produkt\/markforged-fx10-der-industrie-3d-drucker-fuer-ihre-fertigung\/#primaryimage"},"thumbnailUrl":"https:\/\/www.mark3d.com\/de\/wp-content\/uploads\/2024\/05\/FX10-Front-Angle-1080x1080-1.png","datePublished":"2024-05-07T12:32:45+00:00","dateModified":"2024-10-21T08:15:21+00:00","description":"Der Markforged FX10 ist der ideale 3D-Drucker f\u00fcr den Maschinenbau und die Industrie. Festigkeit, Zuverl\u00e4ssigkeit und Plug-&-Play","breadcrumb":{"@id":"https:\/\/www.mark3d.com\/de\/produkt\/markforged-fx10-der-industrie-3d-drucker-fuer-ihre-fertigung\/#breadcrumb"},"inLanguage":"de","potentialAction":[{"@type":"ReadAction","target":["https:\/\/www.mark3d.com\/de\/produkt\/markforged-fx10-der-industrie-3d-drucker-fuer-ihre-fertigung\/"]}]},{"@type":"ImageObject","inLanguage":"de","@id":"https:\/\/www.mark3d.com\/de\/produkt\/markforged-fx10-der-industrie-3d-drucker-fuer-ihre-fertigung\/#primaryimage","url":"https:\/\/www.mark3d.com\/de\/wp-content\/uploads\/2024\/05\/FX10-Front-Angle-1080x1080-1.png","contentUrl":"https:\/\/www.mark3d.com\/de\/wp-content\/uploads\/2024\/05\/FX10-Front-Angle-1080x1080-1.png","width":1080,"height":1080},{"@type":"BreadcrumbList","@id":"https:\/\/www.mark3d.com\/de\/produkt\/markforged-fx10-der-industrie-3d-drucker-fuer-ihre-fertigung\/#breadcrumb","itemListElement":[{"@type":"ListItem","position":1,"name":"Startseite","item":"https:\/\/www.mark3d.com\/de\/"},{"@type":"ListItem","position":2,"name":"Markforged 3D-Drucker, Filamente &#038; Ersatzteile online kaufen","item":"https:\/\/www.mark3d.com\/de\/shop\/"},{"@type":"ListItem","position":3,"name":"Markforged FX10 &#8211; Der Industrie 3D-Drucker f\u00fcr Ihre Fertigung"}]},{"@type":"WebSite","@id":"https:\/\/www.mark3d.com\/de\/#website","url":"https:\/\/www.mark3d.com\/de\/","name":"Mark3D","description":"Industrielle 3D Drucker von Markforged","publisher":{"@id":"https:\/\/www.mark3d.com\/de\/#organization"},"alternateName":"Mark3D GmbH","potentialAction":[{"@type":"SearchAction","target":{"@type":"EntryPoint","urlTemplate":"https:\/\/www.mark3d.com\/de\/?s={search_term_string}"},"query-input":{"@type":"PropertyValueSpecification","valueRequired":true,"valueName":"search_term_string"}}],"inLanguage":"de"},{"@type":"Organization","@id":"https:\/\/www.mark3d.com\/de\/#organization","name":"Mark3D GmbH","url":"https:\/\/www.mark3d.com\/de\/","logo":{"@type":"ImageObject","inLanguage":"de","@id":"https:\/\/www.mark3d.com\/de\/#\/schema\/logo\/image\/","url":"https:\/\/www.mark3d.com\/de\/wp-content\/uploads\/2021\/05\/markforged-linkedin.jpg","contentUrl":"https:\/\/www.mark3d.com\/de\/wp-content\/uploads\/2021\/05\/markforged-linkedin.jpg","width":800,"height":800,"caption":"Mark3D GmbH"},"image":{"@id":"https:\/\/www.mark3d.com\/de\/#\/schema\/logo\/image\/"},"sameAs":["https:\/\/www.facebook.com\/Mark3DGmbH\/","https:\/\/x.com\/Mark3D_GmbH","https:\/\/www.instagram.com\/mark3d_print_stronger\/","https:\/\/www.linkedin.com\/company\/mark3d\/","https:\/\/www.youtube.com\/channel\/UCo55w2I5eBrCvCB3oKH2WDg"]}]}},"acf":[],"_links":{"self":[{"href":"https:\/\/www.mark3d.com\/de\/wp-json\/wp\/v2\/product\/22519","targetHints":{"allow":["GET"]}}],"collection":[{"href":"https:\/\/www.mark3d.com\/de\/wp-json\/wp\/v2\/product"}],"about":[{"href":"https:\/\/www.mark3d.com\/de\/wp-json\/wp\/v2\/types\/product"}],"replies":[{"embeddable":true,"href":"https:\/\/www.mark3d.com\/de\/wp-json\/wp\/v2\/comments?post=22519"}],"wp:featuredmedia":[{"embeddable":true,"href":"https:\/\/www.mark3d.com\/de\/wp-json\/wp\/v2\/media\/22521"}],"wp:attachment":[{"href":"https:\/\/www.mark3d.com\/de\/wp-json\/wp\/v2\/media?parent=22519"}],"wp:term":[{"taxonomy":"product_brand","embeddable":true,"href":"https:\/\/www.mark3d.com\/de\/wp-json\/wp\/v2\/product_brand?post=22519"},{"taxonomy":"product_cat","embeddable":true,"href":"https:\/\/www.mark3d.com\/de\/wp-json\/wp\/v2\/product_cat?post=22519"},{"taxonomy":"product_tag","embeddable":true,"href":"https:\/\/www.mark3d.com\/de\/wp-json\/wp\/v2\/product_tag?post=22519"}],"curies":[{"name":"wp","href":"https:\/\/api.w.org\/{rel}","templated":true}]}}