{"id":23670,"date":"2024-08-30T11:32:51","date_gmt":"2024-08-30T11:32:51","guid":{"rendered":"https:\/\/www.mark3d.com\/de\/?post_type=product&#038;p=23670"},"modified":"2024-09-13T08:59:22","modified_gmt":"2024-09-13T08:59:22","slug":"fx10-metal-kit-fuer-metall-3d-druck","status":"publish","type":"product","link":"https:\/\/www.mark3d.com\/de\/produkt\/fx10-metal-kit-fuer-metall-3d-druck\/","title":{"rendered":"Markforged FX10 Metal Kit jetzt kaufen- f\u00fcr Metall 3D-Druck"},"content":{"rendered":"<p><strong>Markforged FX10 Metall-Kit jetzt kaufen<\/strong><\/p>\n<p>Erschlie\u00dfen Sie den Metall 3D-Druck mit dem<a href=\"\/de\/markforged-fx10\/\" target=\"_blank\" rel=\"noopener\"> Markforged FX10<\/a>, indem Sie das Markforged FX10 Metal Kit hinzuf\u00fcgen. Mit diesem optionalen Upgrade kann der FX10-Drucker Metallfilamente wie <a href=\"\/de\/markforged-17-4-edelstahl-druckmaterial\/\" target=\"_blank\" rel=\"noopener\">17-4 PH Stainless Steel V2<\/a> und 316L verarbeiten, weitere Optionen werden folgen. Die gedruckten Metallteile k\u00f6nnen dann mit dem Markforged <a href=\"\/de\/produkt\/markforged-waschmaschine-1-fuer-den-metal-x-3d-drucker\/\" target=\"_blank\" rel=\"noopener\">Wash-1<\/a> und <a href=\"\/de\/produkt\/markforged-sinterofen-1-fuer-den-metal-x-3d-drucker\/\" target=\"_blank\" rel=\"noopener\">Sinter-1<\/a> oder <a href=\"\/de\/produkt\/markforged-sinterofen-2-fuer-den-metal-x-3d-drucker\/\" target=\"_blank\" rel=\"noopener\">Sinter-2<\/a> nachbearbeitet werden. Gern vermitteln wir hier jedoch auch Dienstleister, die das Post-Processing \u00fcbernehmen.<\/p>\n<p>Der Wechsel zwischen Metall- und Verbundwerkstoffdruck erfolgt nahtlos innerhalb von wenigen Minuten. Die Maschine erkennt den aktiven Modus, der auch in der <a href=\"\/de\/eiger-software\/\" target=\"_blank\" rel=\"noopener\">Markforged Eiger-Software<\/a> sichtbar ist, und mit der Auswahl an industriellen Materialien in Fertigungsqualit\u00e4t ist der <a href=\"\/de\/mark3d-news\/markforged-erweitert-den-industriellen-3d-drucker-fx10-um-den-metalldruck\/\" target=\"_blank\" rel=\"noopener\">FX10 einer der besten und hochwertigsten 3D-Drucker auf dem Markt.<\/a><\/p>\n<p><strong>Im FX10 Metal Kit enthalten:<\/strong><\/p>\n<ul>\n<li>Metall-Druckkopf: Ersetzt den Composite-Druckkopf.<\/li>\n<li>Material-R\u00f6hren: Metall-spezifische R\u00f6hren.<\/li>\n<li>Material-F\u00fchrungsblock: Ma\u00dfgeschneidert f\u00fcr Metallmaterialien.<\/li>\n<li>Doppelte Vor-Extruder: Werden bei Erhalt des Kits installiert, um Kompatibilit\u00e4t sowohl mit Verbundwerkstoffen als auch mit Metall zu gew\u00e4hrleisten.<\/li>\n<li>Einfache Installation<\/li>\n<li>Das modulare Design des FX10 vereinfacht den Aufr\u00fcstungsprozess. Das Auswechseln von Komponenten wie Druckkopf und Routingblock dauert etwa 15 Minuten, plus eine Stunde f\u00fcr die Kalibrierung. Die Benutzer k\u00f6nnen dies problemlos ohne externe Hilfe durchf\u00fchren.<\/li>\n<\/ul>\n<p><strong>Einfache Installation<\/strong><br \/>\nDas modulare Design des FX10 vereinfacht den Aufr\u00fcstungsprozess. Der Austausch von Komponenten wie Druckkopf und Routingblock dauert etwa 15 Minuten, plus eine Stunde f\u00fcr die Kalibrierung. Die Benutzer k\u00f6nnen dies problemlos ohne externe Hilfe durchf\u00fchren.<\/p>\n<p><strong>Kompatibilit\u00e4t<\/strong><br \/>\nNur kompatibel mit dem <a href=\"https:\/\/www.mark3d.com\/de\/markforged-fx10\">Markforged FX10<\/a>.<\/p>\n<p><strong>Paket enth\u00e4lt:<br \/>\n<\/strong>1 x Markforged FX10 Metall-Kit<\/p>\n<p>&nbsp;<\/p>\n<p>Die Mark3D Europe ist Ihr Partner f\u00fcr Markforged High-End 3D-Drucker, Materialien, Software und Zubeh\u00f6r f\u00fcr Industrieanwendungen. <a href=\"\/de\/kontakt\/\" target=\"_blank\" rel=\"noopener\">Nehmen Sie Kontakt auf.<\/a> Tel.: 49 (0) 7361 63396 05<\/p>\n","protected":false},"excerpt":{"rendered":"<p>Markforged FX10 Metall-Kit jetzt kaufen Erschlie\u00dfen Sie den Metall 3D-Druck mit dem Markforged FX10, indem Sie das Markforged FX10 Metal Kit hinzuf\u00fcgen. Mit diesem optionalen Upgrade kann der FX10-Drucker Metallfilamente wie 17-4 PH Stainless Steel V2 und 316L verarbeiten, weitere Optionen werden folgen. Die gedruckten Metallteile k\u00f6nnen dann mit dem Markforged Wash-1 und Sinter-1 oder  [&#8230;]<\/p>\n","protected":false},"featured_media":23675,"comment_status":"open","ping_status":"closed","template":"","meta":{"inline_featured_image":false},"product_brand":[],"product_cat":[7608,71],"product_tag":[],"class_list":{"0":"post-23670","1":"product","2":"type-product","3":"status-publish","4":"has-post-thumbnail","6":"product_cat-markforged-fx10-industrie-3d-drucker","7":"product_cat-zubehoer-ersatzteile","8":"product_shipping_class-versicherter-versand","10":"first","11":"instock","12":"taxable","13":"shipping-taxable","14":"purchasable","15":"product-type-simple"},"yoast_head":"<!-- This site is optimized with the Yoast SEO Premium plugin v27.0 (Yoast SEO v27.0) - https:\/\/yoast.com\/product\/yoast-seo-premium-wordpress\/ -->\n<title>FX10 Metal Kit f\u00fcr Metall 3D-Druck jetzt online kaufen<\/title>\n<meta name=\"description\" content=\"Erschlie\u00dfen Sie den 3D-Metalldruck mit dem FX10, indem Sie das Markforged FX10 Metal Kit hinzuf\u00fcgen. Somit k\u00f6nnen Sie zwischen Metall und Verbundstoffen wechseln.\" \/>\n<meta name=\"robots\" content=\"index, follow, max-snippet:-1, max-image-preview:large, max-video-preview:-1\" \/>\n<link rel=\"canonical\" href=\"https:\/\/www.mark3d.com\/de\/produkt\/fx10-metal-kit-fuer-metall-3d-druck\/\" \/>\n<meta property=\"og:locale\" content=\"de_DE\" \/>\n<meta property=\"og:type\" content=\"article\" \/>\n<meta property=\"og:title\" content=\"Markforged FX10 Metal Kit jetzt kaufen- f\u00fcr Metall 3D-Druck\" \/>\n<meta property=\"og:description\" content=\"Erschlie\u00dfen Sie den 3D-Metalldruck mit dem FX10, indem Sie das Markforged FX10 Metal Kit hinzuf\u00fcgen. Somit k\u00f6nnen Sie zwischen Metall und Verbundstoffen wechseln.\" \/>\n<meta property=\"og:url\" content=\"https:\/\/www.mark3d.com\/de\/produkt\/fx10-metal-kit-fuer-metall-3d-druck\/\" \/>\n<meta property=\"og:site_name\" content=\"Mark3D - Markforged 3D-Drucker\" \/>\n<meta property=\"article:publisher\" content=\"https:\/\/www.facebook.com\/Mark3DGmbH\/\" \/>\n<meta property=\"article:modified_time\" content=\"2024-09-13T08:59:22+00:00\" \/>\n<meta property=\"og:image\" content=\"https:\/\/www.mark3d.com\/de\/wp-content\/uploads\/2024\/08\/FX10-Metal-Printhead-Hero.jpg\" \/>\n\t<meta property=\"og:image:width\" content=\"1920\" \/>\n\t<meta property=\"og:image:height\" content=\"1440\" \/>\n\t<meta property=\"og:image:type\" content=\"image\/jpeg\" \/>\n<meta name=\"twitter:card\" content=\"summary_large_image\" \/>\n<meta name=\"twitter:site\" content=\"@Mark3D_GmbH\" \/>\n<meta name=\"twitter:label1\" content=\"Gesch\u00e4tzte Lesezeit\" \/>\n\t<meta name=\"twitter:data1\" content=\"2\u00a0Minuten\" \/>\n<script type=\"application\/ld+json\" class=\"yoast-schema-graph\">{\"@context\":\"https:\/\/schema.org\",\"@graph\":[{\"@type\":\"WebPage\",\"@id\":\"https:\/\/www.mark3d.com\/de\/produkt\/fx10-metal-kit-fuer-metall-3d-druck\/\",\"url\":\"https:\/\/www.mark3d.com\/de\/produkt\/fx10-metal-kit-fuer-metall-3d-druck\/\",\"name\":\"FX10 Metal Kit f\u00fcr Metall 3D-Druck jetzt online kaufen\",\"isPartOf\":{\"@id\":\"https:\/\/www.mark3d.com\/de\/#website\"},\"primaryImageOfPage\":{\"@id\":\"https:\/\/www.mark3d.com\/de\/produkt\/fx10-metal-kit-fuer-metall-3d-druck\/#primaryimage\"},\"image\":{\"@id\":\"https:\/\/www.mark3d.com\/de\/produkt\/fx10-metal-kit-fuer-metall-3d-druck\/#primaryimage\"},\"thumbnailUrl\":\"https:\/\/www.mark3d.com\/de\/wp-content\/uploads\/2024\/08\/FX10-Metal-Printhead-Hero.jpg\",\"datePublished\":\"2024-08-30T11:32:51+00:00\",\"dateModified\":\"2024-09-13T08:59:22+00:00\",\"description\":\"Erschlie\u00dfen Sie den 3D-Metalldruck mit dem FX10, indem Sie das Markforged FX10 Metal Kit hinzuf\u00fcgen. Somit k\u00f6nnen Sie zwischen Metall und Verbundstoffen wechseln.\",\"breadcrumb\":{\"@id\":\"https:\/\/www.mark3d.com\/de\/produkt\/fx10-metal-kit-fuer-metall-3d-druck\/#breadcrumb\"},\"inLanguage\":\"de\",\"potentialAction\":[{\"@type\":\"ReadAction\",\"target\":[\"https:\/\/www.mark3d.com\/de\/produkt\/fx10-metal-kit-fuer-metall-3d-druck\/\"]}]},{\"@type\":\"ImageObject\",\"inLanguage\":\"de\",\"@id\":\"https:\/\/www.mark3d.com\/de\/produkt\/fx10-metal-kit-fuer-metall-3d-druck\/#primaryimage\",\"url\":\"https:\/\/www.mark3d.com\/de\/wp-content\/uploads\/2024\/08\/FX10-Metal-Printhead-Hero.jpg\",\"contentUrl\":\"https:\/\/www.mark3d.com\/de\/wp-content\/uploads\/2024\/08\/FX10-Metal-Printhead-Hero.jpg\",\"width\":1920,\"height\":1440},{\"@type\":\"BreadcrumbList\",\"@id\":\"https:\/\/www.mark3d.com\/de\/produkt\/fx10-metal-kit-fuer-metall-3d-druck\/#breadcrumb\",\"itemListElement\":[{\"@type\":\"ListItem\",\"position\":1,\"name\":\"Startseite\",\"item\":\"https:\/\/www.mark3d.com\/de\/\"},{\"@type\":\"ListItem\",\"position\":2,\"name\":\"Markforged 3D-Drucker, Filamente &#038; Ersatzteile online kaufen\",\"item\":\"https:\/\/www.mark3d.com\/de\/shop\/\"},{\"@type\":\"ListItem\",\"position\":3,\"name\":\"Markforged FX10 Metal Kit jetzt kaufen- f\u00fcr Metall 3D-Druck\"}]},{\"@type\":\"WebSite\",\"@id\":\"https:\/\/www.mark3d.com\/de\/#website\",\"url\":\"https:\/\/www.mark3d.com\/de\/\",\"name\":\"Mark3D\",\"description\":\"Industrielle 3D Drucker von Markforged\",\"publisher\":{\"@id\":\"https:\/\/www.mark3d.com\/de\/#organization\"},\"alternateName\":\"Mark3D GmbH\",\"potentialAction\":[{\"@type\":\"SearchAction\",\"target\":{\"@type\":\"EntryPoint\",\"urlTemplate\":\"https:\/\/www.mark3d.com\/de\/?s={search_term_string}\"},\"query-input\":{\"@type\":\"PropertyValueSpecification\",\"valueRequired\":true,\"valueName\":\"search_term_string\"}}],\"inLanguage\":\"de\"},{\"@type\":\"Organization\",\"@id\":\"https:\/\/www.mark3d.com\/de\/#organization\",\"name\":\"Mark3D GmbH\",\"url\":\"https:\/\/www.mark3d.com\/de\/\",\"logo\":{\"@type\":\"ImageObject\",\"inLanguage\":\"de\",\"@id\":\"https:\/\/www.mark3d.com\/de\/#\/schema\/logo\/image\/\",\"url\":\"https:\/\/www.mark3d.com\/de\/wp-content\/uploads\/2021\/05\/markforged-linkedin.jpg\",\"contentUrl\":\"https:\/\/www.mark3d.com\/de\/wp-content\/uploads\/2021\/05\/markforged-linkedin.jpg\",\"width\":800,\"height\":800,\"caption\":\"Mark3D GmbH\"},\"image\":{\"@id\":\"https:\/\/www.mark3d.com\/de\/#\/schema\/logo\/image\/\"},\"sameAs\":[\"https:\/\/www.facebook.com\/Mark3DGmbH\/\",\"https:\/\/x.com\/Mark3D_GmbH\",\"https:\/\/www.instagram.com\/mark3d_print_stronger\/\",\"https:\/\/www.linkedin.com\/company\/mark3d\/\",\"https:\/\/www.youtube.com\/channel\/UCo55w2I5eBrCvCB3oKH2WDg\"]}]}<\/script>\n<!-- \/ Yoast SEO Premium plugin. -->","yoast_head_json":{"title":"FX10 Metal Kit f\u00fcr Metall 3D-Druck jetzt online kaufen","description":"Erschlie\u00dfen Sie den 3D-Metalldruck mit dem FX10, indem Sie das Markforged FX10 Metal Kit hinzuf\u00fcgen. Somit k\u00f6nnen Sie zwischen Metall und Verbundstoffen wechseln.","robots":{"index":"index","follow":"follow","max-snippet":"max-snippet:-1","max-image-preview":"max-image-preview:large","max-video-preview":"max-video-preview:-1"},"canonical":"https:\/\/www.mark3d.com\/de\/produkt\/fx10-metal-kit-fuer-metall-3d-druck\/","og_locale":"de_DE","og_type":"article","og_title":"Markforged FX10 Metal Kit jetzt kaufen- f\u00fcr Metall 3D-Druck","og_description":"Erschlie\u00dfen Sie den 3D-Metalldruck mit dem FX10, indem Sie das Markforged FX10 Metal Kit hinzuf\u00fcgen. Somit k\u00f6nnen Sie zwischen Metall und Verbundstoffen wechseln.","og_url":"https:\/\/www.mark3d.com\/de\/produkt\/fx10-metal-kit-fuer-metall-3d-druck\/","og_site_name":"Mark3D - Markforged 3D-Drucker","article_publisher":"https:\/\/www.facebook.com\/Mark3DGmbH\/","article_modified_time":"2024-09-13T08:59:22+00:00","og_image":[{"width":1920,"height":1440,"url":"https:\/\/www.mark3d.com\/de\/wp-content\/uploads\/2024\/08\/FX10-Metal-Printhead-Hero.jpg","type":"image\/jpeg"}],"twitter_card":"summary_large_image","twitter_site":"@Mark3D_GmbH","twitter_misc":{"Gesch\u00e4tzte Lesezeit":"2\u00a0Minuten"},"schema":{"@context":"https:\/\/schema.org","@graph":[{"@type":"WebPage","@id":"https:\/\/www.mark3d.com\/de\/produkt\/fx10-metal-kit-fuer-metall-3d-druck\/","url":"https:\/\/www.mark3d.com\/de\/produkt\/fx10-metal-kit-fuer-metall-3d-druck\/","name":"FX10 Metal Kit f\u00fcr Metall 3D-Druck jetzt online kaufen","isPartOf":{"@id":"https:\/\/www.mark3d.com\/de\/#website"},"primaryImageOfPage":{"@id":"https:\/\/www.mark3d.com\/de\/produkt\/fx10-metal-kit-fuer-metall-3d-druck\/#primaryimage"},"image":{"@id":"https:\/\/www.mark3d.com\/de\/produkt\/fx10-metal-kit-fuer-metall-3d-druck\/#primaryimage"},"thumbnailUrl":"https:\/\/www.mark3d.com\/de\/wp-content\/uploads\/2024\/08\/FX10-Metal-Printhead-Hero.jpg","datePublished":"2024-08-30T11:32:51+00:00","dateModified":"2024-09-13T08:59:22+00:00","description":"Erschlie\u00dfen Sie den 3D-Metalldruck mit dem FX10, indem Sie das Markforged FX10 Metal Kit hinzuf\u00fcgen. Somit k\u00f6nnen Sie zwischen Metall und Verbundstoffen wechseln.","breadcrumb":{"@id":"https:\/\/www.mark3d.com\/de\/produkt\/fx10-metal-kit-fuer-metall-3d-druck\/#breadcrumb"},"inLanguage":"de","potentialAction":[{"@type":"ReadAction","target":["https:\/\/www.mark3d.com\/de\/produkt\/fx10-metal-kit-fuer-metall-3d-druck\/"]}]},{"@type":"ImageObject","inLanguage":"de","@id":"https:\/\/www.mark3d.com\/de\/produkt\/fx10-metal-kit-fuer-metall-3d-druck\/#primaryimage","url":"https:\/\/www.mark3d.com\/de\/wp-content\/uploads\/2024\/08\/FX10-Metal-Printhead-Hero.jpg","contentUrl":"https:\/\/www.mark3d.com\/de\/wp-content\/uploads\/2024\/08\/FX10-Metal-Printhead-Hero.jpg","width":1920,"height":1440},{"@type":"BreadcrumbList","@id":"https:\/\/www.mark3d.com\/de\/produkt\/fx10-metal-kit-fuer-metall-3d-druck\/#breadcrumb","itemListElement":[{"@type":"ListItem","position":1,"name":"Startseite","item":"https:\/\/www.mark3d.com\/de\/"},{"@type":"ListItem","position":2,"name":"Markforged 3D-Drucker, Filamente &#038; Ersatzteile online kaufen","item":"https:\/\/www.mark3d.com\/de\/shop\/"},{"@type":"ListItem","position":3,"name":"Markforged FX10 Metal Kit jetzt kaufen- f\u00fcr Metall 3D-Druck"}]},{"@type":"WebSite","@id":"https:\/\/www.mark3d.com\/de\/#website","url":"https:\/\/www.mark3d.com\/de\/","name":"Mark3D","description":"Industrielle 3D Drucker von Markforged","publisher":{"@id":"https:\/\/www.mark3d.com\/de\/#organization"},"alternateName":"Mark3D GmbH","potentialAction":[{"@type":"SearchAction","target":{"@type":"EntryPoint","urlTemplate":"https:\/\/www.mark3d.com\/de\/?s={search_term_string}"},"query-input":{"@type":"PropertyValueSpecification","valueRequired":true,"valueName":"search_term_string"}}],"inLanguage":"de"},{"@type":"Organization","@id":"https:\/\/www.mark3d.com\/de\/#organization","name":"Mark3D GmbH","url":"https:\/\/www.mark3d.com\/de\/","logo":{"@type":"ImageObject","inLanguage":"de","@id":"https:\/\/www.mark3d.com\/de\/#\/schema\/logo\/image\/","url":"https:\/\/www.mark3d.com\/de\/wp-content\/uploads\/2021\/05\/markforged-linkedin.jpg","contentUrl":"https:\/\/www.mark3d.com\/de\/wp-content\/uploads\/2021\/05\/markforged-linkedin.jpg","width":800,"height":800,"caption":"Mark3D GmbH"},"image":{"@id":"https:\/\/www.mark3d.com\/de\/#\/schema\/logo\/image\/"},"sameAs":["https:\/\/www.facebook.com\/Mark3DGmbH\/","https:\/\/x.com\/Mark3D_GmbH","https:\/\/www.instagram.com\/mark3d_print_stronger\/","https:\/\/www.linkedin.com\/company\/mark3d\/","https:\/\/www.youtube.com\/channel\/UCo55w2I5eBrCvCB3oKH2WDg"]}]}},"acf":[],"_links":{"self":[{"href":"https:\/\/www.mark3d.com\/de\/wp-json\/wp\/v2\/product\/23670","targetHints":{"allow":["GET"]}}],"collection":[{"href":"https:\/\/www.mark3d.com\/de\/wp-json\/wp\/v2\/product"}],"about":[{"href":"https:\/\/www.mark3d.com\/de\/wp-json\/wp\/v2\/types\/product"}],"replies":[{"embeddable":true,"href":"https:\/\/www.mark3d.com\/de\/wp-json\/wp\/v2\/comments?post=23670"}],"wp:featuredmedia":[{"embeddable":true,"href":"https:\/\/www.mark3d.com\/de\/wp-json\/wp\/v2\/media\/23675"}],"wp:attachment":[{"href":"https:\/\/www.mark3d.com\/de\/wp-json\/wp\/v2\/media?parent=23670"}],"wp:term":[{"taxonomy":"product_brand","embeddable":true,"href":"https:\/\/www.mark3d.com\/de\/wp-json\/wp\/v2\/product_brand?post=23670"},{"taxonomy":"product_cat","embeddable":true,"href":"https:\/\/www.mark3d.com\/de\/wp-json\/wp\/v2\/product_cat?post=23670"},{"taxonomy":"product_tag","embeddable":true,"href":"https:\/\/www.mark3d.com\/de\/wp-json\/wp\/v2\/product_tag?post=23670"}],"curies":[{"name":"wp","href":"https:\/\/api.w.org\/{rel}","templated":true}]}}