{"id":25348,"date":"2025-07-21T08:20:05","date_gmt":"2025-07-21T08:20:05","guid":{"rendered":"https:\/\/www.mark3d.com\/de\/?post_type=product&#038;p=25348"},"modified":"2025-07-21T08:32:17","modified_gmt":"2025-07-21T08:32:17","slug":"fx20-print-sheet-kopie","status":"publish","type":"product","link":"https:\/\/www.mark3d.com\/de\/produkt\/fx20-print-sheet-kopie\/","title":{"rendered":"FX20 Low Temp Druckbogen"},"content":{"rendered":"<p>Druckbogen f\u00fcr den Druck von Materialien mit niedrigen Temperaturen auf dem FX20. Enth\u00e4lt: 2x Druckb\u00f6gen, 1x hochbelastbarer Scheuerschwamm. Kompatibel mit FX20.<\/p>\n<p>Versandinformationen<br \/>\nNettogewicht (kg): 0.8<br \/>\nProduktabmessungen (mm): 587x441x10<br \/>\nBruttogewicht (kg): 1.6<br \/>\nVerpackungsabmessungen (mm): 610x483x26<\/p>\n<p>Markforged Artikelnummer: 22536<\/p>\n","protected":false},"excerpt":{"rendered":"<p>Druckbogen f\u00fcr den Druck von Materialien mit niedrigen Temperaturen auf dem FX20. Enth\u00e4lt: 2x Druckb\u00f6gen, 1x hochbelastbarer Scheuerschwamm. Kompatibel mit FX20. Versandinformationen Nettogewicht (kg): 0.8 Produktabmessungen (mm): 587x441x10 Bruttogewicht (kg): 1.6 Verpackungsabmessungen (mm): 610x483x26 Markforged Artikelnummer: 22536<\/p>\n","protected":false},"featured_media":25349,"comment_status":"open","ping_status":"closed","template":"","meta":{"inline_featured_image":false},"product_brand":[],"product_cat":[72],"product_tag":[],"class_list":{"0":"post-25348","1":"product","2":"type-product","3":"status-publish","4":"has-post-thumbnail","6":"product_cat-verschleissteile-markforged","8":"first","9":"instock","10":"taxable","11":"shipping-taxable","12":"purchasable","13":"product-type-simple"},"yoast_head":"<!-- This site is optimized with the Yoast SEO Premium plugin v27.0 (Yoast SEO v27.0) - https:\/\/yoast.com\/product\/yoast-seo-premium-wordpress\/ -->\n<title>FX20 Low Temp Druckbogen - Mark3D - Markforged 3D-Drucker<\/title>\n<meta name=\"description\" content=\"Druckbogen f\u00fcr den Druck auf dem FX20. Enth\u00e4lt: 2x Druckbogen\" \/>\n<meta name=\"robots\" content=\"index, follow, max-snippet:-1, max-image-preview:large, max-video-preview:-1\" \/>\n<link rel=\"canonical\" href=\"https:\/\/www.mark3d.com\/de\/produkt\/fx20-print-sheet-kopie\/\" \/>\n<meta property=\"og:locale\" content=\"de_DE\" \/>\n<meta property=\"og:type\" content=\"article\" \/>\n<meta property=\"og:title\" content=\"FX20 Low Temp Druckbogen\" \/>\n<meta property=\"og:description\" content=\"Druckbogen f\u00fcr den Druck auf dem FX20. Enth\u00e4lt: 2x Druckbogen\" \/>\n<meta property=\"og:url\" content=\"https:\/\/www.mark3d.com\/de\/produkt\/fx20-print-sheet-kopie\/\" \/>\n<meta property=\"og:site_name\" content=\"Mark3D - Markforged 3D-Drucker\" \/>\n<meta property=\"article:publisher\" content=\"https:\/\/www.facebook.com\/Mark3DGmbH\/\" \/>\n<meta property=\"article:modified_time\" content=\"2025-07-21T08:32:17+00:00\" \/>\n<meta property=\"og:image\" content=\"https:\/\/www.mark3d.com\/de\/wp-content\/uploads\/2025\/07\/22536-FX20-Low-Temp-Print-Sheet.png\" \/>\n\t<meta property=\"og:image:width\" content=\"300\" \/>\n\t<meta property=\"og:image:height\" content=\"300\" \/>\n\t<meta property=\"og:image:type\" content=\"image\/png\" \/>\n<meta name=\"twitter:card\" content=\"summary_large_image\" \/>\n<meta name=\"twitter:site\" content=\"@Mark3D_GmbH\" \/>\n<meta name=\"twitter:label1\" content=\"Gesch\u00e4tzte Lesezeit\" \/>\n\t<meta name=\"twitter:data1\" content=\"1\u00a0Minute\" \/>\n<script type=\"application\/ld+json\" class=\"yoast-schema-graph\">{\"@context\":\"https:\/\/schema.org\",\"@graph\":[{\"@type\":\"WebPage\",\"@id\":\"https:\/\/www.mark3d.com\/de\/produkt\/fx20-print-sheet-kopie\/\",\"url\":\"https:\/\/www.mark3d.com\/de\/produkt\/fx20-print-sheet-kopie\/\",\"name\":\"FX20 Low Temp Druckbogen - Mark3D - Markforged 3D-Drucker\",\"isPartOf\":{\"@id\":\"https:\/\/www.mark3d.com\/de\/#website\"},\"primaryImageOfPage\":{\"@id\":\"https:\/\/www.mark3d.com\/de\/produkt\/fx20-print-sheet-kopie\/#primaryimage\"},\"image\":{\"@id\":\"https:\/\/www.mark3d.com\/de\/produkt\/fx20-print-sheet-kopie\/#primaryimage\"},\"thumbnailUrl\":\"https:\/\/www.mark3d.com\/de\/wp-content\/uploads\/2025\/07\/22536-FX20-Low-Temp-Print-Sheet.png\",\"datePublished\":\"2025-07-21T08:20:05+00:00\",\"dateModified\":\"2025-07-21T08:32:17+00:00\",\"description\":\"Druckbogen f\u00fcr den Druck auf dem FX20. Enth\u00e4lt: 2x Druckbogen\",\"breadcrumb\":{\"@id\":\"https:\/\/www.mark3d.com\/de\/produkt\/fx20-print-sheet-kopie\/#breadcrumb\"},\"inLanguage\":\"de\",\"potentialAction\":[{\"@type\":\"ReadAction\",\"target\":[\"https:\/\/www.mark3d.com\/de\/produkt\/fx20-print-sheet-kopie\/\"]}]},{\"@type\":\"ImageObject\",\"inLanguage\":\"de\",\"@id\":\"https:\/\/www.mark3d.com\/de\/produkt\/fx20-print-sheet-kopie\/#primaryimage\",\"url\":\"https:\/\/www.mark3d.com\/de\/wp-content\/uploads\/2025\/07\/22536-FX20-Low-Temp-Print-Sheet.png\",\"contentUrl\":\"https:\/\/www.mark3d.com\/de\/wp-content\/uploads\/2025\/07\/22536-FX20-Low-Temp-Print-Sheet.png\",\"width\":300,\"height\":300},{\"@type\":\"BreadcrumbList\",\"@id\":\"https:\/\/www.mark3d.com\/de\/produkt\/fx20-print-sheet-kopie\/#breadcrumb\",\"itemListElement\":[{\"@type\":\"ListItem\",\"position\":1,\"name\":\"Startseite\",\"item\":\"https:\/\/www.mark3d.com\/de\/\"},{\"@type\":\"ListItem\",\"position\":2,\"name\":\"Markforged 3D-Drucker, Filamente &#038; Ersatzteile online kaufen\",\"item\":\"https:\/\/www.mark3d.com\/de\/shop\/\"},{\"@type\":\"ListItem\",\"position\":3,\"name\":\"FX20 Low Temp Druckbogen\"}]},{\"@type\":\"WebSite\",\"@id\":\"https:\/\/www.mark3d.com\/de\/#website\",\"url\":\"https:\/\/www.mark3d.com\/de\/\",\"name\":\"Mark3D\",\"description\":\"Industrielle 3D Drucker von Markforged\",\"publisher\":{\"@id\":\"https:\/\/www.mark3d.com\/de\/#organization\"},\"alternateName\":\"Mark3D GmbH\",\"potentialAction\":[{\"@type\":\"SearchAction\",\"target\":{\"@type\":\"EntryPoint\",\"urlTemplate\":\"https:\/\/www.mark3d.com\/de\/?s={search_term_string}\"},\"query-input\":{\"@type\":\"PropertyValueSpecification\",\"valueRequired\":true,\"valueName\":\"search_term_string\"}}],\"inLanguage\":\"de\"},{\"@type\":\"Organization\",\"@id\":\"https:\/\/www.mark3d.com\/de\/#organization\",\"name\":\"Mark3D GmbH\",\"url\":\"https:\/\/www.mark3d.com\/de\/\",\"logo\":{\"@type\":\"ImageObject\",\"inLanguage\":\"de\",\"@id\":\"https:\/\/www.mark3d.com\/de\/#\/schema\/logo\/image\/\",\"url\":\"https:\/\/www.mark3d.com\/de\/wp-content\/uploads\/2021\/05\/markforged-linkedin.jpg\",\"contentUrl\":\"https:\/\/www.mark3d.com\/de\/wp-content\/uploads\/2021\/05\/markforged-linkedin.jpg\",\"width\":800,\"height\":800,\"caption\":\"Mark3D GmbH\"},\"image\":{\"@id\":\"https:\/\/www.mark3d.com\/de\/#\/schema\/logo\/image\/\"},\"sameAs\":[\"https:\/\/www.facebook.com\/Mark3DGmbH\/\",\"https:\/\/x.com\/Mark3D_GmbH\",\"https:\/\/www.instagram.com\/mark3d_print_stronger\/\",\"https:\/\/www.linkedin.com\/company\/mark3d\/\",\"https:\/\/www.youtube.com\/channel\/UCo55w2I5eBrCvCB3oKH2WDg\"]}]}<\/script>\n<!-- \/ Yoast SEO Premium plugin. -->","yoast_head_json":{"title":"FX20 Low Temp Druckbogen - Mark3D - Markforged 3D-Drucker","description":"Druckbogen f\u00fcr den Druck auf dem FX20. Enth\u00e4lt: 2x Druckbogen","robots":{"index":"index","follow":"follow","max-snippet":"max-snippet:-1","max-image-preview":"max-image-preview:large","max-video-preview":"max-video-preview:-1"},"canonical":"https:\/\/www.mark3d.com\/de\/produkt\/fx20-print-sheet-kopie\/","og_locale":"de_DE","og_type":"article","og_title":"FX20 Low Temp Druckbogen","og_description":"Druckbogen f\u00fcr den Druck auf dem FX20. Enth\u00e4lt: 2x Druckbogen","og_url":"https:\/\/www.mark3d.com\/de\/produkt\/fx20-print-sheet-kopie\/","og_site_name":"Mark3D - Markforged 3D-Drucker","article_publisher":"https:\/\/www.facebook.com\/Mark3DGmbH\/","article_modified_time":"2025-07-21T08:32:17+00:00","og_image":[{"width":300,"height":300,"url":"https:\/\/www.mark3d.com\/de\/wp-content\/uploads\/2025\/07\/22536-FX20-Low-Temp-Print-Sheet.png","type":"image\/png"}],"twitter_card":"summary_large_image","twitter_site":"@Mark3D_GmbH","twitter_misc":{"Gesch\u00e4tzte Lesezeit":"1\u00a0Minute"},"schema":{"@context":"https:\/\/schema.org","@graph":[{"@type":"WebPage","@id":"https:\/\/www.mark3d.com\/de\/produkt\/fx20-print-sheet-kopie\/","url":"https:\/\/www.mark3d.com\/de\/produkt\/fx20-print-sheet-kopie\/","name":"FX20 Low Temp Druckbogen - Mark3D - Markforged 3D-Drucker","isPartOf":{"@id":"https:\/\/www.mark3d.com\/de\/#website"},"primaryImageOfPage":{"@id":"https:\/\/www.mark3d.com\/de\/produkt\/fx20-print-sheet-kopie\/#primaryimage"},"image":{"@id":"https:\/\/www.mark3d.com\/de\/produkt\/fx20-print-sheet-kopie\/#primaryimage"},"thumbnailUrl":"https:\/\/www.mark3d.com\/de\/wp-content\/uploads\/2025\/07\/22536-FX20-Low-Temp-Print-Sheet.png","datePublished":"2025-07-21T08:20:05+00:00","dateModified":"2025-07-21T08:32:17+00:00","description":"Druckbogen f\u00fcr den Druck auf dem FX20. Enth\u00e4lt: 2x Druckbogen","breadcrumb":{"@id":"https:\/\/www.mark3d.com\/de\/produkt\/fx20-print-sheet-kopie\/#breadcrumb"},"inLanguage":"de","potentialAction":[{"@type":"ReadAction","target":["https:\/\/www.mark3d.com\/de\/produkt\/fx20-print-sheet-kopie\/"]}]},{"@type":"ImageObject","inLanguage":"de","@id":"https:\/\/www.mark3d.com\/de\/produkt\/fx20-print-sheet-kopie\/#primaryimage","url":"https:\/\/www.mark3d.com\/de\/wp-content\/uploads\/2025\/07\/22536-FX20-Low-Temp-Print-Sheet.png","contentUrl":"https:\/\/www.mark3d.com\/de\/wp-content\/uploads\/2025\/07\/22536-FX20-Low-Temp-Print-Sheet.png","width":300,"height":300},{"@type":"BreadcrumbList","@id":"https:\/\/www.mark3d.com\/de\/produkt\/fx20-print-sheet-kopie\/#breadcrumb","itemListElement":[{"@type":"ListItem","position":1,"name":"Startseite","item":"https:\/\/www.mark3d.com\/de\/"},{"@type":"ListItem","position":2,"name":"Markforged 3D-Drucker, Filamente &#038; Ersatzteile online kaufen","item":"https:\/\/www.mark3d.com\/de\/shop\/"},{"@type":"ListItem","position":3,"name":"FX20 Low Temp Druckbogen"}]},{"@type":"WebSite","@id":"https:\/\/www.mark3d.com\/de\/#website","url":"https:\/\/www.mark3d.com\/de\/","name":"Mark3D","description":"Industrielle 3D Drucker von Markforged","publisher":{"@id":"https:\/\/www.mark3d.com\/de\/#organization"},"alternateName":"Mark3D GmbH","potentialAction":[{"@type":"SearchAction","target":{"@type":"EntryPoint","urlTemplate":"https:\/\/www.mark3d.com\/de\/?s={search_term_string}"},"query-input":{"@type":"PropertyValueSpecification","valueRequired":true,"valueName":"search_term_string"}}],"inLanguage":"de"},{"@type":"Organization","@id":"https:\/\/www.mark3d.com\/de\/#organization","name":"Mark3D GmbH","url":"https:\/\/www.mark3d.com\/de\/","logo":{"@type":"ImageObject","inLanguage":"de","@id":"https:\/\/www.mark3d.com\/de\/#\/schema\/logo\/image\/","url":"https:\/\/www.mark3d.com\/de\/wp-content\/uploads\/2021\/05\/markforged-linkedin.jpg","contentUrl":"https:\/\/www.mark3d.com\/de\/wp-content\/uploads\/2021\/05\/markforged-linkedin.jpg","width":800,"height":800,"caption":"Mark3D GmbH"},"image":{"@id":"https:\/\/www.mark3d.com\/de\/#\/schema\/logo\/image\/"},"sameAs":["https:\/\/www.facebook.com\/Mark3DGmbH\/","https:\/\/x.com\/Mark3D_GmbH","https:\/\/www.instagram.com\/mark3d_print_stronger\/","https:\/\/www.linkedin.com\/company\/mark3d\/","https:\/\/www.youtube.com\/channel\/UCo55w2I5eBrCvCB3oKH2WDg"]}]}},"acf":[],"_links":{"self":[{"href":"https:\/\/www.mark3d.com\/de\/wp-json\/wp\/v2\/product\/25348","targetHints":{"allow":["GET"]}}],"collection":[{"href":"https:\/\/www.mark3d.com\/de\/wp-json\/wp\/v2\/product"}],"about":[{"href":"https:\/\/www.mark3d.com\/de\/wp-json\/wp\/v2\/types\/product"}],"replies":[{"embeddable":true,"href":"https:\/\/www.mark3d.com\/de\/wp-json\/wp\/v2\/comments?post=25348"}],"wp:featuredmedia":[{"embeddable":true,"href":"https:\/\/www.mark3d.com\/de\/wp-json\/wp\/v2\/media\/25349"}],"wp:attachment":[{"href":"https:\/\/www.mark3d.com\/de\/wp-json\/wp\/v2\/media?parent=25348"}],"wp:term":[{"taxonomy":"product_brand","embeddable":true,"href":"https:\/\/www.mark3d.com\/de\/wp-json\/wp\/v2\/product_brand?post=25348"},{"taxonomy":"product_cat","embeddable":true,"href":"https:\/\/www.mark3d.com\/de\/wp-json\/wp\/v2\/product_cat?post=25348"},{"taxonomy":"product_tag","embeddable":true,"href":"https:\/\/www.mark3d.com\/de\/wp-json\/wp\/v2\/product_tag?post=25348"}],"curies":[{"name":"wp","href":"https:\/\/api.w.org\/{rel}","templated":true}]}}