{"id":3363,"date":"2018-03-07T09:23:23","date_gmt":"2018-03-07T09:23:23","guid":{"rendered":"https:\/\/www.mark3d.com\/de\/shop\/unkategorisiert\/import-placeholder-for-200009-1\/"},"modified":"2024-08-30T11:28:39","modified_gmt":"2024-08-30T11:28:39","slug":"markforged-kevlar-cff-filament-rolle-volumen-nach-auswahl","status":"publish","type":"product","link":"https:\/\/www.mark3d.com\/de\/produkt\/markforged-kevlar-cff-filament-rolle-volumen-nach-auswahl\/","title":{"rendered":"Markforged Kevlar CFF Filament \u2013 Rolle \u2013 Volumen nach Auswahl &#8211; F-MT-KVVX"},"content":{"rendered":"<p>Markforged erm\u00f6glicht Ihnen das Drucken mit fortlaufendem Kevlar -Filament! Kevlar hat die beste Abriebfestigkeit und ist dazu das flexibelste Fasermaterial. Wenn Sie langlebige, strapazierf\u00e4hige und schlagfeste Teile f\u00fcr wiederholte und pl\u00f6tzliche Belastungen ben\u00f6tigen, ist Kevlar das ideale Material. Kevlar Fasern sind mit Ihrer Vielseitigkeit in vielen Bereichen einsetzbar.<\/p>\n<p><strong>Biegefestigkeit<\/strong> 190 MPa<br \/>\n<strong>Biegesteifigkeit<\/strong> 26 GPa<\/p>\n<p>PROFESSIONELLE QUALIT\u00c4TS FILAMENTE: Hochwertige Materialien f\u00fcr beste Ausdrucke von hoch festen Funktionsbauteilen wie Werkzeuge, Vorrichtungen, Schablonen, Montagewerkzeuge, Montagehilfen, Produktionswerkzeuge im 3D Druck.<\/p>\n<p>DRUCKMATERIAL (FILAMENT) GEEIGNET F\u00dcR: Markforged Mark Two und X7<\/p>\n<p>LIEFERUMFANG &amp; VERSAND: 1x Kevlar CFF Filament 50cm\u00b3 oder 150cm\u00b3 Rolle &#8211; der Artikel werden sicher verpackt und verschickt.<\/p>\n<p>PROFESSIONELLER PARTNER: Die Mark3D Europe ist Ihr Partner f\u00fcr Markforged High-End 3D-Drucker, Materialien, Software und Zubeh\u00f6r f\u00fcr Industrieanwendungen. Fragen? Tel.: 49 (0) 7361 63396 01<\/p>\n","protected":false},"excerpt":{"rendered":"<p>Leichtgewichtig, strapazierf\u00e4hig und stark. Kevlar\u00ae hat exzellente Strapazierf\u00e4higkeit. Damit ist es das optimale Material bei wiederholten und pl\u00f6tzlichen Belastungen. Es ist so steif wie Glasfaser, aber deutlich dehnbarer, und findet oft in der Greifertechnik Anwendung.<\/p>\n","protected":false},"featured_media":3374,"comment_status":"open","ping_status":"closed","template":"","meta":{"inline_featured_image":false},"product_brand":[],"product_cat":[70],"product_tag":[],"class_list":{"0":"post-3363","1":"product","2":"type-product","3":"status-publish","4":"has-post-thumbnail","6":"product_cat-druckmaterial","7":"product_shipping_class-paket-versand","9":"first","10":"instock","11":"taxable","12":"shipping-taxable","13":"purchasable","14":"product-type-variable"},"yoast_head":"<!-- This site is optimized with the Yoast SEO Premium plugin v27.0 (Yoast SEO v27.0) - https:\/\/yoast.com\/product\/yoast-seo-premium-wordpress\/ -->\n<title>Markforged Kevlar CFF Filament \u2013 Rolle \u2013 Volumen nach Auswahl<\/title>\n<meta name=\"description\" content=\"Leichtgewichtig, strapazierf\u00e4hig und stark. Kevlar\u00ae hat exzellente Strapazierf\u00e4higkeiten. \u2713Autorisierter H\u00e4ndler \u2713 Bestpreisgarantie \u2713 Angebot\" \/>\n<meta name=\"robots\" content=\"index, follow, max-snippet:-1, max-image-preview:large, max-video-preview:-1\" \/>\n<link rel=\"canonical\" href=\"https:\/\/www.mark3d.com\/de\/produkt\/markforged-kevlar-cff-filament-rolle-volumen-nach-auswahl\/\" \/>\n<meta property=\"og:locale\" content=\"de_DE\" \/>\n<meta property=\"og:type\" content=\"article\" \/>\n<meta property=\"og:title\" content=\"Markforged Kevlar CFF Filament \u2013 Rolle \u2013 Volumen nach Auswahl - F-MT-KVVX\" \/>\n<meta property=\"og:description\" content=\"Leichtgewichtig, strapazierf\u00e4hig und stark. Kevlar\u00ae hat exzellente Strapazierf\u00e4higkeiten. \u2713Autorisierter H\u00e4ndler \u2713 Bestpreisgarantie \u2713 Angebot\" \/>\n<meta property=\"og:url\" content=\"https:\/\/www.mark3d.com\/de\/produkt\/markforged-kevlar-cff-filament-rolle-volumen-nach-auswahl\/\" \/>\n<meta property=\"og:site_name\" content=\"Mark3D - Markforged 3D-Drucker\" \/>\n<meta property=\"article:publisher\" content=\"https:\/\/www.facebook.com\/Mark3DGmbH\/\" \/>\n<meta property=\"article:modified_time\" content=\"2024-08-30T11:28:39+00:00\" \/>\n<meta property=\"og:image\" content=\"https:\/\/www.mark3d.com\/de\/wp-content\/uploads\/2018\/03\/kevlar-filament-3D-Drucker-markforged-mark3D_side.jpg\" \/>\n\t<meta property=\"og:image:width\" content=\"1500\" \/>\n\t<meta property=\"og:image:height\" content=\"1500\" \/>\n\t<meta property=\"og:image:type\" content=\"image\/jpeg\" \/>\n<meta name=\"twitter:card\" content=\"summary_large_image\" \/>\n<meta name=\"twitter:site\" content=\"@Mark3D_GmbH\" \/>\n<meta name=\"twitter:label1\" content=\"Gesch\u00e4tzte Lesezeit\" \/>\n\t<meta name=\"twitter:data1\" content=\"1\u00a0Minute\" \/>\n<script type=\"application\/ld+json\" class=\"yoast-schema-graph\">{\"@context\":\"https:\/\/schema.org\",\"@graph\":[{\"@type\":\"WebPage\",\"@id\":\"https:\/\/www.mark3d.com\/de\/produkt\/markforged-kevlar-cff-filament-rolle-volumen-nach-auswahl\/\",\"url\":\"https:\/\/www.mark3d.com\/de\/produkt\/markforged-kevlar-cff-filament-rolle-volumen-nach-auswahl\/\",\"name\":\"Markforged Kevlar CFF Filament \u2013 Rolle \u2013 Volumen nach Auswahl\",\"isPartOf\":{\"@id\":\"https:\/\/www.mark3d.com\/de\/#website\"},\"primaryImageOfPage\":{\"@id\":\"https:\/\/www.mark3d.com\/de\/produkt\/markforged-kevlar-cff-filament-rolle-volumen-nach-auswahl\/#primaryimage\"},\"image\":{\"@id\":\"https:\/\/www.mark3d.com\/de\/produkt\/markforged-kevlar-cff-filament-rolle-volumen-nach-auswahl\/#primaryimage\"},\"thumbnailUrl\":\"https:\/\/www.mark3d.com\/de\/wp-content\/uploads\/2018\/03\/kevlar-filament-3D-Drucker-markforged-mark3D_side.jpg\",\"datePublished\":\"2018-03-07T09:23:23+00:00\",\"dateModified\":\"2024-08-30T11:28:39+00:00\",\"description\":\"Leichtgewichtig, strapazierf\u00e4hig und stark. Kevlar\u00ae hat exzellente Strapazierf\u00e4higkeiten. \u2713Autorisierter H\u00e4ndler \u2713 Bestpreisgarantie \u2713 Angebot\",\"breadcrumb\":{\"@id\":\"https:\/\/www.mark3d.com\/de\/produkt\/markforged-kevlar-cff-filament-rolle-volumen-nach-auswahl\/#breadcrumb\"},\"inLanguage\":\"de\",\"potentialAction\":[{\"@type\":\"ReadAction\",\"target\":[\"https:\/\/www.mark3d.com\/de\/produkt\/markforged-kevlar-cff-filament-rolle-volumen-nach-auswahl\/\"]}]},{\"@type\":\"ImageObject\",\"inLanguage\":\"de\",\"@id\":\"https:\/\/www.mark3d.com\/de\/produkt\/markforged-kevlar-cff-filament-rolle-volumen-nach-auswahl\/#primaryimage\",\"url\":\"https:\/\/www.mark3d.com\/de\/wp-content\/uploads\/2018\/03\/kevlar-filament-3D-Drucker-markforged-mark3D_side.jpg\",\"contentUrl\":\"https:\/\/www.mark3d.com\/de\/wp-content\/uploads\/2018\/03\/kevlar-filament-3D-Drucker-markforged-mark3D_side.jpg\",\"width\":1500,\"height\":1500,\"caption\":\"kevlar-filament\"},{\"@type\":\"BreadcrumbList\",\"@id\":\"https:\/\/www.mark3d.com\/de\/produkt\/markforged-kevlar-cff-filament-rolle-volumen-nach-auswahl\/#breadcrumb\",\"itemListElement\":[{\"@type\":\"ListItem\",\"position\":1,\"name\":\"Startseite\",\"item\":\"https:\/\/www.mark3d.com\/de\/\"},{\"@type\":\"ListItem\",\"position\":2,\"name\":\"Markforged 3D-Drucker, Filamente &#038; Ersatzteile online kaufen\",\"item\":\"https:\/\/www.mark3d.com\/de\/shop\/\"},{\"@type\":\"ListItem\",\"position\":3,\"name\":\"Markforged Kevlar CFF Filament \u2013 Rolle \u2013 Volumen nach Auswahl &#8211; F-MT-KVVX\"}]},{\"@type\":\"WebSite\",\"@id\":\"https:\/\/www.mark3d.com\/de\/#website\",\"url\":\"https:\/\/www.mark3d.com\/de\/\",\"name\":\"Mark3D\",\"description\":\"Industrielle 3D Drucker von Markforged\",\"publisher\":{\"@id\":\"https:\/\/www.mark3d.com\/de\/#organization\"},\"alternateName\":\"Mark3D GmbH\",\"potentialAction\":[{\"@type\":\"SearchAction\",\"target\":{\"@type\":\"EntryPoint\",\"urlTemplate\":\"https:\/\/www.mark3d.com\/de\/?s={search_term_string}\"},\"query-input\":{\"@type\":\"PropertyValueSpecification\",\"valueRequired\":true,\"valueName\":\"search_term_string\"}}],\"inLanguage\":\"de\"},{\"@type\":\"Organization\",\"@id\":\"https:\/\/www.mark3d.com\/de\/#organization\",\"name\":\"Mark3D GmbH\",\"url\":\"https:\/\/www.mark3d.com\/de\/\",\"logo\":{\"@type\":\"ImageObject\",\"inLanguage\":\"de\",\"@id\":\"https:\/\/www.mark3d.com\/de\/#\/schema\/logo\/image\/\",\"url\":\"https:\/\/www.mark3d.com\/de\/wp-content\/uploads\/2021\/05\/markforged-linkedin.jpg\",\"contentUrl\":\"https:\/\/www.mark3d.com\/de\/wp-content\/uploads\/2021\/05\/markforged-linkedin.jpg\",\"width\":800,\"height\":800,\"caption\":\"Mark3D GmbH\"},\"image\":{\"@id\":\"https:\/\/www.mark3d.com\/de\/#\/schema\/logo\/image\/\"},\"sameAs\":[\"https:\/\/www.facebook.com\/Mark3DGmbH\/\",\"https:\/\/x.com\/Mark3D_GmbH\",\"https:\/\/www.instagram.com\/mark3d_print_stronger\/\",\"https:\/\/www.linkedin.com\/company\/mark3d\/\",\"https:\/\/www.youtube.com\/channel\/UCo55w2I5eBrCvCB3oKH2WDg\"]}]}<\/script>\n<!-- \/ Yoast SEO Premium plugin. -->","yoast_head_json":{"title":"Markforged Kevlar CFF Filament \u2013 Rolle \u2013 Volumen nach Auswahl","description":"Leichtgewichtig, strapazierf\u00e4hig und stark. Kevlar\u00ae hat exzellente Strapazierf\u00e4higkeiten. \u2713Autorisierter H\u00e4ndler \u2713 Bestpreisgarantie \u2713 Angebot","robots":{"index":"index","follow":"follow","max-snippet":"max-snippet:-1","max-image-preview":"max-image-preview:large","max-video-preview":"max-video-preview:-1"},"canonical":"https:\/\/www.mark3d.com\/de\/produkt\/markforged-kevlar-cff-filament-rolle-volumen-nach-auswahl\/","og_locale":"de_DE","og_type":"article","og_title":"Markforged Kevlar CFF Filament \u2013 Rolle \u2013 Volumen nach Auswahl - F-MT-KVVX","og_description":"Leichtgewichtig, strapazierf\u00e4hig und stark. Kevlar\u00ae hat exzellente Strapazierf\u00e4higkeiten. \u2713Autorisierter H\u00e4ndler \u2713 Bestpreisgarantie \u2713 Angebot","og_url":"https:\/\/www.mark3d.com\/de\/produkt\/markforged-kevlar-cff-filament-rolle-volumen-nach-auswahl\/","og_site_name":"Mark3D - Markforged 3D-Drucker","article_publisher":"https:\/\/www.facebook.com\/Mark3DGmbH\/","article_modified_time":"2024-08-30T11:28:39+00:00","og_image":[{"width":1500,"height":1500,"url":"https:\/\/www.mark3d.com\/de\/wp-content\/uploads\/2018\/03\/kevlar-filament-3D-Drucker-markforged-mark3D_side.jpg","type":"image\/jpeg"}],"twitter_card":"summary_large_image","twitter_site":"@Mark3D_GmbH","twitter_misc":{"Gesch\u00e4tzte Lesezeit":"1\u00a0Minute"},"schema":{"@context":"https:\/\/schema.org","@graph":[{"@type":"WebPage","@id":"https:\/\/www.mark3d.com\/de\/produkt\/markforged-kevlar-cff-filament-rolle-volumen-nach-auswahl\/","url":"https:\/\/www.mark3d.com\/de\/produkt\/markforged-kevlar-cff-filament-rolle-volumen-nach-auswahl\/","name":"Markforged Kevlar CFF Filament \u2013 Rolle \u2013 Volumen nach Auswahl","isPartOf":{"@id":"https:\/\/www.mark3d.com\/de\/#website"},"primaryImageOfPage":{"@id":"https:\/\/www.mark3d.com\/de\/produkt\/markforged-kevlar-cff-filament-rolle-volumen-nach-auswahl\/#primaryimage"},"image":{"@id":"https:\/\/www.mark3d.com\/de\/produkt\/markforged-kevlar-cff-filament-rolle-volumen-nach-auswahl\/#primaryimage"},"thumbnailUrl":"https:\/\/www.mark3d.com\/de\/wp-content\/uploads\/2018\/03\/kevlar-filament-3D-Drucker-markforged-mark3D_side.jpg","datePublished":"2018-03-07T09:23:23+00:00","dateModified":"2024-08-30T11:28:39+00:00","description":"Leichtgewichtig, strapazierf\u00e4hig und stark. Kevlar\u00ae hat exzellente Strapazierf\u00e4higkeiten. \u2713Autorisierter H\u00e4ndler \u2713 Bestpreisgarantie \u2713 Angebot","breadcrumb":{"@id":"https:\/\/www.mark3d.com\/de\/produkt\/markforged-kevlar-cff-filament-rolle-volumen-nach-auswahl\/#breadcrumb"},"inLanguage":"de","potentialAction":[{"@type":"ReadAction","target":["https:\/\/www.mark3d.com\/de\/produkt\/markforged-kevlar-cff-filament-rolle-volumen-nach-auswahl\/"]}]},{"@type":"ImageObject","inLanguage":"de","@id":"https:\/\/www.mark3d.com\/de\/produkt\/markforged-kevlar-cff-filament-rolle-volumen-nach-auswahl\/#primaryimage","url":"https:\/\/www.mark3d.com\/de\/wp-content\/uploads\/2018\/03\/kevlar-filament-3D-Drucker-markforged-mark3D_side.jpg","contentUrl":"https:\/\/www.mark3d.com\/de\/wp-content\/uploads\/2018\/03\/kevlar-filament-3D-Drucker-markforged-mark3D_side.jpg","width":1500,"height":1500,"caption":"kevlar-filament"},{"@type":"BreadcrumbList","@id":"https:\/\/www.mark3d.com\/de\/produkt\/markforged-kevlar-cff-filament-rolle-volumen-nach-auswahl\/#breadcrumb","itemListElement":[{"@type":"ListItem","position":1,"name":"Startseite","item":"https:\/\/www.mark3d.com\/de\/"},{"@type":"ListItem","position":2,"name":"Markforged 3D-Drucker, Filamente &#038; Ersatzteile online kaufen","item":"https:\/\/www.mark3d.com\/de\/shop\/"},{"@type":"ListItem","position":3,"name":"Markforged Kevlar CFF Filament \u2013 Rolle \u2013 Volumen nach Auswahl &#8211; F-MT-KVVX"}]},{"@type":"WebSite","@id":"https:\/\/www.mark3d.com\/de\/#website","url":"https:\/\/www.mark3d.com\/de\/","name":"Mark3D","description":"Industrielle 3D Drucker von Markforged","publisher":{"@id":"https:\/\/www.mark3d.com\/de\/#organization"},"alternateName":"Mark3D GmbH","potentialAction":[{"@type":"SearchAction","target":{"@type":"EntryPoint","urlTemplate":"https:\/\/www.mark3d.com\/de\/?s={search_term_string}"},"query-input":{"@type":"PropertyValueSpecification","valueRequired":true,"valueName":"search_term_string"}}],"inLanguage":"de"},{"@type":"Organization","@id":"https:\/\/www.mark3d.com\/de\/#organization","name":"Mark3D GmbH","url":"https:\/\/www.mark3d.com\/de\/","logo":{"@type":"ImageObject","inLanguage":"de","@id":"https:\/\/www.mark3d.com\/de\/#\/schema\/logo\/image\/","url":"https:\/\/www.mark3d.com\/de\/wp-content\/uploads\/2021\/05\/markforged-linkedin.jpg","contentUrl":"https:\/\/www.mark3d.com\/de\/wp-content\/uploads\/2021\/05\/markforged-linkedin.jpg","width":800,"height":800,"caption":"Mark3D GmbH"},"image":{"@id":"https:\/\/www.mark3d.com\/de\/#\/schema\/logo\/image\/"},"sameAs":["https:\/\/www.facebook.com\/Mark3DGmbH\/","https:\/\/x.com\/Mark3D_GmbH","https:\/\/www.instagram.com\/mark3d_print_stronger\/","https:\/\/www.linkedin.com\/company\/mark3d\/","https:\/\/www.youtube.com\/channel\/UCo55w2I5eBrCvCB3oKH2WDg"]}]}},"acf":[],"_links":{"self":[{"href":"https:\/\/www.mark3d.com\/de\/wp-json\/wp\/v2\/product\/3363","targetHints":{"allow":["GET"]}}],"collection":[{"href":"https:\/\/www.mark3d.com\/de\/wp-json\/wp\/v2\/product"}],"about":[{"href":"https:\/\/www.mark3d.com\/de\/wp-json\/wp\/v2\/types\/product"}],"replies":[{"embeddable":true,"href":"https:\/\/www.mark3d.com\/de\/wp-json\/wp\/v2\/comments?post=3363"}],"wp:featuredmedia":[{"embeddable":true,"href":"https:\/\/www.mark3d.com\/de\/wp-json\/wp\/v2\/media\/3374"}],"wp:attachment":[{"href":"https:\/\/www.mark3d.com\/de\/wp-json\/wp\/v2\/media?parent=3363"}],"wp:term":[{"taxonomy":"product_brand","embeddable":true,"href":"https:\/\/www.mark3d.com\/de\/wp-json\/wp\/v2\/product_brand?post=3363"},{"taxonomy":"product_cat","embeddable":true,"href":"https:\/\/www.mark3d.com\/de\/wp-json\/wp\/v2\/product_cat?post=3363"},{"taxonomy":"product_tag","embeddable":true,"href":"https:\/\/www.mark3d.com\/de\/wp-json\/wp\/v2\/product_tag?post=3363"}],"curies":[{"name":"wp","href":"https:\/\/api.w.org\/{rel}","templated":true}]}}