{"id":3372,"date":"2018-03-07T09:23:25","date_gmt":"2018-03-07T09:23:25","guid":{"rendered":"https:\/\/www.mark3d.com\/de\/shop\/unkategorisiert\/markforged-onyx-fff-filament-800-cm%c2%b3-rolle\/"},"modified":"2024-08-30T11:26:32","modified_gmt":"2024-08-30T11:26:32","slug":"markforged-onyx-filament-fff-800-cm%c2%b3-rolle","status":"publish","type":"product","link":"https:\/\/www.mark3d.com\/de\/produkt\/markforged-onyx-filament-fff-800-cm%c2%b3-rolle\/","title":{"rendered":"Markforged Onyx Filament (Basismaterial) &#8211; 800 cm\u00b3 Rolle &#8211; F-MF-0001"},"content":{"rendered":"<p>Das <strong>Onyx<\/strong>-Filament-Material ist das Herzst\u00fcck aller Markforged 3D-Drucker. Es ist ein wundersch\u00f6nes schwarzes Filament aus strapazierf\u00e4higem PA6 mit Mikro-Carbonfasern. Sie erhalten so steife und formstabile Konstruktionsteile die 1,4 Mal steifer als z.B. ABS Thermoplaste (Kunststoffe) sind. Die Teile erreichen eine hohe Oberfl\u00e4chenqualit\u00e4t und Hitzetoleranz.<\/p>\n<p>Mit <strong>Onyx <\/strong>k\u00f6nnen Sie wirklich mechanisch und thermisch belastbare Bauteile drucken, die in Verbindung mit der Carbon-Endlosfaser die Festigkeiten von Aluminium erreichen! Bauteile aus dem Markforged Onyx machen in der Praxis einen sofortigen Unterschied f\u00fcr jeden Maschinenbauer. Erleben auch Sie den direkten Mehrwert von mechanisch belastbaren Ersatzteilen, Funktionsprototypen oder Betriebsmitteln f\u00fcr die eigene Fertigung! Bauteile die vom Druckbett direkt Einsatzbereit sind.<\/p>\n<p>Das <strong>Onyx <\/strong>Filament gibt Ihnen steife und formstabile Teile, mit der doppelten St\u00e4rke anderer 3D-Drucker Kunststoffe. Onyx-Teile haben eine hohe Oberfl\u00e4chenqualit\u00e4t und eine hohe W\u00e4rmeformbest\u00e4ndigkeit. Markforged-Anwender k\u00f6nnen die St\u00e4rke und Zuverl\u00e4ssigkeit von <strong>Onyx <\/strong>mit der Sch\u00f6nheit und Steifigkeit von hochfesten Carbon kombinieren, um Teile zu fertigen, die den rigorosen Anforderungen industrieller Anwendungen gerecht werden und auch in kundenseitigen Baugruppen eingesetzt werden k\u00f6nnen. Dar\u00fcber hinaus bietet Onyx Bauteile mit au\u00dfergew\u00f6hnlicher Stabilit\u00e4t und Zuverl\u00e4ssigkeit, die ein einzigartiges Druckergebnis bietet.<\/p>\n<p><strong>Geeignet f\u00fcr: <\/strong><br \/>\nBetriebsmitteln, Ersatzteile, Funktionsprototypen oder Werkzeugen, Vorrichtungen, Lehren, Halterungen Montagewerkzeuge, Montagehilfen, Produktionswerkzeuge, Sensor-Halterungen.<\/p>\n<p><strong>Die Vorteile im \u00dcberblick:<\/strong><\/p>\n<ul style=\"--awb-iconcolor:#8bc34a;--awb-line-height:27.2px;--awb-icon-width:27.2px;--awb-icon-height:27.2px;--awb-icon-margin:11.2px;--awb-content-margin:38.4px;\" class=\"fusion-checklist fusion-checklist-1 fusion-checklist-default type-icons\"><li class=\"fusion-li-item\" style=\"\"><span class=\"icon-wrapper circle-no\"><i class=\"fusion-li-icon awb-icon-check\" aria-hidden=\"true\"><\/i><\/span><div class=\"fusion-li-item-content\">Onyx ist ein Polyamid 6 mit Carbon-Kurzfasern<\/p>\n<p><\/div><\/li><li class=\"fusion-li-item\" style=\"\"><span class=\"icon-wrapper circle-no\"><i class=\"fusion-li-icon awb-icon-check\" aria-hidden=\"true\"><\/i><\/span><div class=\"fusion-li-item-content\">Ideal f\u00fcr mechanisch und thermisch belastbare Bauteil<\/p>\n<p><\/div><\/li><li class=\"fusion-li-item\" style=\"\"><span class=\"icon-wrapper circle-no\"><i class=\"fusion-li-icon awb-icon-check\" aria-hidden=\"true\"><\/i><\/span><div class=\"fusion-li-item-content\">Hervorragende Oberfl\u00e4chenbeschaffenheit<\/p>\n<p><\/div><\/li><li class=\"fusion-li-item\" style=\"\"><span class=\"icon-wrapper circle-no\"><i class=\"fusion-li-icon awb-icon-check\" aria-hidden=\"true\"><\/i><\/span><div class=\"fusion-li-item-content\">Chemisch resistent<\/p>\n<p><\/div><\/li><li class=\"fusion-li-item\" style=\"\"><span class=\"icon-wrapper circle-no\"><i class=\"fusion-li-icon awb-icon-check\" aria-hidden=\"true\"><\/i><\/span><div class=\"fusion-li-item-content\">Hohe W\u00e4rmeformbest\u00e4ndigkeit<\/p>\n<p><\/div><\/li><li class=\"fusion-li-item\" style=\"\"><span class=\"icon-wrapper circle-no\"><i class=\"fusion-li-icon awb-icon-check\" aria-hidden=\"true\"><\/i><\/span><div class=\"fusion-li-item-content\">Kann mit allen Markforged Endlosfasern (Carbon, Kevlar, Glasfaser, HSHT Glasfaser) gemeinsam gedruckt werden. F\u00fcr maximale Festigkeit.<\/p>\n<p><\/div><\/li><li class=\"fusion-li-item\" style=\"\"><span class=\"icon-wrapper circle-no\"><i class=\"fusion-li-icon awb-icon-check\" aria-hidden=\"true\"><\/i><\/span><div class=\"fusion-li-item-content\"><strong>Biegefestigkeit <\/strong>71 MPa<\/p>\n<p><\/div><\/li><li class=\"fusion-li-item\" style=\"\"><span class=\"icon-wrapper circle-no\"><i class=\"fusion-li-icon awb-icon-check\" aria-hidden=\"true\"><\/i><\/span><div class=\"fusion-li-item-content\"><strong style=\"font-weight: bold;\">Biegesteifigkeit<\/strong>&nbsp;2,9 GPa<\/p>\n<p><\/div><\/li><li class=\"fusion-li-item\" style=\"\"><span class=\"icon-wrapper circle-no\"><i class=\"fusion-li-icon awb-icon-check\" aria-hidden=\"true\"><\/i><\/span><div class=\"fusion-li-item-content\">Exzellente Wiederholgenauigkeit \/ Reproduzierbarkeit<\/p>\n<p><\/div><\/li><li class=\"fusion-li-item\" style=\"\"><span class=\"icon-wrapper circle-no\"><i class=\"fusion-li-icon awb-icon-check\" aria-hidden=\"true\"><\/i><\/span><div class=\"fusion-li-item-content\">ONYX ist Teil des Markforged \u00d6kosystems und somit zu 100 % auf die Software und die Markforged 3D-Drucker abgestimmt.&nbsp;<\/p>\n<p><\/div><\/li><li class=\"fusion-li-item\" style=\"\"><span class=\"icon-wrapper circle-no\"><i class=\"fusion-li-icon awb-icon-check\" aria-hidden=\"true\"><\/i><\/span><div class=\"fusion-li-item-content\">Kein Einstellen von Parametern notwendig.<\/p>\n<p><\/div><\/li><\/ul>\n<p><strong><br \/>\nDRUCKMATERIAL (FILAMENT) GEEIGNET F\u00dcR<\/strong>: Markforged Onyx One, Onyx Pro, Mark Two Onyx 3D Drucker, X3, X5 und X7<br \/>\n<strong>LIEFERUMFANG &amp; VERSAND:<\/strong> 1x Onyx FFF Filament 800cm\u00b3 Rolle &#8211; der Artikel wird sicher verpackt und verschickt.<br \/>\n<strong>PROFESSIONELLER PARTNER:<\/strong> Die Mark3D Europe ist Ihr Partner f\u00fcr Markforged High-End 3D-Drucker, Materialien, Software und Zubeh\u00f6r f\u00fcr Industrieanwendungen. Fragen? Tel.: 49 (0) 7361 63396 03<\/p>\n<p><strong>Weiterf\u00fchrende Links zum Markforged Onyx-Filament:<\/strong><br \/>\n&#8211; <a href=\"https:\/\/www.mark3d.com\/de\/markforged-onyx-druckmaterial\/\" target=\"_blank\" rel=\"noopener\">Erfahren Sie mehr \u00fcber unser Onyx Material. (Hier klicken)<\/a><br \/>\n&#8211; <a href=\"https:\/\/www.mark3d.com\/de\/shop\" target=\"_blank\" rel=\"noopener\">Weitere Produkte von Markforged (Hier klicken)<\/a><br \/>\n&#8211; <a href=\"https:\/\/www.mark3d.com\/de\/markforged-onyx-druckmaterial\/\" target=\"_blank\" rel=\"noopener\">Mehr zum Onyx Material (Hier klicken)<\/a><br \/>\n&#8211; <a href=\"https:\/\/www.mark3d.com\/de\/wp-content\/uploads\/2021\/04\/Material_Datenblatt_Composites_Deutsch.pdf\" target=\"_blank\" rel=\"noopener\">Das Markforged Onyx Datenblatt (Hier klicken)<\/a><\/p>\n","protected":false},"excerpt":{"rendered":"<p>Inhalt: 800 cm\u00b3 (253,63\u20ac* \/ 1000 cm\u00b3)<\/p>\n<p>Onyx ist ein technischer Thermoplast und liefert mechanisch und thermisch belastbare Bauteile. Allein ist das Material bereits doppelt so steif wie ABS und kann dar\u00fcber hinaus mit jeder Markforged Endlosfaser verst\u00e4rkt werden. Onyx setzt die Messlatte in Sachen Oberfl\u00e4chenbeschaffenheit, chemischer Resistenz und W\u00e4rmeformbest\u00e4ndigkeit sehr hoch.<\/p>\n","protected":false},"featured_media":3376,"comment_status":"open","ping_status":"closed","template":"","meta":{"inline_featured_image":false},"product_brand":[],"product_cat":[70],"product_tag":[],"class_list":{"0":"post-3372","1":"product","2":"type-product","3":"status-publish","4":"has-post-thumbnail","6":"product_cat-druckmaterial","7":"product_shipping_class-paket-versand","9":"first","10":"instock","11":"featured","12":"taxable","13":"shipping-taxable","14":"purchasable","15":"product-type-simple"},"yoast_head":"<!-- This site is optimized with the Yoast SEO Premium plugin v27.0 (Yoast SEO v27.0) - https:\/\/yoast.com\/product\/yoast-seo-premium-wordpress\/ -->\n<title>Markforged Onyx FFF Filament - 800 cm\u00b3 Rolle - kaufen<\/title>\n<meta name=\"description\" content=\"Onyx liefert mechanisch und thermisch sowie chemisch belastbare Bauteile \u2713Autorisierter H\u00e4ndler \u2713 Bestpreisgarantie \u2713 Top Beratung\" \/>\n<meta name=\"robots\" content=\"index, follow, max-snippet:-1, max-image-preview:large, max-video-preview:-1\" \/>\n<link rel=\"canonical\" href=\"https:\/\/www.mark3d.com\/de\/produkt\/markforged-onyx-filament-fff-800-cm\u00b3-rolle\/\" \/>\n<meta property=\"og:locale\" content=\"de_DE\" \/>\n<meta property=\"og:type\" content=\"article\" \/>\n<meta property=\"og:title\" content=\"Markforged Onyx Filament (Basismaterial) - 800 cm\u00b3 Rolle - F-MF-0001\" \/>\n<meta property=\"og:description\" content=\"Onyx liefert mechanisch und thermisch sowie chemisch belastbare Bauteile \u2713Autorisierter H\u00e4ndler \u2713 Bestpreisgarantie \u2713 Top Beratung\" \/>\n<meta property=\"og:url\" content=\"https:\/\/www.mark3d.com\/de\/produkt\/markforged-onyx-filament-fff-800-cm\u00b3-rolle\/\" \/>\n<meta property=\"og:site_name\" content=\"Mark3D - Markforged 3D-Drucker\" \/>\n<meta property=\"article:publisher\" content=\"https:\/\/www.facebook.com\/Mark3DGmbH\/\" \/>\n<meta property=\"article:modified_time\" content=\"2024-08-30T11:26:32+00:00\" \/>\n<meta property=\"og:image\" content=\"https:\/\/www.mark3d.com\/de\/wp-content\/uploads\/2018\/03\/onyx-filament-3D-Drucker-markforged-mark3D_side.jpg\" \/>\n\t<meta property=\"og:image:width\" content=\"1500\" \/>\n\t<meta property=\"og:image:height\" content=\"1500\" \/>\n\t<meta property=\"og:image:type\" content=\"image\/jpeg\" \/>\n<meta name=\"twitter:card\" content=\"summary_large_image\" \/>\n<meta name=\"twitter:site\" content=\"@Mark3D_GmbH\" \/>\n<meta name=\"twitter:label1\" content=\"Gesch\u00e4tzte Lesezeit\" \/>\n\t<meta name=\"twitter:data1\" content=\"3\u00a0Minuten\" \/>\n<script type=\"application\/ld+json\" class=\"yoast-schema-graph\">{\"@context\":\"https:\/\/schema.org\",\"@graph\":[{\"@type\":\"WebPage\",\"@id\":\"https:\/\/www.mark3d.com\/de\/produkt\/markforged-onyx-filament-fff-800-cm%c2%b3-rolle\/\",\"url\":\"https:\/\/www.mark3d.com\/de\/produkt\/markforged-onyx-filament-fff-800-cm%c2%b3-rolle\/\",\"name\":\"Markforged Onyx FFF Filament - 800 cm\u00b3 Rolle - kaufen\",\"isPartOf\":{\"@id\":\"https:\/\/www.mark3d.com\/de\/#website\"},\"primaryImageOfPage\":{\"@id\":\"https:\/\/www.mark3d.com\/de\/produkt\/markforged-onyx-filament-fff-800-cm%c2%b3-rolle\/#primaryimage\"},\"image\":{\"@id\":\"https:\/\/www.mark3d.com\/de\/produkt\/markforged-onyx-filament-fff-800-cm%c2%b3-rolle\/#primaryimage\"},\"thumbnailUrl\":\"https:\/\/www.mark3d.com\/de\/wp-content\/uploads\/2018\/03\/onyx-filament-3D-Drucker-markforged-mark3D_side.jpg\",\"datePublished\":\"2018-03-07T09:23:25+00:00\",\"dateModified\":\"2024-08-30T11:26:32+00:00\",\"description\":\"Onyx liefert mechanisch und thermisch sowie chemisch belastbare Bauteile \u2713Autorisierter H\u00e4ndler \u2713 Bestpreisgarantie \u2713 Top Beratung\",\"breadcrumb\":{\"@id\":\"https:\/\/www.mark3d.com\/de\/produkt\/markforged-onyx-filament-fff-800-cm%c2%b3-rolle\/#breadcrumb\"},\"inLanguage\":\"de\",\"potentialAction\":[{\"@type\":\"ReadAction\",\"target\":[\"https:\/\/www.mark3d.com\/de\/produkt\/markforged-onyx-filament-fff-800-cm%c2%b3-rolle\/\"]}]},{\"@type\":\"ImageObject\",\"inLanguage\":\"de\",\"@id\":\"https:\/\/www.mark3d.com\/de\/produkt\/markforged-onyx-filament-fff-800-cm%c2%b3-rolle\/#primaryimage\",\"url\":\"https:\/\/www.mark3d.com\/de\/wp-content\/uploads\/2018\/03\/onyx-filament-3D-Drucker-markforged-mark3D_side.jpg\",\"contentUrl\":\"https:\/\/www.mark3d.com\/de\/wp-content\/uploads\/2018\/03\/onyx-filament-3D-Drucker-markforged-mark3D_side.jpg\",\"width\":1500,\"height\":1500,\"caption\":\"Onyx-Filament\"},{\"@type\":\"BreadcrumbList\",\"@id\":\"https:\/\/www.mark3d.com\/de\/produkt\/markforged-onyx-filament-fff-800-cm%c2%b3-rolle\/#breadcrumb\",\"itemListElement\":[{\"@type\":\"ListItem\",\"position\":1,\"name\":\"Startseite\",\"item\":\"https:\/\/www.mark3d.com\/de\/\"},{\"@type\":\"ListItem\",\"position\":2,\"name\":\"Markforged 3D-Drucker, Filamente &#038; Ersatzteile online kaufen\",\"item\":\"https:\/\/www.mark3d.com\/de\/shop\/\"},{\"@type\":\"ListItem\",\"position\":3,\"name\":\"Markforged Onyx Filament (Basismaterial) &#8211; 800 cm\u00b3 Rolle &#8211; F-MF-0001\"}]},{\"@type\":\"WebSite\",\"@id\":\"https:\/\/www.mark3d.com\/de\/#website\",\"url\":\"https:\/\/www.mark3d.com\/de\/\",\"name\":\"Mark3D\",\"description\":\"Industrielle 3D Drucker von Markforged\",\"publisher\":{\"@id\":\"https:\/\/www.mark3d.com\/de\/#organization\"},\"alternateName\":\"Mark3D GmbH\",\"potentialAction\":[{\"@type\":\"SearchAction\",\"target\":{\"@type\":\"EntryPoint\",\"urlTemplate\":\"https:\/\/www.mark3d.com\/de\/?s={search_term_string}\"},\"query-input\":{\"@type\":\"PropertyValueSpecification\",\"valueRequired\":true,\"valueName\":\"search_term_string\"}}],\"inLanguage\":\"de\"},{\"@type\":\"Organization\",\"@id\":\"https:\/\/www.mark3d.com\/de\/#organization\",\"name\":\"Mark3D GmbH\",\"url\":\"https:\/\/www.mark3d.com\/de\/\",\"logo\":{\"@type\":\"ImageObject\",\"inLanguage\":\"de\",\"@id\":\"https:\/\/www.mark3d.com\/de\/#\/schema\/logo\/image\/\",\"url\":\"https:\/\/www.mark3d.com\/de\/wp-content\/uploads\/2021\/05\/markforged-linkedin.jpg\",\"contentUrl\":\"https:\/\/www.mark3d.com\/de\/wp-content\/uploads\/2021\/05\/markforged-linkedin.jpg\",\"width\":800,\"height\":800,\"caption\":\"Mark3D GmbH\"},\"image\":{\"@id\":\"https:\/\/www.mark3d.com\/de\/#\/schema\/logo\/image\/\"},\"sameAs\":[\"https:\/\/www.facebook.com\/Mark3DGmbH\/\",\"https:\/\/x.com\/Mark3D_GmbH\",\"https:\/\/www.instagram.com\/mark3d_print_stronger\/\",\"https:\/\/www.linkedin.com\/company\/mark3d\/\",\"https:\/\/www.youtube.com\/channel\/UCo55w2I5eBrCvCB3oKH2WDg\"]}]}<\/script>\n<!-- \/ Yoast SEO Premium plugin. -->","yoast_head_json":{"title":"Markforged Onyx FFF Filament - 800 cm\u00b3 Rolle - kaufen","description":"Onyx liefert mechanisch und thermisch sowie chemisch belastbare Bauteile \u2713Autorisierter H\u00e4ndler \u2713 Bestpreisgarantie \u2713 Top Beratung","robots":{"index":"index","follow":"follow","max-snippet":"max-snippet:-1","max-image-preview":"max-image-preview:large","max-video-preview":"max-video-preview:-1"},"canonical":"https:\/\/www.mark3d.com\/de\/produkt\/markforged-onyx-filament-fff-800-cm\u00b3-rolle\/","og_locale":"de_DE","og_type":"article","og_title":"Markforged Onyx Filament (Basismaterial) - 800 cm\u00b3 Rolle - F-MF-0001","og_description":"Onyx liefert mechanisch und thermisch sowie chemisch belastbare Bauteile \u2713Autorisierter H\u00e4ndler \u2713 Bestpreisgarantie \u2713 Top Beratung","og_url":"https:\/\/www.mark3d.com\/de\/produkt\/markforged-onyx-filament-fff-800-cm\u00b3-rolle\/","og_site_name":"Mark3D - Markforged 3D-Drucker","article_publisher":"https:\/\/www.facebook.com\/Mark3DGmbH\/","article_modified_time":"2024-08-30T11:26:32+00:00","og_image":[{"width":1500,"height":1500,"url":"https:\/\/www.mark3d.com\/de\/wp-content\/uploads\/2018\/03\/onyx-filament-3D-Drucker-markforged-mark3D_side.jpg","type":"image\/jpeg"}],"twitter_card":"summary_large_image","twitter_site":"@Mark3D_GmbH","twitter_misc":{"Gesch\u00e4tzte Lesezeit":"3\u00a0Minuten"},"schema":{"@context":"https:\/\/schema.org","@graph":[{"@type":"WebPage","@id":"https:\/\/www.mark3d.com\/de\/produkt\/markforged-onyx-filament-fff-800-cm%c2%b3-rolle\/","url":"https:\/\/www.mark3d.com\/de\/produkt\/markforged-onyx-filament-fff-800-cm%c2%b3-rolle\/","name":"Markforged Onyx FFF Filament - 800 cm\u00b3 Rolle - kaufen","isPartOf":{"@id":"https:\/\/www.mark3d.com\/de\/#website"},"primaryImageOfPage":{"@id":"https:\/\/www.mark3d.com\/de\/produkt\/markforged-onyx-filament-fff-800-cm%c2%b3-rolle\/#primaryimage"},"image":{"@id":"https:\/\/www.mark3d.com\/de\/produkt\/markforged-onyx-filament-fff-800-cm%c2%b3-rolle\/#primaryimage"},"thumbnailUrl":"https:\/\/www.mark3d.com\/de\/wp-content\/uploads\/2018\/03\/onyx-filament-3D-Drucker-markforged-mark3D_side.jpg","datePublished":"2018-03-07T09:23:25+00:00","dateModified":"2024-08-30T11:26:32+00:00","description":"Onyx liefert mechanisch und thermisch sowie chemisch belastbare Bauteile \u2713Autorisierter H\u00e4ndler \u2713 Bestpreisgarantie \u2713 Top Beratung","breadcrumb":{"@id":"https:\/\/www.mark3d.com\/de\/produkt\/markforged-onyx-filament-fff-800-cm%c2%b3-rolle\/#breadcrumb"},"inLanguage":"de","potentialAction":[{"@type":"ReadAction","target":["https:\/\/www.mark3d.com\/de\/produkt\/markforged-onyx-filament-fff-800-cm%c2%b3-rolle\/"]}]},{"@type":"ImageObject","inLanguage":"de","@id":"https:\/\/www.mark3d.com\/de\/produkt\/markforged-onyx-filament-fff-800-cm%c2%b3-rolle\/#primaryimage","url":"https:\/\/www.mark3d.com\/de\/wp-content\/uploads\/2018\/03\/onyx-filament-3D-Drucker-markforged-mark3D_side.jpg","contentUrl":"https:\/\/www.mark3d.com\/de\/wp-content\/uploads\/2018\/03\/onyx-filament-3D-Drucker-markforged-mark3D_side.jpg","width":1500,"height":1500,"caption":"Onyx-Filament"},{"@type":"BreadcrumbList","@id":"https:\/\/www.mark3d.com\/de\/produkt\/markforged-onyx-filament-fff-800-cm%c2%b3-rolle\/#breadcrumb","itemListElement":[{"@type":"ListItem","position":1,"name":"Startseite","item":"https:\/\/www.mark3d.com\/de\/"},{"@type":"ListItem","position":2,"name":"Markforged 3D-Drucker, Filamente &#038; Ersatzteile online kaufen","item":"https:\/\/www.mark3d.com\/de\/shop\/"},{"@type":"ListItem","position":3,"name":"Markforged Onyx Filament (Basismaterial) &#8211; 800 cm\u00b3 Rolle &#8211; F-MF-0001"}]},{"@type":"WebSite","@id":"https:\/\/www.mark3d.com\/de\/#website","url":"https:\/\/www.mark3d.com\/de\/","name":"Mark3D","description":"Industrielle 3D Drucker von Markforged","publisher":{"@id":"https:\/\/www.mark3d.com\/de\/#organization"},"alternateName":"Mark3D GmbH","potentialAction":[{"@type":"SearchAction","target":{"@type":"EntryPoint","urlTemplate":"https:\/\/www.mark3d.com\/de\/?s={search_term_string}"},"query-input":{"@type":"PropertyValueSpecification","valueRequired":true,"valueName":"search_term_string"}}],"inLanguage":"de"},{"@type":"Organization","@id":"https:\/\/www.mark3d.com\/de\/#organization","name":"Mark3D GmbH","url":"https:\/\/www.mark3d.com\/de\/","logo":{"@type":"ImageObject","inLanguage":"de","@id":"https:\/\/www.mark3d.com\/de\/#\/schema\/logo\/image\/","url":"https:\/\/www.mark3d.com\/de\/wp-content\/uploads\/2021\/05\/markforged-linkedin.jpg","contentUrl":"https:\/\/www.mark3d.com\/de\/wp-content\/uploads\/2021\/05\/markforged-linkedin.jpg","width":800,"height":800,"caption":"Mark3D GmbH"},"image":{"@id":"https:\/\/www.mark3d.com\/de\/#\/schema\/logo\/image\/"},"sameAs":["https:\/\/www.facebook.com\/Mark3DGmbH\/","https:\/\/x.com\/Mark3D_GmbH","https:\/\/www.instagram.com\/mark3d_print_stronger\/","https:\/\/www.linkedin.com\/company\/mark3d\/","https:\/\/www.youtube.com\/channel\/UCo55w2I5eBrCvCB3oKH2WDg"]}]}},"acf":[],"_links":{"self":[{"href":"https:\/\/www.mark3d.com\/de\/wp-json\/wp\/v2\/product\/3372","targetHints":{"allow":["GET"]}}],"collection":[{"href":"https:\/\/www.mark3d.com\/de\/wp-json\/wp\/v2\/product"}],"about":[{"href":"https:\/\/www.mark3d.com\/de\/wp-json\/wp\/v2\/types\/product"}],"replies":[{"embeddable":true,"href":"https:\/\/www.mark3d.com\/de\/wp-json\/wp\/v2\/comments?post=3372"}],"wp:featuredmedia":[{"embeddable":true,"href":"https:\/\/www.mark3d.com\/de\/wp-json\/wp\/v2\/media\/3376"}],"wp:attachment":[{"href":"https:\/\/www.mark3d.com\/de\/wp-json\/wp\/v2\/media?parent=3372"}],"wp:term":[{"taxonomy":"product_brand","embeddable":true,"href":"https:\/\/www.mark3d.com\/de\/wp-json\/wp\/v2\/product_brand?post=3372"},{"taxonomy":"product_cat","embeddable":true,"href":"https:\/\/www.mark3d.com\/de\/wp-json\/wp\/v2\/product_cat?post=3372"},{"taxonomy":"product_tag","embeddable":true,"href":"https:\/\/www.mark3d.com\/de\/wp-json\/wp\/v2\/product_tag?post=3372"}],"curies":[{"name":"wp","href":"https:\/\/api.w.org\/{rel}","templated":true}]}}