{"id":3423,"date":"2018-03-08T15:18:22","date_gmt":"2018-03-08T15:18:22","guid":{"rendered":"https:\/\/www.mark3d.com\/de\/?post_type=product&#038;p=3423"},"modified":"2022-07-04T11:47:00","modified_gmt":"2022-07-04T11:47:00","slug":"markforged-ersatzduesen-faser-desktop-x-serie","status":"publish","type":"product","link":"https:\/\/www.mark3d.com\/de\/produkt\/markforged-ersatzduesen-faser-desktop-x-serie\/","title":{"rendered":"Markforged Ersatzd\u00fcsen Faser (Desktop- und X-Serie) (2xCFF)"},"content":{"rendered":"<p>Markforged Ersatzd\u00fcsen Faser<br \/>\n2 St\u00fcck<\/p>\n<p>Messingd\u00fcsen mit PTFE R\u00f6hrchen zur Faserlegung.<\/p>\n<p><span class=\"a-list-item\">GEEIGNET F\u00dcR: Markforged Onyx Pro, Mark Two, X5 und X7-3D-Drucker<\/span><\/p>\n<p><span class=\"a-list-item\">VERWENDBAR F\u00dcR: Alle Faser-Filamente<\/span><\/p>\n<p><span class=\"a-list-item\">LIEFERUMFANG: 2x Ersatzd\u00fcsen Faser (2xFFF )<\/span><\/p>\n<p>HERSTELLERARTIKELNUMMER: F-PC-2004<\/p>\n<p>&nbsp;<\/p>\n<p>&nbsp;<\/p>\n<p>&nbsp;<\/p>\n","protected":false},"excerpt":{"rendered":"<p>Markforged Ersatzd\u00fcsen Faser 2 St\u00fcck Messingd\u00fcsen mit PTFE R\u00f6hrchen zur Faserlegung. GEEIGNET F\u00dcR: Markforged Onyx Pro, Mark Two, X5 und X7-3D-Drucker VERWENDBAR F\u00dcR: Alle Faser-Filamente LIEFERUMFANG: 2x Ersatzd\u00fcsen Faser (2xFFF ) HERSTELLERARTIKELNUMMER: F-PC-2004 &nbsp; &nbsp; &nbsp;<\/p>\n","protected":false},"featured_media":3424,"comment_status":"open","ping_status":"closed","template":"","meta":{"inline_featured_image":false},"product_brand":[],"product_cat":[72],"product_tag":[],"class_list":{"0":"post-3423","1":"product","2":"type-product","3":"status-publish","4":"has-post-thumbnail","6":"product_cat-verschleissteile-markforged","7":"product_shipping_class-paket-versand","9":"first","10":"instock","11":"taxable","12":"shipping-taxable","13":"purchasable","14":"product-type-simple"},"yoast_head":"<!-- This site is optimized with the Yoast SEO Premium plugin v27.0 (Yoast SEO v27.0) - https:\/\/yoast.com\/product\/yoast-seo-premium-wordpress\/ -->\n<title>Markforged Ersatzd\u00fcsen Faser (Desktop- und X-Serie) kaufen<\/title>\n<meta name=\"description\" content=\"Originale Markforged Ersatzd\u00fcse f\u00fcr alle Markforged 3D-Drucker bequem online nachkaufen! \u2713Authorisierter H\u00e4ndler \u2713 Bestpreisgarantie \u2713 Top Beratung \u2713 Unverbindliches Angebot\" \/>\n<meta name=\"robots\" content=\"index, follow, max-snippet:-1, max-image-preview:large, max-video-preview:-1\" \/>\n<link rel=\"canonical\" href=\"https:\/\/www.mark3d.com\/de\/produkt\/markforged-ersatzduesen-faser-desktop-x-serie\/\" \/>\n<meta property=\"og:locale\" content=\"de_DE\" \/>\n<meta property=\"og:type\" content=\"article\" \/>\n<meta property=\"og:title\" content=\"Markforged Ersatzd\u00fcsen Faser (Desktop- und X-Serie) (2xCFF)\" \/>\n<meta property=\"og:description\" content=\"Originale Markforged Ersatzd\u00fcse f\u00fcr alle Markforged 3D-Drucker bequem online nachkaufen! \u2713Authorisierter H\u00e4ndler \u2713 Bestpreisgarantie \u2713 Top Beratung \u2713 Unverbindliches Angebot\" \/>\n<meta property=\"og:url\" content=\"https:\/\/www.mark3d.com\/de\/produkt\/markforged-ersatzduesen-faser-desktop-x-serie\/\" \/>\n<meta property=\"og:site_name\" content=\"Mark3D - Markforged 3D-Drucker\" \/>\n<meta property=\"article:publisher\" content=\"https:\/\/www.facebook.com\/Mark3DGmbH\/\" \/>\n<meta property=\"article:modified_time\" content=\"2022-07-04T11:47:00+00:00\" \/>\n<meta property=\"og:image\" content=\"https:\/\/www.mark3d.com\/de\/wp-content\/uploads\/2018\/03\/Markforged-ersatzdruese-fuer-3D-Drucker-side-mark3d-gold.jpg\" \/>\n\t<meta property=\"og:image:width\" content=\"1500\" \/>\n\t<meta property=\"og:image:height\" content=\"1500\" \/>\n\t<meta property=\"og:image:type\" content=\"image\/jpeg\" \/>\n<meta name=\"twitter:card\" content=\"summary_large_image\" \/>\n<meta name=\"twitter:site\" content=\"@Mark3D_GmbH\" \/>\n<meta name=\"twitter:label1\" content=\"Gesch\u00e4tzte Lesezeit\" \/>\n\t<meta name=\"twitter:data1\" content=\"1\u00a0Minute\" \/>\n<script type=\"application\/ld+json\" class=\"yoast-schema-graph\">{\"@context\":\"https:\/\/schema.org\",\"@graph\":[{\"@type\":\"WebPage\",\"@id\":\"https:\/\/www.mark3d.com\/de\/produkt\/markforged-ersatzduesen-faser-desktop-x-serie\/\",\"url\":\"https:\/\/www.mark3d.com\/de\/produkt\/markforged-ersatzduesen-faser-desktop-x-serie\/\",\"name\":\"Markforged Ersatzd\u00fcsen Faser (Desktop- und X-Serie) kaufen\",\"isPartOf\":{\"@id\":\"https:\/\/www.mark3d.com\/de\/#website\"},\"primaryImageOfPage\":{\"@id\":\"https:\/\/www.mark3d.com\/de\/produkt\/markforged-ersatzduesen-faser-desktop-x-serie\/#primaryimage\"},\"image\":{\"@id\":\"https:\/\/www.mark3d.com\/de\/produkt\/markforged-ersatzduesen-faser-desktop-x-serie\/#primaryimage\"},\"thumbnailUrl\":\"https:\/\/www.mark3d.com\/de\/wp-content\/uploads\/2018\/03\/Markforged-ersatzdruese-fuer-3D-Drucker-side-mark3d-gold.jpg\",\"datePublished\":\"2018-03-08T15:18:22+00:00\",\"dateModified\":\"2022-07-04T11:47:00+00:00\",\"description\":\"Originale Markforged Ersatzd\u00fcse f\u00fcr alle Markforged 3D-Drucker bequem online nachkaufen! \u2713Authorisierter H\u00e4ndler \u2713 Bestpreisgarantie \u2713 Top Beratung \u2713 Unverbindliches Angebot\",\"breadcrumb\":{\"@id\":\"https:\/\/www.mark3d.com\/de\/produkt\/markforged-ersatzduesen-faser-desktop-x-serie\/#breadcrumb\"},\"inLanguage\":\"de\",\"potentialAction\":[{\"@type\":\"ReadAction\",\"target\":[\"https:\/\/www.mark3d.com\/de\/produkt\/markforged-ersatzduesen-faser-desktop-x-serie\/\"]}]},{\"@type\":\"ImageObject\",\"inLanguage\":\"de\",\"@id\":\"https:\/\/www.mark3d.com\/de\/produkt\/markforged-ersatzduesen-faser-desktop-x-serie\/#primaryimage\",\"url\":\"https:\/\/www.mark3d.com\/de\/wp-content\/uploads\/2018\/03\/Markforged-ersatzdruese-fuer-3D-Drucker-side-mark3d-gold.jpg\",\"contentUrl\":\"https:\/\/www.mark3d.com\/de\/wp-content\/uploads\/2018\/03\/Markforged-ersatzdruese-fuer-3D-Drucker-side-mark3d-gold.jpg\",\"width\":1500,\"height\":1500},{\"@type\":\"BreadcrumbList\",\"@id\":\"https:\/\/www.mark3d.com\/de\/produkt\/markforged-ersatzduesen-faser-desktop-x-serie\/#breadcrumb\",\"itemListElement\":[{\"@type\":\"ListItem\",\"position\":1,\"name\":\"Startseite\",\"item\":\"https:\/\/www.mark3d.com\/de\/\"},{\"@type\":\"ListItem\",\"position\":2,\"name\":\"Markforged 3D-Drucker, Filamente &#038; Ersatzteile online kaufen\",\"item\":\"https:\/\/www.mark3d.com\/de\/shop\/\"},{\"@type\":\"ListItem\",\"position\":3,\"name\":\"Markforged Ersatzd\u00fcsen Faser (Desktop- und X-Serie) (2xCFF)\"}]},{\"@type\":\"WebSite\",\"@id\":\"https:\/\/www.mark3d.com\/de\/#website\",\"url\":\"https:\/\/www.mark3d.com\/de\/\",\"name\":\"Mark3D\",\"description\":\"Industrielle 3D Drucker von Markforged\",\"publisher\":{\"@id\":\"https:\/\/www.mark3d.com\/de\/#organization\"},\"alternateName\":\"Mark3D GmbH\",\"potentialAction\":[{\"@type\":\"SearchAction\",\"target\":{\"@type\":\"EntryPoint\",\"urlTemplate\":\"https:\/\/www.mark3d.com\/de\/?s={search_term_string}\"},\"query-input\":{\"@type\":\"PropertyValueSpecification\",\"valueRequired\":true,\"valueName\":\"search_term_string\"}}],\"inLanguage\":\"de\"},{\"@type\":\"Organization\",\"@id\":\"https:\/\/www.mark3d.com\/de\/#organization\",\"name\":\"Mark3D GmbH\",\"url\":\"https:\/\/www.mark3d.com\/de\/\",\"logo\":{\"@type\":\"ImageObject\",\"inLanguage\":\"de\",\"@id\":\"https:\/\/www.mark3d.com\/de\/#\/schema\/logo\/image\/\",\"url\":\"https:\/\/www.mark3d.com\/de\/wp-content\/uploads\/2021\/05\/markforged-linkedin.jpg\",\"contentUrl\":\"https:\/\/www.mark3d.com\/de\/wp-content\/uploads\/2021\/05\/markforged-linkedin.jpg\",\"width\":800,\"height\":800,\"caption\":\"Mark3D GmbH\"},\"image\":{\"@id\":\"https:\/\/www.mark3d.com\/de\/#\/schema\/logo\/image\/\"},\"sameAs\":[\"https:\/\/www.facebook.com\/Mark3DGmbH\/\",\"https:\/\/x.com\/Mark3D_GmbH\",\"https:\/\/www.instagram.com\/mark3d_print_stronger\/\",\"https:\/\/www.linkedin.com\/company\/mark3d\/\",\"https:\/\/www.youtube.com\/channel\/UCo55w2I5eBrCvCB3oKH2WDg\"]}]}<\/script>\n<!-- \/ Yoast SEO Premium plugin. -->","yoast_head_json":{"title":"Markforged Ersatzd\u00fcsen Faser (Desktop- und X-Serie) kaufen","description":"Originale Markforged Ersatzd\u00fcse f\u00fcr alle Markforged 3D-Drucker bequem online nachkaufen! \u2713Authorisierter H\u00e4ndler \u2713 Bestpreisgarantie \u2713 Top Beratung \u2713 Unverbindliches Angebot","robots":{"index":"index","follow":"follow","max-snippet":"max-snippet:-1","max-image-preview":"max-image-preview:large","max-video-preview":"max-video-preview:-1"},"canonical":"https:\/\/www.mark3d.com\/de\/produkt\/markforged-ersatzduesen-faser-desktop-x-serie\/","og_locale":"de_DE","og_type":"article","og_title":"Markforged Ersatzd\u00fcsen Faser (Desktop- und X-Serie) (2xCFF)","og_description":"Originale Markforged Ersatzd\u00fcse f\u00fcr alle Markforged 3D-Drucker bequem online nachkaufen! \u2713Authorisierter H\u00e4ndler \u2713 Bestpreisgarantie \u2713 Top Beratung \u2713 Unverbindliches Angebot","og_url":"https:\/\/www.mark3d.com\/de\/produkt\/markforged-ersatzduesen-faser-desktop-x-serie\/","og_site_name":"Mark3D - Markforged 3D-Drucker","article_publisher":"https:\/\/www.facebook.com\/Mark3DGmbH\/","article_modified_time":"2022-07-04T11:47:00+00:00","og_image":[{"width":1500,"height":1500,"url":"https:\/\/www.mark3d.com\/de\/wp-content\/uploads\/2018\/03\/Markforged-ersatzdruese-fuer-3D-Drucker-side-mark3d-gold.jpg","type":"image\/jpeg"}],"twitter_card":"summary_large_image","twitter_site":"@Mark3D_GmbH","twitter_misc":{"Gesch\u00e4tzte Lesezeit":"1\u00a0Minute"},"schema":{"@context":"https:\/\/schema.org","@graph":[{"@type":"WebPage","@id":"https:\/\/www.mark3d.com\/de\/produkt\/markforged-ersatzduesen-faser-desktop-x-serie\/","url":"https:\/\/www.mark3d.com\/de\/produkt\/markforged-ersatzduesen-faser-desktop-x-serie\/","name":"Markforged Ersatzd\u00fcsen Faser (Desktop- und X-Serie) kaufen","isPartOf":{"@id":"https:\/\/www.mark3d.com\/de\/#website"},"primaryImageOfPage":{"@id":"https:\/\/www.mark3d.com\/de\/produkt\/markforged-ersatzduesen-faser-desktop-x-serie\/#primaryimage"},"image":{"@id":"https:\/\/www.mark3d.com\/de\/produkt\/markforged-ersatzduesen-faser-desktop-x-serie\/#primaryimage"},"thumbnailUrl":"https:\/\/www.mark3d.com\/de\/wp-content\/uploads\/2018\/03\/Markforged-ersatzdruese-fuer-3D-Drucker-side-mark3d-gold.jpg","datePublished":"2018-03-08T15:18:22+00:00","dateModified":"2022-07-04T11:47:00+00:00","description":"Originale Markforged Ersatzd\u00fcse f\u00fcr alle Markforged 3D-Drucker bequem online nachkaufen! \u2713Authorisierter H\u00e4ndler \u2713 Bestpreisgarantie \u2713 Top Beratung \u2713 Unverbindliches Angebot","breadcrumb":{"@id":"https:\/\/www.mark3d.com\/de\/produkt\/markforged-ersatzduesen-faser-desktop-x-serie\/#breadcrumb"},"inLanguage":"de","potentialAction":[{"@type":"ReadAction","target":["https:\/\/www.mark3d.com\/de\/produkt\/markforged-ersatzduesen-faser-desktop-x-serie\/"]}]},{"@type":"ImageObject","inLanguage":"de","@id":"https:\/\/www.mark3d.com\/de\/produkt\/markforged-ersatzduesen-faser-desktop-x-serie\/#primaryimage","url":"https:\/\/www.mark3d.com\/de\/wp-content\/uploads\/2018\/03\/Markforged-ersatzdruese-fuer-3D-Drucker-side-mark3d-gold.jpg","contentUrl":"https:\/\/www.mark3d.com\/de\/wp-content\/uploads\/2018\/03\/Markforged-ersatzdruese-fuer-3D-Drucker-side-mark3d-gold.jpg","width":1500,"height":1500},{"@type":"BreadcrumbList","@id":"https:\/\/www.mark3d.com\/de\/produkt\/markforged-ersatzduesen-faser-desktop-x-serie\/#breadcrumb","itemListElement":[{"@type":"ListItem","position":1,"name":"Startseite","item":"https:\/\/www.mark3d.com\/de\/"},{"@type":"ListItem","position":2,"name":"Markforged 3D-Drucker, Filamente &#038; Ersatzteile online kaufen","item":"https:\/\/www.mark3d.com\/de\/shop\/"},{"@type":"ListItem","position":3,"name":"Markforged Ersatzd\u00fcsen Faser (Desktop- und X-Serie) (2xCFF)"}]},{"@type":"WebSite","@id":"https:\/\/www.mark3d.com\/de\/#website","url":"https:\/\/www.mark3d.com\/de\/","name":"Mark3D","description":"Industrielle 3D Drucker von Markforged","publisher":{"@id":"https:\/\/www.mark3d.com\/de\/#organization"},"alternateName":"Mark3D GmbH","potentialAction":[{"@type":"SearchAction","target":{"@type":"EntryPoint","urlTemplate":"https:\/\/www.mark3d.com\/de\/?s={search_term_string}"},"query-input":{"@type":"PropertyValueSpecification","valueRequired":true,"valueName":"search_term_string"}}],"inLanguage":"de"},{"@type":"Organization","@id":"https:\/\/www.mark3d.com\/de\/#organization","name":"Mark3D GmbH","url":"https:\/\/www.mark3d.com\/de\/","logo":{"@type":"ImageObject","inLanguage":"de","@id":"https:\/\/www.mark3d.com\/de\/#\/schema\/logo\/image\/","url":"https:\/\/www.mark3d.com\/de\/wp-content\/uploads\/2021\/05\/markforged-linkedin.jpg","contentUrl":"https:\/\/www.mark3d.com\/de\/wp-content\/uploads\/2021\/05\/markforged-linkedin.jpg","width":800,"height":800,"caption":"Mark3D GmbH"},"image":{"@id":"https:\/\/www.mark3d.com\/de\/#\/schema\/logo\/image\/"},"sameAs":["https:\/\/www.facebook.com\/Mark3DGmbH\/","https:\/\/x.com\/Mark3D_GmbH","https:\/\/www.instagram.com\/mark3d_print_stronger\/","https:\/\/www.linkedin.com\/company\/mark3d\/","https:\/\/www.youtube.com\/channel\/UCo55w2I5eBrCvCB3oKH2WDg"]}]}},"acf":[],"_links":{"self":[{"href":"https:\/\/www.mark3d.com\/de\/wp-json\/wp\/v2\/product\/3423","targetHints":{"allow":["GET"]}}],"collection":[{"href":"https:\/\/www.mark3d.com\/de\/wp-json\/wp\/v2\/product"}],"about":[{"href":"https:\/\/www.mark3d.com\/de\/wp-json\/wp\/v2\/types\/product"}],"replies":[{"embeddable":true,"href":"https:\/\/www.mark3d.com\/de\/wp-json\/wp\/v2\/comments?post=3423"}],"wp:featuredmedia":[{"embeddable":true,"href":"https:\/\/www.mark3d.com\/de\/wp-json\/wp\/v2\/media\/3424"}],"wp:attachment":[{"href":"https:\/\/www.mark3d.com\/de\/wp-json\/wp\/v2\/media?parent=3423"}],"wp:term":[{"taxonomy":"product_brand","embeddable":true,"href":"https:\/\/www.mark3d.com\/de\/wp-json\/wp\/v2\/product_brand?post=3423"},{"taxonomy":"product_cat","embeddable":true,"href":"https:\/\/www.mark3d.com\/de\/wp-json\/wp\/v2\/product_cat?post=3423"},{"taxonomy":"product_tag","embeddable":true,"href":"https:\/\/www.mark3d.com\/de\/wp-json\/wp\/v2\/product_tag?post=3423"}],"curies":[{"name":"wp","href":"https:\/\/api.w.org\/{rel}","templated":true}]}}