{"id":3486,"date":"2018-03-12T12:10:16","date_gmt":"2018-03-12T12:10:16","guid":{"rendered":"https:\/\/www.mark3d.com\/de\/?post_type=product&#038;p=3486"},"modified":"2024-08-12T07:11:16","modified_gmt":"2024-08-12T07:11:16","slug":"markforged-mark-two-onyx-3d-drucker","status":"publish","type":"product","link":"https:\/\/www.mark3d.com\/de\/produkt\/markforged-mark-two-onyx-3d-drucker\/","title":{"rendered":"Markforged &#8211; Mark Two &#8211; 3D-Drucker &#8211; inkl. 3 Jahre Essential Paket"},"content":{"rendered":"<h2>Markforged Mark Two (Onyx) &#8211; Stabil gedruckte Bauteile in jedem B\u00fcro<\/h2>\n<p>Die Desktop-3D-Drucker-Serie von Markforged wurde konzipiert, um jedem Designer und&nbsp;Konstrukteur in die Lage zu versetzen stabile Bau- und Funktionsteile in k\u00fcrzester Zeit zu fertigen. Hierbei harmonieren die drei wichtigsten Komponenten Hardware, Software und Material in Perfektion und bieten Ihnen ein einzigartiges&nbsp;3D-Druck-Erlebnis. Sie k\u00f6nnen das Material und die Stabilit\u00e4t Ihrer Bauteile selbst bestimmen und anschlie\u00dfend fertigt der Mark Two aus Ihren CAD-Daten perfekte Funktionsteile. Lassen auch Sie sich von der Desktop-Serie begeistern.&nbsp;<\/p>\n<h2>Funktions- Bauteile von h\u00f6chster Qualit\u00e4t mit dem 3D-Drucker fertigen:<\/h2>\n<ul>\n<li>H\u00f6chste Festigkeit, Stabilit\u00e4t und Steifigkeit der Druckergebnisse<\/li>\n<li>Fertigung in k\u00fcrzester Zeit f\u00fcr Prototypen und Kleinserien<\/li>\n<li>Einfachste Bedienung der leistungsstarken EIGER Software zum verarbeiten Ihrer CAD-Daten<\/li>\n<\/ul>\n<h2>3D-Drucker f\u00fcr Funktionsteile die hohen Belastungen ausgesetzt sind<\/h2>\n<p>Um die Festigkeitseinschr\u00e4nkungen, die bei vielen 3D-Druckmaterialien vorliegen zu umgehen, wurde der Mark Two 3D-Drucker entwickelt.&nbsp;<strong>Der Markforged Mark Two 3D-Drucker ist der weltweit erste 3D-Drucker, der Verbundwerkstoffe druckt.<\/strong> Jetzt k\u00f6nnen Funktionsteile, Werkzeuge und Vorrichtungen mit einem deutlich besseren Festigkeits-Gewichts-Verh\u00e4ltnis gedruckt werden.&nbsp;<\/p>\n<p>Den grundlegenden Unterschied f\u00fcr die Stabilit\u00e4t eines Bauteils machen hierbei die Endlosfasern eines mit Carbonfaser, Glasfaser oder Kevlar\u00ae gedruckten Bauteils aus. Das Kohlefaserbauteil ist jedoch nur dann optimal auf Zug- und Druckkr\u00e4fte ausgelegt, wenn die Kohlefaser (oder auch Carbonfaser) nicht unterbrochen ist.&nbsp;Deshalb ist die Endlosfaser f\u00fcr die Stabilit\u00e4t eines mit Kohlefaser,&nbsp; Kevlar\u00ae oder Glasfaser gedruckten Bauteils so entscheidend.<\/p>\n<p>Das Grundprinzip des 3D-Druckers ist die FFF-Drucktechnologie (Fused Filament Fabrication), dabei werden die Au\u00dfenkonturen in Nylon Material gedruckt und das Innenleben des Bauteils mit Endloskohlefasern, Kevlar\u00ae sowie Glasfasern versehen. Der 3D Drucker schaltet dabei w\u00e4hrend dem Druckprozess aktiv zwischen zwei D\u00fcsen, um erstaunlich robuste faserverst\u00e4rkte Kunststoffteile in nur einem Bauvorgang herzustellen. Diese Drucktechnologie mit durchgehenden Fasermaterialien nennt sich Continuous Filament Fabrication (CFF\u2122).<\/p>\n<p>Weitere Informationen finden Sie auf der <strong><a href=\"https:\/\/www.mark3d.com\/de\/mark-two-kohlefaser-3d-drucker-mit-endlosfasern\/\">Produkt-Informations-Seite<\/a><\/strong>.<\/p>\n<h2>Pr\u00e4zision, Qualit\u00e4t, Design &#8211; 3D-Druck der neuen Generation<\/h2>\n<p>Die gefertigten Bauteile \u00fcberzeugen dank h\u00f6chster Festigkeit, Stabilit\u00e4t und Steifigkeit bei verschiedenen Materialien mit exzellenten Oberfl\u00e4chen.<\/p>\n<h2 data-fontsize=\"40\" data-lineheight=\"60\">&nbsp;<\/h2>\n<h2 data-fontsize=\"40\" data-lineheight=\"60\">Vergleiche die industriellen 3D-Drucker unserer Markforged Desktopserie<\/h2>\n<div class=\"fusion-image-element in-legacy-container\" style=\"--awb-caption-title-font-family:var(--h2_typography-font-family);--awb-caption-title-font-weight:var(--h2_typography-font-weight);--awb-caption-title-font-style:var(--h2_typography-font-style);--awb-caption-title-size:var(--h2_typography-font-size);--awb-caption-title-transform:var(--h2_typography-text-transform);--awb-caption-title-line-height:var(--h2_typography-line-height);--awb-caption-title-letter-spacing:var(--h2_typography-letter-spacing);\"><span class=\" fusion-imageframe imageframe-none imageframe-1 hover-type-none\"><img decoding=\"async\" width=\"1257\" height=\"770\" title=\"vergleich-markforged-industrie-desktopserie-mark3d-3d-drucker-mark-two\" src=\"https:\/\/www.mark3d.com\/de\/wp-content\/uploads\/2018\/03\/vergleich-markforged-industrie-desktopserie-mark3d-3d-drucker-mark-two.png\" alt class=\"img-responsive wp-image-18148\" srcset=\"https:\/\/www.mark3d.com\/de\/wp-content\/uploads\/2018\/03\/vergleich-markforged-industrie-desktopserie-mark3d-3d-drucker-mark-two-200x123.png 200w, https:\/\/www.mark3d.com\/de\/wp-content\/uploads\/2018\/03\/vergleich-markforged-industrie-desktopserie-mark3d-3d-drucker-mark-two-400x245.png 400w, https:\/\/www.mark3d.com\/de\/wp-content\/uploads\/2018\/03\/vergleich-markforged-industrie-desktopserie-mark3d-3d-drucker-mark-two-600x368.png 600w, https:\/\/www.mark3d.com\/de\/wp-content\/uploads\/2018\/03\/vergleich-markforged-industrie-desktopserie-mark3d-3d-drucker-mark-two-800x490.png 800w, https:\/\/www.mark3d.com\/de\/wp-content\/uploads\/2018\/03\/vergleich-markforged-industrie-desktopserie-mark3d-3d-drucker-mark-two-1200x735.png 1200w, https:\/\/www.mark3d.com\/de\/wp-content\/uploads\/2018\/03\/vergleich-markforged-industrie-desktopserie-mark3d-3d-drucker-mark-two.png 1257w\" sizes=\"(max-width: 800px) 100vw, 1200px\" \/><\/span><\/div>\n<div class=\"fusion-text\">\n<h2 data-fontsize=\"40\" data-lineheight=\"60\">Die Eiger Software<\/h2>\n<\/div>\n<div class=\"fusion-text\">\n<p>Eine innovative, stabile oder vor allem einfach zu bedienenden Plattform, die dem Benutzer m\u00f6glichst viele Arbeiten abnehmen soll. Desweiteren ist die EIGER Software Cloudbasiert ist, was bedeutet, dass die Software immer auf dem neuesten Stand ist. Von Ihrem PC aus laden Sie \u00fcber Ihren Browser die 3D Druckauftr\u00e4ge in die Cloudbasierte EIGER Software. Der 3D-Drucker kann dabei per LAN-Kabel, USB und W-LAN angesteuert werden. Mit der Software k\u00f6nnen Sie Ihre STL-Dateien verwalten und Katalogisieren.<\/p>\n<p>Dank der einfachen Bedienung k\u00f6nnen Sie Ihr Bauteilinneres intelligent mit St\u00fctzstrukturen versehen und vollkommen automatisch Schicht f\u00fcr Schicht in der ausgew\u00e4hlten Region des Bauteils mit der endlosen Faser ausstatten. Die Faserdichte kann pro Schicht \u00fcber einen einfachen Schieberegler in der Software ver\u00e4ndert werde. Somit k\u00f6nnen Sie Ihr Bauteil perfekt auf Ihre Krafteinwirkung auslegen und ausdrucken.<\/p>\n<p>Der Druckvorgang kann pausiert werden, um Komponenten in den Druck einzubetten. Sie k\u00f6nnen somit Elektronik, Sensorik und Kugellager in Ihr Bauteil integrieren.<\/p>\n<p>Optional stellen wir auch eine EIGER OFFLINE-Version zur Verf\u00fcgung. Hier f\u00e4llt eine weitere Geb\u00fchr an.<\/p>\n<p>&nbsp;<\/p>\n<h2><span class=\"a-list-item\">LIEFERUMFANG<\/span><\/h2>\n<ul>\n<li><span class=\"a-list-item\">&nbsp;1x Mark Two Onyx 3D Drucker<\/span><\/li>\n<li>1x&nbsp;inkl 1 Jahre Rundum-sorglos-Paket<\/li>\n<li><span class=\"a-list-item\">1x Bauplattform Desktop Series True Bed<\/span><\/li>\n<li><span class=\"a-list-item\">1x Onyx FFF Filament 800cm\u00b3 Rolle<\/span><\/li>\n<li><span class=\"a-list-item\"> 1x Glasfaser CFF Filament 50cm\u00b3 Rolle<\/span><\/li>\n<li><span class=\"a-list-item\">1x Kevlar CFF Filament 50cm\u00b3 Rolle<\/span><\/li>\n<li><span class=\"a-list-item\">2x Kohlefaser 50cm\u00b3 Rollen<\/span><\/li>\n<li><span class=\"a-list-item\">1x Hochtemperatur Glasfaser 50cm\u00b3 Rolle<\/span><\/li>\n<li><span class=\"a-list-item\"> 3x FFF Ersatzd\u00fcse<\/span><\/li>\n<li><span class=\"a-list-item\">3x CFF Ersatzd\u00fcse<\/span><\/li>\n<li><span class=\"a-list-item\">1x Trockenbox<\/span><\/li>\n<li><span class=\"a-list-item\">1x Werkzeug-Set<\/span><\/li>\n<\/ul>\n<\/div>\n<h2>Sie haben noch weitere Fragen?<\/h2>\n<p>Schreiben Sie uns eine <a href=\"https:\/\/www.mark3d.com\/de\/kontakt\/\"><strong>Mail <\/strong><\/a>oder nutzen Sie den <strong>Chat<\/strong>.<br \/>\nSie k\u00f6nnen uns auch anrufen Tel.: 07361 63396 00.<\/p>\n<p><a href=\"https:\/\/www.mark3d.com\/de\/shop\/\"><strong>Hier<\/strong> finden Sie die gesamte Artikel-\u00dcbersicht.<\/a><\/p>\n","protected":false},"excerpt":{"rendered":"<p>Drucken Sie mechanisch belastbare und chemisch resistente Bauteile direkt an Ihrem Arbeitsplatz!<\/p>\n<ul>\n<li>Fertigung von hochstabilen Bauteilen f\u00fcr Industrieanwendungen<\/li>\n<li>Drucken Sie das Basismaterial Onyx in Verbindung mit den Endlosfasern aus Carbonfaser, Glasfaser, HSHT Glasfaser und Kevlar\u00ae<\/li>\n<li>Drucken Sie flexible Bauteile aus Smooth TPU95.<\/li>\n<li>3D-Drucker, Software und Material &#8211; harmonieren perfekt miteinander<\/li>\n<li>Hochmoderne Cloud Eiger-Software<\/li>\n<\/ul>\n","protected":false},"featured_media":3497,"comment_status":"open","ping_status":"closed","template":"","meta":{"inline_featured_image":false},"product_brand":[],"product_cat":[69,117],"product_tag":[],"class_list":{"0":"post-3486","1":"product","2":"type-product","3":"status-publish","4":"has-post-thumbnail","6":"product_cat-markforged-3d-drucker","7":"product_cat-desktopserie-markforged-3d-drucker","8":"product_shipping_class-versicherter-versand","10":"first","11":"instock","12":"taxable","13":"shipping-taxable","14":"purchasable","15":"product-type-simple"},"yoast_head":"<!-- This site is optimized with the Yoast SEO Premium plugin v27.0 (Yoast SEO v27.0) - https:\/\/yoast.com\/product\/yoast-seo-premium-wordpress\/ -->\n<title>Markforged Mark Two 3D-Drucker jetzt online kaufen<\/title>\n<meta name=\"description\" content=\"Der Markforged Mark Two, der 3D-Drucker, der Verbundwerkstoffe druckt! \u2713 Authorisierter H\u00e4ndler \u2713 Bestpreisgarantie \u2713 Unverbindliches Angebot\" \/>\n<meta name=\"robots\" content=\"index, follow, max-snippet:-1, max-image-preview:large, max-video-preview:-1\" \/>\n<link rel=\"canonical\" href=\"https:\/\/www.mark3d.com\/de\/produkt\/markforged-mark-two-onyx-3d-drucker\/\" \/>\n<meta property=\"og:locale\" content=\"de_DE\" \/>\n<meta property=\"og:type\" content=\"article\" \/>\n<meta property=\"og:title\" content=\"Markforged - Mark Two - 3D-Drucker - inkl. 3 Jahre Essential Paket\" \/>\n<meta property=\"og:description\" content=\"Der Markforged Mark Two, der 3D-Drucker, der Verbundwerkstoffe druckt! \u2713 Authorisierter H\u00e4ndler \u2713 Bestpreisgarantie \u2713 Unverbindliches Angebot\" \/>\n<meta property=\"og:url\" content=\"https:\/\/www.mark3d.com\/de\/produkt\/markforged-mark-two-onyx-3d-drucker\/\" \/>\n<meta property=\"og:site_name\" content=\"Mark3D - Markforged 3D-Drucker\" \/>\n<meta property=\"article:publisher\" content=\"https:\/\/www.facebook.com\/Mark3DGmbH\/\" \/>\n<meta property=\"article:modified_time\" content=\"2024-08-12T07:11:16+00:00\" \/>\n<meta property=\"og:image\" content=\"https:\/\/www.mark3d.com\/de\/wp-content\/uploads\/2018\/03\/MARK-TWO-Mark3D-kaufen-inkl-2-rollen-onyx-.jpg\" \/>\n\t<meta property=\"og:image:width\" content=\"1500\" \/>\n\t<meta property=\"og:image:height\" content=\"1500\" \/>\n\t<meta property=\"og:image:type\" content=\"image\/jpeg\" \/>\n<meta name=\"twitter:card\" content=\"summary_large_image\" \/>\n<meta name=\"twitter:site\" content=\"@Mark3D_GmbH\" \/>\n<meta name=\"twitter:label1\" content=\"Gesch\u00e4tzte Lesezeit\" \/>\n\t<meta name=\"twitter:data1\" content=\"4\u00a0Minuten\" \/>\n<script type=\"application\/ld+json\" class=\"yoast-schema-graph\">{\"@context\":\"https:\/\/schema.org\",\"@graph\":[{\"@type\":\"WebPage\",\"@id\":\"https:\/\/www.mark3d.com\/de\/produkt\/markforged-mark-two-onyx-3d-drucker\/\",\"url\":\"https:\/\/www.mark3d.com\/de\/produkt\/markforged-mark-two-onyx-3d-drucker\/\",\"name\":\"Markforged Mark Two 3D-Drucker jetzt online kaufen\",\"isPartOf\":{\"@id\":\"https:\/\/www.mark3d.com\/de\/#website\"},\"primaryImageOfPage\":{\"@id\":\"https:\/\/www.mark3d.com\/de\/produkt\/markforged-mark-two-onyx-3d-drucker\/#primaryimage\"},\"image\":{\"@id\":\"https:\/\/www.mark3d.com\/de\/produkt\/markforged-mark-two-onyx-3d-drucker\/#primaryimage\"},\"thumbnailUrl\":\"https:\/\/www.mark3d.com\/de\/wp-content\/uploads\/2018\/03\/MARK-TWO-Mark3D-kaufen-inkl-2-rollen-onyx-.jpg\",\"datePublished\":\"2018-03-12T12:10:16+00:00\",\"dateModified\":\"2024-08-12T07:11:16+00:00\",\"description\":\"Der Markforged Mark Two, der 3D-Drucker, der Verbundwerkstoffe druckt! \u2713 Authorisierter H\u00e4ndler \u2713 Bestpreisgarantie \u2713 Unverbindliches Angebot\",\"breadcrumb\":{\"@id\":\"https:\/\/www.mark3d.com\/de\/produkt\/markforged-mark-two-onyx-3d-drucker\/#breadcrumb\"},\"inLanguage\":\"de\",\"potentialAction\":[{\"@type\":\"ReadAction\",\"target\":[\"https:\/\/www.mark3d.com\/de\/produkt\/markforged-mark-two-onyx-3d-drucker\/\"]}]},{\"@type\":\"ImageObject\",\"inLanguage\":\"de\",\"@id\":\"https:\/\/www.mark3d.com\/de\/produkt\/markforged-mark-two-onyx-3d-drucker\/#primaryimage\",\"url\":\"https:\/\/www.mark3d.com\/de\/wp-content\/uploads\/2018\/03\/MARK-TWO-Mark3D-kaufen-inkl-2-rollen-onyx-.jpg\",\"contentUrl\":\"https:\/\/www.mark3d.com\/de\/wp-content\/uploads\/2018\/03\/MARK-TWO-Mark3D-kaufen-inkl-2-rollen-onyx-.jpg\",\"width\":1500,\"height\":1500},{\"@type\":\"BreadcrumbList\",\"@id\":\"https:\/\/www.mark3d.com\/de\/produkt\/markforged-mark-two-onyx-3d-drucker\/#breadcrumb\",\"itemListElement\":[{\"@type\":\"ListItem\",\"position\":1,\"name\":\"Startseite\",\"item\":\"https:\/\/www.mark3d.com\/de\/\"},{\"@type\":\"ListItem\",\"position\":2,\"name\":\"Markforged 3D-Drucker, Filamente &#038; Ersatzteile online kaufen\",\"item\":\"https:\/\/www.mark3d.com\/de\/shop\/\"},{\"@type\":\"ListItem\",\"position\":3,\"name\":\"Markforged &#8211; Mark Two &#8211; 3D-Drucker &#8211; inkl. 3 Jahre Essential Paket\"}]},{\"@type\":\"WebSite\",\"@id\":\"https:\/\/www.mark3d.com\/de\/#website\",\"url\":\"https:\/\/www.mark3d.com\/de\/\",\"name\":\"Mark3D\",\"description\":\"Industrielle 3D Drucker von Markforged\",\"publisher\":{\"@id\":\"https:\/\/www.mark3d.com\/de\/#organization\"},\"alternateName\":\"Mark3D GmbH\",\"potentialAction\":[{\"@type\":\"SearchAction\",\"target\":{\"@type\":\"EntryPoint\",\"urlTemplate\":\"https:\/\/www.mark3d.com\/de\/?s={search_term_string}\"},\"query-input\":{\"@type\":\"PropertyValueSpecification\",\"valueRequired\":true,\"valueName\":\"search_term_string\"}}],\"inLanguage\":\"de\"},{\"@type\":\"Organization\",\"@id\":\"https:\/\/www.mark3d.com\/de\/#organization\",\"name\":\"Mark3D GmbH\",\"url\":\"https:\/\/www.mark3d.com\/de\/\",\"logo\":{\"@type\":\"ImageObject\",\"inLanguage\":\"de\",\"@id\":\"https:\/\/www.mark3d.com\/de\/#\/schema\/logo\/image\/\",\"url\":\"https:\/\/www.mark3d.com\/de\/wp-content\/uploads\/2021\/05\/markforged-linkedin.jpg\",\"contentUrl\":\"https:\/\/www.mark3d.com\/de\/wp-content\/uploads\/2021\/05\/markforged-linkedin.jpg\",\"width\":800,\"height\":800,\"caption\":\"Mark3D GmbH\"},\"image\":{\"@id\":\"https:\/\/www.mark3d.com\/de\/#\/schema\/logo\/image\/\"},\"sameAs\":[\"https:\/\/www.facebook.com\/Mark3DGmbH\/\",\"https:\/\/x.com\/Mark3D_GmbH\",\"https:\/\/www.instagram.com\/mark3d_print_stronger\/\",\"https:\/\/www.linkedin.com\/company\/mark3d\/\",\"https:\/\/www.youtube.com\/channel\/UCo55w2I5eBrCvCB3oKH2WDg\"]}]}<\/script>\n<!-- \/ Yoast SEO Premium plugin. -->","yoast_head_json":{"title":"Markforged Mark Two 3D-Drucker jetzt online kaufen","description":"Der Markforged Mark Two, der 3D-Drucker, der Verbundwerkstoffe druckt! \u2713 Authorisierter H\u00e4ndler \u2713 Bestpreisgarantie \u2713 Unverbindliches Angebot","robots":{"index":"index","follow":"follow","max-snippet":"max-snippet:-1","max-image-preview":"max-image-preview:large","max-video-preview":"max-video-preview:-1"},"canonical":"https:\/\/www.mark3d.com\/de\/produkt\/markforged-mark-two-onyx-3d-drucker\/","og_locale":"de_DE","og_type":"article","og_title":"Markforged - Mark Two - 3D-Drucker - inkl. 3 Jahre Essential Paket","og_description":"Der Markforged Mark Two, der 3D-Drucker, der Verbundwerkstoffe druckt! \u2713 Authorisierter H\u00e4ndler \u2713 Bestpreisgarantie \u2713 Unverbindliches Angebot","og_url":"https:\/\/www.mark3d.com\/de\/produkt\/markforged-mark-two-onyx-3d-drucker\/","og_site_name":"Mark3D - Markforged 3D-Drucker","article_publisher":"https:\/\/www.facebook.com\/Mark3DGmbH\/","article_modified_time":"2024-08-12T07:11:16+00:00","og_image":[{"width":1500,"height":1500,"url":"https:\/\/www.mark3d.com\/de\/wp-content\/uploads\/2018\/03\/MARK-TWO-Mark3D-kaufen-inkl-2-rollen-onyx-.jpg","type":"image\/jpeg"}],"twitter_card":"summary_large_image","twitter_site":"@Mark3D_GmbH","twitter_misc":{"Gesch\u00e4tzte Lesezeit":"4\u00a0Minuten"},"schema":{"@context":"https:\/\/schema.org","@graph":[{"@type":"WebPage","@id":"https:\/\/www.mark3d.com\/de\/produkt\/markforged-mark-two-onyx-3d-drucker\/","url":"https:\/\/www.mark3d.com\/de\/produkt\/markforged-mark-two-onyx-3d-drucker\/","name":"Markforged Mark Two 3D-Drucker jetzt online kaufen","isPartOf":{"@id":"https:\/\/www.mark3d.com\/de\/#website"},"primaryImageOfPage":{"@id":"https:\/\/www.mark3d.com\/de\/produkt\/markforged-mark-two-onyx-3d-drucker\/#primaryimage"},"image":{"@id":"https:\/\/www.mark3d.com\/de\/produkt\/markforged-mark-two-onyx-3d-drucker\/#primaryimage"},"thumbnailUrl":"https:\/\/www.mark3d.com\/de\/wp-content\/uploads\/2018\/03\/MARK-TWO-Mark3D-kaufen-inkl-2-rollen-onyx-.jpg","datePublished":"2018-03-12T12:10:16+00:00","dateModified":"2024-08-12T07:11:16+00:00","description":"Der Markforged Mark Two, der 3D-Drucker, der Verbundwerkstoffe druckt! \u2713 Authorisierter H\u00e4ndler \u2713 Bestpreisgarantie \u2713 Unverbindliches Angebot","breadcrumb":{"@id":"https:\/\/www.mark3d.com\/de\/produkt\/markforged-mark-two-onyx-3d-drucker\/#breadcrumb"},"inLanguage":"de","potentialAction":[{"@type":"ReadAction","target":["https:\/\/www.mark3d.com\/de\/produkt\/markforged-mark-two-onyx-3d-drucker\/"]}]},{"@type":"ImageObject","inLanguage":"de","@id":"https:\/\/www.mark3d.com\/de\/produkt\/markforged-mark-two-onyx-3d-drucker\/#primaryimage","url":"https:\/\/www.mark3d.com\/de\/wp-content\/uploads\/2018\/03\/MARK-TWO-Mark3D-kaufen-inkl-2-rollen-onyx-.jpg","contentUrl":"https:\/\/www.mark3d.com\/de\/wp-content\/uploads\/2018\/03\/MARK-TWO-Mark3D-kaufen-inkl-2-rollen-onyx-.jpg","width":1500,"height":1500},{"@type":"BreadcrumbList","@id":"https:\/\/www.mark3d.com\/de\/produkt\/markforged-mark-two-onyx-3d-drucker\/#breadcrumb","itemListElement":[{"@type":"ListItem","position":1,"name":"Startseite","item":"https:\/\/www.mark3d.com\/de\/"},{"@type":"ListItem","position":2,"name":"Markforged 3D-Drucker, Filamente &#038; Ersatzteile online kaufen","item":"https:\/\/www.mark3d.com\/de\/shop\/"},{"@type":"ListItem","position":3,"name":"Markforged &#8211; Mark Two &#8211; 3D-Drucker &#8211; inkl. 3 Jahre Essential Paket"}]},{"@type":"WebSite","@id":"https:\/\/www.mark3d.com\/de\/#website","url":"https:\/\/www.mark3d.com\/de\/","name":"Mark3D","description":"Industrielle 3D Drucker von Markforged","publisher":{"@id":"https:\/\/www.mark3d.com\/de\/#organization"},"alternateName":"Mark3D GmbH","potentialAction":[{"@type":"SearchAction","target":{"@type":"EntryPoint","urlTemplate":"https:\/\/www.mark3d.com\/de\/?s={search_term_string}"},"query-input":{"@type":"PropertyValueSpecification","valueRequired":true,"valueName":"search_term_string"}}],"inLanguage":"de"},{"@type":"Organization","@id":"https:\/\/www.mark3d.com\/de\/#organization","name":"Mark3D GmbH","url":"https:\/\/www.mark3d.com\/de\/","logo":{"@type":"ImageObject","inLanguage":"de","@id":"https:\/\/www.mark3d.com\/de\/#\/schema\/logo\/image\/","url":"https:\/\/www.mark3d.com\/de\/wp-content\/uploads\/2021\/05\/markforged-linkedin.jpg","contentUrl":"https:\/\/www.mark3d.com\/de\/wp-content\/uploads\/2021\/05\/markforged-linkedin.jpg","width":800,"height":800,"caption":"Mark3D GmbH"},"image":{"@id":"https:\/\/www.mark3d.com\/de\/#\/schema\/logo\/image\/"},"sameAs":["https:\/\/www.facebook.com\/Mark3DGmbH\/","https:\/\/x.com\/Mark3D_GmbH","https:\/\/www.instagram.com\/mark3d_print_stronger\/","https:\/\/www.linkedin.com\/company\/mark3d\/","https:\/\/www.youtube.com\/channel\/UCo55w2I5eBrCvCB3oKH2WDg"]}]}},"acf":[],"_links":{"self":[{"href":"https:\/\/www.mark3d.com\/de\/wp-json\/wp\/v2\/product\/3486","targetHints":{"allow":["GET"]}}],"collection":[{"href":"https:\/\/www.mark3d.com\/de\/wp-json\/wp\/v2\/product"}],"about":[{"href":"https:\/\/www.mark3d.com\/de\/wp-json\/wp\/v2\/types\/product"}],"replies":[{"embeddable":true,"href":"https:\/\/www.mark3d.com\/de\/wp-json\/wp\/v2\/comments?post=3486"}],"wp:featuredmedia":[{"embeddable":true,"href":"https:\/\/www.mark3d.com\/de\/wp-json\/wp\/v2\/media\/3497"}],"wp:attachment":[{"href":"https:\/\/www.mark3d.com\/de\/wp-json\/wp\/v2\/media?parent=3486"}],"wp:term":[{"taxonomy":"product_brand","embeddable":true,"href":"https:\/\/www.mark3d.com\/de\/wp-json\/wp\/v2\/product_brand?post=3486"},{"taxonomy":"product_cat","embeddable":true,"href":"https:\/\/www.mark3d.com\/de\/wp-json\/wp\/v2\/product_cat?post=3486"},{"taxonomy":"product_tag","embeddable":true,"href":"https:\/\/www.mark3d.com\/de\/wp-json\/wp\/v2\/product_tag?post=3486"}],"curies":[{"name":"wp","href":"https:\/\/api.w.org\/{rel}","templated":true}]}}