{"id":3498,"date":"2018-03-12T14:40:03","date_gmt":"2018-03-12T14:40:03","guid":{"rendered":"https:\/\/www.mark3d.com\/de\/?post_type=product&#038;p=3498"},"modified":"2025-02-07T14:34:17","modified_gmt":"2025-02-07T14:34:17","slug":"markforged-onyx-one-3d-drucker","status":"publish","type":"product","link":"https:\/\/www.mark3d.com\/de\/produkt\/markforged-onyx-one-3d-drucker\/","title":{"rendered":"Markforged &#8211; Onyx One &#8211; 3D-Drucker &#8211; inkl. 3 Jahre Essential Paket"},"content":{"rendered":"<h2 style=\"text-align: left;\">Markforged OnyxOne<\/h2>\n<p>Der Markforged Onyx One wurde aus dem Produktionsprogramm genommen und ist daher nicht mehr erh\u00e4ltlich.<\/p>\n<p>3D-Druck wird zu einem ernstzunehmenden Werkzeug in Konstruktion und Fertigung. Die 3D-Drucker der Onyx Serie sind der perfekte Einstieg in den 3D-Druck f\u00fcr jeden Ingenieur und Konstrukteur. Auf dem Schreibtisch k\u00f6nnen Sie in k\u00fcrzester Zeit sch\u00f6ne, stabile Bauteile aus Carbon drucken. Aufgrund des perfekten Gesamtpakets \u2013 Hardware, Software und Material \u2013 bietet der Onyx One Ihnen ein einzigartiges 3D-Druck Erlebnis, das alle begeistert.<\/p>\n<div class=\"fusion-button-wrapper\">Der Onyx One ist das Einsteiger-Modell von Markforged. Starten Sie mit dem Onyx One und erstellen Sie Bauteile f\u00fcr eine Vielzahl von Anwendungen mit Onyx \u2013 dem Material mit integrierter Carbonkurzfaser.&nbsp;<\/div>\n<h2>Funktions- Bauteile von h\u00f6chster Qualit\u00e4t mit dem 3D-Drucker fertigen:<\/h2>\n<ul>\n<li>Der Onyx One verf\u00fcgt \u00fcber einen Druckkopf, der einzigartig konstruiert wurde, um Bauteile mit Onyx zu drucken.&nbsp;<\/li>\n<li>Onyx besteht aus Nylon und Carbonkurzfasern. Dadurch wird eine 3,5 x h\u00f6here Stabilit\u00e4t im Vergleich zu Nylon erreicht, bei gleichzeitig exzellenter Oberfl\u00e4che.<\/li>\n<\/ul>\n<p>Weitere Informationen finden Sie auf der <a href=\"https:\/\/www.mark3d.com\/de\/onyx-serie\/\"><strong>Produkt-Informations-Seite<\/strong><\/a>.<\/p>\n<h2>Pr\u00e4zision, Qualit\u00e4t, Design &#8211; 3D-Druck der neuen Generation<\/h2>\n<p>Die gefertigten Bauteile \u00fcberzeugen dank h\u00f6chster Festigkeit, Stabilit\u00e4t und Steifigkeit bei verschiedenen Materialien mit exzellenten Oberfl\u00e4chen.<\/p>\n<p>&nbsp;<\/p>\n<h2 class=\"fusion-responsive-typography-calculated\" data-fontsize=\"22\" data-lineheight=\"26.4px\">Vergleiche die industriellen 3D-Drucker unserer Markforged Desktopserie<\/h2>\n<div class=\"fusion-image-element in-legacy-container\" style=\"--awb-caption-title-font-family:var(--h2_typography-font-family);--awb-caption-title-font-weight:var(--h2_typography-font-weight);--awb-caption-title-font-style:var(--h2_typography-font-style);--awb-caption-title-size:var(--h2_typography-font-size);--awb-caption-title-transform:var(--h2_typography-text-transform);--awb-caption-title-line-height:var(--h2_typography-line-height);--awb-caption-title-letter-spacing:var(--h2_typography-letter-spacing);\"><span class=\" fusion-imageframe imageframe-none imageframe-1 hover-type-none\"><img decoding=\"async\" width=\"1257\" height=\"770\" title=\"vergleich-markforged-industrie-desktopserie-mark3d-3d-drucker-onyx-one#\" src=\"https:\/\/www.mark3d.com\/de\/wp-content\/uploads\/2018\/03\/vergleich-markforged-industrie-desktopserie-mark3d-3d-drucker-onyx-one.png\" alt class=\"img-responsive wp-image-18149\" srcset=\"https:\/\/www.mark3d.com\/de\/wp-content\/uploads\/2018\/03\/vergleich-markforged-industrie-desktopserie-mark3d-3d-drucker-onyx-one-200x123.png 200w, https:\/\/www.mark3d.com\/de\/wp-content\/uploads\/2018\/03\/vergleich-markforged-industrie-desktopserie-mark3d-3d-drucker-onyx-one-400x245.png 400w, https:\/\/www.mark3d.com\/de\/wp-content\/uploads\/2018\/03\/vergleich-markforged-industrie-desktopserie-mark3d-3d-drucker-onyx-one-600x368.png 600w, https:\/\/www.mark3d.com\/de\/wp-content\/uploads\/2018\/03\/vergleich-markforged-industrie-desktopserie-mark3d-3d-drucker-onyx-one-800x490.png 800w, https:\/\/www.mark3d.com\/de\/wp-content\/uploads\/2018\/03\/vergleich-markforged-industrie-desktopserie-mark3d-3d-drucker-onyx-one-1200x735.png 1200w, https:\/\/www.mark3d.com\/de\/wp-content\/uploads\/2018\/03\/vergleich-markforged-industrie-desktopserie-mark3d-3d-drucker-onyx-one.png 1257w\" sizes=\"(max-width: 800px) 100vw, 1200px\" \/><\/span><\/div>\n<p>&nbsp;<\/p>\n<div class=\"fusion-text\">\n<h2 data-fontsize=\"40\" data-lineheight=\"60\">Die Eiger Software<\/h2>\n<\/div>\n<div class=\"fusion-text\">\n<p>Eine innovative, stabile oder vor allem einfach zu bedienenden Plattform, die dem Benutzer m\u00f6glichst viele Arbeiten abnehmen soll. Desweiteren ist die EIGER Software Cloudbasiert ist, was bedeutet, dass die Software immer auf dem neuesten Stand ist. Von Ihrem PC aus laden Sie \u00fcber Ihren Browser die 3D Druckauftr\u00e4ge in die Cloudbasierte EIGER Software. Der 3D-Drucker kann dabei per LAN-Kabel, USB und W-LAN angesteuert werden. Mit der Software k\u00f6nnen Sie Ihre STL-Dateien verwalten und Katalogisieren.<\/p>\n<p>Dank der einfachen Bedienung k\u00f6nnen Sie Ihr Bauteilinneres intelligent mit St\u00fctzstrukturen versehen und vollkommen automatisch Schicht f\u00fcr Schicht in der ausgew\u00e4hlten Region des Bauteils mit der endlosen Faser ausstatten. Die Faserdichte kann pro Schicht \u00fcber einen einfachen Schieberegler in der Software ver\u00e4ndert werde. Somit k\u00f6nnen Sie Ihr Bauteil perfekt auf Ihre Krafteinwirkung auslegen und ausdrucken.<\/p>\n<p>Der Druckvorgang kann pausiert werden, um Komponenten in den Druck einzubetten. Sie k\u00f6nnen somit Elektronik, Sensorik und Kugellager in Ihr Bauteil integrieren.<\/p>\n<p>Optional stellen wir auch eine EIGER OFFLINE-Version zur Verf\u00fcgung. Hier f\u00e4llt eine weitere Geb\u00fchr an.<\/p>\n<div style=\"width: 1100px;\" class=\"wp-video\"><video class=\"wp-video-shortcode\" id=\"video-3498-1\" width=\"1100\" height=\"619\" preload=\"metadata\" controls=\"controls\"><source type=\"video\/mp4\" src=\"https:\/\/www.mark3d.com\/de\/wp-content\/uploads\/2016\/05\/mark-two_eiger_software_demo.mp4?_=1\" \/><a href=\"https:\/\/www.mark3d.com\/de\/wp-content\/uploads\/2016\/05\/mark-two_eiger_software_demo.mp4\">https:\/\/www.mark3d.com\/de\/wp-content\/uploads\/2016\/05\/mark-two_eiger_software_demo.mp4<\/a><\/video><\/div>\n<h2>&nbsp;<\/h2>\n<h2><span class=\"a-list-item\">LIEFERUMFANG<\/span><\/h2>\n<ul>\n<li>1x Onyx One 3D Drucker<\/li>\n<li>1x Onyx FFF Filament 800cm\u00b3 Rolle<\/li>\n<li>1x 3 Jahre Rundum-sorglos-Paket<\/li>\n<li>1x FFF Ersatzd\u00fcse<\/li>\n<li>1x Bauplattform Desktop Series True Bed<\/li>\n<li>1x Trockenbox<\/li>\n<li>1x Werkzeug-Set<\/li>\n<\/ul>\n<\/div>\n<h2>Sie haben noch weitere Fragen?<\/h2>\n<p>Schreiben Sie uns eine <a href=\"https:\/\/www.mark3d.com\/de\/kontakt\/\"><strong>Mail <\/strong><\/a>oder nutzen Sie den <strong>Chat<\/strong>.<br \/>\nSie k\u00f6nnen uns auch anrufen Tel.: 07361 63396 00.<\/p>\n<p><a href=\"https:\/\/www.mark3d.com\/de\/shop\/\"><strong>Hier<\/strong> finden Sie die gesamte Artikel-\u00dcbersicht.<\/a><\/p>\n","protected":false},"excerpt":{"rendered":"<p>&nbsp;<\/p>\n<p><span style=\"color: #ff0000;\"><strong>Der Markforged OnyxOne wurde aus dem Produktionsprogramm genommen und ist daher nicht mehr erh\u00e4ltlich.<\/strong><\/span><\/p>\n<p>Drucken Sie stabile und hochfeste Bauteile direkt an Ihrem Arbeitsplatz!<\/p>\n<ul>\n<li>Das Einsteiger-Modell von Markforged<\/li>\n<li>Drucken Sie hochstabile Onyx Bauteile<\/li>\n<li>Hardware, Software und Material &#8211; harmonieren perfekt miteinander<\/li>\n<li>Hochmoderne Cloud-Software f\u00fcr die Bearbeitung<\/li>\n<\/ul>\n<p><a href=\"\/de\/angebote\/leasing-angebot\/\" target=\"_blank\" rel=\"noopener\"><img decoding=\"async\" class=\"alignnone size-fusion-400 wp-image-18017\" src=\"https:\/\/www.mark3d.com\/de\/wp-content\/uploads\/2018\/03\/BasicOne_ab_200_EUR_mtl_Mark3D_Version322-400x186.jpg\" alt=\"\" width=\"400\" height=\"186\" srcset=\"https:\/\/www.mark3d.com\/de\/wp-content\/uploads\/2018\/03\/BasicOne_ab_200_EUR_mtl_Mark3D_Version322-200x93.jpg 200w, https:\/\/www.mark3d.com\/de\/wp-content\/uploads\/2018\/03\/BasicOne_ab_200_EUR_mtl_Mark3D_Version322-300x139.jpg 300w, https:\/\/www.mark3d.com\/de\/wp-content\/uploads\/2018\/03\/BasicOne_ab_200_EUR_mtl_Mark3D_Version322-400x186.jpg 400w, https:\/\/www.mark3d.com\/de\/wp-content\/uploads\/2018\/03\/BasicOne_ab_200_EUR_mtl_Mark3D_Version322.jpg 500w\" sizes=\"(max-width: 400px) 100vw, 400px\" \/><\/a><\/p>\n","protected":false},"featured_media":3499,"comment_status":"open","ping_status":"closed","template":"","meta":{"inline_featured_image":false},"product_brand":[],"product_cat":[69,117],"product_tag":[],"class_list":{"0":"post-3498","1":"product","2":"type-product","3":"status-publish","4":"has-post-thumbnail","6":"product_cat-markforged-3d-drucker","7":"product_cat-desktopserie-markforged-3d-drucker","8":"product_shipping_class-versicherter-versand","10":"first","11":"outofstock","12":"taxable","13":"shipping-taxable","14":"purchasable","15":"product-type-simple"},"yoast_head":"<!-- This site is optimized with the Yoast SEO Premium plugin v27.0 (Yoast SEO v27.0) - https:\/\/yoast.com\/product\/yoast-seo-premium-wordpress\/ -->\n<title>Markforged - Onyx One - 3D-Drucker jetzt online kaufen<\/title>\n<meta name=\"description\" content=\"Entdecken Sie jetzt den Markforged Onyx One \u2713 Authorisierter H\u00e4ndler \u2713 Bestpreisgarantie \u2713 Unverbindliches Angebot\" \/>\n<meta name=\"robots\" content=\"index, follow, max-snippet:-1, max-image-preview:large, max-video-preview:-1\" \/>\n<link rel=\"canonical\" href=\"https:\/\/www.mark3d.com\/de\/produkt\/markforged-onyx-one-3d-drucker\/\" \/>\n<meta property=\"og:locale\" content=\"de_DE\" \/>\n<meta property=\"og:type\" content=\"article\" \/>\n<meta property=\"og:title\" content=\"Markforged - Onyx One - 3D-Drucker - inkl. 3 Jahre Essential Paket\" \/>\n<meta property=\"og:description\" content=\"Entdecken Sie jetzt den Markforged Onyx One \u2713 Authorisierter H\u00e4ndler \u2713 Bestpreisgarantie \u2713 Unverbindliches Angebot\" \/>\n<meta property=\"og:url\" content=\"https:\/\/www.mark3d.com\/de\/produkt\/markforged-onyx-one-3d-drucker\/\" \/>\n<meta property=\"og:site_name\" content=\"Mark3D - Markforged 3D-Drucker\" \/>\n<meta property=\"article:publisher\" content=\"https:\/\/www.facebook.com\/Mark3DGmbH\/\" \/>\n<meta property=\"article:modified_time\" content=\"2025-02-07T14:34:17+00:00\" \/>\n<meta property=\"og:image\" content=\"https:\/\/www.mark3d.com\/de\/wp-content\/uploads\/2018\/03\/markforged-onyx-one-3d-drucker-weltneuheit-jetzt-kaufen-clear-white.jpg\" \/>\n\t<meta property=\"og:image:width\" content=\"1400\" \/>\n\t<meta property=\"og:image:height\" content=\"1400\" \/>\n\t<meta property=\"og:image:type\" content=\"image\/jpeg\" \/>\n<meta name=\"twitter:card\" content=\"summary_large_image\" \/>\n<meta name=\"twitter:site\" content=\"@Mark3D_GmbH\" \/>\n<meta name=\"twitter:label1\" content=\"Gesch\u00e4tzte Lesezeit\" \/>\n\t<meta name=\"twitter:data1\" content=\"3\u00a0Minuten\" \/>\n<script type=\"application\/ld+json\" class=\"yoast-schema-graph\">{\"@context\":\"https:\/\/schema.org\",\"@graph\":[{\"@type\":\"WebPage\",\"@id\":\"https:\/\/www.mark3d.com\/de\/produkt\/markforged-onyx-one-3d-drucker\/\",\"url\":\"https:\/\/www.mark3d.com\/de\/produkt\/markforged-onyx-one-3d-drucker\/\",\"name\":\"Markforged - Onyx One - 3D-Drucker jetzt online kaufen\",\"isPartOf\":{\"@id\":\"https:\/\/www.mark3d.com\/de\/#website\"},\"primaryImageOfPage\":{\"@id\":\"https:\/\/www.mark3d.com\/de\/produkt\/markforged-onyx-one-3d-drucker\/#primaryimage\"},\"image\":{\"@id\":\"https:\/\/www.mark3d.com\/de\/produkt\/markforged-onyx-one-3d-drucker\/#primaryimage\"},\"thumbnailUrl\":\"https:\/\/www.mark3d.com\/de\/wp-content\/uploads\/2018\/03\/markforged-onyx-one-3d-drucker-weltneuheit-jetzt-kaufen-clear-white.jpg\",\"datePublished\":\"2018-03-12T14:40:03+00:00\",\"dateModified\":\"2025-02-07T14:34:17+00:00\",\"description\":\"Entdecken Sie jetzt den Markforged Onyx One \u2713 Authorisierter H\u00e4ndler \u2713 Bestpreisgarantie \u2713 Unverbindliches Angebot\",\"breadcrumb\":{\"@id\":\"https:\/\/www.mark3d.com\/de\/produkt\/markforged-onyx-one-3d-drucker\/#breadcrumb\"},\"inLanguage\":\"de\",\"potentialAction\":[{\"@type\":\"ReadAction\",\"target\":[\"https:\/\/www.mark3d.com\/de\/produkt\/markforged-onyx-one-3d-drucker\/\"]}]},{\"@type\":\"ImageObject\",\"inLanguage\":\"de\",\"@id\":\"https:\/\/www.mark3d.com\/de\/produkt\/markforged-onyx-one-3d-drucker\/#primaryimage\",\"url\":\"https:\/\/www.mark3d.com\/de\/wp-content\/uploads\/2018\/03\/markforged-onyx-one-3d-drucker-weltneuheit-jetzt-kaufen-clear-white.jpg\",\"contentUrl\":\"https:\/\/www.mark3d.com\/de\/wp-content\/uploads\/2018\/03\/markforged-onyx-one-3d-drucker-weltneuheit-jetzt-kaufen-clear-white.jpg\",\"width\":1400,\"height\":1400},{\"@type\":\"BreadcrumbList\",\"@id\":\"https:\/\/www.mark3d.com\/de\/produkt\/markforged-onyx-one-3d-drucker\/#breadcrumb\",\"itemListElement\":[{\"@type\":\"ListItem\",\"position\":1,\"name\":\"Startseite\",\"item\":\"https:\/\/www.mark3d.com\/de\/\"},{\"@type\":\"ListItem\",\"position\":2,\"name\":\"Markforged 3D-Drucker, Filamente &#038; Ersatzteile online kaufen\",\"item\":\"https:\/\/www.mark3d.com\/de\/shop\/\"},{\"@type\":\"ListItem\",\"position\":3,\"name\":\"Markforged &#8211; Onyx One &#8211; 3D-Drucker &#8211; inkl. 3 Jahre Essential Paket\"}]},{\"@type\":\"WebSite\",\"@id\":\"https:\/\/www.mark3d.com\/de\/#website\",\"url\":\"https:\/\/www.mark3d.com\/de\/\",\"name\":\"Mark3D\",\"description\":\"Industrielle 3D Drucker von Markforged\",\"publisher\":{\"@id\":\"https:\/\/www.mark3d.com\/de\/#organization\"},\"alternateName\":\"Mark3D GmbH\",\"potentialAction\":[{\"@type\":\"SearchAction\",\"target\":{\"@type\":\"EntryPoint\",\"urlTemplate\":\"https:\/\/www.mark3d.com\/de\/?s={search_term_string}\"},\"query-input\":{\"@type\":\"PropertyValueSpecification\",\"valueRequired\":true,\"valueName\":\"search_term_string\"}}],\"inLanguage\":\"de\"},{\"@type\":\"Organization\",\"@id\":\"https:\/\/www.mark3d.com\/de\/#organization\",\"name\":\"Mark3D GmbH\",\"url\":\"https:\/\/www.mark3d.com\/de\/\",\"logo\":{\"@type\":\"ImageObject\",\"inLanguage\":\"de\",\"@id\":\"https:\/\/www.mark3d.com\/de\/#\/schema\/logo\/image\/\",\"url\":\"https:\/\/www.mark3d.com\/de\/wp-content\/uploads\/2021\/05\/markforged-linkedin.jpg\",\"contentUrl\":\"https:\/\/www.mark3d.com\/de\/wp-content\/uploads\/2021\/05\/markforged-linkedin.jpg\",\"width\":800,\"height\":800,\"caption\":\"Mark3D GmbH\"},\"image\":{\"@id\":\"https:\/\/www.mark3d.com\/de\/#\/schema\/logo\/image\/\"},\"sameAs\":[\"https:\/\/www.facebook.com\/Mark3DGmbH\/\",\"https:\/\/x.com\/Mark3D_GmbH\",\"https:\/\/www.instagram.com\/mark3d_print_stronger\/\",\"https:\/\/www.linkedin.com\/company\/mark3d\/\",\"https:\/\/www.youtube.com\/channel\/UCo55w2I5eBrCvCB3oKH2WDg\"]}]}<\/script>\n<!-- \/ Yoast SEO Premium plugin. -->","yoast_head_json":{"title":"Markforged - Onyx One - 3D-Drucker jetzt online kaufen","description":"Entdecken Sie jetzt den Markforged Onyx One \u2713 Authorisierter H\u00e4ndler \u2713 Bestpreisgarantie \u2713 Unverbindliches Angebot","robots":{"index":"index","follow":"follow","max-snippet":"max-snippet:-1","max-image-preview":"max-image-preview:large","max-video-preview":"max-video-preview:-1"},"canonical":"https:\/\/www.mark3d.com\/de\/produkt\/markforged-onyx-one-3d-drucker\/","og_locale":"de_DE","og_type":"article","og_title":"Markforged - Onyx One - 3D-Drucker - inkl. 3 Jahre Essential Paket","og_description":"Entdecken Sie jetzt den Markforged Onyx One \u2713 Authorisierter H\u00e4ndler \u2713 Bestpreisgarantie \u2713 Unverbindliches Angebot","og_url":"https:\/\/www.mark3d.com\/de\/produkt\/markforged-onyx-one-3d-drucker\/","og_site_name":"Mark3D - Markforged 3D-Drucker","article_publisher":"https:\/\/www.facebook.com\/Mark3DGmbH\/","article_modified_time":"2025-02-07T14:34:17+00:00","og_image":[{"width":1400,"height":1400,"url":"https:\/\/www.mark3d.com\/de\/wp-content\/uploads\/2018\/03\/markforged-onyx-one-3d-drucker-weltneuheit-jetzt-kaufen-clear-white.jpg","type":"image\/jpeg"}],"twitter_card":"summary_large_image","twitter_site":"@Mark3D_GmbH","twitter_misc":{"Gesch\u00e4tzte Lesezeit":"3\u00a0Minuten"},"schema":{"@context":"https:\/\/schema.org","@graph":[{"@type":"WebPage","@id":"https:\/\/www.mark3d.com\/de\/produkt\/markforged-onyx-one-3d-drucker\/","url":"https:\/\/www.mark3d.com\/de\/produkt\/markforged-onyx-one-3d-drucker\/","name":"Markforged - Onyx One - 3D-Drucker jetzt online kaufen","isPartOf":{"@id":"https:\/\/www.mark3d.com\/de\/#website"},"primaryImageOfPage":{"@id":"https:\/\/www.mark3d.com\/de\/produkt\/markforged-onyx-one-3d-drucker\/#primaryimage"},"image":{"@id":"https:\/\/www.mark3d.com\/de\/produkt\/markforged-onyx-one-3d-drucker\/#primaryimage"},"thumbnailUrl":"https:\/\/www.mark3d.com\/de\/wp-content\/uploads\/2018\/03\/markforged-onyx-one-3d-drucker-weltneuheit-jetzt-kaufen-clear-white.jpg","datePublished":"2018-03-12T14:40:03+00:00","dateModified":"2025-02-07T14:34:17+00:00","description":"Entdecken Sie jetzt den Markforged Onyx One \u2713 Authorisierter H\u00e4ndler \u2713 Bestpreisgarantie \u2713 Unverbindliches Angebot","breadcrumb":{"@id":"https:\/\/www.mark3d.com\/de\/produkt\/markforged-onyx-one-3d-drucker\/#breadcrumb"},"inLanguage":"de","potentialAction":[{"@type":"ReadAction","target":["https:\/\/www.mark3d.com\/de\/produkt\/markforged-onyx-one-3d-drucker\/"]}]},{"@type":"ImageObject","inLanguage":"de","@id":"https:\/\/www.mark3d.com\/de\/produkt\/markforged-onyx-one-3d-drucker\/#primaryimage","url":"https:\/\/www.mark3d.com\/de\/wp-content\/uploads\/2018\/03\/markforged-onyx-one-3d-drucker-weltneuheit-jetzt-kaufen-clear-white.jpg","contentUrl":"https:\/\/www.mark3d.com\/de\/wp-content\/uploads\/2018\/03\/markforged-onyx-one-3d-drucker-weltneuheit-jetzt-kaufen-clear-white.jpg","width":1400,"height":1400},{"@type":"BreadcrumbList","@id":"https:\/\/www.mark3d.com\/de\/produkt\/markforged-onyx-one-3d-drucker\/#breadcrumb","itemListElement":[{"@type":"ListItem","position":1,"name":"Startseite","item":"https:\/\/www.mark3d.com\/de\/"},{"@type":"ListItem","position":2,"name":"Markforged 3D-Drucker, Filamente &#038; Ersatzteile online kaufen","item":"https:\/\/www.mark3d.com\/de\/shop\/"},{"@type":"ListItem","position":3,"name":"Markforged &#8211; Onyx One &#8211; 3D-Drucker &#8211; inkl. 3 Jahre Essential Paket"}]},{"@type":"WebSite","@id":"https:\/\/www.mark3d.com\/de\/#website","url":"https:\/\/www.mark3d.com\/de\/","name":"Mark3D","description":"Industrielle 3D Drucker von Markforged","publisher":{"@id":"https:\/\/www.mark3d.com\/de\/#organization"},"alternateName":"Mark3D GmbH","potentialAction":[{"@type":"SearchAction","target":{"@type":"EntryPoint","urlTemplate":"https:\/\/www.mark3d.com\/de\/?s={search_term_string}"},"query-input":{"@type":"PropertyValueSpecification","valueRequired":true,"valueName":"search_term_string"}}],"inLanguage":"de"},{"@type":"Organization","@id":"https:\/\/www.mark3d.com\/de\/#organization","name":"Mark3D GmbH","url":"https:\/\/www.mark3d.com\/de\/","logo":{"@type":"ImageObject","inLanguage":"de","@id":"https:\/\/www.mark3d.com\/de\/#\/schema\/logo\/image\/","url":"https:\/\/www.mark3d.com\/de\/wp-content\/uploads\/2021\/05\/markforged-linkedin.jpg","contentUrl":"https:\/\/www.mark3d.com\/de\/wp-content\/uploads\/2021\/05\/markforged-linkedin.jpg","width":800,"height":800,"caption":"Mark3D GmbH"},"image":{"@id":"https:\/\/www.mark3d.com\/de\/#\/schema\/logo\/image\/"},"sameAs":["https:\/\/www.facebook.com\/Mark3DGmbH\/","https:\/\/x.com\/Mark3D_GmbH","https:\/\/www.instagram.com\/mark3d_print_stronger\/","https:\/\/www.linkedin.com\/company\/mark3d\/","https:\/\/www.youtube.com\/channel\/UCo55w2I5eBrCvCB3oKH2WDg"]}]}},"acf":[],"_links":{"self":[{"href":"https:\/\/www.mark3d.com\/de\/wp-json\/wp\/v2\/product\/3498","targetHints":{"allow":["GET"]}}],"collection":[{"href":"https:\/\/www.mark3d.com\/de\/wp-json\/wp\/v2\/product"}],"about":[{"href":"https:\/\/www.mark3d.com\/de\/wp-json\/wp\/v2\/types\/product"}],"replies":[{"embeddable":true,"href":"https:\/\/www.mark3d.com\/de\/wp-json\/wp\/v2\/comments?post=3498"}],"wp:featuredmedia":[{"embeddable":true,"href":"https:\/\/www.mark3d.com\/de\/wp-json\/wp\/v2\/media\/3499"}],"wp:attachment":[{"href":"https:\/\/www.mark3d.com\/de\/wp-json\/wp\/v2\/media?parent=3498"}],"wp:term":[{"taxonomy":"product_brand","embeddable":true,"href":"https:\/\/www.mark3d.com\/de\/wp-json\/wp\/v2\/product_brand?post=3498"},{"taxonomy":"product_cat","embeddable":true,"href":"https:\/\/www.mark3d.com\/de\/wp-json\/wp\/v2\/product_cat?post=3498"},{"taxonomy":"product_tag","embeddable":true,"href":"https:\/\/www.mark3d.com\/de\/wp-json\/wp\/v2\/product_tag?post=3498"}],"curies":[{"name":"wp","href":"https:\/\/api.w.org\/{rel}","templated":true}]}}