{"id":3515,"date":"2018-03-13T08:45:22","date_gmt":"2018-03-13T08:45:22","guid":{"rendered":"https:\/\/www.mark3d.com\/de\/?post_type=product&#038;p=3515"},"modified":"2025-02-07T14:32:20","modified_gmt":"2025-02-07T14:32:20","slug":"markforged-x3-3d-drucker","status":"publish","type":"product","link":"https:\/\/www.mark3d.com\/de\/produkt\/markforged-x3-3d-drucker\/","title":{"rendered":"Markforged &#8211; X3 &#8211; 3D-Drucker"},"content":{"rendered":"<h2 style=\"text-align: left;\">Der Markforged X3 &#8211; Kompromisslose Kraft, Pr\u00e4zision &amp; Sch\u00f6nheit.<\/h2>\n<p>Der Markforged X3 ist der leistungsst\u00e4rkste 3D-Drucker auf dem Markt. Mit dem industriellen Druck von unglaublich starken Teilen und den ersten Pr\u00e4zisions-Sensorsystemen wird der Markforged X3 zum unverzichtbaren Drucker f\u00fcr jeden Hersteller. Profitieren Sie von den einzigartigen &#8220;Build-as-Designed&#8221; -Sensoren von Markforged und der sch\u00f6nen Oberfl\u00e4chenbeschaffenheit von Onyx. Doppelte&nbsp;Festigkeit gel\u00e4ufiger Standard-Kunststoffe und eine hochentwickelte&nbsp;Sensoreinheit bieten in Kombination&nbsp;unvergleichliche Zuverl\u00e4ssigkeit. Der Markforged X3 wird Sie in die Lage versetzen, jedes Designkonzept zu verwirklichen.<\/p>\n<p><a href=\"https:\/\/www.youtube.com\/watch?v=odcaLfivg8c\">https:\/\/www.youtube.com\/watch?v=odcaLfivg8c<\/a><\/p>\n<h2>Gro\u00dfformatdrucker mit hoher Aufl\u00f6sung &#8211; f\u00fcr beste Druckergebnisse<\/h2>\n<p>Das gro\u00dfe Bauvolumen des Markforged X3 macht es ideal f\u00fcr Robotik, Autoteile, funktionelle Prototypen und Kleinserien. Mit einer Schichth\u00f6he von 0,05mm werden Ihre Teile mit einer sch\u00f6nen Oberfl\u00e4chenqualit\u00e4t aus dem Drucker kommen, die sich dem Aussehen und der Haptik des Spritzgie\u00dfens ann\u00e4hert.<\/p>\n<h2>Drucken von Teilen mit h\u00f6chster Stabilit\u00e4t<\/h2>\n<p>Der X3 3D-Drucker erzielt in seinen gedruckten Teilen eine unvergleichliche Festigkeit, Steifigkeit und Haltbarkeit.<\/p>\n<div class=\"video-shortcode\"><iframe title=\"Carbon Fiber Chain Link Breaks at 22,000 lbf!\" width=\"1100\" height=\"619\" src=\"https:\/\/www.youtube.com\/embed\/QIoJyor54to?feature=oembed\" frameborder=\"0\" allow=\"accelerometer; autoplay; clipboard-write; encrypted-media; gyroscope; picture-in-picture\" allowfullscreen><\/iframe><\/div>\n<div class=\"fusion-text\">\n<p>&nbsp;<\/p>\n<h2>Touchscreen-Oberfl\u00e4che<\/h2>\n<p>Der 3D-Drucker X3 von Markforged verf\u00fcgt \u00fcber einen eingebauten Touchscreen, \u00fcber den man die Wlan-Verbindung, den Start des Druckens und die Verwaltung des Druckers spielend leicht bedienen kann.&nbsp;<\/p>\n<\/div>\n<div class=\"fusion-text\">\n<h2 data-fontsize=\"40\" data-lineheight=\"60\">Die Eiger Software<\/h2>\n<\/div>\n<div class=\"fusion-text\">\n<p>Eine innovative, stabile oder vor allem einfach zu bedienenden Plattform, die dem Benutzer m\u00f6glichst viele Arbeiten abnehmen soll. Desweiteren ist die EIGER Software Cloudbasiert ist, was bedeutet, dass die Software immer auf dem neuesten Stand ist. Von Ihrem PC aus laden Sie \u00fcber Ihren Browser die 3D Druckauftr\u00e4ge in die Cloudbasierte EIGER Software. Der 3D-Drucker kann dabei per LAN-Kabel, USB und W-LAN angesteuert werden. Mit der Software k\u00f6nnen Sie Ihre STL-Dateien verwalten und Katalogisieren.<\/p>\n<p>Dank der einfachen Bedienung k\u00f6nnen Sie Ihr Bauteilinneres intelligent mit St\u00fctzstrukturen versehen und vollkommen automatisch Schicht f\u00fcr Schicht in der ausgew\u00e4hlten Region des Bauteils mit der endlosen Faser ausstatten. Die Faserdichte kann pro Schicht \u00fcber einen einfachen Schieberegler in der Software ver\u00e4ndert werde. Somit k\u00f6nnen Sie Ihr Bauteil perfekt auf Ihre Krafteinwirkung auslegen und ausdrucken.<\/p>\n<p>Der Druckvorgang kann pausiert werden, um Komponenten in den Druck einzubetten. Sie k\u00f6nnen somit Elektronik, Sensorik und Kugellager in Ihr Bauteil integrieren.<\/p>\n<p>Optional stellen wir auch eine EIGER OFFLINE-Version zur Verf\u00fcgung. Hier f\u00e4llt eine weitere Geb\u00fchr an.<\/p>\n<div style=\"width: 1100px;\" class=\"wp-video\"><video class=\"wp-video-shortcode\" id=\"video-3515-1\" width=\"1100\" height=\"619\" preload=\"metadata\" controls=\"controls\"><source type=\"video\/mp4\" src=\"https:\/\/www.mark3d.com\/de\/wp-content\/uploads\/2016\/05\/mark-two_eiger_software_demo.mp4?_=1\" \/><a href=\"https:\/\/www.mark3d.com\/de\/wp-content\/uploads\/2016\/05\/mark-two_eiger_software_demo.mp4\">https:\/\/www.mark3d.com\/de\/wp-content\/uploads\/2016\/05\/mark-two_eiger_software_demo.mp4<\/a><\/video><\/div>\n<h2>&nbsp;<\/h2>\n<h2><span class=\"a-list-item\">LIEFERUMFANG<\/span><\/h2>\n<ul>\n<li>1x X3 3D-Drucker<\/li>\n<li>1x Trockenbox<\/li>\n<li>1x Onyx FFF Filament 800cm\u00b3 Rolle<\/li>\n<li>3x FFF Ersatzd\u00fcse<\/li>\n<li>1x Werkzeug-Set<\/li>\n<li>1x Bauplattform True Bed X-Serie<\/li>\n<\/ul>\n<\/div>\n<h2>Sie haben noch weitere Fragen?<\/h2>\n<p>Schreiben Sie uns eine <a href=\"https:\/\/www.mark3d.com\/de\/kontakt\/\"><strong>Mail <\/strong><\/a>oder nutzen Sie den <strong>Chat<\/strong>.<br \/>\nSie k\u00f6nnen uns auch anrufen Tel.: 07361 63396 00.<\/p>\n<p><a href=\"https:\/\/www.mark3d.com\/de\/shop\/\"><strong>Hier<\/strong> finden Sie die gesamte Artikel-\u00dcbersicht.<\/a><\/p>\n","protected":false},"excerpt":{"rendered":"<p>&nbsp;<\/p>\n<p><span style=\"color: #ff0000;\"><strong>Der Markforged X3 wurde aus dem Produktionsprogramm genommen und ist daher nicht mehr erh\u00e4ltlich.<\/strong><\/span><\/p>\n<p>Fertigen Sie industriegerechte und hochstabile Bauteile!<\/p>\n<ul>\n<li>Laser-unterst\u00fctze Bauprozesskontrolle<\/li>\n<li>&#8220;Build-as-Designed&#8221; &#8211; Verwirklichen Sie jedes Designkonzept<\/li>\n<li>Hardware, Software und Material &#8211; harmonieren perfekt miteinander<\/li>\n<li>Hochmoderne EIGER Cloud-Software f\u00fcr die Bearbeitung<\/li>\n<\/ul>\n","protected":false},"featured_media":3546,"comment_status":"open","ping_status":"closed","template":"","meta":{"inline_featured_image":false},"product_brand":[],"product_cat":[69,118],"product_tag":[],"class_list":{"0":"post-3515","1":"product","2":"type-product","3":"status-publish","4":"has-post-thumbnail","6":"product_cat-markforged-3d-drucker","7":"product_cat-x-serie-markforged-3d-drucker","8":"product_shipping_class-versicherter-versand","10":"first","11":"instock","12":"taxable","13":"shipping-taxable","14":"product-type-simple"},"yoast_head":"<!-- This site is optimized with the Yoast SEO Premium plugin v27.0 (Yoast SEO v27.0) - https:\/\/yoast.com\/product\/yoast-seo-premium-wordpress\/ -->\n<title>Markforged - X3 - 3D-Drucker - kompromisslose Qualit\u00e4t jetzt online kaufen<\/title>\n<meta name=\"description\" content=\"Entdecken Sie jetzt den Markforged X3! Jetzt unverbindlich Informieren! \u2713 Authorisierter H\u00e4ndler \u2713 Bestpreisgarantie \u2713Top Beratung \u2713 Unverbindliches Angebot\" \/>\n<meta name=\"robots\" content=\"index, follow, max-snippet:-1, max-image-preview:large, max-video-preview:-1\" \/>\n<link rel=\"canonical\" href=\"https:\/\/www.mark3d.com\/de\/produkt\/markforged-x3-3d-drucker\/\" \/>\n<meta property=\"og:locale\" content=\"de_DE\" \/>\n<meta property=\"og:type\" content=\"article\" \/>\n<meta property=\"og:title\" content=\"Markforged - X3 - 3D-Drucker\" \/>\n<meta property=\"og:description\" content=\"Entdecken Sie jetzt den Markforged X3! Jetzt unverbindlich Informieren! \u2713 Authorisierter H\u00e4ndler \u2713 Bestpreisgarantie \u2713Top Beratung \u2713 Unverbindliches Angebot\" \/>\n<meta property=\"og:url\" content=\"https:\/\/www.mark3d.com\/de\/produkt\/markforged-x3-3d-drucker\/\" \/>\n<meta property=\"og:site_name\" content=\"Mark3D - Markforged 3D-Drucker\" \/>\n<meta property=\"article:publisher\" content=\"https:\/\/www.facebook.com\/Mark3DGmbH\/\" \/>\n<meta property=\"article:modified_time\" content=\"2025-02-07T14:32:20+00:00\" \/>\n<meta property=\"og:image\" content=\"https:\/\/www.mark3d.com\/de\/wp-content\/uploads\/2018\/03\/markforged-X-serie-x5-3d-drucker-weltneuheit-jetzt-kaufen-onyx.jpg\" \/>\n\t<meta property=\"og:image:width\" content=\"1280\" \/>\n\t<meta property=\"og:image:height\" content=\"1280\" \/>\n\t<meta property=\"og:image:type\" content=\"image\/jpeg\" \/>\n<meta name=\"twitter:card\" content=\"summary_large_image\" \/>\n<meta name=\"twitter:site\" content=\"@Mark3D_GmbH\" \/>\n<meta name=\"twitter:label1\" content=\"Gesch\u00e4tzte Lesezeit\" \/>\n\t<meta name=\"twitter:data1\" content=\"3\u00a0Minuten\" \/>\n<script type=\"application\/ld+json\" class=\"yoast-schema-graph\">{\"@context\":\"https:\/\/schema.org\",\"@graph\":[{\"@type\":\"WebPage\",\"@id\":\"https:\/\/www.mark3d.com\/de\/produkt\/markforged-x3-3d-drucker\/\",\"url\":\"https:\/\/www.mark3d.com\/de\/produkt\/markforged-x3-3d-drucker\/\",\"name\":\"Markforged - X3 - 3D-Drucker - kompromisslose Qualit\u00e4t jetzt online kaufen\",\"isPartOf\":{\"@id\":\"https:\/\/www.mark3d.com\/de\/#website\"},\"primaryImageOfPage\":{\"@id\":\"https:\/\/www.mark3d.com\/de\/produkt\/markforged-x3-3d-drucker\/#primaryimage\"},\"image\":{\"@id\":\"https:\/\/www.mark3d.com\/de\/produkt\/markforged-x3-3d-drucker\/#primaryimage\"},\"thumbnailUrl\":\"https:\/\/www.mark3d.com\/de\/wp-content\/uploads\/2018\/03\/markforged-X-serie-x5-3d-drucker-weltneuheit-jetzt-kaufen-onyx.jpg\",\"datePublished\":\"2018-03-13T08:45:22+00:00\",\"dateModified\":\"2025-02-07T14:32:20+00:00\",\"description\":\"Entdecken Sie jetzt den Markforged X3! Jetzt unverbindlich Informieren! \u2713 Authorisierter H\u00e4ndler \u2713 Bestpreisgarantie \u2713Top Beratung \u2713 Unverbindliches Angebot\",\"breadcrumb\":{\"@id\":\"https:\/\/www.mark3d.com\/de\/produkt\/markforged-x3-3d-drucker\/#breadcrumb\"},\"inLanguage\":\"de\",\"potentialAction\":[{\"@type\":\"ReadAction\",\"target\":[\"https:\/\/www.mark3d.com\/de\/produkt\/markforged-x3-3d-drucker\/\"]}]},{\"@type\":\"ImageObject\",\"inLanguage\":\"de\",\"@id\":\"https:\/\/www.mark3d.com\/de\/produkt\/markforged-x3-3d-drucker\/#primaryimage\",\"url\":\"https:\/\/www.mark3d.com\/de\/wp-content\/uploads\/2018\/03\/markforged-X-serie-x5-3d-drucker-weltneuheit-jetzt-kaufen-onyx.jpg\",\"contentUrl\":\"https:\/\/www.mark3d.com\/de\/wp-content\/uploads\/2018\/03\/markforged-X-serie-x5-3d-drucker-weltneuheit-jetzt-kaufen-onyx.jpg\",\"width\":1280,\"height\":1280,\"caption\":\"markforged-X-serie-x5-3d-drucker-weltneuheit-jetzt-kaufen-onyx\"},{\"@type\":\"BreadcrumbList\",\"@id\":\"https:\/\/www.mark3d.com\/de\/produkt\/markforged-x3-3d-drucker\/#breadcrumb\",\"itemListElement\":[{\"@type\":\"ListItem\",\"position\":1,\"name\":\"Startseite\",\"item\":\"https:\/\/www.mark3d.com\/de\/\"},{\"@type\":\"ListItem\",\"position\":2,\"name\":\"Markforged 3D-Drucker, Filamente &#038; Ersatzteile online kaufen\",\"item\":\"https:\/\/www.mark3d.com\/de\/shop\/\"},{\"@type\":\"ListItem\",\"position\":3,\"name\":\"Markforged &#8211; X3 &#8211; 3D-Drucker\"}]},{\"@type\":\"WebSite\",\"@id\":\"https:\/\/www.mark3d.com\/de\/#website\",\"url\":\"https:\/\/www.mark3d.com\/de\/\",\"name\":\"Mark3D\",\"description\":\"Industrielle 3D Drucker von Markforged\",\"publisher\":{\"@id\":\"https:\/\/www.mark3d.com\/de\/#organization\"},\"alternateName\":\"Mark3D GmbH\",\"potentialAction\":[{\"@type\":\"SearchAction\",\"target\":{\"@type\":\"EntryPoint\",\"urlTemplate\":\"https:\/\/www.mark3d.com\/de\/?s={search_term_string}\"},\"query-input\":{\"@type\":\"PropertyValueSpecification\",\"valueRequired\":true,\"valueName\":\"search_term_string\"}}],\"inLanguage\":\"de\"},{\"@type\":\"Organization\",\"@id\":\"https:\/\/www.mark3d.com\/de\/#organization\",\"name\":\"Mark3D GmbH\",\"url\":\"https:\/\/www.mark3d.com\/de\/\",\"logo\":{\"@type\":\"ImageObject\",\"inLanguage\":\"de\",\"@id\":\"https:\/\/www.mark3d.com\/de\/#\/schema\/logo\/image\/\",\"url\":\"https:\/\/www.mark3d.com\/de\/wp-content\/uploads\/2021\/05\/markforged-linkedin.jpg\",\"contentUrl\":\"https:\/\/www.mark3d.com\/de\/wp-content\/uploads\/2021\/05\/markforged-linkedin.jpg\",\"width\":800,\"height\":800,\"caption\":\"Mark3D GmbH\"},\"image\":{\"@id\":\"https:\/\/www.mark3d.com\/de\/#\/schema\/logo\/image\/\"},\"sameAs\":[\"https:\/\/www.facebook.com\/Mark3DGmbH\/\",\"https:\/\/x.com\/Mark3D_GmbH\",\"https:\/\/www.instagram.com\/mark3d_print_stronger\/\",\"https:\/\/www.linkedin.com\/company\/mark3d\/\",\"https:\/\/www.youtube.com\/channel\/UCo55w2I5eBrCvCB3oKH2WDg\"]}]}<\/script>\n<!-- \/ Yoast SEO Premium plugin. -->","yoast_head_json":{"title":"Markforged - X3 - 3D-Drucker - kompromisslose Qualit\u00e4t jetzt online kaufen","description":"Entdecken Sie jetzt den Markforged X3! Jetzt unverbindlich Informieren! \u2713 Authorisierter H\u00e4ndler \u2713 Bestpreisgarantie \u2713Top Beratung \u2713 Unverbindliches Angebot","robots":{"index":"index","follow":"follow","max-snippet":"max-snippet:-1","max-image-preview":"max-image-preview:large","max-video-preview":"max-video-preview:-1"},"canonical":"https:\/\/www.mark3d.com\/de\/produkt\/markforged-x3-3d-drucker\/","og_locale":"de_DE","og_type":"article","og_title":"Markforged - X3 - 3D-Drucker","og_description":"Entdecken Sie jetzt den Markforged X3! Jetzt unverbindlich Informieren! \u2713 Authorisierter H\u00e4ndler \u2713 Bestpreisgarantie \u2713Top Beratung \u2713 Unverbindliches Angebot","og_url":"https:\/\/www.mark3d.com\/de\/produkt\/markforged-x3-3d-drucker\/","og_site_name":"Mark3D - Markforged 3D-Drucker","article_publisher":"https:\/\/www.facebook.com\/Mark3DGmbH\/","article_modified_time":"2025-02-07T14:32:20+00:00","og_image":[{"width":1280,"height":1280,"url":"https:\/\/www.mark3d.com\/de\/wp-content\/uploads\/2018\/03\/markforged-X-serie-x5-3d-drucker-weltneuheit-jetzt-kaufen-onyx.jpg","type":"image\/jpeg"}],"twitter_card":"summary_large_image","twitter_site":"@Mark3D_GmbH","twitter_misc":{"Gesch\u00e4tzte Lesezeit":"3\u00a0Minuten"},"schema":{"@context":"https:\/\/schema.org","@graph":[{"@type":"WebPage","@id":"https:\/\/www.mark3d.com\/de\/produkt\/markforged-x3-3d-drucker\/","url":"https:\/\/www.mark3d.com\/de\/produkt\/markforged-x3-3d-drucker\/","name":"Markforged - X3 - 3D-Drucker - kompromisslose Qualit\u00e4t jetzt online kaufen","isPartOf":{"@id":"https:\/\/www.mark3d.com\/de\/#website"},"primaryImageOfPage":{"@id":"https:\/\/www.mark3d.com\/de\/produkt\/markforged-x3-3d-drucker\/#primaryimage"},"image":{"@id":"https:\/\/www.mark3d.com\/de\/produkt\/markforged-x3-3d-drucker\/#primaryimage"},"thumbnailUrl":"https:\/\/www.mark3d.com\/de\/wp-content\/uploads\/2018\/03\/markforged-X-serie-x5-3d-drucker-weltneuheit-jetzt-kaufen-onyx.jpg","datePublished":"2018-03-13T08:45:22+00:00","dateModified":"2025-02-07T14:32:20+00:00","description":"Entdecken Sie jetzt den Markforged X3! Jetzt unverbindlich Informieren! \u2713 Authorisierter H\u00e4ndler \u2713 Bestpreisgarantie \u2713Top Beratung \u2713 Unverbindliches Angebot","breadcrumb":{"@id":"https:\/\/www.mark3d.com\/de\/produkt\/markforged-x3-3d-drucker\/#breadcrumb"},"inLanguage":"de","potentialAction":[{"@type":"ReadAction","target":["https:\/\/www.mark3d.com\/de\/produkt\/markforged-x3-3d-drucker\/"]}]},{"@type":"ImageObject","inLanguage":"de","@id":"https:\/\/www.mark3d.com\/de\/produkt\/markforged-x3-3d-drucker\/#primaryimage","url":"https:\/\/www.mark3d.com\/de\/wp-content\/uploads\/2018\/03\/markforged-X-serie-x5-3d-drucker-weltneuheit-jetzt-kaufen-onyx.jpg","contentUrl":"https:\/\/www.mark3d.com\/de\/wp-content\/uploads\/2018\/03\/markforged-X-serie-x5-3d-drucker-weltneuheit-jetzt-kaufen-onyx.jpg","width":1280,"height":1280,"caption":"markforged-X-serie-x5-3d-drucker-weltneuheit-jetzt-kaufen-onyx"},{"@type":"BreadcrumbList","@id":"https:\/\/www.mark3d.com\/de\/produkt\/markforged-x3-3d-drucker\/#breadcrumb","itemListElement":[{"@type":"ListItem","position":1,"name":"Startseite","item":"https:\/\/www.mark3d.com\/de\/"},{"@type":"ListItem","position":2,"name":"Markforged 3D-Drucker, Filamente &#038; Ersatzteile online kaufen","item":"https:\/\/www.mark3d.com\/de\/shop\/"},{"@type":"ListItem","position":3,"name":"Markforged &#8211; X3 &#8211; 3D-Drucker"}]},{"@type":"WebSite","@id":"https:\/\/www.mark3d.com\/de\/#website","url":"https:\/\/www.mark3d.com\/de\/","name":"Mark3D","description":"Industrielle 3D Drucker von Markforged","publisher":{"@id":"https:\/\/www.mark3d.com\/de\/#organization"},"alternateName":"Mark3D GmbH","potentialAction":[{"@type":"SearchAction","target":{"@type":"EntryPoint","urlTemplate":"https:\/\/www.mark3d.com\/de\/?s={search_term_string}"},"query-input":{"@type":"PropertyValueSpecification","valueRequired":true,"valueName":"search_term_string"}}],"inLanguage":"de"},{"@type":"Organization","@id":"https:\/\/www.mark3d.com\/de\/#organization","name":"Mark3D GmbH","url":"https:\/\/www.mark3d.com\/de\/","logo":{"@type":"ImageObject","inLanguage":"de","@id":"https:\/\/www.mark3d.com\/de\/#\/schema\/logo\/image\/","url":"https:\/\/www.mark3d.com\/de\/wp-content\/uploads\/2021\/05\/markforged-linkedin.jpg","contentUrl":"https:\/\/www.mark3d.com\/de\/wp-content\/uploads\/2021\/05\/markforged-linkedin.jpg","width":800,"height":800,"caption":"Mark3D GmbH"},"image":{"@id":"https:\/\/www.mark3d.com\/de\/#\/schema\/logo\/image\/"},"sameAs":["https:\/\/www.facebook.com\/Mark3DGmbH\/","https:\/\/x.com\/Mark3D_GmbH","https:\/\/www.instagram.com\/mark3d_print_stronger\/","https:\/\/www.linkedin.com\/company\/mark3d\/","https:\/\/www.youtube.com\/channel\/UCo55w2I5eBrCvCB3oKH2WDg"]}]}},"acf":[],"_links":{"self":[{"href":"https:\/\/www.mark3d.com\/de\/wp-json\/wp\/v2\/product\/3515","targetHints":{"allow":["GET"]}}],"collection":[{"href":"https:\/\/www.mark3d.com\/de\/wp-json\/wp\/v2\/product"}],"about":[{"href":"https:\/\/www.mark3d.com\/de\/wp-json\/wp\/v2\/types\/product"}],"replies":[{"embeddable":true,"href":"https:\/\/www.mark3d.com\/de\/wp-json\/wp\/v2\/comments?post=3515"}],"wp:featuredmedia":[{"embeddable":true,"href":"https:\/\/www.mark3d.com\/de\/wp-json\/wp\/v2\/media\/3546"}],"wp:attachment":[{"href":"https:\/\/www.mark3d.com\/de\/wp-json\/wp\/v2\/media?parent=3515"}],"wp:term":[{"taxonomy":"product_brand","embeddable":true,"href":"https:\/\/www.mark3d.com\/de\/wp-json\/wp\/v2\/product_brand?post=3515"},{"taxonomy":"product_cat","embeddable":true,"href":"https:\/\/www.mark3d.com\/de\/wp-json\/wp\/v2\/product_cat?post=3515"},{"taxonomy":"product_tag","embeddable":true,"href":"https:\/\/www.mark3d.com\/de\/wp-json\/wp\/v2\/product_tag?post=3515"}],"curies":[{"name":"wp","href":"https:\/\/api.w.org\/{rel}","templated":true}]}}