{"id":3568,"date":"2018-03-13T18:10:32","date_gmt":"2018-03-13T18:10:32","guid":{"rendered":"https:\/\/www.mark3d.com\/de\/?post_type=product&#038;p=3568"},"modified":"2018-07-31T09:37:36","modified_gmt":"2018-07-31T09:37:36","slug":"markforged-sinterofen-1-fuer-den-metal-x-3d-drucker","status":"publish","type":"product","link":"https:\/\/www.mark3d.com\/de\/produkt\/markforged-sinterofen-1-fuer-den-metal-x-3d-drucker\/","title":{"rendered":"Markforged &#8211; Sinterofen-1 f\u00fcr den Metal X 3D-Drucker"},"content":{"rendered":"<p>Der Markforged Sinter-1 ist ein leistungsstarker, hochwertiger Ofen &#8211; er ist erschwinglich, gro\u00df und zuverl\u00e4ssig. Mit einem Arbeitsvolumen von 4760 Kubikzentimetern verwandelt der Sinter-1 m\u00fchelos bei bis zu 1300\u00b0C braune (gewaschene) Teile in ihre fast vollst\u00e4ndig dichte Metallform. Basierend auf der seit 30 Jahren bestehenden Metal Injection Molding (MIM) Technologie, ist es ideal f\u00fcr das Sintern von<strong> mittelgro\u00dfen Teilen<\/strong> und <strong>Kleinserien<\/strong>. Es k\u00f6nnen mehrere Bauteile gleichzeitig gesintert werden!<\/p>\n<p>Der Sinterofen kann\u00fcber USB, Netzwerkanschluss oder WLAN gesteuert werden. Die Daten f\u00fcr das Sintern werden auch \u00fcber die EIGER Software bestimmt.&nbsp;<\/p>\n<p>F\u00fcr den Betrieb des Sinterofens ist ein Gashandling notwendig.<\/p>\n","protected":false},"excerpt":{"rendered":"<p>Der Markforged Sinter-1 ist ein leistungsstarker, hochwertiger Ofen &#8211; er ist erschwinglich, gro\u00df und zuverl\u00e4ssig. Mit einem Arbeitsvolumen von 4760 Kubikzentimetern verwandelt der Sinter-1 m\u00fchelos bei bis zu 1300\u00b0C braune (gewaschene) Teile in ihre fast vollst\u00e4ndig dichte Metallform. Basierend auf der seit 30 Jahren bestehenden Metal Injection Molding (MIM) Technologie, ist es ideal f\u00fcr das  [&#8230;]<\/p>\n","protected":false},"featured_media":4929,"comment_status":"open","ping_status":"closed","template":"","meta":{"inline_featured_image":false},"product_brand":[],"product_cat":[119],"product_tag":[],"class_list":{"0":"post-3568","1":"product","2":"type-product","3":"status-publish","4":"has-post-thumbnail","6":"product_cat-metal-x-markforged-3d-drucker","7":"product_shipping_class-versicherter-versand","9":"first","10":"instock","11":"taxable","12":"shipping-taxable","13":"product-type-simple"},"yoast_head":"<!-- This site is optimized with the Yoast SEO Premium plugin v27.0 (Yoast SEO v27.0) - https:\/\/yoast.com\/product\/yoast-seo-premium-wordpress\/ -->\n<title>Markforged - Sinterofen-1 f\u00fcr den Metal X 3D-Drucker jetzt kaufen<\/title>\n<meta name=\"description\" content=\"Kaufen Sie jetzt den Markforged Sinterofen-1 f\u00fcr den Metal X 3D-Drucker. Jetzt unverbindlich Informieren. \u2713 Autorisierter H\u00e4ndler \u2713 Bestpreisgarantie \u2713 Top Beratung \u2713 Unverbindliches Angebot\" \/>\n<meta name=\"robots\" content=\"index, follow, max-snippet:-1, max-image-preview:large, max-video-preview:-1\" \/>\n<link rel=\"canonical\" href=\"https:\/\/www.mark3d.com\/de\/produkt\/markforged-sinterofen-1-fuer-den-metal-x-3d-drucker\/\" \/>\n<meta property=\"og:locale\" content=\"de_DE\" \/>\n<meta property=\"og:type\" content=\"article\" \/>\n<meta property=\"og:title\" content=\"Markforged - Sinterofen-1 f\u00fcr den Metal X 3D-Drucker\" \/>\n<meta property=\"og:description\" content=\"Kaufen Sie jetzt den Markforged Sinterofen-1 f\u00fcr den Metal X 3D-Drucker. Jetzt unverbindlich Informieren. \u2713 Autorisierter H\u00e4ndler \u2713 Bestpreisgarantie \u2713 Top Beratung \u2713 Unverbindliches Angebot\" \/>\n<meta property=\"og:url\" content=\"https:\/\/www.mark3d.com\/de\/produkt\/markforged-sinterofen-1-fuer-den-metal-x-3d-drucker\/\" \/>\n<meta property=\"og:site_name\" content=\"Mark3D - Markforged 3D-Drucker\" \/>\n<meta property=\"article:publisher\" content=\"https:\/\/www.facebook.com\/Mark3DGmbH\/\" \/>\n<meta property=\"article:modified_time\" content=\"2018-07-31T09:37:36+00:00\" \/>\n<meta property=\"og:image\" content=\"https:\/\/www.mark3d.com\/de\/wp-content\/uploads\/2018\/03\/Sinter_Logo-small-1-1024x1024.png\" \/>\n\t<meta property=\"og:image:width\" content=\"1024\" \/>\n\t<meta property=\"og:image:height\" content=\"1024\" \/>\n\t<meta property=\"og:image:type\" content=\"image\/png\" \/>\n<meta name=\"twitter:card\" content=\"summary_large_image\" \/>\n<meta name=\"twitter:site\" content=\"@Mark3D_GmbH\" \/>\n<meta name=\"twitter:label1\" content=\"Gesch\u00e4tzte Lesezeit\" \/>\n\t<meta name=\"twitter:data1\" content=\"1\u00a0Minute\" \/>\n<script type=\"application\/ld+json\" class=\"yoast-schema-graph\">{\"@context\":\"https:\/\/schema.org\",\"@graph\":[{\"@type\":\"WebPage\",\"@id\":\"https:\/\/www.mark3d.com\/de\/produkt\/markforged-sinterofen-1-fuer-den-metal-x-3d-drucker\/\",\"url\":\"https:\/\/www.mark3d.com\/de\/produkt\/markforged-sinterofen-1-fuer-den-metal-x-3d-drucker\/\",\"name\":\"Markforged - Sinterofen-1 f\u00fcr den Metal X 3D-Drucker jetzt kaufen\",\"isPartOf\":{\"@id\":\"https:\/\/www.mark3d.com\/de\/#website\"},\"primaryImageOfPage\":{\"@id\":\"https:\/\/www.mark3d.com\/de\/produkt\/markforged-sinterofen-1-fuer-den-metal-x-3d-drucker\/#primaryimage\"},\"image\":{\"@id\":\"https:\/\/www.mark3d.com\/de\/produkt\/markforged-sinterofen-1-fuer-den-metal-x-3d-drucker\/#primaryimage\"},\"thumbnailUrl\":\"https:\/\/www.mark3d.com\/de\/wp-content\/uploads\/2018\/03\/Sinter_Logo-small-1.png\",\"datePublished\":\"2018-03-13T18:10:32+00:00\",\"dateModified\":\"2018-07-31T09:37:36+00:00\",\"description\":\"Kaufen Sie jetzt den Markforged Sinterofen-1 f\u00fcr den Metal X 3D-Drucker. Jetzt unverbindlich Informieren. \u2713 Autorisierter H\u00e4ndler \u2713 Bestpreisgarantie \u2713 Top Beratung \u2713 Unverbindliches Angebot\",\"breadcrumb\":{\"@id\":\"https:\/\/www.mark3d.com\/de\/produkt\/markforged-sinterofen-1-fuer-den-metal-x-3d-drucker\/#breadcrumb\"},\"inLanguage\":\"de\",\"potentialAction\":[{\"@type\":\"ReadAction\",\"target\":[\"https:\/\/www.mark3d.com\/de\/produkt\/markforged-sinterofen-1-fuer-den-metal-x-3d-drucker\/\"]}]},{\"@type\":\"ImageObject\",\"inLanguage\":\"de\",\"@id\":\"https:\/\/www.mark3d.com\/de\/produkt\/markforged-sinterofen-1-fuer-den-metal-x-3d-drucker\/#primaryimage\",\"url\":\"https:\/\/www.mark3d.com\/de\/wp-content\/uploads\/2018\/03\/Sinter_Logo-small-1.png\",\"contentUrl\":\"https:\/\/www.mark3d.com\/de\/wp-content\/uploads\/2018\/03\/Sinter_Logo-small-1.png\",\"width\":1500,\"height\":1500,\"caption\":\"Sinter_Logo-small\"},{\"@type\":\"BreadcrumbList\",\"@id\":\"https:\/\/www.mark3d.com\/de\/produkt\/markforged-sinterofen-1-fuer-den-metal-x-3d-drucker\/#breadcrumb\",\"itemListElement\":[{\"@type\":\"ListItem\",\"position\":1,\"name\":\"Startseite\",\"item\":\"https:\/\/www.mark3d.com\/de\/\"},{\"@type\":\"ListItem\",\"position\":2,\"name\":\"Markforged 3D-Drucker, Filamente &#038; Ersatzteile online kaufen\",\"item\":\"https:\/\/www.mark3d.com\/de\/shop\/\"},{\"@type\":\"ListItem\",\"position\":3,\"name\":\"Markforged &#8211; Sinterofen-1 f\u00fcr den Metal X 3D-Drucker\"}]},{\"@type\":\"WebSite\",\"@id\":\"https:\/\/www.mark3d.com\/de\/#website\",\"url\":\"https:\/\/www.mark3d.com\/de\/\",\"name\":\"Mark3D\",\"description\":\"Industrielle 3D Drucker von Markforged\",\"publisher\":{\"@id\":\"https:\/\/www.mark3d.com\/de\/#organization\"},\"alternateName\":\"Mark3D GmbH\",\"potentialAction\":[{\"@type\":\"SearchAction\",\"target\":{\"@type\":\"EntryPoint\",\"urlTemplate\":\"https:\/\/www.mark3d.com\/de\/?s={search_term_string}\"},\"query-input\":{\"@type\":\"PropertyValueSpecification\",\"valueRequired\":true,\"valueName\":\"search_term_string\"}}],\"inLanguage\":\"de\"},{\"@type\":\"Organization\",\"@id\":\"https:\/\/www.mark3d.com\/de\/#organization\",\"name\":\"Mark3D GmbH\",\"url\":\"https:\/\/www.mark3d.com\/de\/\",\"logo\":{\"@type\":\"ImageObject\",\"inLanguage\":\"de\",\"@id\":\"https:\/\/www.mark3d.com\/de\/#\/schema\/logo\/image\/\",\"url\":\"https:\/\/www.mark3d.com\/de\/wp-content\/uploads\/2021\/05\/markforged-linkedin.jpg\",\"contentUrl\":\"https:\/\/www.mark3d.com\/de\/wp-content\/uploads\/2021\/05\/markforged-linkedin.jpg\",\"width\":800,\"height\":800,\"caption\":\"Mark3D GmbH\"},\"image\":{\"@id\":\"https:\/\/www.mark3d.com\/de\/#\/schema\/logo\/image\/\"},\"sameAs\":[\"https:\/\/www.facebook.com\/Mark3DGmbH\/\",\"https:\/\/x.com\/Mark3D_GmbH\",\"https:\/\/www.instagram.com\/mark3d_print_stronger\/\",\"https:\/\/www.linkedin.com\/company\/mark3d\/\",\"https:\/\/www.youtube.com\/channel\/UCo55w2I5eBrCvCB3oKH2WDg\"]}]}<\/script>\n<!-- \/ Yoast SEO Premium plugin. -->","yoast_head_json":{"title":"Markforged - Sinterofen-1 f\u00fcr den Metal X 3D-Drucker jetzt kaufen","description":"Kaufen Sie jetzt den Markforged Sinterofen-1 f\u00fcr den Metal X 3D-Drucker. Jetzt unverbindlich Informieren. \u2713 Autorisierter H\u00e4ndler \u2713 Bestpreisgarantie \u2713 Top Beratung \u2713 Unverbindliches Angebot","robots":{"index":"index","follow":"follow","max-snippet":"max-snippet:-1","max-image-preview":"max-image-preview:large","max-video-preview":"max-video-preview:-1"},"canonical":"https:\/\/www.mark3d.com\/de\/produkt\/markforged-sinterofen-1-fuer-den-metal-x-3d-drucker\/","og_locale":"de_DE","og_type":"article","og_title":"Markforged - Sinterofen-1 f\u00fcr den Metal X 3D-Drucker","og_description":"Kaufen Sie jetzt den Markforged Sinterofen-1 f\u00fcr den Metal X 3D-Drucker. Jetzt unverbindlich Informieren. \u2713 Autorisierter H\u00e4ndler \u2713 Bestpreisgarantie \u2713 Top Beratung \u2713 Unverbindliches Angebot","og_url":"https:\/\/www.mark3d.com\/de\/produkt\/markforged-sinterofen-1-fuer-den-metal-x-3d-drucker\/","og_site_name":"Mark3D - Markforged 3D-Drucker","article_publisher":"https:\/\/www.facebook.com\/Mark3DGmbH\/","article_modified_time":"2018-07-31T09:37:36+00:00","og_image":[{"width":1024,"height":1024,"url":"https:\/\/www.mark3d.com\/de\/wp-content\/uploads\/2018\/03\/Sinter_Logo-small-1-1024x1024.png","type":"image\/png"}],"twitter_card":"summary_large_image","twitter_site":"@Mark3D_GmbH","twitter_misc":{"Gesch\u00e4tzte Lesezeit":"1\u00a0Minute"},"schema":{"@context":"https:\/\/schema.org","@graph":[{"@type":"WebPage","@id":"https:\/\/www.mark3d.com\/de\/produkt\/markforged-sinterofen-1-fuer-den-metal-x-3d-drucker\/","url":"https:\/\/www.mark3d.com\/de\/produkt\/markforged-sinterofen-1-fuer-den-metal-x-3d-drucker\/","name":"Markforged - Sinterofen-1 f\u00fcr den Metal X 3D-Drucker jetzt kaufen","isPartOf":{"@id":"https:\/\/www.mark3d.com\/de\/#website"},"primaryImageOfPage":{"@id":"https:\/\/www.mark3d.com\/de\/produkt\/markforged-sinterofen-1-fuer-den-metal-x-3d-drucker\/#primaryimage"},"image":{"@id":"https:\/\/www.mark3d.com\/de\/produkt\/markforged-sinterofen-1-fuer-den-metal-x-3d-drucker\/#primaryimage"},"thumbnailUrl":"https:\/\/www.mark3d.com\/de\/wp-content\/uploads\/2018\/03\/Sinter_Logo-small-1.png","datePublished":"2018-03-13T18:10:32+00:00","dateModified":"2018-07-31T09:37:36+00:00","description":"Kaufen Sie jetzt den Markforged Sinterofen-1 f\u00fcr den Metal X 3D-Drucker. Jetzt unverbindlich Informieren. \u2713 Autorisierter H\u00e4ndler \u2713 Bestpreisgarantie \u2713 Top Beratung \u2713 Unverbindliches Angebot","breadcrumb":{"@id":"https:\/\/www.mark3d.com\/de\/produkt\/markforged-sinterofen-1-fuer-den-metal-x-3d-drucker\/#breadcrumb"},"inLanguage":"de","potentialAction":[{"@type":"ReadAction","target":["https:\/\/www.mark3d.com\/de\/produkt\/markforged-sinterofen-1-fuer-den-metal-x-3d-drucker\/"]}]},{"@type":"ImageObject","inLanguage":"de","@id":"https:\/\/www.mark3d.com\/de\/produkt\/markforged-sinterofen-1-fuer-den-metal-x-3d-drucker\/#primaryimage","url":"https:\/\/www.mark3d.com\/de\/wp-content\/uploads\/2018\/03\/Sinter_Logo-small-1.png","contentUrl":"https:\/\/www.mark3d.com\/de\/wp-content\/uploads\/2018\/03\/Sinter_Logo-small-1.png","width":1500,"height":1500,"caption":"Sinter_Logo-small"},{"@type":"BreadcrumbList","@id":"https:\/\/www.mark3d.com\/de\/produkt\/markforged-sinterofen-1-fuer-den-metal-x-3d-drucker\/#breadcrumb","itemListElement":[{"@type":"ListItem","position":1,"name":"Startseite","item":"https:\/\/www.mark3d.com\/de\/"},{"@type":"ListItem","position":2,"name":"Markforged 3D-Drucker, Filamente &#038; Ersatzteile online kaufen","item":"https:\/\/www.mark3d.com\/de\/shop\/"},{"@type":"ListItem","position":3,"name":"Markforged &#8211; Sinterofen-1 f\u00fcr den Metal X 3D-Drucker"}]},{"@type":"WebSite","@id":"https:\/\/www.mark3d.com\/de\/#website","url":"https:\/\/www.mark3d.com\/de\/","name":"Mark3D","description":"Industrielle 3D Drucker von Markforged","publisher":{"@id":"https:\/\/www.mark3d.com\/de\/#organization"},"alternateName":"Mark3D GmbH","potentialAction":[{"@type":"SearchAction","target":{"@type":"EntryPoint","urlTemplate":"https:\/\/www.mark3d.com\/de\/?s={search_term_string}"},"query-input":{"@type":"PropertyValueSpecification","valueRequired":true,"valueName":"search_term_string"}}],"inLanguage":"de"},{"@type":"Organization","@id":"https:\/\/www.mark3d.com\/de\/#organization","name":"Mark3D GmbH","url":"https:\/\/www.mark3d.com\/de\/","logo":{"@type":"ImageObject","inLanguage":"de","@id":"https:\/\/www.mark3d.com\/de\/#\/schema\/logo\/image\/","url":"https:\/\/www.mark3d.com\/de\/wp-content\/uploads\/2021\/05\/markforged-linkedin.jpg","contentUrl":"https:\/\/www.mark3d.com\/de\/wp-content\/uploads\/2021\/05\/markforged-linkedin.jpg","width":800,"height":800,"caption":"Mark3D GmbH"},"image":{"@id":"https:\/\/www.mark3d.com\/de\/#\/schema\/logo\/image\/"},"sameAs":["https:\/\/www.facebook.com\/Mark3DGmbH\/","https:\/\/x.com\/Mark3D_GmbH","https:\/\/www.instagram.com\/mark3d_print_stronger\/","https:\/\/www.linkedin.com\/company\/mark3d\/","https:\/\/www.youtube.com\/channel\/UCo55w2I5eBrCvCB3oKH2WDg"]}]}},"acf":[],"_links":{"self":[{"href":"https:\/\/www.mark3d.com\/de\/wp-json\/wp\/v2\/product\/3568","targetHints":{"allow":["GET"]}}],"collection":[{"href":"https:\/\/www.mark3d.com\/de\/wp-json\/wp\/v2\/product"}],"about":[{"href":"https:\/\/www.mark3d.com\/de\/wp-json\/wp\/v2\/types\/product"}],"replies":[{"embeddable":true,"href":"https:\/\/www.mark3d.com\/de\/wp-json\/wp\/v2\/comments?post=3568"}],"wp:featuredmedia":[{"embeddable":true,"href":"https:\/\/www.mark3d.com\/de\/wp-json\/wp\/v2\/media\/4929"}],"wp:attachment":[{"href":"https:\/\/www.mark3d.com\/de\/wp-json\/wp\/v2\/media?parent=3568"}],"wp:term":[{"taxonomy":"product_brand","embeddable":true,"href":"https:\/\/www.mark3d.com\/de\/wp-json\/wp\/v2\/product_brand?post=3568"},{"taxonomy":"product_cat","embeddable":true,"href":"https:\/\/www.mark3d.com\/de\/wp-json\/wp\/v2\/product_cat?post=3568"},{"taxonomy":"product_tag","embeddable":true,"href":"https:\/\/www.mark3d.com\/de\/wp-json\/wp\/v2\/product_tag?post=3568"}],"curies":[{"name":"wp","href":"https:\/\/api.w.org\/{rel}","templated":true}]}}