{"id":4211,"date":"2018-04-19T09:55:59","date_gmt":"2018-04-19T09:55:59","guid":{"rendered":"https:\/\/www.mark3d.com\/de\/?post_type=product&#038;p=4211"},"modified":"2024-11-21T14:48:39","modified_gmt":"2024-11-21T14:48:39","slug":"markforged-kunststoff-ladeschlauch-desktop-serie","status":"publish","type":"product","link":"https:\/\/www.mark3d.com\/de\/produkt\/markforged-kunststoff-ladeschlauch-desktop-serie\/","title":{"rendered":"Markforged Kunststoff Ladeschlauch (Desktop-Serie)"},"content":{"rendered":"<p>PTFE-Schlauch f\u00fcr die Zuf\u00fchrung des Filaments von der Trockenbox zum F\u00f6rderer (Extruder).<\/p>\n<p>PASSEND F\u00dcR: Markforged Onyx One, Onyx Pro und Mark Two 3D-Drucker.<\/p>\n<p>EIGNUNG F\u00dcR: Alle Kunststoff-Filamente<\/p>\n<p>LIEFERUNG: 1x Kunststoff-Laderohr<\/p>\n<p>HERSTELLER-ARTIKELNUMMER: F-PC-0006 | DESCTOP SERIE KUNSTSTOFF-LADEROHR<\/p>\n","protected":false},"excerpt":{"rendered":"<p>PTFE-Schlauch f\u00fcr die Zuf\u00fchrung des Filaments von der Trockenbox zum F\u00f6rderer (Extruder). PASSEND F\u00dcR: Markforged Onyx One, Onyx Pro und Mark Two 3D-Drucker. EIGNUNG F\u00dcR: Alle Kunststoff-Filamente LIEFERUNG: 1x Kunststoff-Laderohr HERSTELLER-ARTIKELNUMMER: F-PC-0006 | DESCTOP SERIE KUNSTSTOFF-LADEROHR<\/p>\n","protected":false},"featured_media":4212,"comment_status":"open","ping_status":"closed","template":"","meta":{"inline_featured_image":false},"product_brand":[],"product_cat":[72],"product_tag":[],"class_list":{"0":"post-4211","1":"product","2":"type-product","3":"status-publish","4":"has-post-thumbnail","6":"product_cat-verschleissteile-markforged","7":"product_shipping_class-paket-versand","9":"first","10":"instock","11":"taxable","12":"shipping-taxable","13":"purchasable","14":"product-type-simple"},"yoast_head":"<!-- This site is optimized with the Yoast SEO Premium plugin v27.4 (Yoast SEO v27.4) - https:\/\/yoast.com\/product\/yoast-seo-premium-wordpress\/ -->\n<title>Markforged Kunststoff-Ladeschlauch (Desktop-Serie) jetzt online kaufen<\/title>\n<meta name=\"description\" content=\"Bestellen Sie jetzt original Markforged Ersatzteile Online. \u2713Autorisierter H\u00e4ndler \u2713Top Beratung \u2713Unverbindliches Angebot\" \/>\n<meta name=\"robots\" content=\"index, follow, max-snippet:-1, max-image-preview:large, max-video-preview:-1\" \/>\n<link rel=\"canonical\" href=\"https:\/\/www.mark3d.com\/de\/produkt\/markforged-kunststoff-ladeschlauch-desktop-serie\/\" \/>\n<meta property=\"og:locale\" content=\"de_DE\" \/>\n<meta property=\"og:type\" content=\"article\" \/>\n<meta property=\"og:title\" content=\"Markforged Kunststoff Ladeschlauch (Desktop-Serie)\" \/>\n<meta property=\"og:description\" content=\"Bestellen Sie jetzt original Markforged Ersatzteile Online. \u2713Autorisierter H\u00e4ndler \u2713Top Beratung \u2713Unverbindliches Angebot\" \/>\n<meta property=\"og:url\" content=\"https:\/\/www.mark3d.com\/de\/produkt\/markforged-kunststoff-ladeschlauch-desktop-serie\/\" \/>\n<meta property=\"og:site_name\" content=\"Mark3D - Markforged 3D-Drucker\" \/>\n<meta property=\"article:publisher\" content=\"https:\/\/www.facebook.com\/Mark3DGmbH\/\" \/>\n<meta property=\"article:modified_time\" content=\"2024-11-21T14:48:39+00:00\" \/>\n<meta property=\"og:image\" content=\"https:\/\/www.mark3d.com\/de\/wp-content\/uploads\/2018\/04\/loading-tube.jpg\" \/>\n\t<meta property=\"og:image:width\" content=\"2000\" \/>\n\t<meta property=\"og:image:height\" content=\"2000\" \/>\n\t<meta property=\"og:image:type\" content=\"image\/jpeg\" \/>\n<meta name=\"twitter:card\" content=\"summary_large_image\" \/>\n<meta name=\"twitter:site\" content=\"@Mark3D_GmbH\" \/>\n<meta name=\"twitter:label1\" content=\"Gesch\u00e4tzte Lesezeit\" \/>\n\t<meta name=\"twitter:data1\" content=\"1\u00a0Minute\" \/>\n<script type=\"application\/ld+json\" class=\"yoast-schema-graph\">{\"@context\":\"https:\\\/\\\/schema.org\",\"@graph\":[{\"@type\":\"WebPage\",\"@id\":\"https:\\\/\\\/www.mark3d.com\\\/de\\\/produkt\\\/markforged-kunststoff-ladeschlauch-desktop-serie\\\/\",\"url\":\"https:\\\/\\\/www.mark3d.com\\\/de\\\/produkt\\\/markforged-kunststoff-ladeschlauch-desktop-serie\\\/\",\"name\":\"Markforged Kunststoff-Ladeschlauch (Desktop-Serie) jetzt online kaufen\",\"isPartOf\":{\"@id\":\"https:\\\/\\\/www.mark3d.com\\\/de\\\/#website\"},\"primaryImageOfPage\":{\"@id\":\"https:\\\/\\\/www.mark3d.com\\\/de\\\/produkt\\\/markforged-kunststoff-ladeschlauch-desktop-serie\\\/#primaryimage\"},\"image\":{\"@id\":\"https:\\\/\\\/www.mark3d.com\\\/de\\\/produkt\\\/markforged-kunststoff-ladeschlauch-desktop-serie\\\/#primaryimage\"},\"thumbnailUrl\":\"https:\\\/\\\/www.mark3d.com\\\/de\\\/wp-content\\\/uploads\\\/2018\\\/04\\\/loading-tube.jpg\",\"datePublished\":\"2018-04-19T09:55:59+00:00\",\"dateModified\":\"2024-11-21T14:48:39+00:00\",\"description\":\"Bestellen Sie jetzt original Markforged Ersatzteile Online. \u2713Autorisierter H\u00e4ndler \u2713Top Beratung \u2713Unverbindliches Angebot\",\"breadcrumb\":{\"@id\":\"https:\\\/\\\/www.mark3d.com\\\/de\\\/produkt\\\/markforged-kunststoff-ladeschlauch-desktop-serie\\\/#breadcrumb\"},\"inLanguage\":\"de\",\"potentialAction\":[{\"@type\":\"ReadAction\",\"target\":[\"https:\\\/\\\/www.mark3d.com\\\/de\\\/produkt\\\/markforged-kunststoff-ladeschlauch-desktop-serie\\\/\"]}]},{\"@type\":\"ImageObject\",\"inLanguage\":\"de\",\"@id\":\"https:\\\/\\\/www.mark3d.com\\\/de\\\/produkt\\\/markforged-kunststoff-ladeschlauch-desktop-serie\\\/#primaryimage\",\"url\":\"https:\\\/\\\/www.mark3d.com\\\/de\\\/wp-content\\\/uploads\\\/2018\\\/04\\\/loading-tube.jpg\",\"contentUrl\":\"https:\\\/\\\/www.mark3d.com\\\/de\\\/wp-content\\\/uploads\\\/2018\\\/04\\\/loading-tube.jpg\",\"width\":2000,\"height\":2000},{\"@type\":\"BreadcrumbList\",\"@id\":\"https:\\\/\\\/www.mark3d.com\\\/de\\\/produkt\\\/markforged-kunststoff-ladeschlauch-desktop-serie\\\/#breadcrumb\",\"itemListElement\":[{\"@type\":\"ListItem\",\"position\":1,\"name\":\"Startseite\",\"item\":\"https:\\\/\\\/www.mark3d.com\\\/de\\\/\"},{\"@type\":\"ListItem\",\"position\":2,\"name\":\"Markforged 3D-Drucker, Filamente &#038; Ersatzteile online kaufen\",\"item\":\"https:\\\/\\\/www.mark3d.com\\\/de\\\/shop\\\/\"},{\"@type\":\"ListItem\",\"position\":3,\"name\":\"Markforged Kunststoff Ladeschlauch (Desktop-Serie)\"}]},{\"@type\":\"WebSite\",\"@id\":\"https:\\\/\\\/www.mark3d.com\\\/de\\\/#website\",\"url\":\"https:\\\/\\\/www.mark3d.com\\\/de\\\/\",\"name\":\"Mark3D\",\"description\":\"Industrielle 3D Drucker von Markforged\",\"publisher\":{\"@id\":\"https:\\\/\\\/www.mark3d.com\\\/de\\\/#organization\"},\"alternateName\":\"Mark3D GmbH\",\"potentialAction\":[{\"@type\":\"SearchAction\",\"target\":{\"@type\":\"EntryPoint\",\"urlTemplate\":\"https:\\\/\\\/www.mark3d.com\\\/de\\\/?s={search_term_string}\"},\"query-input\":{\"@type\":\"PropertyValueSpecification\",\"valueRequired\":true,\"valueName\":\"search_term_string\"}}],\"inLanguage\":\"de\"},{\"@type\":\"Organization\",\"@id\":\"https:\\\/\\\/www.mark3d.com\\\/de\\\/#organization\",\"name\":\"Mark3D GmbH\",\"url\":\"https:\\\/\\\/www.mark3d.com\\\/de\\\/\",\"logo\":{\"@type\":\"ImageObject\",\"inLanguage\":\"de\",\"@id\":\"https:\\\/\\\/www.mark3d.com\\\/de\\\/#\\\/schema\\\/logo\\\/image\\\/\",\"url\":\"https:\\\/\\\/www.mark3d.com\\\/de\\\/wp-content\\\/uploads\\\/2021\\\/05\\\/markforged-linkedin.jpg\",\"contentUrl\":\"https:\\\/\\\/www.mark3d.com\\\/de\\\/wp-content\\\/uploads\\\/2021\\\/05\\\/markforged-linkedin.jpg\",\"width\":800,\"height\":800,\"caption\":\"Mark3D GmbH\"},\"image\":{\"@id\":\"https:\\\/\\\/www.mark3d.com\\\/de\\\/#\\\/schema\\\/logo\\\/image\\\/\"},\"sameAs\":[\"https:\\\/\\\/www.facebook.com\\\/Mark3DGmbH\\\/\",\"https:\\\/\\\/x.com\\\/Mark3D_GmbH\",\"https:\\\/\\\/www.instagram.com\\\/mark3d_print_stronger\\\/\",\"https:\\\/\\\/www.linkedin.com\\\/company\\\/mark3d\\\/\",\"https:\\\/\\\/www.youtube.com\\\/channel\\\/UCo55w2I5eBrCvCB3oKH2WDg\"]}]}<\/script>\n<!-- \/ Yoast SEO Premium plugin. -->","yoast_head_json":{"title":"Markforged Kunststoff-Ladeschlauch (Desktop-Serie) jetzt online kaufen","description":"Bestellen Sie jetzt original Markforged Ersatzteile Online. \u2713Autorisierter H\u00e4ndler \u2713Top Beratung \u2713Unverbindliches Angebot","robots":{"index":"index","follow":"follow","max-snippet":"max-snippet:-1","max-image-preview":"max-image-preview:large","max-video-preview":"max-video-preview:-1"},"canonical":"https:\/\/www.mark3d.com\/de\/produkt\/markforged-kunststoff-ladeschlauch-desktop-serie\/","og_locale":"de_DE","og_type":"article","og_title":"Markforged Kunststoff Ladeschlauch (Desktop-Serie)","og_description":"Bestellen Sie jetzt original Markforged Ersatzteile Online. \u2713Autorisierter H\u00e4ndler \u2713Top Beratung \u2713Unverbindliches Angebot","og_url":"https:\/\/www.mark3d.com\/de\/produkt\/markforged-kunststoff-ladeschlauch-desktop-serie\/","og_site_name":"Mark3D - Markforged 3D-Drucker","article_publisher":"https:\/\/www.facebook.com\/Mark3DGmbH\/","article_modified_time":"2024-11-21T14:48:39+00:00","og_image":[{"width":2000,"height":2000,"url":"https:\/\/www.mark3d.com\/de\/wp-content\/uploads\/2018\/04\/loading-tube.jpg","type":"image\/jpeg"}],"twitter_card":"summary_large_image","twitter_site":"@Mark3D_GmbH","twitter_misc":{"Gesch\u00e4tzte Lesezeit":"1\u00a0Minute"},"schema":{"@context":"https:\/\/schema.org","@graph":[{"@type":"WebPage","@id":"https:\/\/www.mark3d.com\/de\/produkt\/markforged-kunststoff-ladeschlauch-desktop-serie\/","url":"https:\/\/www.mark3d.com\/de\/produkt\/markforged-kunststoff-ladeschlauch-desktop-serie\/","name":"Markforged Kunststoff-Ladeschlauch (Desktop-Serie) jetzt online kaufen","isPartOf":{"@id":"https:\/\/www.mark3d.com\/de\/#website"},"primaryImageOfPage":{"@id":"https:\/\/www.mark3d.com\/de\/produkt\/markforged-kunststoff-ladeschlauch-desktop-serie\/#primaryimage"},"image":{"@id":"https:\/\/www.mark3d.com\/de\/produkt\/markforged-kunststoff-ladeschlauch-desktop-serie\/#primaryimage"},"thumbnailUrl":"https:\/\/www.mark3d.com\/de\/wp-content\/uploads\/2018\/04\/loading-tube.jpg","datePublished":"2018-04-19T09:55:59+00:00","dateModified":"2024-11-21T14:48:39+00:00","description":"Bestellen Sie jetzt original Markforged Ersatzteile Online. \u2713Autorisierter H\u00e4ndler \u2713Top Beratung \u2713Unverbindliches Angebot","breadcrumb":{"@id":"https:\/\/www.mark3d.com\/de\/produkt\/markforged-kunststoff-ladeschlauch-desktop-serie\/#breadcrumb"},"inLanguage":"de","potentialAction":[{"@type":"ReadAction","target":["https:\/\/www.mark3d.com\/de\/produkt\/markforged-kunststoff-ladeschlauch-desktop-serie\/"]}]},{"@type":"ImageObject","inLanguage":"de","@id":"https:\/\/www.mark3d.com\/de\/produkt\/markforged-kunststoff-ladeschlauch-desktop-serie\/#primaryimage","url":"https:\/\/www.mark3d.com\/de\/wp-content\/uploads\/2018\/04\/loading-tube.jpg","contentUrl":"https:\/\/www.mark3d.com\/de\/wp-content\/uploads\/2018\/04\/loading-tube.jpg","width":2000,"height":2000},{"@type":"BreadcrumbList","@id":"https:\/\/www.mark3d.com\/de\/produkt\/markforged-kunststoff-ladeschlauch-desktop-serie\/#breadcrumb","itemListElement":[{"@type":"ListItem","position":1,"name":"Startseite","item":"https:\/\/www.mark3d.com\/de\/"},{"@type":"ListItem","position":2,"name":"Markforged 3D-Drucker, Filamente &#038; Ersatzteile online kaufen","item":"https:\/\/www.mark3d.com\/de\/shop\/"},{"@type":"ListItem","position":3,"name":"Markforged Kunststoff Ladeschlauch (Desktop-Serie)"}]},{"@type":"WebSite","@id":"https:\/\/www.mark3d.com\/de\/#website","url":"https:\/\/www.mark3d.com\/de\/","name":"Mark3D","description":"Industrielle 3D Drucker von Markforged","publisher":{"@id":"https:\/\/www.mark3d.com\/de\/#organization"},"alternateName":"Mark3D GmbH","potentialAction":[{"@type":"SearchAction","target":{"@type":"EntryPoint","urlTemplate":"https:\/\/www.mark3d.com\/de\/?s={search_term_string}"},"query-input":{"@type":"PropertyValueSpecification","valueRequired":true,"valueName":"search_term_string"}}],"inLanguage":"de"},{"@type":"Organization","@id":"https:\/\/www.mark3d.com\/de\/#organization","name":"Mark3D GmbH","url":"https:\/\/www.mark3d.com\/de\/","logo":{"@type":"ImageObject","inLanguage":"de","@id":"https:\/\/www.mark3d.com\/de\/#\/schema\/logo\/image\/","url":"https:\/\/www.mark3d.com\/de\/wp-content\/uploads\/2021\/05\/markforged-linkedin.jpg","contentUrl":"https:\/\/www.mark3d.com\/de\/wp-content\/uploads\/2021\/05\/markforged-linkedin.jpg","width":800,"height":800,"caption":"Mark3D GmbH"},"image":{"@id":"https:\/\/www.mark3d.com\/de\/#\/schema\/logo\/image\/"},"sameAs":["https:\/\/www.facebook.com\/Mark3DGmbH\/","https:\/\/x.com\/Mark3D_GmbH","https:\/\/www.instagram.com\/mark3d_print_stronger\/","https:\/\/www.linkedin.com\/company\/mark3d\/","https:\/\/www.youtube.com\/channel\/UCo55w2I5eBrCvCB3oKH2WDg"]}]}},"acf":[],"_links":{"self":[{"href":"https:\/\/www.mark3d.com\/de\/wp-json\/wp\/v2\/product\/4211","targetHints":{"allow":["GET"]}}],"collection":[{"href":"https:\/\/www.mark3d.com\/de\/wp-json\/wp\/v2\/product"}],"about":[{"href":"https:\/\/www.mark3d.com\/de\/wp-json\/wp\/v2\/types\/product"}],"replies":[{"embeddable":true,"href":"https:\/\/www.mark3d.com\/de\/wp-json\/wp\/v2\/comments?post=4211"}],"wp:featuredmedia":[{"embeddable":true,"href":"https:\/\/www.mark3d.com\/de\/wp-json\/wp\/v2\/media\/4212"}],"wp:attachment":[{"href":"https:\/\/www.mark3d.com\/de\/wp-json\/wp\/v2\/media?parent=4211"}],"wp:term":[{"taxonomy":"product_brand","embeddable":true,"href":"https:\/\/www.mark3d.com\/de\/wp-json\/wp\/v2\/product_brand?post=4211"},{"taxonomy":"product_cat","embeddable":true,"href":"https:\/\/www.mark3d.com\/de\/wp-json\/wp\/v2\/product_cat?post=4211"},{"taxonomy":"product_tag","embeddable":true,"href":"https:\/\/www.mark3d.com\/de\/wp-json\/wp\/v2\/product_tag?post=4211"}],"curies":[{"name":"wp","href":"https:\/\/api.w.org\/{rel}","templated":true}]}}