{"id":27,"date":"2017-09-11T11:46:44","date_gmt":"2017-09-11T09:46:44","guid":{"rendered":"https:\/\/www.mark3d.com\/nl\/impressum\/"},"modified":"2022-07-27T17:35:15","modified_gmt":"2022-07-27T15:35:15","slug":"impressum","status":"publish","type":"page","link":"https:\/\/www.mark3d.com\/nl\/impressum\/","title":{"rendered":"Impressum"},"content":{"rendered":"<h1 style=\"color: #000\">Impressum<\/h1>\n<p><strong>Verantwoordelijk voor deze website<\/strong><\/p>\n<p>Mark3d GmbH<br \/>\nRodenbacher Strasse 15<br \/>\n35708 Haiger<\/p>\n<p><strong>Telefoonnummer:<\/strong><br \/>\n+49 7361 63396 00<\/p>\n<p><strong>E-mailadres:<\/strong><br \/>\nmarkforged@mark3d.com<\/p>\n<p><strong>Registerdaten<\/strong><\/p>\n<p><strong>Vertretungsberechtigte Gesch\u00e4ftsf\u00fchrer<\/strong><br \/>\nDaniel Held, Joachim Kasemann<\/p>\n<p><strong>USt-IdNr. gem\u00e4\u00df \u00a7 27a UStG<\/strong><br \/>\nDE 815 638 763<\/p>\n<p><strong>Steuernummer<\/strong><br \/>\n020 239 10190<\/p>\n<p><strong>Aansprakelijkheid voor inhoud<\/strong><br \/>\nDe inhoud van onze pagina&#8217;s is met de grootste zorg samengesteld. Wij kunnen echter niet aansprakelijk worden gesteld voor de juistheid, volledigheid en tijdigheid van de inhoud. Na kennisgeving van inhoudfouten of schendingen, zullen we deze inhoud onmiddellijk wijzigen of verwijderen.<\/p>\n<p><strong>Aansprakelijkheid voor links<\/strong><br \/>\nOndanks zorgvuldige inhoudscontrole aanvaarden wij geen aansprakelijkheid voor de inhoud van externe links. Daarom kunnen wij geen aansprakelijkheid aanvaarden voor deze externe inhoud. De respectieve aanbieder of exploitant van de pagina&#8217;s is altijd verantwoordelijk voor de inhoud van de gelinkte pagina&#8217;s. De gekoppelde pagina&#8217;s zijn gecontroleerd op mogelijke juridische overtredingen op het moment van koppelen. Illegale inhoud was niet herkenbaar op het moment van koppelen. Na kennisgeving van overtredingen zullen we dergelijke links onmiddellijk verwijderen.<\/p>\n<p><strong>Copyright<\/strong><br \/>\nDe inhoud van de website is auteursrechtelijk beschermd. Reproductie van informatie of gegevens, in het bijzonder het gebruik van teksten, delen van teksten of afbeeldingen, vereist de voorafgaande schriftelijke toestemming van het bedrijf.<\/p>\n<p>Alle informatie of gegevens, het gebruik en de registratie van de website, evenals alle doen, tolereren of nalaten van de website zijn exclusief onderworpen aan de Nederlandse wetgeving.<\/p>\n","protected":false},"excerpt":{"rendered":"<p>Impressum Verantwoordelijk voor deze website Mark3d GmbH Rodenbacher Strasse 15 35708 Haiger Telefoonnummer: +49 7361 63396 00 E-mailadres: markforged@mark3d.com Registerdaten Vertretungsberechtigte Gesch\u00e4ftsf\u00fchrer Daniel Held, Joachim Kasemann USt-IdNr. gem\u00e4\u00df \u00a7 27a UStG DE 815 638 763 Steuernummer 020 239 10190 Aansprakelijkheid voor inhoud De inhoud van onze pagina&#8217;s is met de grootste zorg samengesteld. Wij kunnen  [&#8230;]<\/p>\n","protected":false},"author":1,"featured_media":0,"parent":0,"menu_order":0,"comment_status":"closed","ping_status":"closed","template":"","meta":{"footnotes":""},"class_list":["post-27","page","type-page","status-publish","hentry"],"yoast_head":"<!-- This site is optimized with the Yoast SEO Premium plugin v27.0 (Yoast SEO v27.0) - https:\/\/yoast.com\/product\/yoast-seo-premium-wordpress\/ -->\n<title>Impressum - Mark3D BENELUX - Uw Europese partner voor Markforged<\/title>\n<meta name=\"description\" content=\"Impressum - Mark3D BENELUX - Uw Europese partner voor Markforged 3D-printers, materialen, software en accessoires.\" \/>\n<meta name=\"robots\" content=\"index, follow, max-snippet:-1, max-image-preview:large, max-video-preview:-1\" \/>\n<link rel=\"canonical\" href=\"https:\/\/www.mark3d.com\/nl\/impressum\/\" \/>\n<meta property=\"og:locale\" content=\"nl_NL\" \/>\n<meta property=\"og:type\" content=\"article\" \/>\n<meta property=\"og:title\" content=\"Impressum\" \/>\n<meta property=\"og:description\" content=\"Impressum - Mark3D BENELUX - Uw Europese partner voor Markforged 3D-printers, materialen, software en accessoires.\" \/>\n<meta property=\"og:url\" content=\"https:\/\/www.mark3d.com\/nl\/impressum\/\" \/>\n<meta property=\"og:site_name\" content=\"Nederland, belgi\u00eb en luxemburg\" \/>\n<meta property=\"article:modified_time\" content=\"2022-07-27T15:35:15+00:00\" \/>\n<meta name=\"twitter:card\" content=\"summary_large_image\" \/>\n<meta name=\"twitter:label1\" content=\"Geschatte leestijd\" \/>\n\t<meta name=\"twitter:data1\" content=\"1 minuut\" \/>\n<script type=\"application\/ld+json\" class=\"yoast-schema-graph\">{\"@context\":\"https:\/\/schema.org\",\"@graph\":[{\"@type\":\"WebPage\",\"@id\":\"https:\/\/www.mark3d.com\/nl\/impressum\/\",\"url\":\"https:\/\/www.mark3d.com\/nl\/impressum\/\",\"name\":\"Impressum - Mark3D BENELUX - Uw Europese partner voor Markforged\",\"isPartOf\":{\"@id\":\"https:\/\/www.mark3d.com\/nl\/#website\"},\"datePublished\":\"2017-09-11T09:46:44+00:00\",\"dateModified\":\"2022-07-27T15:35:15+00:00\",\"description\":\"Impressum - Mark3D BENELUX - Uw Europese partner voor Markforged 3D-printers, materialen, software en accessoires.\",\"breadcrumb\":{\"@id\":\"https:\/\/www.mark3d.com\/nl\/impressum\/#breadcrumb\"},\"inLanguage\":\"nl-NL\",\"potentialAction\":[{\"@type\":\"ReadAction\",\"target\":[\"https:\/\/www.mark3d.com\/nl\/impressum\/\"]}]},{\"@type\":\"BreadcrumbList\",\"@id\":\"https:\/\/www.mark3d.com\/nl\/impressum\/#breadcrumb\",\"itemListElement\":[{\"@type\":\"ListItem\",\"position\":1,\"name\":\"Startseite\",\"item\":\"https:\/\/www.mark3d.com\/nl\/\"},{\"@type\":\"ListItem\",\"position\":2,\"name\":\"Impressum\"}]},{\"@type\":\"WebSite\",\"@id\":\"https:\/\/www.mark3d.com\/nl\/#website\",\"url\":\"https:\/\/www.mark3d.com\/nl\/\",\"name\":\"Mark3D\",\"description\":\"3D Printers van Markforged\",\"publisher\":{\"@id\":\"https:\/\/www.mark3d.com\/nl\/#organization\"},\"alternateName\":\"Mark3D Benelux\",\"potentialAction\":[{\"@type\":\"SearchAction\",\"target\":{\"@type\":\"EntryPoint\",\"urlTemplate\":\"https:\/\/www.mark3d.com\/nl\/?s={search_term_string}\"},\"query-input\":{\"@type\":\"PropertyValueSpecification\",\"valueRequired\":true,\"valueName\":\"search_term_string\"}}],\"inLanguage\":\"nl-NL\"},{\"@type\":\"Organization\",\"@id\":\"https:\/\/www.mark3d.com\/nl\/#organization\",\"name\":\"Mark3D Benelux B.V.\",\"url\":\"https:\/\/www.mark3d.com\/nl\/\",\"logo\":{\"@type\":\"ImageObject\",\"inLanguage\":\"nl-NL\",\"@id\":\"https:\/\/www.mark3d.com\/nl\/#\/schema\/logo\/image\/\",\"url\":\"https:\/\/www.mark3d.com\/nl\/wp-content\/uploads\/sites\/5\/2017\/09\/mark3d-logo-web.png\",\"contentUrl\":\"https:\/\/www.mark3d.com\/nl\/wp-content\/uploads\/sites\/5\/2017\/09\/mark3d-logo-web.png\",\"width\":200,\"height\":72,\"caption\":\"Mark3D Benelux B.V.\"},\"image\":{\"@id\":\"https:\/\/www.mark3d.com\/nl\/#\/schema\/logo\/image\/\"}}]}<\/script>\n<!-- \/ Yoast SEO Premium plugin. -->","yoast_head_json":{"title":"Impressum - Mark3D BENELUX - Uw Europese partner voor Markforged","description":"Impressum - Mark3D BENELUX - Uw Europese partner voor Markforged 3D-printers, materialen, software en accessoires.","robots":{"index":"index","follow":"follow","max-snippet":"max-snippet:-1","max-image-preview":"max-image-preview:large","max-video-preview":"max-video-preview:-1"},"canonical":"https:\/\/www.mark3d.com\/nl\/impressum\/","og_locale":"nl_NL","og_type":"article","og_title":"Impressum","og_description":"Impressum - Mark3D BENELUX - Uw Europese partner voor Markforged 3D-printers, materialen, software en accessoires.","og_url":"https:\/\/www.mark3d.com\/nl\/impressum\/","og_site_name":"Nederland, belgi\u00eb en luxemburg","article_modified_time":"2022-07-27T15:35:15+00:00","twitter_card":"summary_large_image","twitter_misc":{"Geschatte leestijd":"1 minuut"},"schema":{"@context":"https:\/\/schema.org","@graph":[{"@type":"WebPage","@id":"https:\/\/www.mark3d.com\/nl\/impressum\/","url":"https:\/\/www.mark3d.com\/nl\/impressum\/","name":"Impressum - Mark3D BENELUX - Uw Europese partner voor Markforged","isPartOf":{"@id":"https:\/\/www.mark3d.com\/nl\/#website"},"datePublished":"2017-09-11T09:46:44+00:00","dateModified":"2022-07-27T15:35:15+00:00","description":"Impressum - Mark3D BENELUX - Uw Europese partner voor Markforged 3D-printers, materialen, software en accessoires.","breadcrumb":{"@id":"https:\/\/www.mark3d.com\/nl\/impressum\/#breadcrumb"},"inLanguage":"nl-NL","potentialAction":[{"@type":"ReadAction","target":["https:\/\/www.mark3d.com\/nl\/impressum\/"]}]},{"@type":"BreadcrumbList","@id":"https:\/\/www.mark3d.com\/nl\/impressum\/#breadcrumb","itemListElement":[{"@type":"ListItem","position":1,"name":"Startseite","item":"https:\/\/www.mark3d.com\/nl\/"},{"@type":"ListItem","position":2,"name":"Impressum"}]},{"@type":"WebSite","@id":"https:\/\/www.mark3d.com\/nl\/#website","url":"https:\/\/www.mark3d.com\/nl\/","name":"Mark3D","description":"3D Printers van Markforged","publisher":{"@id":"https:\/\/www.mark3d.com\/nl\/#organization"},"alternateName":"Mark3D Benelux","potentialAction":[{"@type":"SearchAction","target":{"@type":"EntryPoint","urlTemplate":"https:\/\/www.mark3d.com\/nl\/?s={search_term_string}"},"query-input":{"@type":"PropertyValueSpecification","valueRequired":true,"valueName":"search_term_string"}}],"inLanguage":"nl-NL"},{"@type":"Organization","@id":"https:\/\/www.mark3d.com\/nl\/#organization","name":"Mark3D Benelux B.V.","url":"https:\/\/www.mark3d.com\/nl\/","logo":{"@type":"ImageObject","inLanguage":"nl-NL","@id":"https:\/\/www.mark3d.com\/nl\/#\/schema\/logo\/image\/","url":"https:\/\/www.mark3d.com\/nl\/wp-content\/uploads\/sites\/5\/2017\/09\/mark3d-logo-web.png","contentUrl":"https:\/\/www.mark3d.com\/nl\/wp-content\/uploads\/sites\/5\/2017\/09\/mark3d-logo-web.png","width":200,"height":72,"caption":"Mark3D Benelux B.V."},"image":{"@id":"https:\/\/www.mark3d.com\/nl\/#\/schema\/logo\/image\/"}}]}},"acf":[],"_links":{"self":[{"href":"https:\/\/www.mark3d.com\/nl\/wp-json\/wp\/v2\/pages\/27","targetHints":{"allow":["GET"]}}],"collection":[{"href":"https:\/\/www.mark3d.com\/nl\/wp-json\/wp\/v2\/pages"}],"about":[{"href":"https:\/\/www.mark3d.com\/nl\/wp-json\/wp\/v2\/types\/page"}],"author":[{"embeddable":true,"href":"https:\/\/www.mark3d.com\/nl\/wp-json\/wp\/v2\/users\/1"}],"replies":[{"embeddable":true,"href":"https:\/\/www.mark3d.com\/nl\/wp-json\/wp\/v2\/comments?post=27"}],"version-history":[{"count":1,"href":"https:\/\/www.mark3d.com\/nl\/wp-json\/wp\/v2\/pages\/27\/revisions"}],"predecessor-version":[{"id":4219,"href":"https:\/\/www.mark3d.com\/nl\/wp-json\/wp\/v2\/pages\/27\/revisions\/4219"}],"wp:attachment":[{"href":"https:\/\/www.mark3d.com\/nl\/wp-json\/wp\/v2\/media?parent=27"}],"curies":[{"name":"wp","href":"https:\/\/api.w.org\/{rel}","templated":true}]}}