{"id":4465,"date":"2022-08-09T12:41:52","date_gmt":"2022-08-09T10:41:52","guid":{"rendered":"https:\/\/www.mark3d.com\/nl\/?post_type=product&#038;p=4465"},"modified":"2022-08-09T12:52:56","modified_gmt":"2022-08-09T10:52:56","slug":"markforged-fx20-3d-printer","status":"publish","type":"product","link":"https:\/\/www.mark3d.com\/nl\/product\/markforged-fx20-3d-printer\/","title":{"rendered":"Markforged \u2013 FX20 \u2013 3D printer"},"content":{"rendered":"<div class=\"fusion-title title fusion-title-2 fusion-sep-none fusion-title-text fusion-title-size-one fusion-border-below-title\">\n<h1 class=\"title-heading-left fusion-responsive-typography-calculated\">De Markforged FX20<\/h1>\n<\/div>\n<div class=\"fusion-text fusion-text-1\">\n<p>Het beest van de additieve productie!<\/p>\n<p>De FX20 is de grootste, snelste en meest geavanceerde 3D printer die Markforged ooit heeft ontwikkeld. Ontworpen vanaf de basis voor onge\u00ebvenaarde prestaties en betrouwbaarheid, brengt de FX20 groot-formaat 3D printer onze gepatenteerde composiet technologie naar een grotere schaal en cre\u00ebert nieuwe mogelijkheden voor nieuwe toepassingen en industrie\u00ebn. Het systeem kan thermoplasten met een hoge temperatuur en doorlopende koolstofvezels bedrukken en levert met \u00e9\u00e9n druk op de knop zeer sterke onderdelen van ruimtevaartkwaliteit.<\/p>\n<\/div>\n<p><a href=\"\/nl\/fx20\/\"><strong>Meer informatie over de FX20 vindt u hier.&nbsp;<\/strong><\/a><\/p>\n<div class=\"fusion-title title fusion-title-4 fusion-sep-none fusion-title-text fusion-title-size-two fusion-border-below-title\">\n<h2 class=\"title-heading-left fusion-responsive-typography-calculated\">Nog stabielere componenten met ULTEMTM 9085 filament<\/h2>\n<\/div>\n<p>De FX20 is gebouwd voor alles van high-performance tools en fixtures tot kant-en-klare productieonderdelen. Het is de eerste 3D-printer in de Markforged-familie die ULTEM\u2122 9085 filament versterkt met continuous filament carbon.<\/p>\n<p>Het materiaal wordt vooral gekenmerkt door zijn hoge hitte- en chemische bestendigheid en heeft ook de hoogste trek- en buigsterkte.<\/p>\n<p>Bovendien kunnen de conventionele materialen zoals Onyx, Onyx FR, Onyx ESD, Nylon White en een steunmateriaal voor ULTEM TM 9085 de ULTEM TM Filament Support worden bedrukt.<\/p>\n<p>De &#8220;ULTEM\u2122 en 9085 handelsmerken worden gebruikt onder licentie van SABIC, haar filialen of dochterondernemingen.<\/p>\n<p>&nbsp;<\/p>\n<div class=\"fusion-title title fusion-title-5 fusion-sep-none fusion-title-text fusion-title-size-two fusion-border-below-title\">\n<h2>Grotere en verwarmde installatieruimte voor uw toepassingen<\/h2>\n<p>Een nog grotere en verwarmde bouwruimte garandeert onderdelen van de hoogste kwaliteit. Inclusief een verwarmde bouwkamer die een temperatuur tot 200 \u00b0C kan handhaven.<\/p>\n<p>Drukt tot 8 keer sneller af dan de standaard afdrukinstellingen van Markforged&#8217;s bestaande composietprinters.<\/p>\n<p>&#8211; Grote materiaalspoelen van 3200 cm\u00b2<br \/>\n&#8211; printkop met 3 nozzles<br \/>\n&#8211; Precisie geslepen vacu\u00fcmbed<br \/>\n&#8211; Herbruikbare drukvellen<br \/>\n&#8211; Touch screen interface<\/p>\n<p>&nbsp;<\/p>\n<\/div>\n<div class=\"fusion-title title fusion-title-6 fusion-sep-none fusion-title-text fusion-title-size-two fusion-border-below-title\">\n<h2>Massieve onderdelen, nog sneller<\/h2>\n<p>De FX20 combineert grootte en productiviteit om ongelooflijk snel veel grotere onderdelen te produceren. De bouw envelop is bijna 5x groter dan andere Markforged printers. En de volledig nieuwe bewegings- en extrusiesystemen maken 3D-printen op hoge snelheid mogelijk zonder aan kwaliteit in te boeten.<\/p>\n<p>Bovendien is de Markforged FX20 een nauwkeurige, sensorgestuurde machine die maximale betrouwbaarheid biedt en eenvoudig te bedienen is. Volledig ge\u00efntegreerde opslag en behandeling houden het materiaal droog tijdens het printen, terwijl sensoren het extrusiesysteem volledig bewaken. Lineaire encoders op het portaal en het printbed geven precieze, real-time feedback over de machinepositie, waardoor uiterst nauwkeurige werkstukken worden gegarandeerd.<\/p>\n<h2>Touchscreen-interface<\/h2>\n<p>De X7 3D-printer van Markforged heeft een ingebouwd touchscreen waarmee u eenvoudig de wifi-verbinding kunt bedienen, kunt beginnen met printen en de printer kunt beheren.&nbsp;<\/p>\n<h2>De Eiger Software<\/h2>\n<p>Een innovatief, stabiel en vooral gebruiksvriendelijk platform dat is ontworpen om de gebruiker zo veel mogelijk werk uit handen te nemen. Bovendien is de EIGER-software cloud-based, wat betekent dat de software altijd up-to-date is. Vanaf uw pc laadt u de 3D-printopdrachten via uw browser in de cloudgebaseerde EIGER-software. De 3D printer kan worden aangestuurd via LAN kabel, USB en W-LAN. Met de software kunt u uw STL-bestanden beheren en catalogiseren.<\/p>\n<p>Dankzij de eenvoudige bediening kunt u het binnenwerk van uw component op intelligente wijze voorzien van steunstructuren en volledig automatisch laag voor laag in het geselecteerde gebied van de component met de doorlopende vezel. De vezeldichtheid kan per laag worden gewijzigd via een eenvoudige schuifregelaar in de software. Zo kunt u uw onderdeel perfect volgens uw krachtvereisten ontwerpen en drukken.<\/p>\n<p>Het afdrukproces kan worden gepauzeerd om componenten in de afdruk in te sluiten. Hierdoor kunt u elektronica, sensoren en kogellagers in uw component integreren.<\/p>\n<p>Optioneel bieden wij ook een EIGER OFFLINE versie aan. Hier geldt een extra vergoeding.<\/p>\n<\/div>\n<div class=\"fusion-text\">\n<div style=\"width: 1100px;\" class=\"wp-video\"><video class=\"wp-video-shortcode\" id=\"video-4465-1\" width=\"1100\" height=\"619\" preload=\"metadata\" controls=\"controls\"><source type=\"video\/mp4\" src=\"https:\/\/www.mark3d.com\/de\/wp-content\/uploads\/2016\/05\/mark-two_eiger_software_demo.mp4?_=1\" \/><a href=\"https:\/\/www.mark3d.com\/de\/wp-content\/uploads\/2016\/05\/mark-two_eiger_software_demo.mp4\">https:\/\/www.mark3d.com\/de\/wp-content\/uploads\/2016\/05\/mark-two_eiger_software_demo.mp4<\/a><\/video><\/div>\n<p>&nbsp;<\/p>\n<\/div>\n<h2>Heeft u nog vragen?<\/h2>\n<p>Stuur ons een e-mail of gebruik de chat.<br \/>\nU kunt ons ook bellen op +49 7361 63396 00.<\/p>\n<p><a href=\"http:\/\/www.mark3d.com\/nl\/\">Hier vindt u het volledige artikeloverzicht.<\/a><\/p>\n","protected":false},"excerpt":{"rendered":"<p>Gr\u00f6\u00dfer, Besser, Schneller &#8211; FX20-Teile bieten unvergleichliche Leistung ohne Kompromisse<\/p>\n<ul>\n<li>Laser-unterst\u00fctze Bauprozesskontrolle<\/li>\n<li>&#8220;Build-as-Designed&#8221; &#8211; Verwirklichen Sie jedes Designkonzept<\/li>\n<li>Bauteile kosteng\u00fcnstiger drucken<\/li>\n<li>Hardware, Software und Material &#8211; harmonieren perfekt miteinander<\/li>\n<li>Hochmoderne EIGER Cloud-Software f\u00fcr die Bearbeitung<\/li>\n<\/ul>\n","protected":false},"featured_media":4466,"comment_status":"open","ping_status":"closed","template":"","meta":[],"product_brand":[],"product_cat":[4600,910],"product_tag":[],"class_list":{"0":"post-4465","1":"product","2":"type-product","3":"status-publish","4":"has-post-thumbnail","6":"product_cat-de-markforged-fx20-3d-printer","7":"product_cat-professionele-markforged-3d-printer","8":"product_shipping_class-versicherter-versand","10":"first","11":"instock","12":"taxable","13":"shipping-taxable","14":"product-type-simple"},"yoast_head":"<!-- This site is optimized with the Yoast SEO Premium plugin v27.4 (Yoast SEO v27.4) - https:\/\/yoast.com\/product\/yoast-seo-premium-wordpress\/ -->\n<title>Markforged - FX20 - 3D Printer - Het beest van Additive Manufacturing!<\/title>\n<meta name=\"description\" content=\"Ontdek nu de Markforged FX20! \u2713 Erkende dealer \u2713 Beste prijs garantie \u2713 Top advies \u2713 Niet bindende offerte\" \/>\n<meta name=\"robots\" content=\"index, follow, max-snippet:-1, max-image-preview:large, max-video-preview:-1\" \/>\n<link rel=\"canonical\" href=\"https:\/\/www.mark3d.com\/nl\/product\/markforged-fx20-3d-printer\/\" \/>\n<meta property=\"og:locale\" content=\"nl_NL\" \/>\n<meta property=\"og:type\" content=\"article\" \/>\n<meta property=\"og:title\" content=\"Markforged \u2013 FX20 \u2013 3D printer\" \/>\n<meta property=\"og:description\" content=\"Ontdek nu de Markforged FX20! \u2713 Erkende dealer \u2713 Beste prijs garantie \u2713 Top advies \u2713 Niet bindende offerte\" \/>\n<meta property=\"og:url\" content=\"https:\/\/www.mark3d.com\/nl\/product\/markforged-fx20-3d-printer\/\" \/>\n<meta property=\"og:site_name\" content=\"Nederland, belgi\u00eb en luxemburg\" \/>\n<meta property=\"article:modified_time\" content=\"2022-08-09T10:52:56+00:00\" \/>\n<meta property=\"og:image\" content=\"https:\/\/www.mark3d.com\/nl\/wp-content\/uploads\/sites\/5\/2022\/08\/FX20_STRAIGHT_WHITE.jpg\" \/>\n\t<meta property=\"og:image:width\" content=\"1444\" \/>\n\t<meta property=\"og:image:height\" content=\"1014\" \/>\n\t<meta property=\"og:image:type\" content=\"image\/jpeg\" \/>\n<meta name=\"twitter:card\" content=\"summary_large_image\" \/>\n<meta name=\"twitter:label1\" content=\"Geschatte leestijd\" \/>\n\t<meta name=\"twitter:data1\" content=\"3 minuten\" \/>\n<script type=\"application\/ld+json\" class=\"yoast-schema-graph\">{\"@context\":\"https:\\\/\\\/schema.org\",\"@graph\":[{\"@type\":\"WebPage\",\"@id\":\"https:\\\/\\\/www.mark3d.com\\\/nl\\\/product\\\/markforged-fx20-3d-printer\\\/\",\"url\":\"https:\\\/\\\/www.mark3d.com\\\/nl\\\/product\\\/markforged-fx20-3d-printer\\\/\",\"name\":\"Markforged - FX20 - 3D Printer - Het beest van Additive Manufacturing!\",\"isPartOf\":{\"@id\":\"https:\\\/\\\/www.mark3d.com\\\/nl\\\/#website\"},\"primaryImageOfPage\":{\"@id\":\"https:\\\/\\\/www.mark3d.com\\\/nl\\\/product\\\/markforged-fx20-3d-printer\\\/#primaryimage\"},\"image\":{\"@id\":\"https:\\\/\\\/www.mark3d.com\\\/nl\\\/product\\\/markforged-fx20-3d-printer\\\/#primaryimage\"},\"thumbnailUrl\":\"https:\\\/\\\/www.mark3d.com\\\/nl\\\/wp-content\\\/uploads\\\/sites\\\/5\\\/2022\\\/08\\\/FX20_STRAIGHT_WHITE.jpg\",\"datePublished\":\"2022-08-09T10:41:52+00:00\",\"dateModified\":\"2022-08-09T10:52:56+00:00\",\"description\":\"Ontdek nu de Markforged FX20! \u2713 Erkende dealer \u2713 Beste prijs garantie \u2713 Top advies \u2713 Niet bindende offerte\",\"breadcrumb\":{\"@id\":\"https:\\\/\\\/www.mark3d.com\\\/nl\\\/product\\\/markforged-fx20-3d-printer\\\/#breadcrumb\"},\"inLanguage\":\"nl-NL\",\"potentialAction\":[{\"@type\":\"ReadAction\",\"target\":[\"https:\\\/\\\/www.mark3d.com\\\/nl\\\/product\\\/markforged-fx20-3d-printer\\\/\"]}]},{\"@type\":\"ImageObject\",\"inLanguage\":\"nl-NL\",\"@id\":\"https:\\\/\\\/www.mark3d.com\\\/nl\\\/product\\\/markforged-fx20-3d-printer\\\/#primaryimage\",\"url\":\"https:\\\/\\\/www.mark3d.com\\\/nl\\\/wp-content\\\/uploads\\\/sites\\\/5\\\/2022\\\/08\\\/FX20_STRAIGHT_WHITE.jpg\",\"contentUrl\":\"https:\\\/\\\/www.mark3d.com\\\/nl\\\/wp-content\\\/uploads\\\/sites\\\/5\\\/2022\\\/08\\\/FX20_STRAIGHT_WHITE.jpg\",\"width\":1444,\"height\":1014},{\"@type\":\"BreadcrumbList\",\"@id\":\"https:\\\/\\\/www.mark3d.com\\\/nl\\\/product\\\/markforged-fx20-3d-printer\\\/#breadcrumb\",\"itemListElement\":[{\"@type\":\"ListItem\",\"position\":1,\"name\":\"Startseite\",\"item\":\"https:\\\/\\\/www.mark3d.com\\\/nl\\\/\"},{\"@type\":\"ListItem\",\"position\":2,\"name\":\"Markforged 3D Printers, Filament, Verbruiksartikelen en reserveonderdelen online\",\"item\":\"https:\\\/\\\/www.mark3d.com\\\/nl\\\/shop\\\/\"},{\"@type\":\"ListItem\",\"position\":3,\"name\":\"Markforged \u2013 FX20 \u2013 3D printer\"}]},{\"@type\":\"WebSite\",\"@id\":\"https:\\\/\\\/www.mark3d.com\\\/nl\\\/#website\",\"url\":\"https:\\\/\\\/www.mark3d.com\\\/nl\\\/\",\"name\":\"Mark3D\",\"description\":\"3D Printers van Markforged\",\"publisher\":{\"@id\":\"https:\\\/\\\/www.mark3d.com\\\/nl\\\/#organization\"},\"alternateName\":\"Mark3D Benelux\",\"potentialAction\":[{\"@type\":\"SearchAction\",\"target\":{\"@type\":\"EntryPoint\",\"urlTemplate\":\"https:\\\/\\\/www.mark3d.com\\\/nl\\\/?s={search_term_string}\"},\"query-input\":{\"@type\":\"PropertyValueSpecification\",\"valueRequired\":true,\"valueName\":\"search_term_string\"}}],\"inLanguage\":\"nl-NL\"},{\"@type\":\"Organization\",\"@id\":\"https:\\\/\\\/www.mark3d.com\\\/nl\\\/#organization\",\"name\":\"Mark3D Benelux B.V.\",\"url\":\"https:\\\/\\\/www.mark3d.com\\\/nl\\\/\",\"logo\":{\"@type\":\"ImageObject\",\"inLanguage\":\"nl-NL\",\"@id\":\"https:\\\/\\\/www.mark3d.com\\\/nl\\\/#\\\/schema\\\/logo\\\/image\\\/\",\"url\":\"https:\\\/\\\/www.mark3d.com\\\/nl\\\/wp-content\\\/uploads\\\/sites\\\/5\\\/2017\\\/09\\\/mark3d-logo-web.png\",\"contentUrl\":\"https:\\\/\\\/www.mark3d.com\\\/nl\\\/wp-content\\\/uploads\\\/sites\\\/5\\\/2017\\\/09\\\/mark3d-logo-web.png\",\"width\":200,\"height\":72,\"caption\":\"Mark3D Benelux B.V.\"},\"image\":{\"@id\":\"https:\\\/\\\/www.mark3d.com\\\/nl\\\/#\\\/schema\\\/logo\\\/image\\\/\"}}]}<\/script>\n<!-- \/ Yoast SEO Premium plugin. -->","yoast_head_json":{"title":"Markforged - FX20 - 3D Printer - Het beest van Additive Manufacturing!","description":"Ontdek nu de Markforged FX20! \u2713 Erkende dealer \u2713 Beste prijs garantie \u2713 Top advies \u2713 Niet bindende offerte","robots":{"index":"index","follow":"follow","max-snippet":"max-snippet:-1","max-image-preview":"max-image-preview:large","max-video-preview":"max-video-preview:-1"},"canonical":"https:\/\/www.mark3d.com\/nl\/product\/markforged-fx20-3d-printer\/","og_locale":"nl_NL","og_type":"article","og_title":"Markforged \u2013 FX20 \u2013 3D printer","og_description":"Ontdek nu de Markforged FX20! \u2713 Erkende dealer \u2713 Beste prijs garantie \u2713 Top advies \u2713 Niet bindende offerte","og_url":"https:\/\/www.mark3d.com\/nl\/product\/markforged-fx20-3d-printer\/","og_site_name":"Nederland, belgi\u00eb en luxemburg","article_modified_time":"2022-08-09T10:52:56+00:00","og_image":[{"width":1444,"height":1014,"url":"https:\/\/www.mark3d.com\/nl\/wp-content\/uploads\/sites\/5\/2022\/08\/FX20_STRAIGHT_WHITE.jpg","type":"image\/jpeg"}],"twitter_card":"summary_large_image","twitter_misc":{"Geschatte leestijd":"3 minuten"},"schema":{"@context":"https:\/\/schema.org","@graph":[{"@type":"WebPage","@id":"https:\/\/www.mark3d.com\/nl\/product\/markforged-fx20-3d-printer\/","url":"https:\/\/www.mark3d.com\/nl\/product\/markforged-fx20-3d-printer\/","name":"Markforged - FX20 - 3D Printer - Het beest van Additive Manufacturing!","isPartOf":{"@id":"https:\/\/www.mark3d.com\/nl\/#website"},"primaryImageOfPage":{"@id":"https:\/\/www.mark3d.com\/nl\/product\/markforged-fx20-3d-printer\/#primaryimage"},"image":{"@id":"https:\/\/www.mark3d.com\/nl\/product\/markforged-fx20-3d-printer\/#primaryimage"},"thumbnailUrl":"https:\/\/www.mark3d.com\/nl\/wp-content\/uploads\/sites\/5\/2022\/08\/FX20_STRAIGHT_WHITE.jpg","datePublished":"2022-08-09T10:41:52+00:00","dateModified":"2022-08-09T10:52:56+00:00","description":"Ontdek nu de Markforged FX20! \u2713 Erkende dealer \u2713 Beste prijs garantie \u2713 Top advies \u2713 Niet bindende offerte","breadcrumb":{"@id":"https:\/\/www.mark3d.com\/nl\/product\/markforged-fx20-3d-printer\/#breadcrumb"},"inLanguage":"nl-NL","potentialAction":[{"@type":"ReadAction","target":["https:\/\/www.mark3d.com\/nl\/product\/markforged-fx20-3d-printer\/"]}]},{"@type":"ImageObject","inLanguage":"nl-NL","@id":"https:\/\/www.mark3d.com\/nl\/product\/markforged-fx20-3d-printer\/#primaryimage","url":"https:\/\/www.mark3d.com\/nl\/wp-content\/uploads\/sites\/5\/2022\/08\/FX20_STRAIGHT_WHITE.jpg","contentUrl":"https:\/\/www.mark3d.com\/nl\/wp-content\/uploads\/sites\/5\/2022\/08\/FX20_STRAIGHT_WHITE.jpg","width":1444,"height":1014},{"@type":"BreadcrumbList","@id":"https:\/\/www.mark3d.com\/nl\/product\/markforged-fx20-3d-printer\/#breadcrumb","itemListElement":[{"@type":"ListItem","position":1,"name":"Startseite","item":"https:\/\/www.mark3d.com\/nl\/"},{"@type":"ListItem","position":2,"name":"Markforged 3D Printers, Filament, Verbruiksartikelen en reserveonderdelen online","item":"https:\/\/www.mark3d.com\/nl\/shop\/"},{"@type":"ListItem","position":3,"name":"Markforged \u2013 FX20 \u2013 3D printer"}]},{"@type":"WebSite","@id":"https:\/\/www.mark3d.com\/nl\/#website","url":"https:\/\/www.mark3d.com\/nl\/","name":"Mark3D","description":"3D Printers van Markforged","publisher":{"@id":"https:\/\/www.mark3d.com\/nl\/#organization"},"alternateName":"Mark3D Benelux","potentialAction":[{"@type":"SearchAction","target":{"@type":"EntryPoint","urlTemplate":"https:\/\/www.mark3d.com\/nl\/?s={search_term_string}"},"query-input":{"@type":"PropertyValueSpecification","valueRequired":true,"valueName":"search_term_string"}}],"inLanguage":"nl-NL"},{"@type":"Organization","@id":"https:\/\/www.mark3d.com\/nl\/#organization","name":"Mark3D Benelux B.V.","url":"https:\/\/www.mark3d.com\/nl\/","logo":{"@type":"ImageObject","inLanguage":"nl-NL","@id":"https:\/\/www.mark3d.com\/nl\/#\/schema\/logo\/image\/","url":"https:\/\/www.mark3d.com\/nl\/wp-content\/uploads\/sites\/5\/2017\/09\/mark3d-logo-web.png","contentUrl":"https:\/\/www.mark3d.com\/nl\/wp-content\/uploads\/sites\/5\/2017\/09\/mark3d-logo-web.png","width":200,"height":72,"caption":"Mark3D Benelux B.V."},"image":{"@id":"https:\/\/www.mark3d.com\/nl\/#\/schema\/logo\/image\/"}}]}},"acf":[],"_links":{"self":[{"href":"https:\/\/www.mark3d.com\/nl\/wp-json\/wp\/v2\/product\/4465","targetHints":{"allow":["GET"]}}],"collection":[{"href":"https:\/\/www.mark3d.com\/nl\/wp-json\/wp\/v2\/product"}],"about":[{"href":"https:\/\/www.mark3d.com\/nl\/wp-json\/wp\/v2\/types\/product"}],"replies":[{"embeddable":true,"href":"https:\/\/www.mark3d.com\/nl\/wp-json\/wp\/v2\/comments?post=4465"}],"wp:featuredmedia":[{"embeddable":true,"href":"https:\/\/www.mark3d.com\/nl\/wp-json\/wp\/v2\/media\/4466"}],"wp:attachment":[{"href":"https:\/\/www.mark3d.com\/nl\/wp-json\/wp\/v2\/media?parent=4465"}],"wp:term":[{"taxonomy":"product_brand","embeddable":true,"href":"https:\/\/www.mark3d.com\/nl\/wp-json\/wp\/v2\/product_brand?post=4465"},{"taxonomy":"product_cat","embeddable":true,"href":"https:\/\/www.mark3d.com\/nl\/wp-json\/wp\/v2\/product_cat?post=4465"},{"taxonomy":"product_tag","embeddable":true,"href":"https:\/\/www.mark3d.com\/nl\/wp-json\/wp\/v2\/product_tag?post=4465"}],"curies":[{"name":"wp","href":"https:\/\/api.w.org\/{rel}","templated":true}]}}